{"id":20511,"date":"2024-08-03T19:12:37","date_gmt":"2024-08-03T17:38:26","guid":{"rendered":"https:\/\/www.skargaarden.com\/?post_type=product&#038;p=20511"},"modified":"2025-11-03T10:21:42","modified_gmt":"2025-11-03T09:21:42","slug":"norrskar-ost-vinbricka","status":"publish","type":"product","link":"https:\/\/www.skargaarden.com\/sv\/product\/norrskar-ost-vinbricka\/","title":{"rendered":"Norrsk\u00e4r, ost &#038; vinbricka"},"content":{"rendered":"<p>Norrsk\u00e4r, ost- och vinbricka \u00e4r avsedd f\u00f6r att servera plockmat, antingen serverad direkt fr\u00e5n sj\u00e4lva brickan, eller portionerad p\u00e5 tallrikar. Perfekt f\u00f6r vin, charkuterier, frukt, ostar, kex och br\u00f6d.<br \/>\nUtomhusunderh\u00e5llning inkluderar massor av att b\u00e4ra mat och vin fram och tillbaka. Norrsk\u00e4rsbrickan g\u00f6r det enklare att servera dina g\u00e4ster med vinglasen upph\u00e4ngda p\u00e5 brickan.<\/p>\n<p>Brickan \u00e4r gjord i teak. Teak inneh\u00e5ller naturliga oljor, resistenta mot fukt och bakterier som g\u00f6r sk\u00e4rbr\u00e4dorna hygieniska f\u00f6r b\u00e5de inomhus- och utomhusbruk.<\/p>\n","protected":false},"excerpt":{"rendered":"<p>Norrsk\u00e4r, ost- och vinbricka \u00e4r avsedd f\u00f6r att servera plockmat, antingen serverad direkt fr\u00e5n sj\u00e4lva brickan, eller portionerad p\u00e5 tallrikar. Perfekt f\u00f6r vin, charkuterier, frukt, ostar, kex och br\u00f6d. Utomhusunderh\u00e5llning inkluderar massor av att b\u00e4ra mat och vin fram och tillbaka. Norrsk\u00e4rsbrickan g\u00f6r det enklare att servera dina g\u00e4ster med vinglasen upph\u00e4ngda p\u00e5 brickan. Brickan [&hellip;]<\/p>\n","protected":false},"featured_media":0,"template":"","meta":{"_acf_changed":false},"product_cat":[126],"product_tag":[],"acf":[],"yoast_head":"<!-- This site is optimized with the Yoast SEO plugin v22.2 - https:\/\/yoast.com\/wordpress\/plugins\/seo\/ -->\n<title>Norrsk\u00e4r, ost &amp; vinbricka - SKARGAARDEN<\/title>\n<meta name=\"robots\" content=\"index, follow, max-snippet:-1, max-image-preview:large, max-video-preview:-1\" \/>\n<link rel=\"canonical\" href=\"https:\/\/www.skargaarden.com\/sv\/product\/norrskar-ost-vinbricka\/\" \/>\n<meta property=\"og:locale\" content=\"sv_SE\" \/>\n<meta property=\"og:type\" content=\"article\" \/>\n<meta property=\"og:title\" content=\"Norrsk\u00e4r, ost &amp; vinbricka - SKARGAARDEN\" \/>\n<meta property=\"og:description\" content=\"Norrsk\u00e4r, ost- och vinbricka \u00e4r avsedd f\u00f6r att servera plockmat, antingen serverad direkt fr\u00e5n sj\u00e4lva brickan, eller portionerad p\u00e5 tallrikar. Perfekt f\u00f6r vin, charkuterier, frukt, ostar, kex och br\u00f6d. Utomhusunderh\u00e5llning inkluderar massor av att b\u00e4ra mat och vin fram och tillbaka. Norrsk\u00e4rsbrickan g\u00f6r det enklare att servera dina g\u00e4ster med vinglasen upph\u00e4ngda p\u00e5 brickan. Brickan [&hellip;]\" \/>\n<meta property=\"og:url\" content=\"https:\/\/www.skargaarden.com\/sv\/product\/norrskar-ost-vinbricka\/\" \/>\n<meta property=\"og:site_name\" content=\"SKARGAARDEN\" \/>\n<meta property=\"article:publisher\" content=\"https:\/\/www.facebook.com\/skargaarden\" \/>\n<meta property=\"article:modified_time\" content=\"2025-11-03T09:21:42+00:00\" \/>\n<meta name=\"twitter:card\" content=\"summary_large_image\" \/>\n<meta name=\"twitter:label1\" content=\"Ber\u00e4knad l\u00e4stid\" \/>\n\t<meta name=\"twitter:data1\" content=\"1 minut\" \/>\n<script type=\"application\/ld+json\" class=\"yoast-schema-graph\">{\"@context\":\"https:\/\/schema.org\",\"@graph\":[{\"@type\":\"WebPage\",\"@id\":\"https:\/\/www.skargaarden.com\/sv\/product\/norrskar-ost-vinbricka\/\",\"url\":\"https:\/\/www.skargaarden.com\/sv\/product\/norrskar-ost-vinbricka\/\",\"name\":\"Norrsk\u00e4r, ost & vinbricka - SKARGAARDEN\",\"isPartOf\":{\"@id\":\"https:\/\/www.skargaarden.com\/sv\/#website\"},\"datePublished\":\"2024-08-03T17:38:26+00:00\",\"dateModified\":\"2025-11-03T09:21:42+00:00\",\"breadcrumb\":{\"@id\":\"https:\/\/www.skargaarden.com\/sv\/product\/norrskar-ost-vinbricka\/#breadcrumb\"},\"inLanguage\":\"sv-SE\",\"potentialAction\":[{\"@type\":\"ReadAction\",\"target\":[\"https:\/\/www.skargaarden.com\/sv\/product\/norrskar-ost-vinbricka\/\"]}]},{\"@type\":\"BreadcrumbList\",\"@id\":\"https:\/\/www.skargaarden.com\/sv\/product\/norrskar-ost-vinbricka\/#breadcrumb\",\"itemListElement\":[{\"@type\":\"ListItem\",\"position\":1,\"name\":\"Home\",\"item\":\"https:\/\/www.skargaarden.com\/sv\/\"},{\"@type\":\"ListItem\",\"position\":2,\"name\":\"Produkter\",\"item\":\"https:\/\/www.skargaarden.com\/sv\/butik\/\"},{\"@type\":\"ListItem\",\"position\":3,\"name\":\"Norrsk\u00e4r, ost &#038; vinbricka\"}]},{\"@type\":\"WebSite\",\"@id\":\"https:\/\/www.skargaarden.com\/sv\/#website\",\"url\":\"https:\/\/www.skargaarden.com\/sv\/\",\"name\":\"SKARGAARDEN\",\"description\":\"Scandinavian Outdoor Design\",\"publisher\":{\"@id\":\"https:\/\/www.skargaarden.com\/sv\/#organization\"},\"potentialAction\":[{\"@type\":\"SearchAction\",\"target\":{\"@type\":\"EntryPoint\",\"urlTemplate\":\"https:\/\/www.skargaarden.com\/sv\/?s={search_term_string}\"},\"query-input\":\"required name=search_term_string\"}],\"inLanguage\":\"sv-SE\"},{\"@type\":\"Organization\",\"@id\":\"https:\/\/www.skargaarden.com\/sv\/#organization\",\"name\":\"SKARGAARDEN\",\"url\":\"https:\/\/www.skargaarden.com\/sv\/\",\"logo\":{\"@type\":\"ImageObject\",\"inLanguage\":\"sv-SE\",\"@id\":\"https:\/\/www.skargaarden.com\/sv\/#\/schema\/logo\/image\/\",\"url\":\"https:\/\/www.skargaarden.com\/wp-content\/uploads\/2024\/03\/skargaardenlogo-1.png\",\"contentUrl\":\"https:\/\/www.skargaarden.com\/wp-content\/uploads\/2024\/03\/skargaardenlogo-1.png\",\"width\":999,\"height\":141,\"caption\":\"SKARGAARDEN\"},\"image\":{\"@id\":\"https:\/\/www.skargaarden.com\/sv\/#\/schema\/logo\/image\/\"},\"sameAs\":[\"https:\/\/www.facebook.com\/skargaarden\",\"https:\/\/www.instagram.com\/skargaarden\/\",\"https:\/\/www.pinterest.se\/skargaarden\/\"]}]}<\/script>\n<!-- \/ Yoast SEO plugin. -->","yoast_head_json":{"title":"Norrsk\u00e4r, ost & vinbricka - SKARGAARDEN","robots":{"index":"index","follow":"follow","max-snippet":"max-snippet:-1","max-image-preview":"max-image-preview:large","max-video-preview":"max-video-preview:-1"},"canonical":"https:\/\/www.skargaarden.com\/sv\/product\/norrskar-ost-vinbricka\/","og_locale":"sv_SE","og_type":"article","og_title":"Norrsk\u00e4r, ost & vinbricka - SKARGAARDEN","og_description":"Norrsk\u00e4r, ost- och vinbricka \u00e4r avsedd f\u00f6r att servera plockmat, antingen serverad direkt fr\u00e5n sj\u00e4lva brickan, eller portionerad p\u00e5 tallrikar. Perfekt f\u00f6r vin, charkuterier, frukt, ostar, kex och br\u00f6d. Utomhusunderh\u00e5llning inkluderar massor av att b\u00e4ra mat och vin fram och tillbaka. Norrsk\u00e4rsbrickan g\u00f6r det enklare att servera dina g\u00e4ster med vinglasen upph\u00e4ngda p\u00e5 brickan. Brickan [&hellip;]","og_url":"https:\/\/www.skargaarden.com\/sv\/product\/norrskar-ost-vinbricka\/","og_site_name":"SKARGAARDEN","article_publisher":"https:\/\/www.facebook.com\/skargaarden","article_modified_time":"2025-11-03T09:21:42+00:00","twitter_card":"summary_large_image","twitter_misc":{"Ber\u00e4knad l\u00e4stid":"1 minut"},"schema":{"@context":"https:\/\/schema.org","@graph":[{"@type":"WebPage","@id":"https:\/\/www.skargaarden.com\/sv\/product\/norrskar-ost-vinbricka\/","url":"https:\/\/www.skargaarden.com\/sv\/product\/norrskar-ost-vinbricka\/","name":"Norrsk\u00e4r, ost & vinbricka - SKARGAARDEN","isPartOf":{"@id":"https:\/\/www.skargaarden.com\/sv\/#website"},"datePublished":"2024-08-03T17:38:26+00:00","dateModified":"2025-11-03T09:21:42+00:00","breadcrumb":{"@id":"https:\/\/www.skargaarden.com\/sv\/product\/norrskar-ost-vinbricka\/#breadcrumb"},"inLanguage":"sv-SE","potentialAction":[{"@type":"ReadAction","target":["https:\/\/www.skargaarden.com\/sv\/product\/norrskar-ost-vinbricka\/"]}]},{"@type":"BreadcrumbList","@id":"https:\/\/www.skargaarden.com\/sv\/product\/norrskar-ost-vinbricka\/#breadcrumb","itemListElement":[{"@type":"ListItem","position":1,"name":"Home","item":"https:\/\/www.skargaarden.com\/sv\/"},{"@type":"ListItem","position":2,"name":"Produkter","item":"https:\/\/www.skargaarden.com\/sv\/butik\/"},{"@type":"ListItem","position":3,"name":"Norrsk\u00e4r, ost &#038; vinbricka"}]},{"@type":"WebSite","@id":"https:\/\/www.skargaarden.com\/sv\/#website","url":"https:\/\/www.skargaarden.com\/sv\/","name":"SKARGAARDEN","description":"Scandinavian Outdoor Design","publisher":{"@id":"https:\/\/www.skargaarden.com\/sv\/#organization"},"potentialAction":[{"@type":"SearchAction","target":{"@type":"EntryPoint","urlTemplate":"https:\/\/www.skargaarden.com\/sv\/?s={search_term_string}"},"query-input":"required name=search_term_string"}],"inLanguage":"sv-SE"},{"@type":"Organization","@id":"https:\/\/www.skargaarden.com\/sv\/#organization","name":"SKARGAARDEN","url":"https:\/\/www.skargaarden.com\/sv\/","logo":{"@type":"ImageObject","inLanguage":"sv-SE","@id":"https:\/\/www.skargaarden.com\/sv\/#\/schema\/logo\/image\/","url":"https:\/\/www.skargaarden.com\/wp-content\/uploads\/2024\/03\/skargaardenlogo-1.png","contentUrl":"https:\/\/www.skargaarden.com\/wp-content\/uploads\/2024\/03\/skargaardenlogo-1.png","width":999,"height":141,"caption":"SKARGAARDEN"},"image":{"@id":"https:\/\/www.skargaarden.com\/sv\/#\/schema\/logo\/image\/"},"sameAs":["https:\/\/www.facebook.com\/skargaarden","https:\/\/www.instagram.com\/skargaarden\/","https:\/\/www.pinterest.se\/skargaarden\/"]}]}},"_links":{"self":[{"href":"https:\/\/www.skargaarden.com\/sv\/wp-json\/wp\/v2\/product\/20511"}],"collection":[{"href":"https:\/\/www.skargaarden.com\/sv\/wp-json\/wp\/v2\/product"}],"about":[{"href":"https:\/\/www.skargaarden.com\/sv\/wp-json\/wp\/v2\/types\/product"}],"wp:attachment":[{"href":"https:\/\/www.skargaarden.com\/sv\/wp-json\/wp\/v2\/media?parent=20511"}],"wp:term":[{"taxonomy":"product_cat","embeddable":true,"href":"https:\/\/www.skargaarden.com\/sv\/wp-json\/wp\/v2\/product_cat?post=20511"},{"taxonomy":"product_tag","embeddable":true,"href":"https:\/\/www.skargaarden.com\/sv\/wp-json\/wp\/v2\/product_tag?post=20511"}],"curies":[{"name":"wp","href":"https:\/\/api.w.org\/{rel}","templated":true}]}}