{"id":19201,"date":"2024-07-23T14:39:38","date_gmt":"2024-07-23T12:39:38","guid":{"rendered":"https:\/\/www.skargaarden.com\/?post_type=product&#038;p=19201"},"modified":"2025-11-03T10:20:58","modified_gmt":"2025-11-03T09:20:58","slug":"sundal-stol","status":"publish","type":"product","link":"https:\/\/www.skargaarden.com\/sv\/product\/sundal-stol\/","title":{"rendered":"Sundal stol"},"content":{"rendered":"<p><span style=\"font-family: arial, sans-serif;\">Sundal kombinerar klassiskt och modernt formspr\u00e5k och har ett tidl\u00f6st uttryck som passar lika bra p\u00e5 restauranger, kaf\u00e9er och uteplatser som i privata milj\u00f6er. <\/span><span style=\"font-family: arial, sans-serif;\">Stolen \u00e4r tillverkad i FSC-certifierad teak med en mycket robust helsvetsad ram i rostfritt st\u00e5l, pulverlackerad svart och byggd f\u00f6r att t\u00e5la alla v\u00e4der och \u00e5rstider.<\/span><\/p>\n<p>&nbsp;<\/p>\n<p><span style=\"font-family: arial, sans-serif;\">Sundal erbjuder mycket god komfort. Formen p\u00e5 sits, rygg och armst\u00f6d ger en naturlig ergonomi som g\u00f6r att man kan sitta l\u00e4nge. Tr\u00e4materialet i sitsen ger en k\u00e4nsla n\u00e4ra en stol med dynor, utan att du beh\u00f6ver ta ut och in kuddar. Teaken torkar snabbt efter regn, vilket g\u00f6r stolen enkel att anv\u00e4nda \u00e5ret runt.<\/span><\/p>\n<p>&nbsp;<\/p>\n<p><span style=\"font-family: arial, sans-serif;\">Alla tr\u00e4ribbor i sits, rygg och armst\u00f6d kan enkelt bytas ut vid behov, vilket f\u00f6rl\u00e4nger stolens livsl\u00e4ngd och g\u00f6r Sundal till ett h\u00e5llbart val. Stolen \u00e4r dessutom stapelbar \u2013 upp till \u00e5tta stolar \u2013 och fyra kan enkelt b\u00e4ras av en person.<\/span><\/p>\n","protected":false},"excerpt":{"rendered":"<p>Sundal kombinerar klassiskt och modernt formspr\u00e5k och har ett tidl\u00f6st uttryck som passar lika bra p\u00e5 restauranger, kaf\u00e9er och uteplatser som i privata milj\u00f6er. Stolen \u00e4r tillverkad i FSC-certifierad teak med en mycket robust helsvetsad ram i rostfritt st\u00e5l, pulverlackerad svart och byggd f\u00f6r att t\u00e5la alla v\u00e4der och \u00e5rstider. &nbsp; Sundal erbjuder mycket god [&hellip;]<\/p>\n","protected":false},"featured_media":0,"template":"","meta":{"_acf_changed":false},"product_cat":[117],"product_tag":[],"acf":[],"yoast_head":"<!-- This site is optimized with the Yoast SEO plugin v22.2 - https:\/\/yoast.com\/wordpress\/plugins\/seo\/ -->\n<title>Sundal stol - SKARGAARDEN<\/title>\n<meta name=\"description\" content=\"Sundal \u00e4r en h\u00e5llbar stol i FSC-certifierad teak och rostfritt st\u00e5l. H\u00f6g komfort, v\u00e4dert\u00e5lig design och stapelbar f\u00f6r enkel hantering.\" \/>\n<meta name=\"robots\" content=\"index, follow, max-snippet:-1, max-image-preview:large, max-video-preview:-1\" \/>\n<link rel=\"canonical\" href=\"https:\/\/www.skargaarden.com\/sv\/product\/sundal-stol\/\" \/>\n<meta property=\"og:locale\" content=\"sv_SE\" \/>\n<meta property=\"og:type\" content=\"article\" \/>\n<meta property=\"og:title\" content=\"Sundal stol - SKARGAARDEN\" \/>\n<meta property=\"og:description\" content=\"Sundal \u00e4r en h\u00e5llbar stol i FSC-certifierad teak och rostfritt st\u00e5l. H\u00f6g komfort, v\u00e4dert\u00e5lig design och stapelbar f\u00f6r enkel hantering.\" \/>\n<meta property=\"og:url\" content=\"https:\/\/www.skargaarden.com\/sv\/product\/sundal-stol\/\" \/>\n<meta property=\"og:site_name\" content=\"SKARGAARDEN\" \/>\n<meta property=\"article:publisher\" content=\"https:\/\/www.facebook.com\/skargaarden\" \/>\n<meta property=\"article:modified_time\" content=\"2025-11-03T09:20:58+00:00\" \/>\n<meta name=\"twitter:card\" content=\"summary_large_image\" \/>\n<meta name=\"twitter:label1\" content=\"Ber\u00e4knad l\u00e4stid\" \/>\n\t<meta name=\"twitter:data1\" content=\"1 minut\" \/>\n<script type=\"application\/ld+json\" class=\"yoast-schema-graph\">{\"@context\":\"https:\/\/schema.org\",\"@graph\":[{\"@type\":\"WebPage\",\"@id\":\"https:\/\/www.skargaarden.com\/sv\/product\/sundal-stol\/\",\"url\":\"https:\/\/www.skargaarden.com\/sv\/product\/sundal-stol\/\",\"name\":\"Sundal stol - SKARGAARDEN\",\"isPartOf\":{\"@id\":\"https:\/\/www.skargaarden.com\/sv\/#website\"},\"datePublished\":\"2024-07-23T12:39:38+00:00\",\"dateModified\":\"2025-11-03T09:20:58+00:00\",\"description\":\"Sundal \u00e4r en h\u00e5llbar stol i FSC-certifierad teak och rostfritt st\u00e5l. H\u00f6g komfort, v\u00e4dert\u00e5lig design och stapelbar f\u00f6r enkel hantering.\",\"breadcrumb\":{\"@id\":\"https:\/\/www.skargaarden.com\/sv\/product\/sundal-stol\/#breadcrumb\"},\"inLanguage\":\"sv-SE\",\"potentialAction\":[{\"@type\":\"ReadAction\",\"target\":[\"https:\/\/www.skargaarden.com\/sv\/product\/sundal-stol\/\"]}]},{\"@type\":\"BreadcrumbList\",\"@id\":\"https:\/\/www.skargaarden.com\/sv\/product\/sundal-stol\/#breadcrumb\",\"itemListElement\":[{\"@type\":\"ListItem\",\"position\":1,\"name\":\"Home\",\"item\":\"https:\/\/www.skargaarden.com\/sv\/\"},{\"@type\":\"ListItem\",\"position\":2,\"name\":\"Produkter\",\"item\":\"https:\/\/www.skargaarden.com\/sv\/butik\/\"},{\"@type\":\"ListItem\",\"position\":3,\"name\":\"Sundal stol\"}]},{\"@type\":\"WebSite\",\"@id\":\"https:\/\/www.skargaarden.com\/sv\/#website\",\"url\":\"https:\/\/www.skargaarden.com\/sv\/\",\"name\":\"SKARGAARDEN\",\"description\":\"Scandinavian Outdoor Design\",\"publisher\":{\"@id\":\"https:\/\/www.skargaarden.com\/sv\/#organization\"},\"potentialAction\":[{\"@type\":\"SearchAction\",\"target\":{\"@type\":\"EntryPoint\",\"urlTemplate\":\"https:\/\/www.skargaarden.com\/sv\/?s={search_term_string}\"},\"query-input\":\"required name=search_term_string\"}],\"inLanguage\":\"sv-SE\"},{\"@type\":\"Organization\",\"@id\":\"https:\/\/www.skargaarden.com\/sv\/#organization\",\"name\":\"SKARGAARDEN\",\"url\":\"https:\/\/www.skargaarden.com\/sv\/\",\"logo\":{\"@type\":\"ImageObject\",\"inLanguage\":\"sv-SE\",\"@id\":\"https:\/\/www.skargaarden.com\/sv\/#\/schema\/logo\/image\/\",\"url\":\"https:\/\/www.skargaarden.com\/wp-content\/uploads\/2024\/03\/skargaardenlogo-1.png\",\"contentUrl\":\"https:\/\/www.skargaarden.com\/wp-content\/uploads\/2024\/03\/skargaardenlogo-1.png\",\"width\":999,\"height\":141,\"caption\":\"SKARGAARDEN\"},\"image\":{\"@id\":\"https:\/\/www.skargaarden.com\/sv\/#\/schema\/logo\/image\/\"},\"sameAs\":[\"https:\/\/www.facebook.com\/skargaarden\",\"https:\/\/www.instagram.com\/skargaarden\/\",\"https:\/\/www.pinterest.se\/skargaarden\/\"]}]}<\/script>\n<!-- \/ Yoast SEO plugin. -->","yoast_head_json":{"title":"Sundal stol - SKARGAARDEN","description":"Sundal \u00e4r en h\u00e5llbar stol i FSC-certifierad teak och rostfritt st\u00e5l. H\u00f6g komfort, v\u00e4dert\u00e5lig design och stapelbar f\u00f6r enkel hantering.","robots":{"index":"index","follow":"follow","max-snippet":"max-snippet:-1","max-image-preview":"max-image-preview:large","max-video-preview":"max-video-preview:-1"},"canonical":"https:\/\/www.skargaarden.com\/sv\/product\/sundal-stol\/","og_locale":"sv_SE","og_type":"article","og_title":"Sundal stol - SKARGAARDEN","og_description":"Sundal \u00e4r en h\u00e5llbar stol i FSC-certifierad teak och rostfritt st\u00e5l. H\u00f6g komfort, v\u00e4dert\u00e5lig design och stapelbar f\u00f6r enkel hantering.","og_url":"https:\/\/www.skargaarden.com\/sv\/product\/sundal-stol\/","og_site_name":"SKARGAARDEN","article_publisher":"https:\/\/www.facebook.com\/skargaarden","article_modified_time":"2025-11-03T09:20:58+00:00","twitter_card":"summary_large_image","twitter_misc":{"Ber\u00e4knad l\u00e4stid":"1 minut"},"schema":{"@context":"https:\/\/schema.org","@graph":[{"@type":"WebPage","@id":"https:\/\/www.skargaarden.com\/sv\/product\/sundal-stol\/","url":"https:\/\/www.skargaarden.com\/sv\/product\/sundal-stol\/","name":"Sundal stol - SKARGAARDEN","isPartOf":{"@id":"https:\/\/www.skargaarden.com\/sv\/#website"},"datePublished":"2024-07-23T12:39:38+00:00","dateModified":"2025-11-03T09:20:58+00:00","description":"Sundal \u00e4r en h\u00e5llbar stol i FSC-certifierad teak och rostfritt st\u00e5l. H\u00f6g komfort, v\u00e4dert\u00e5lig design och stapelbar f\u00f6r enkel hantering.","breadcrumb":{"@id":"https:\/\/www.skargaarden.com\/sv\/product\/sundal-stol\/#breadcrumb"},"inLanguage":"sv-SE","potentialAction":[{"@type":"ReadAction","target":["https:\/\/www.skargaarden.com\/sv\/product\/sundal-stol\/"]}]},{"@type":"BreadcrumbList","@id":"https:\/\/www.skargaarden.com\/sv\/product\/sundal-stol\/#breadcrumb","itemListElement":[{"@type":"ListItem","position":1,"name":"Home","item":"https:\/\/www.skargaarden.com\/sv\/"},{"@type":"ListItem","position":2,"name":"Produkter","item":"https:\/\/www.skargaarden.com\/sv\/butik\/"},{"@type":"ListItem","position":3,"name":"Sundal stol"}]},{"@type":"WebSite","@id":"https:\/\/www.skargaarden.com\/sv\/#website","url":"https:\/\/www.skargaarden.com\/sv\/","name":"SKARGAARDEN","description":"Scandinavian Outdoor Design","publisher":{"@id":"https:\/\/www.skargaarden.com\/sv\/#organization"},"potentialAction":[{"@type":"SearchAction","target":{"@type":"EntryPoint","urlTemplate":"https:\/\/www.skargaarden.com\/sv\/?s={search_term_string}"},"query-input":"required name=search_term_string"}],"inLanguage":"sv-SE"},{"@type":"Organization","@id":"https:\/\/www.skargaarden.com\/sv\/#organization","name":"SKARGAARDEN","url":"https:\/\/www.skargaarden.com\/sv\/","logo":{"@type":"ImageObject","inLanguage":"sv-SE","@id":"https:\/\/www.skargaarden.com\/sv\/#\/schema\/logo\/image\/","url":"https:\/\/www.skargaarden.com\/wp-content\/uploads\/2024\/03\/skargaardenlogo-1.png","contentUrl":"https:\/\/www.skargaarden.com\/wp-content\/uploads\/2024\/03\/skargaardenlogo-1.png","width":999,"height":141,"caption":"SKARGAARDEN"},"image":{"@id":"https:\/\/www.skargaarden.com\/sv\/#\/schema\/logo\/image\/"},"sameAs":["https:\/\/www.facebook.com\/skargaarden","https:\/\/www.instagram.com\/skargaarden\/","https:\/\/www.pinterest.se\/skargaarden\/"]}]}},"_links":{"self":[{"href":"https:\/\/www.skargaarden.com\/sv\/wp-json\/wp\/v2\/product\/19201"}],"collection":[{"href":"https:\/\/www.skargaarden.com\/sv\/wp-json\/wp\/v2\/product"}],"about":[{"href":"https:\/\/www.skargaarden.com\/sv\/wp-json\/wp\/v2\/types\/product"}],"wp:attachment":[{"href":"https:\/\/www.skargaarden.com\/sv\/wp-json\/wp\/v2\/media?parent=19201"}],"wp:term":[{"taxonomy":"product_cat","embeddable":true,"href":"https:\/\/www.skargaarden.com\/sv\/wp-json\/wp\/v2\/product_cat?post=19201"},{"taxonomy":"product_tag","embeddable":true,"href":"https:\/\/www.skargaarden.com\/sv\/wp-json\/wp\/v2\/product_tag?post=19201"}],"curies":[{"name":"wp","href":"https:\/\/api.w.org\/{rel}","templated":true}]}}