{"id":18288,"date":"2023-02-13T10:28:22","date_gmt":"2023-02-13T09:28:22","guid":{"rendered":"https:\/\/www.skargaarden.com\/products\/okategoriserad\/boste-lounge-chair\/"},"modified":"2024-08-07T10:38:02","modified_gmt":"2024-08-07T08:38:02","slug":"boste-lounge-chair-2","status":"publish","type":"product","link":"https:\/\/www.skargaarden.com\/sv\/product\/boste-lounge-chair-2\/","title":{"rendered":"B\u00f6ste lounge stol"},"content":{"rendered":"<p>Loungestolen B\u00f6ste \u00e4r en hyllning till den ursprungliga Westport-stolen. Den finns i en f\u00f6rfinad version med pulverlackerat rostfritt st\u00e5l och h\u00e5llbar FSC-certifierad teak. Stolen har rundade kanter och mjuka former. Den kan anv\u00e4ndas utomhus \u00e5ret runt och blir vackert silvergr\u00e5 med \u00e5ren. Armst\u00f6den \u00e4r tillr\u00e4ckligt breda f\u00f6r att rymma ett vinglas, en sk\u00e5l med n\u00f6tter eller en bok.<\/p>\n<p>&nbsp;<\/p>\n","protected":false},"excerpt":{"rendered":"<p>Loungestolen B\u00f6ste \u00e4r en hyllning till den ursprungliga Westport-stolen. Den finns i en f\u00f6rfinad version med pulverlackerat rostfritt st\u00e5l och h\u00e5llbar FSC-certifierad teak. Stolen har rundade kanter och mjuka former. Den kan anv\u00e4ndas utomhus \u00e5ret runt och blir vackert silvergr\u00e5 med \u00e5ren. Armst\u00f6den \u00e4r tillr\u00e4ckligt breda f\u00f6r att rymma ett vinglas, en sk\u00e5l med n\u00f6tter [&hellip;]<\/p>\n","protected":false},"featured_media":0,"template":"","meta":{"_acf_changed":false},"product_cat":[121],"product_tag":[],"acf":[],"yoast_head":"<!-- This site is optimized with the Yoast SEO plugin v22.2 - https:\/\/yoast.com\/wordpress\/plugins\/seo\/ -->\n<title>B\u00f6ste lounge stol - SKARGAARDEN<\/title>\n<meta name=\"description\" content=\"De f\u00f6rsta 60 upps\u00e4ttningarna av B\u00f6ste-loungestolen i kombination med B\u00f6ste-fotpallen \u00e4r tillg\u00e4ngliga f\u00f6r exklusiv f\u00f6rhandsbest\u00e4llning.\" \/>\n<meta name=\"robots\" content=\"index, follow, max-snippet:-1, max-image-preview:large, max-video-preview:-1\" \/>\n<link rel=\"canonical\" href=\"https:\/\/www.skargaarden.com\/sv\/product\/boste-lounge-chair-2\/\" \/>\n<meta property=\"og:locale\" content=\"sv_SE\" \/>\n<meta property=\"og:type\" content=\"article\" \/>\n<meta property=\"og:title\" content=\"B\u00f6ste lounge stol - SKARGAARDEN\" \/>\n<meta property=\"og:description\" content=\"De f\u00f6rsta 60 upps\u00e4ttningarna av B\u00f6ste-loungestolen i kombination med B\u00f6ste-fotpallen \u00e4r tillg\u00e4ngliga f\u00f6r exklusiv f\u00f6rhandsbest\u00e4llning.\" \/>\n<meta property=\"og:url\" content=\"https:\/\/www.skargaarden.com\/sv\/product\/boste-lounge-chair-2\/\" \/>\n<meta property=\"og:site_name\" content=\"SKARGAARDEN\" \/>\n<meta property=\"article:publisher\" content=\"https:\/\/www.facebook.com\/skargaarden\" \/>\n<meta property=\"article:modified_time\" content=\"2024-08-07T08:38:02+00:00\" \/>\n<meta name=\"twitter:card\" content=\"summary_large_image\" \/>\n<meta name=\"twitter:label1\" content=\"Ber\u00e4knad l\u00e4stid\" \/>\n\t<meta name=\"twitter:data1\" content=\"1 minut\" \/>\n<script type=\"application\/ld+json\" class=\"yoast-schema-graph\">{\"@context\":\"https:\/\/schema.org\",\"@graph\":[{\"@type\":\"WebPage\",\"@id\":\"https:\/\/www.skargaarden.com\/sv\/product\/boste-lounge-chair-2\/\",\"url\":\"https:\/\/www.skargaarden.com\/sv\/product\/boste-lounge-chair-2\/\",\"name\":\"B\u00f6ste lounge stol - SKARGAARDEN\",\"isPartOf\":{\"@id\":\"https:\/\/www.skargaarden.com\/sv\/#website\"},\"datePublished\":\"2023-02-13T09:28:22+00:00\",\"dateModified\":\"2024-08-07T08:38:02+00:00\",\"description\":\"De f\u00f6rsta 60 upps\u00e4ttningarna av B\u00f6ste-loungestolen i kombination med B\u00f6ste-fotpallen \u00e4r tillg\u00e4ngliga f\u00f6r exklusiv f\u00f6rhandsbest\u00e4llning.\",\"breadcrumb\":{\"@id\":\"https:\/\/www.skargaarden.com\/sv\/product\/boste-lounge-chair-2\/#breadcrumb\"},\"inLanguage\":\"sv-SE\",\"potentialAction\":[{\"@type\":\"ReadAction\",\"target\":[\"https:\/\/www.skargaarden.com\/sv\/product\/boste-lounge-chair-2\/\"]}]},{\"@type\":\"BreadcrumbList\",\"@id\":\"https:\/\/www.skargaarden.com\/sv\/product\/boste-lounge-chair-2\/#breadcrumb\",\"itemListElement\":[{\"@type\":\"ListItem\",\"position\":1,\"name\":\"Home\",\"item\":\"https:\/\/www.skargaarden.com\/sv\/\"},{\"@type\":\"ListItem\",\"position\":2,\"name\":\"Produkter\",\"item\":\"https:\/\/www.skargaarden.com\/sv\/butik\/\"},{\"@type\":\"ListItem\",\"position\":3,\"name\":\"B\u00f6ste lounge stol\"}]},{\"@type\":\"WebSite\",\"@id\":\"https:\/\/www.skargaarden.com\/sv\/#website\",\"url\":\"https:\/\/www.skargaarden.com\/sv\/\",\"name\":\"SKARGAARDEN\",\"description\":\"Scandinavian Outdoor Design\",\"publisher\":{\"@id\":\"https:\/\/www.skargaarden.com\/sv\/#organization\"},\"potentialAction\":[{\"@type\":\"SearchAction\",\"target\":{\"@type\":\"EntryPoint\",\"urlTemplate\":\"https:\/\/www.skargaarden.com\/sv\/?s={search_term_string}\"},\"query-input\":\"required name=search_term_string\"}],\"inLanguage\":\"sv-SE\"},{\"@type\":\"Organization\",\"@id\":\"https:\/\/www.skargaarden.com\/sv\/#organization\",\"name\":\"SKARGAARDEN\",\"url\":\"https:\/\/www.skargaarden.com\/sv\/\",\"logo\":{\"@type\":\"ImageObject\",\"inLanguage\":\"sv-SE\",\"@id\":\"https:\/\/www.skargaarden.com\/sv\/#\/schema\/logo\/image\/\",\"url\":\"https:\/\/www.skargaarden.com\/wp-content\/uploads\/2024\/03\/skargaardenlogo-1.png\",\"contentUrl\":\"https:\/\/www.skargaarden.com\/wp-content\/uploads\/2024\/03\/skargaardenlogo-1.png\",\"width\":999,\"height\":141,\"caption\":\"SKARGAARDEN\"},\"image\":{\"@id\":\"https:\/\/www.skargaarden.com\/sv\/#\/schema\/logo\/image\/\"},\"sameAs\":[\"https:\/\/www.facebook.com\/skargaarden\",\"https:\/\/www.instagram.com\/skargaarden\/\",\"https:\/\/www.pinterest.se\/skargaarden\/\"]}]}<\/script>\n<!-- \/ Yoast SEO plugin. -->","yoast_head_json":{"title":"B\u00f6ste lounge stol - SKARGAARDEN","description":"De f\u00f6rsta 60 upps\u00e4ttningarna av B\u00f6ste-loungestolen i kombination med B\u00f6ste-fotpallen \u00e4r tillg\u00e4ngliga f\u00f6r exklusiv f\u00f6rhandsbest\u00e4llning.","robots":{"index":"index","follow":"follow","max-snippet":"max-snippet:-1","max-image-preview":"max-image-preview:large","max-video-preview":"max-video-preview:-1"},"canonical":"https:\/\/www.skargaarden.com\/sv\/product\/boste-lounge-chair-2\/","og_locale":"sv_SE","og_type":"article","og_title":"B\u00f6ste lounge stol - SKARGAARDEN","og_description":"De f\u00f6rsta 60 upps\u00e4ttningarna av B\u00f6ste-loungestolen i kombination med B\u00f6ste-fotpallen \u00e4r tillg\u00e4ngliga f\u00f6r exklusiv f\u00f6rhandsbest\u00e4llning.","og_url":"https:\/\/www.skargaarden.com\/sv\/product\/boste-lounge-chair-2\/","og_site_name":"SKARGAARDEN","article_publisher":"https:\/\/www.facebook.com\/skargaarden","article_modified_time":"2024-08-07T08:38:02+00:00","twitter_card":"summary_large_image","twitter_misc":{"Ber\u00e4knad l\u00e4stid":"1 minut"},"schema":{"@context":"https:\/\/schema.org","@graph":[{"@type":"WebPage","@id":"https:\/\/www.skargaarden.com\/sv\/product\/boste-lounge-chair-2\/","url":"https:\/\/www.skargaarden.com\/sv\/product\/boste-lounge-chair-2\/","name":"B\u00f6ste lounge stol - SKARGAARDEN","isPartOf":{"@id":"https:\/\/www.skargaarden.com\/sv\/#website"},"datePublished":"2023-02-13T09:28:22+00:00","dateModified":"2024-08-07T08:38:02+00:00","description":"De f\u00f6rsta 60 upps\u00e4ttningarna av B\u00f6ste-loungestolen i kombination med B\u00f6ste-fotpallen \u00e4r tillg\u00e4ngliga f\u00f6r exklusiv f\u00f6rhandsbest\u00e4llning.","breadcrumb":{"@id":"https:\/\/www.skargaarden.com\/sv\/product\/boste-lounge-chair-2\/#breadcrumb"},"inLanguage":"sv-SE","potentialAction":[{"@type":"ReadAction","target":["https:\/\/www.skargaarden.com\/sv\/product\/boste-lounge-chair-2\/"]}]},{"@type":"BreadcrumbList","@id":"https:\/\/www.skargaarden.com\/sv\/product\/boste-lounge-chair-2\/#breadcrumb","itemListElement":[{"@type":"ListItem","position":1,"name":"Home","item":"https:\/\/www.skargaarden.com\/sv\/"},{"@type":"ListItem","position":2,"name":"Produkter","item":"https:\/\/www.skargaarden.com\/sv\/butik\/"},{"@type":"ListItem","position":3,"name":"B\u00f6ste lounge stol"}]},{"@type":"WebSite","@id":"https:\/\/www.skargaarden.com\/sv\/#website","url":"https:\/\/www.skargaarden.com\/sv\/","name":"SKARGAARDEN","description":"Scandinavian Outdoor Design","publisher":{"@id":"https:\/\/www.skargaarden.com\/sv\/#organization"},"potentialAction":[{"@type":"SearchAction","target":{"@type":"EntryPoint","urlTemplate":"https:\/\/www.skargaarden.com\/sv\/?s={search_term_string}"},"query-input":"required name=search_term_string"}],"inLanguage":"sv-SE"},{"@type":"Organization","@id":"https:\/\/www.skargaarden.com\/sv\/#organization","name":"SKARGAARDEN","url":"https:\/\/www.skargaarden.com\/sv\/","logo":{"@type":"ImageObject","inLanguage":"sv-SE","@id":"https:\/\/www.skargaarden.com\/sv\/#\/schema\/logo\/image\/","url":"https:\/\/www.skargaarden.com\/wp-content\/uploads\/2024\/03\/skargaardenlogo-1.png","contentUrl":"https:\/\/www.skargaarden.com\/wp-content\/uploads\/2024\/03\/skargaardenlogo-1.png","width":999,"height":141,"caption":"SKARGAARDEN"},"image":{"@id":"https:\/\/www.skargaarden.com\/sv\/#\/schema\/logo\/image\/"},"sameAs":["https:\/\/www.facebook.com\/skargaarden","https:\/\/www.instagram.com\/skargaarden\/","https:\/\/www.pinterest.se\/skargaarden\/"]}]}},"_links":{"self":[{"href":"https:\/\/www.skargaarden.com\/sv\/wp-json\/wp\/v2\/product\/18288"}],"collection":[{"href":"https:\/\/www.skargaarden.com\/sv\/wp-json\/wp\/v2\/product"}],"about":[{"href":"https:\/\/www.skargaarden.com\/sv\/wp-json\/wp\/v2\/types\/product"}],"wp:attachment":[{"href":"https:\/\/www.skargaarden.com\/sv\/wp-json\/wp\/v2\/media?parent=18288"}],"wp:term":[{"taxonomy":"product_cat","embeddable":true,"href":"https:\/\/www.skargaarden.com\/sv\/wp-json\/wp\/v2\/product_cat?post=18288"},{"taxonomy":"product_tag","embeddable":true,"href":"https:\/\/www.skargaarden.com\/sv\/wp-json\/wp\/v2\/product_tag?post=18288"}],"curies":[{"name":"wp","href":"https:\/\/api.w.org\/{rel}","templated":true}]}}