{"id":18278,"date":"2023-02-13T10:53:17","date_gmt":"2023-02-13T09:53:17","guid":{"rendered":"https:\/\/www.skargaarden.com\/products\/okategoriserad\/boste-fotpall\/"},"modified":"2023-03-28T08:29:57","modified_gmt":"2023-03-28T06:29:57","slug":"boste-foot-stool","status":"publish","type":"product","link":"https:\/\/www.skargaarden.com\/sv\/product\/boste-foot-stool\/","title":{"rendered":"B\u00f6ste fotpall"},"content":{"rendered":"<p>B\u00f6ste fotpall finns i pulverlackerat rostfritt st\u00e5l och h\u00e5llbar FSC-certifierad teak. B\u00f6ste kan anv\u00e4ndas utomhus \u00e5ret runt och blir vackert silvergr\u00e5 med \u00e5ren. S\u00e4tt upp f\u00f6tterna och njut av sommarbrisen.<\/p>\n<p>&nbsp;<\/p>\n","protected":false},"excerpt":{"rendered":"<p>B\u00f6ste fotpall finns i pulverlackerat rostfritt st\u00e5l och h\u00e5llbar FSC-certifierad teak. B\u00f6ste kan anv\u00e4ndas utomhus \u00e5ret runt och blir vackert silvergr\u00e5 med \u00e5ren. S\u00e4tt upp f\u00f6tterna och njut av sommarbrisen. &nbsp;<\/p>\n","protected":false},"featured_media":0,"template":"","meta":{"_acf_changed":false},"product_cat":[130],"product_tag":[],"acf":[],"yoast_head":"<!-- This site is optimized with the Yoast SEO plugin v22.2 - https:\/\/yoast.com\/wordpress\/plugins\/seo\/ -->\n<title>B\u00f6ste fotpall - SKARGAARDEN<\/title>\n<meta name=\"description\" content=\"B\u00f6ste fotpall finns i rostfritt st\u00e5l och h\u00e5llbar FSC-m\u00e4rkt teak. De f\u00f6rsta 60 upps\u00e4ttningarna \u00e4r exklusiva f\u00f6r f\u00f6rhandsbest\u00e4llning.\" \/>\n<meta name=\"robots\" content=\"index, follow, max-snippet:-1, max-image-preview:large, max-video-preview:-1\" \/>\n<link rel=\"canonical\" href=\"https:\/\/www.skargaarden.com\/sv\/product\/boste-foot-stool\/\" \/>\n<meta property=\"og:locale\" content=\"sv_SE\" \/>\n<meta property=\"og:type\" content=\"article\" \/>\n<meta property=\"og:title\" content=\"B\u00f6ste fotpall - SKARGAARDEN\" \/>\n<meta property=\"og:description\" content=\"B\u00f6ste fotpall finns i rostfritt st\u00e5l och h\u00e5llbar FSC-m\u00e4rkt teak. De f\u00f6rsta 60 upps\u00e4ttningarna \u00e4r exklusiva f\u00f6r f\u00f6rhandsbest\u00e4llning.\" \/>\n<meta property=\"og:url\" content=\"https:\/\/www.skargaarden.com\/sv\/product\/boste-foot-stool\/\" \/>\n<meta property=\"og:site_name\" content=\"SKARGAARDEN\" \/>\n<meta property=\"article:publisher\" content=\"https:\/\/www.facebook.com\/skargaarden\" \/>\n<meta property=\"article:modified_time\" content=\"2023-03-28T06:29:57+00:00\" \/>\n<meta name=\"twitter:card\" content=\"summary_large_image\" \/>\n<script type=\"application\/ld+json\" class=\"yoast-schema-graph\">{\"@context\":\"https:\/\/schema.org\",\"@graph\":[{\"@type\":\"WebPage\",\"@id\":\"https:\/\/www.skargaarden.com\/sv\/product\/boste-foot-stool\/\",\"url\":\"https:\/\/www.skargaarden.com\/sv\/product\/boste-foot-stool\/\",\"name\":\"B\u00f6ste fotpall - SKARGAARDEN\",\"isPartOf\":{\"@id\":\"https:\/\/www.skargaarden.com\/sv\/#website\"},\"datePublished\":\"2023-02-13T09:53:17+00:00\",\"dateModified\":\"2023-03-28T06:29:57+00:00\",\"description\":\"B\u00f6ste fotpall finns i rostfritt st\u00e5l och h\u00e5llbar FSC-m\u00e4rkt teak. De f\u00f6rsta 60 upps\u00e4ttningarna \u00e4r exklusiva f\u00f6r f\u00f6rhandsbest\u00e4llning.\",\"breadcrumb\":{\"@id\":\"https:\/\/www.skargaarden.com\/sv\/product\/boste-foot-stool\/#breadcrumb\"},\"inLanguage\":\"sv-SE\",\"potentialAction\":[{\"@type\":\"ReadAction\",\"target\":[\"https:\/\/www.skargaarden.com\/sv\/product\/boste-foot-stool\/\"]}]},{\"@type\":\"BreadcrumbList\",\"@id\":\"https:\/\/www.skargaarden.com\/sv\/product\/boste-foot-stool\/#breadcrumb\",\"itemListElement\":[{\"@type\":\"ListItem\",\"position\":1,\"name\":\"Home\",\"item\":\"https:\/\/www.skargaarden.com\/sv\/\"},{\"@type\":\"ListItem\",\"position\":2,\"name\":\"Produkter\",\"item\":\"https:\/\/www.skargaarden.com\/sv\/butik\/\"},{\"@type\":\"ListItem\",\"position\":3,\"name\":\"B\u00f6ste fotpall\"}]},{\"@type\":\"WebSite\",\"@id\":\"https:\/\/www.skargaarden.com\/sv\/#website\",\"url\":\"https:\/\/www.skargaarden.com\/sv\/\",\"name\":\"SKARGAARDEN\",\"description\":\"Scandinavian Outdoor Design\",\"publisher\":{\"@id\":\"https:\/\/www.skargaarden.com\/sv\/#organization\"},\"potentialAction\":[{\"@type\":\"SearchAction\",\"target\":{\"@type\":\"EntryPoint\",\"urlTemplate\":\"https:\/\/www.skargaarden.com\/sv\/?s={search_term_string}\"},\"query-input\":\"required name=search_term_string\"}],\"inLanguage\":\"sv-SE\"},{\"@type\":\"Organization\",\"@id\":\"https:\/\/www.skargaarden.com\/sv\/#organization\",\"name\":\"SKARGAARDEN\",\"url\":\"https:\/\/www.skargaarden.com\/sv\/\",\"logo\":{\"@type\":\"ImageObject\",\"inLanguage\":\"sv-SE\",\"@id\":\"https:\/\/www.skargaarden.com\/sv\/#\/schema\/logo\/image\/\",\"url\":\"https:\/\/www.skargaarden.com\/wp-content\/uploads\/2024\/03\/skargaardenlogo-1.png\",\"contentUrl\":\"https:\/\/www.skargaarden.com\/wp-content\/uploads\/2024\/03\/skargaardenlogo-1.png\",\"width\":999,\"height\":141,\"caption\":\"SKARGAARDEN\"},\"image\":{\"@id\":\"https:\/\/www.skargaarden.com\/sv\/#\/schema\/logo\/image\/\"},\"sameAs\":[\"https:\/\/www.facebook.com\/skargaarden\",\"https:\/\/www.instagram.com\/skargaarden\/\",\"https:\/\/www.pinterest.se\/skargaarden\/\"]}]}<\/script>\n<!-- \/ Yoast SEO plugin. -->","yoast_head_json":{"title":"B\u00f6ste fotpall - SKARGAARDEN","description":"B\u00f6ste fotpall finns i rostfritt st\u00e5l och h\u00e5llbar FSC-m\u00e4rkt teak. De f\u00f6rsta 60 upps\u00e4ttningarna \u00e4r exklusiva f\u00f6r f\u00f6rhandsbest\u00e4llning.","robots":{"index":"index","follow":"follow","max-snippet":"max-snippet:-1","max-image-preview":"max-image-preview:large","max-video-preview":"max-video-preview:-1"},"canonical":"https:\/\/www.skargaarden.com\/sv\/product\/boste-foot-stool\/","og_locale":"sv_SE","og_type":"article","og_title":"B\u00f6ste fotpall - SKARGAARDEN","og_description":"B\u00f6ste fotpall finns i rostfritt st\u00e5l och h\u00e5llbar FSC-m\u00e4rkt teak. De f\u00f6rsta 60 upps\u00e4ttningarna \u00e4r exklusiva f\u00f6r f\u00f6rhandsbest\u00e4llning.","og_url":"https:\/\/www.skargaarden.com\/sv\/product\/boste-foot-stool\/","og_site_name":"SKARGAARDEN","article_publisher":"https:\/\/www.facebook.com\/skargaarden","article_modified_time":"2023-03-28T06:29:57+00:00","twitter_card":"summary_large_image","schema":{"@context":"https:\/\/schema.org","@graph":[{"@type":"WebPage","@id":"https:\/\/www.skargaarden.com\/sv\/product\/boste-foot-stool\/","url":"https:\/\/www.skargaarden.com\/sv\/product\/boste-foot-stool\/","name":"B\u00f6ste fotpall - SKARGAARDEN","isPartOf":{"@id":"https:\/\/www.skargaarden.com\/sv\/#website"},"datePublished":"2023-02-13T09:53:17+00:00","dateModified":"2023-03-28T06:29:57+00:00","description":"B\u00f6ste fotpall finns i rostfritt st\u00e5l och h\u00e5llbar FSC-m\u00e4rkt teak. De f\u00f6rsta 60 upps\u00e4ttningarna \u00e4r exklusiva f\u00f6r f\u00f6rhandsbest\u00e4llning.","breadcrumb":{"@id":"https:\/\/www.skargaarden.com\/sv\/product\/boste-foot-stool\/#breadcrumb"},"inLanguage":"sv-SE","potentialAction":[{"@type":"ReadAction","target":["https:\/\/www.skargaarden.com\/sv\/product\/boste-foot-stool\/"]}]},{"@type":"BreadcrumbList","@id":"https:\/\/www.skargaarden.com\/sv\/product\/boste-foot-stool\/#breadcrumb","itemListElement":[{"@type":"ListItem","position":1,"name":"Home","item":"https:\/\/www.skargaarden.com\/sv\/"},{"@type":"ListItem","position":2,"name":"Produkter","item":"https:\/\/www.skargaarden.com\/sv\/butik\/"},{"@type":"ListItem","position":3,"name":"B\u00f6ste fotpall"}]},{"@type":"WebSite","@id":"https:\/\/www.skargaarden.com\/sv\/#website","url":"https:\/\/www.skargaarden.com\/sv\/","name":"SKARGAARDEN","description":"Scandinavian Outdoor Design","publisher":{"@id":"https:\/\/www.skargaarden.com\/sv\/#organization"},"potentialAction":[{"@type":"SearchAction","target":{"@type":"EntryPoint","urlTemplate":"https:\/\/www.skargaarden.com\/sv\/?s={search_term_string}"},"query-input":"required name=search_term_string"}],"inLanguage":"sv-SE"},{"@type":"Organization","@id":"https:\/\/www.skargaarden.com\/sv\/#organization","name":"SKARGAARDEN","url":"https:\/\/www.skargaarden.com\/sv\/","logo":{"@type":"ImageObject","inLanguage":"sv-SE","@id":"https:\/\/www.skargaarden.com\/sv\/#\/schema\/logo\/image\/","url":"https:\/\/www.skargaarden.com\/wp-content\/uploads\/2024\/03\/skargaardenlogo-1.png","contentUrl":"https:\/\/www.skargaarden.com\/wp-content\/uploads\/2024\/03\/skargaardenlogo-1.png","width":999,"height":141,"caption":"SKARGAARDEN"},"image":{"@id":"https:\/\/www.skargaarden.com\/sv\/#\/schema\/logo\/image\/"},"sameAs":["https:\/\/www.facebook.com\/skargaarden","https:\/\/www.instagram.com\/skargaarden\/","https:\/\/www.pinterest.se\/skargaarden\/"]}]}},"_links":{"self":[{"href":"https:\/\/www.skargaarden.com\/sv\/wp-json\/wp\/v2\/product\/18278"}],"collection":[{"href":"https:\/\/www.skargaarden.com\/sv\/wp-json\/wp\/v2\/product"}],"about":[{"href":"https:\/\/www.skargaarden.com\/sv\/wp-json\/wp\/v2\/types\/product"}],"wp:attachment":[{"href":"https:\/\/www.skargaarden.com\/sv\/wp-json\/wp\/v2\/media?parent=18278"}],"wp:term":[{"taxonomy":"product_cat","embeddable":true,"href":"https:\/\/www.skargaarden.com\/sv\/wp-json\/wp\/v2\/product_cat?post=18278"},{"taxonomy":"product_tag","embeddable":true,"href":"https:\/\/www.skargaarden.com\/sv\/wp-json\/wp\/v2\/product_tag?post=18278"}],"curies":[{"name":"wp","href":"https:\/\/api.w.org\/{rel}","templated":true}]}}