{"id":15531,"date":"2020-11-23T15:51:33","date_gmt":"2022-02-21T10:43:59","guid":{"rendered":"https:\/\/www.skargaarden.com\/products\/uncategorized\/asker-soffa-mittsektion-liten\/"},"modified":"2025-12-05T15:09:58","modified_gmt":"2025-12-05T14:09:58","slug":"asker-sofa-mid-section-small","status":"publish","type":"product","link":"https:\/\/www.skargaarden.com\/sv\/product\/asker-sofa-mid-section-small\/","title":{"rendered":"Asker soffa mittsektion liten"},"content":{"rendered":"<p>Denna Asker Sofa Mid Section Large \u00e4r en del av en boxiga soffserie, f\u00f6r dig som gillar att koppla av mer \u00e4n underh\u00e5ll. Den har en aluminiumram g\u00f6md under gener\u00f6sa kuddar i QuickDry-skum, t\u00e4ckta med Sunbrella-tyger. Dynor finns i tv\u00e5 f\u00e4rger; light grey sling och beige taupe sling.<\/p>\n","protected":false},"excerpt":{"rendered":"<p>Denna Asker Sofa Mid Section Large \u00e4r en del av en boxiga soffserie, f\u00f6r dig som gillar att koppla av mer \u00e4n underh\u00e5ll. Den har en aluminiumram g\u00f6md under gener\u00f6sa kuddar i QuickDry-skum, t\u00e4ckta med Sunbrella-tyger. Dynor finns i tv\u00e5 f\u00e4rger; light grey sling och beige taupe sling.<\/p>\n","protected":false},"featured_media":0,"template":"","meta":{"_acf_changed":false},"product_cat":[135],"product_tag":[],"acf":[],"yoast_head":"<!-- This site is optimized with the Yoast SEO plugin v22.2 - https:\/\/yoast.com\/wordpress\/plugins\/seo\/ -->\n<title>Asker soffa mittsektion liten - SKARGAARDEN<\/title>\n<meta name=\"description\" content=\"Denna Asker Sofa Mid Section Small \u00e4r en del av en boxig soffserie. Denna Asker Sofa Mid Section Large \u00e4r en del av en boxig soffserie, f\u00f6r dig som gillar att koppla av mer \u00e4n underh\u00e5ll.\" \/>\n<meta name=\"robots\" content=\"index, follow, max-snippet:-1, max-image-preview:large, max-video-preview:-1\" \/>\n<link rel=\"canonical\" href=\"https:\/\/www.skargaarden.com\/sv\/product\/asker-sofa-mid-section-small\/\" \/>\n<meta property=\"og:locale\" content=\"sv_SE\" \/>\n<meta property=\"og:type\" content=\"article\" \/>\n<meta property=\"og:title\" content=\"Asker soffa mittsektion liten - SKARGAARDEN\" \/>\n<meta property=\"og:description\" content=\"Denna Asker Sofa Mid Section Small \u00e4r en del av en boxig soffserie. Denna Asker Sofa Mid Section Large \u00e4r en del av en boxig soffserie, f\u00f6r dig som gillar att koppla av mer \u00e4n underh\u00e5ll.\" \/>\n<meta property=\"og:url\" content=\"https:\/\/www.skargaarden.com\/sv\/product\/asker-sofa-mid-section-small\/\" \/>\n<meta property=\"og:site_name\" content=\"SKARGAARDEN\" \/>\n<meta property=\"article:publisher\" content=\"https:\/\/www.facebook.com\/skargaarden\" \/>\n<meta property=\"article:modified_time\" content=\"2025-12-05T14:09:58+00:00\" \/>\n<meta name=\"twitter:card\" content=\"summary_large_image\" \/>\n<script type=\"application\/ld+json\" class=\"yoast-schema-graph\">{\"@context\":\"https:\/\/schema.org\",\"@graph\":[{\"@type\":\"WebPage\",\"@id\":\"https:\/\/www.skargaarden.com\/sv\/product\/asker-sofa-mid-section-small\/\",\"url\":\"https:\/\/www.skargaarden.com\/sv\/product\/asker-sofa-mid-section-small\/\",\"name\":\"Asker soffa mittsektion liten - SKARGAARDEN\",\"isPartOf\":{\"@id\":\"https:\/\/www.skargaarden.com\/sv\/#website\"},\"datePublished\":\"2022-02-21T10:43:59+00:00\",\"dateModified\":\"2025-12-05T14:09:58+00:00\",\"description\":\"Denna Asker Sofa Mid Section Small \u00e4r en del av en boxig soffserie. Denna Asker Sofa Mid Section Large \u00e4r en del av en boxig soffserie, f\u00f6r dig som gillar att koppla av mer \u00e4n underh\u00e5ll.\",\"breadcrumb\":{\"@id\":\"https:\/\/www.skargaarden.com\/sv\/product\/asker-sofa-mid-section-small\/#breadcrumb\"},\"inLanguage\":\"sv-SE\",\"potentialAction\":[{\"@type\":\"ReadAction\",\"target\":[\"https:\/\/www.skargaarden.com\/sv\/product\/asker-sofa-mid-section-small\/\"]}]},{\"@type\":\"BreadcrumbList\",\"@id\":\"https:\/\/www.skargaarden.com\/sv\/product\/asker-sofa-mid-section-small\/#breadcrumb\",\"itemListElement\":[{\"@type\":\"ListItem\",\"position\":1,\"name\":\"Home\",\"item\":\"https:\/\/www.skargaarden.com\/sv\/\"},{\"@type\":\"ListItem\",\"position\":2,\"name\":\"Produkter\",\"item\":\"https:\/\/www.skargaarden.com\/sv\/butik\/\"},{\"@type\":\"ListItem\",\"position\":3,\"name\":\"Asker soffa mittsektion liten\"}]},{\"@type\":\"WebSite\",\"@id\":\"https:\/\/www.skargaarden.com\/sv\/#website\",\"url\":\"https:\/\/www.skargaarden.com\/sv\/\",\"name\":\"SKARGAARDEN\",\"description\":\"Scandinavian Outdoor Design\",\"publisher\":{\"@id\":\"https:\/\/www.skargaarden.com\/sv\/#organization\"},\"potentialAction\":[{\"@type\":\"SearchAction\",\"target\":{\"@type\":\"EntryPoint\",\"urlTemplate\":\"https:\/\/www.skargaarden.com\/sv\/?s={search_term_string}\"},\"query-input\":\"required name=search_term_string\"}],\"inLanguage\":\"sv-SE\"},{\"@type\":\"Organization\",\"@id\":\"https:\/\/www.skargaarden.com\/sv\/#organization\",\"name\":\"SKARGAARDEN\",\"url\":\"https:\/\/www.skargaarden.com\/sv\/\",\"logo\":{\"@type\":\"ImageObject\",\"inLanguage\":\"sv-SE\",\"@id\":\"https:\/\/www.skargaarden.com\/sv\/#\/schema\/logo\/image\/\",\"url\":\"https:\/\/www.skargaarden.com\/wp-content\/uploads\/2024\/03\/skargaardenlogo-1.png\",\"contentUrl\":\"https:\/\/www.skargaarden.com\/wp-content\/uploads\/2024\/03\/skargaardenlogo-1.png\",\"width\":999,\"height\":141,\"caption\":\"SKARGAARDEN\"},\"image\":{\"@id\":\"https:\/\/www.skargaarden.com\/sv\/#\/schema\/logo\/image\/\"},\"sameAs\":[\"https:\/\/www.facebook.com\/skargaarden\",\"https:\/\/www.instagram.com\/skargaarden\/\",\"https:\/\/www.pinterest.se\/skargaarden\/\"]}]}<\/script>\n<!-- \/ Yoast SEO plugin. -->","yoast_head_json":{"title":"Asker soffa mittsektion liten - SKARGAARDEN","description":"Denna Asker Sofa Mid Section Small \u00e4r en del av en boxig soffserie. Denna Asker Sofa Mid Section Large \u00e4r en del av en boxig soffserie, f\u00f6r dig som gillar att koppla av mer \u00e4n underh\u00e5ll.","robots":{"index":"index","follow":"follow","max-snippet":"max-snippet:-1","max-image-preview":"max-image-preview:large","max-video-preview":"max-video-preview:-1"},"canonical":"https:\/\/www.skargaarden.com\/sv\/product\/asker-sofa-mid-section-small\/","og_locale":"sv_SE","og_type":"article","og_title":"Asker soffa mittsektion liten - SKARGAARDEN","og_description":"Denna Asker Sofa Mid Section Small \u00e4r en del av en boxig soffserie. Denna Asker Sofa Mid Section Large \u00e4r en del av en boxig soffserie, f\u00f6r dig som gillar att koppla av mer \u00e4n underh\u00e5ll.","og_url":"https:\/\/www.skargaarden.com\/sv\/product\/asker-sofa-mid-section-small\/","og_site_name":"SKARGAARDEN","article_publisher":"https:\/\/www.facebook.com\/skargaarden","article_modified_time":"2025-12-05T14:09:58+00:00","twitter_card":"summary_large_image","schema":{"@context":"https:\/\/schema.org","@graph":[{"@type":"WebPage","@id":"https:\/\/www.skargaarden.com\/sv\/product\/asker-sofa-mid-section-small\/","url":"https:\/\/www.skargaarden.com\/sv\/product\/asker-sofa-mid-section-small\/","name":"Asker soffa mittsektion liten - SKARGAARDEN","isPartOf":{"@id":"https:\/\/www.skargaarden.com\/sv\/#website"},"datePublished":"2022-02-21T10:43:59+00:00","dateModified":"2025-12-05T14:09:58+00:00","description":"Denna Asker Sofa Mid Section Small \u00e4r en del av en boxig soffserie. Denna Asker Sofa Mid Section Large \u00e4r en del av en boxig soffserie, f\u00f6r dig som gillar att koppla av mer \u00e4n underh\u00e5ll.","breadcrumb":{"@id":"https:\/\/www.skargaarden.com\/sv\/product\/asker-sofa-mid-section-small\/#breadcrumb"},"inLanguage":"sv-SE","potentialAction":[{"@type":"ReadAction","target":["https:\/\/www.skargaarden.com\/sv\/product\/asker-sofa-mid-section-small\/"]}]},{"@type":"BreadcrumbList","@id":"https:\/\/www.skargaarden.com\/sv\/product\/asker-sofa-mid-section-small\/#breadcrumb","itemListElement":[{"@type":"ListItem","position":1,"name":"Home","item":"https:\/\/www.skargaarden.com\/sv\/"},{"@type":"ListItem","position":2,"name":"Produkter","item":"https:\/\/www.skargaarden.com\/sv\/butik\/"},{"@type":"ListItem","position":3,"name":"Asker soffa mittsektion liten"}]},{"@type":"WebSite","@id":"https:\/\/www.skargaarden.com\/sv\/#website","url":"https:\/\/www.skargaarden.com\/sv\/","name":"SKARGAARDEN","description":"Scandinavian Outdoor Design","publisher":{"@id":"https:\/\/www.skargaarden.com\/sv\/#organization"},"potentialAction":[{"@type":"SearchAction","target":{"@type":"EntryPoint","urlTemplate":"https:\/\/www.skargaarden.com\/sv\/?s={search_term_string}"},"query-input":"required name=search_term_string"}],"inLanguage":"sv-SE"},{"@type":"Organization","@id":"https:\/\/www.skargaarden.com\/sv\/#organization","name":"SKARGAARDEN","url":"https:\/\/www.skargaarden.com\/sv\/","logo":{"@type":"ImageObject","inLanguage":"sv-SE","@id":"https:\/\/www.skargaarden.com\/sv\/#\/schema\/logo\/image\/","url":"https:\/\/www.skargaarden.com\/wp-content\/uploads\/2024\/03\/skargaardenlogo-1.png","contentUrl":"https:\/\/www.skargaarden.com\/wp-content\/uploads\/2024\/03\/skargaardenlogo-1.png","width":999,"height":141,"caption":"SKARGAARDEN"},"image":{"@id":"https:\/\/www.skargaarden.com\/sv\/#\/schema\/logo\/image\/"},"sameAs":["https:\/\/www.facebook.com\/skargaarden","https:\/\/www.instagram.com\/skargaarden\/","https:\/\/www.pinterest.se\/skargaarden\/"]}]}},"_links":{"self":[{"href":"https:\/\/www.skargaarden.com\/sv\/wp-json\/wp\/v2\/product\/15531"}],"collection":[{"href":"https:\/\/www.skargaarden.com\/sv\/wp-json\/wp\/v2\/product"}],"about":[{"href":"https:\/\/www.skargaarden.com\/sv\/wp-json\/wp\/v2\/types\/product"}],"wp:attachment":[{"href":"https:\/\/www.skargaarden.com\/sv\/wp-json\/wp\/v2\/media?parent=15531"}],"wp:term":[{"taxonomy":"product_cat","embeddable":true,"href":"https:\/\/www.skargaarden.com\/sv\/wp-json\/wp\/v2\/product_cat?post=15531"},{"taxonomy":"product_tag","embeddable":true,"href":"https:\/\/www.skargaarden.com\/sv\/wp-json\/wp\/v2\/product_tag?post=15531"}],"curies":[{"name":"wp","href":"https:\/\/api.w.org\/{rel}","templated":true}]}}