{"id":15482,"date":"2020-11-23T16:37:38","date_gmt":"2020-11-23T15:37:38","guid":{"rendered":"https:\/\/www.skargaarden.com\/products\/uncategorized\/salto-loungebord-litet\/"},"modified":"2025-11-03T10:23:00","modified_gmt":"2025-11-03T09:23:00","slug":"salto-lounge-table-small","status":"publish","type":"product","link":"https:\/\/www.skargaarden.com\/sv\/product\/salto-lounge-table-small\/","title":{"rendered":"Salt\u00f6 Loungebord Litet"},"content":{"rendered":"<p>Salt\u00f6 loungebord \u00e4r tillverkat av pulverlackerad aluminium. Med brickbordsfunktionalitet. Size small.<\/p>\n","protected":false},"excerpt":{"rendered":"<p>Salt\u00f6 loungebord \u00e4r tillverkat av pulverlackerad aluminium. Med brickbordsfunktionalitet. Size small.<\/p>\n","protected":false},"featured_media":13216,"template":"","meta":{"_acf_changed":false},"product_cat":[124],"product_tag":[],"acf":[],"yoast_head":"<!-- This site is optimized with the Yoast SEO plugin v22.2 - https:\/\/yoast.com\/wordpress\/plugins\/seo\/ -->\n<title>Salt\u00f6 Loungebord Litet - SKARGAARDEN<\/title>\n<meta name=\"description\" content=\"Salt\u00f6 loungebord \u00e4r tillverkat av pulverlackerad aluminium. Med brickbordsfunktionalitet. Size small.\" \/>\n<meta name=\"robots\" content=\"index, follow, max-snippet:-1, max-image-preview:large, max-video-preview:-1\" \/>\n<link rel=\"canonical\" href=\"https:\/\/www.skargaarden.com\/sv\/product\/salto-lounge-table-small\/\" \/>\n<meta property=\"og:locale\" content=\"sv_SE\" \/>\n<meta property=\"og:type\" content=\"article\" \/>\n<meta property=\"og:title\" content=\"Salt\u00f6 Loungebord Litet - SKARGAARDEN\" \/>\n<meta property=\"og:description\" content=\"Salt\u00f6 loungebord \u00e4r tillverkat av pulverlackerad aluminium. Med brickbordsfunktionalitet. Size small.\" \/>\n<meta property=\"og:url\" content=\"https:\/\/www.skargaarden.com\/sv\/product\/salto-lounge-table-small\/\" \/>\n<meta property=\"og:site_name\" content=\"SKARGAARDEN\" \/>\n<meta property=\"article:publisher\" content=\"https:\/\/www.facebook.com\/skargaarden\" \/>\n<meta property=\"article:modified_time\" content=\"2025-11-03T09:23:00+00:00\" \/>\n<meta property=\"og:image\" content=\"https:\/\/www.skargaarden.com\/wp-content\/uploads\/2020\/11\/Salto\u0308_Lunge_table_S_1-kopiera.jpg\" \/>\n\t<meta property=\"og:image:width\" content=\"480\" \/>\n\t<meta property=\"og:image:height\" content=\"327\" \/>\n\t<meta property=\"og:image:type\" content=\"image\/jpeg\" \/>\n<meta name=\"twitter:card\" content=\"summary_large_image\" \/>\n<script type=\"application\/ld+json\" class=\"yoast-schema-graph\">{\"@context\":\"https:\/\/schema.org\",\"@graph\":[{\"@type\":\"WebPage\",\"@id\":\"https:\/\/www.skargaarden.com\/sv\/product\/salto-lounge-table-small\/\",\"url\":\"https:\/\/www.skargaarden.com\/sv\/product\/salto-lounge-table-small\/\",\"name\":\"Salt\u00f6 Loungebord Litet - SKARGAARDEN\",\"isPartOf\":{\"@id\":\"https:\/\/www.skargaarden.com\/sv\/#website\"},\"primaryImageOfPage\":{\"@id\":\"https:\/\/www.skargaarden.com\/sv\/product\/salto-lounge-table-small\/#primaryimage\"},\"image\":{\"@id\":\"https:\/\/www.skargaarden.com\/sv\/product\/salto-lounge-table-small\/#primaryimage\"},\"thumbnailUrl\":\"https:\/\/www.skargaarden.com\/wp-content\/uploads\/2020\/11\/Salto\u0308_Lunge_table_S_1-kopiera.jpg\",\"datePublished\":\"2020-11-23T15:37:38+00:00\",\"dateModified\":\"2025-11-03T09:23:00+00:00\",\"description\":\"Salt\u00f6 loungebord \u00e4r tillverkat av pulverlackerad aluminium. Med brickbordsfunktionalitet. Size small.\",\"breadcrumb\":{\"@id\":\"https:\/\/www.skargaarden.com\/sv\/product\/salto-lounge-table-small\/#breadcrumb\"},\"inLanguage\":\"sv-SE\",\"potentialAction\":[{\"@type\":\"ReadAction\",\"target\":[\"https:\/\/www.skargaarden.com\/sv\/product\/salto-lounge-table-small\/\"]}]},{\"@type\":\"ImageObject\",\"inLanguage\":\"sv-SE\",\"@id\":\"https:\/\/www.skargaarden.com\/sv\/product\/salto-lounge-table-small\/#primaryimage\",\"url\":\"https:\/\/www.skargaarden.com\/wp-content\/uploads\/2020\/11\/Salto\u0308_Lunge_table_S_1-kopiera.jpg\",\"contentUrl\":\"https:\/\/www.skargaarden.com\/wp-content\/uploads\/2020\/11\/Salto\u0308_Lunge_table_S_1-kopiera.jpg\",\"width\":480,\"height\":327},{\"@type\":\"BreadcrumbList\",\"@id\":\"https:\/\/www.skargaarden.com\/sv\/product\/salto-lounge-table-small\/#breadcrumb\",\"itemListElement\":[{\"@type\":\"ListItem\",\"position\":1,\"name\":\"Home\",\"item\":\"https:\/\/www.skargaarden.com\/sv\/\"},{\"@type\":\"ListItem\",\"position\":2,\"name\":\"Produkter\",\"item\":\"https:\/\/www.skargaarden.com\/sv\/butik\/\"},{\"@type\":\"ListItem\",\"position\":3,\"name\":\"Salt\u00f6 Loungebord Litet\"}]},{\"@type\":\"WebSite\",\"@id\":\"https:\/\/www.skargaarden.com\/sv\/#website\",\"url\":\"https:\/\/www.skargaarden.com\/sv\/\",\"name\":\"SKARGAARDEN\",\"description\":\"Scandinavian Outdoor Design\",\"publisher\":{\"@id\":\"https:\/\/www.skargaarden.com\/sv\/#organization\"},\"potentialAction\":[{\"@type\":\"SearchAction\",\"target\":{\"@type\":\"EntryPoint\",\"urlTemplate\":\"https:\/\/www.skargaarden.com\/sv\/?s={search_term_string}\"},\"query-input\":\"required name=search_term_string\"}],\"inLanguage\":\"sv-SE\"},{\"@type\":\"Organization\",\"@id\":\"https:\/\/www.skargaarden.com\/sv\/#organization\",\"name\":\"SKARGAARDEN\",\"url\":\"https:\/\/www.skargaarden.com\/sv\/\",\"logo\":{\"@type\":\"ImageObject\",\"inLanguage\":\"sv-SE\",\"@id\":\"https:\/\/www.skargaarden.com\/sv\/#\/schema\/logo\/image\/\",\"url\":\"https:\/\/www.skargaarden.com\/wp-content\/uploads\/2024\/03\/skargaardenlogo-1.png\",\"contentUrl\":\"https:\/\/www.skargaarden.com\/wp-content\/uploads\/2024\/03\/skargaardenlogo-1.png\",\"width\":999,\"height\":141,\"caption\":\"SKARGAARDEN\"},\"image\":{\"@id\":\"https:\/\/www.skargaarden.com\/sv\/#\/schema\/logo\/image\/\"},\"sameAs\":[\"https:\/\/www.facebook.com\/skargaarden\",\"https:\/\/www.instagram.com\/skargaarden\/\",\"https:\/\/www.pinterest.se\/skargaarden\/\"]}]}<\/script>\n<!-- \/ Yoast SEO plugin. -->","yoast_head_json":{"title":"Salt\u00f6 Loungebord Litet - SKARGAARDEN","description":"Salt\u00f6 loungebord \u00e4r tillverkat av pulverlackerad aluminium. Med brickbordsfunktionalitet. Size small.","robots":{"index":"index","follow":"follow","max-snippet":"max-snippet:-1","max-image-preview":"max-image-preview:large","max-video-preview":"max-video-preview:-1"},"canonical":"https:\/\/www.skargaarden.com\/sv\/product\/salto-lounge-table-small\/","og_locale":"sv_SE","og_type":"article","og_title":"Salt\u00f6 Loungebord Litet - SKARGAARDEN","og_description":"Salt\u00f6 loungebord \u00e4r tillverkat av pulverlackerad aluminium. Med brickbordsfunktionalitet. Size small.","og_url":"https:\/\/www.skargaarden.com\/sv\/product\/salto-lounge-table-small\/","og_site_name":"SKARGAARDEN","article_publisher":"https:\/\/www.facebook.com\/skargaarden","article_modified_time":"2025-11-03T09:23:00+00:00","og_image":[{"width":480,"height":327,"url":"https:\/\/www.skargaarden.com\/wp-content\/uploads\/2020\/11\/Salto\u0308_Lunge_table_S_1-kopiera.jpg","type":"image\/jpeg"}],"twitter_card":"summary_large_image","schema":{"@context":"https:\/\/schema.org","@graph":[{"@type":"WebPage","@id":"https:\/\/www.skargaarden.com\/sv\/product\/salto-lounge-table-small\/","url":"https:\/\/www.skargaarden.com\/sv\/product\/salto-lounge-table-small\/","name":"Salt\u00f6 Loungebord Litet - SKARGAARDEN","isPartOf":{"@id":"https:\/\/www.skargaarden.com\/sv\/#website"},"primaryImageOfPage":{"@id":"https:\/\/www.skargaarden.com\/sv\/product\/salto-lounge-table-small\/#primaryimage"},"image":{"@id":"https:\/\/www.skargaarden.com\/sv\/product\/salto-lounge-table-small\/#primaryimage"},"thumbnailUrl":"https:\/\/www.skargaarden.com\/wp-content\/uploads\/2020\/11\/Salto\u0308_Lunge_table_S_1-kopiera.jpg","datePublished":"2020-11-23T15:37:38+00:00","dateModified":"2025-11-03T09:23:00+00:00","description":"Salt\u00f6 loungebord \u00e4r tillverkat av pulverlackerad aluminium. Med brickbordsfunktionalitet. Size small.","breadcrumb":{"@id":"https:\/\/www.skargaarden.com\/sv\/product\/salto-lounge-table-small\/#breadcrumb"},"inLanguage":"sv-SE","potentialAction":[{"@type":"ReadAction","target":["https:\/\/www.skargaarden.com\/sv\/product\/salto-lounge-table-small\/"]}]},{"@type":"ImageObject","inLanguage":"sv-SE","@id":"https:\/\/www.skargaarden.com\/sv\/product\/salto-lounge-table-small\/#primaryimage","url":"https:\/\/www.skargaarden.com\/wp-content\/uploads\/2020\/11\/Salto\u0308_Lunge_table_S_1-kopiera.jpg","contentUrl":"https:\/\/www.skargaarden.com\/wp-content\/uploads\/2020\/11\/Salto\u0308_Lunge_table_S_1-kopiera.jpg","width":480,"height":327},{"@type":"BreadcrumbList","@id":"https:\/\/www.skargaarden.com\/sv\/product\/salto-lounge-table-small\/#breadcrumb","itemListElement":[{"@type":"ListItem","position":1,"name":"Home","item":"https:\/\/www.skargaarden.com\/sv\/"},{"@type":"ListItem","position":2,"name":"Produkter","item":"https:\/\/www.skargaarden.com\/sv\/butik\/"},{"@type":"ListItem","position":3,"name":"Salt\u00f6 Loungebord Litet"}]},{"@type":"WebSite","@id":"https:\/\/www.skargaarden.com\/sv\/#website","url":"https:\/\/www.skargaarden.com\/sv\/","name":"SKARGAARDEN","description":"Scandinavian Outdoor Design","publisher":{"@id":"https:\/\/www.skargaarden.com\/sv\/#organization"},"potentialAction":[{"@type":"SearchAction","target":{"@type":"EntryPoint","urlTemplate":"https:\/\/www.skargaarden.com\/sv\/?s={search_term_string}"},"query-input":"required name=search_term_string"}],"inLanguage":"sv-SE"},{"@type":"Organization","@id":"https:\/\/www.skargaarden.com\/sv\/#organization","name":"SKARGAARDEN","url":"https:\/\/www.skargaarden.com\/sv\/","logo":{"@type":"ImageObject","inLanguage":"sv-SE","@id":"https:\/\/www.skargaarden.com\/sv\/#\/schema\/logo\/image\/","url":"https:\/\/www.skargaarden.com\/wp-content\/uploads\/2024\/03\/skargaardenlogo-1.png","contentUrl":"https:\/\/www.skargaarden.com\/wp-content\/uploads\/2024\/03\/skargaardenlogo-1.png","width":999,"height":141,"caption":"SKARGAARDEN"},"image":{"@id":"https:\/\/www.skargaarden.com\/sv\/#\/schema\/logo\/image\/"},"sameAs":["https:\/\/www.facebook.com\/skargaarden","https:\/\/www.instagram.com\/skargaarden\/","https:\/\/www.pinterest.se\/skargaarden\/"]}]}},"_links":{"self":[{"href":"https:\/\/www.skargaarden.com\/sv\/wp-json\/wp\/v2\/product\/15482"}],"collection":[{"href":"https:\/\/www.skargaarden.com\/sv\/wp-json\/wp\/v2\/product"}],"about":[{"href":"https:\/\/www.skargaarden.com\/sv\/wp-json\/wp\/v2\/types\/product"}],"wp:featuredmedia":[{"embeddable":true,"href":"https:\/\/www.skargaarden.com\/sv\/wp-json\/wp\/v2\/media\/13216"}],"wp:attachment":[{"href":"https:\/\/www.skargaarden.com\/sv\/wp-json\/wp\/v2\/media?parent=15482"}],"wp:term":[{"taxonomy":"product_cat","embeddable":true,"href":"https:\/\/www.skargaarden.com\/sv\/wp-json\/wp\/v2\/product_cat?post=15482"},{"taxonomy":"product_tag","embeddable":true,"href":"https:\/\/www.skargaarden.com\/sv\/wp-json\/wp\/v2\/product_tag?post=15482"}],"curies":[{"name":"wp","href":"https:\/\/api.w.org\/{rel}","templated":true}]}}