{"id":15425,"date":"2021-02-10T12:01:02","date_gmt":"2022-02-17T07:48:37","guid":{"rendered":"https:\/\/www.skargaarden.com\/products\/okategoriserad\/h55-lounge-stol\/"},"modified":"2022-06-02T09:33:37","modified_gmt":"2022-06-02T07:33:37","slug":"h55-lounge-chair","status":"publish","type":"product","link":"https:\/\/www.skargaarden.com\/sv\/product\/h55-lounge-chair\/","title":{"rendered":"H55 Loungestol"},"content":{"rendered":"<p>H55, \u00e4r en vilstol i teak, tyg och rostfritt st\u00e5l. Den designades 1955, \u00e4r otroligt bekv\u00e4m och har m\u00e5nga olika lutningsinst\u00e4llningar. Den finns i 8 olika f\u00e4rger och tyger, fr\u00e5n Sunbrella och Agora. Canvastygsutg\u00e5van \u00e4r endast f\u00f6r inomhusbruk.<\/p>\n<p><i>50% recycled fibre: Sunbrella <\/i><i>Heritage <\/i><i>Papyrus, <\/i><i>Light Grey <\/i><i>Sunbrella <\/i><i>Heritage Ashe, <\/i><i>Dark Grey <\/i><i>Sunbrella <\/i><i>Heritage Slate, <\/i><i>Green <\/i><i>Sunbrella <\/i><i>Heritage Leaf.<\/i><\/p>\n","protected":false},"excerpt":{"rendered":"<p>H55, \u00e4r en vilstol i teak, tyg och rostfritt st\u00e5l. Den designades 1955, \u00e4r otroligt bekv\u00e4m och har m\u00e5nga olika lutningsinst\u00e4llningar. Den finns i 8 olika f\u00e4rger och tyger, fr\u00e5n Sunbrella och Agora. Canvastygsutg\u00e5van \u00e4r endast f\u00f6r inomhusbruk. 50% recycled fibre: Sunbrella Heritage Papyrus, Light Grey Sunbrella Heritage Ashe, Dark Grey Sunbrella Heritage Slate, Green [&hellip;]<\/p>\n","protected":false},"featured_media":13108,"template":"","meta":{"_acf_changed":false},"product_cat":[121],"product_tag":[],"acf":[],"yoast_head":"<!-- This site is optimized with the Yoast SEO plugin v22.2 - https:\/\/yoast.com\/wordpress\/plugins\/seo\/ -->\n<title>H55 Loungestol - SKARGAARDEN<\/title>\n<meta name=\"description\" content=\"H55, \u00e4r en vilstol i teak, tyg och rostfritt st\u00e5l. Den finns i 8 olika f\u00e4rger och tyger, fr\u00e5n Sunbrella och Agora.\" \/>\n<meta name=\"robots\" content=\"index, follow, max-snippet:-1, max-image-preview:large, max-video-preview:-1\" \/>\n<link rel=\"canonical\" href=\"https:\/\/www.skargaarden.com\/sv\/product\/h55-lounge-chair\/\" \/>\n<meta property=\"og:locale\" content=\"sv_SE\" \/>\n<meta property=\"og:type\" content=\"article\" \/>\n<meta property=\"og:title\" content=\"H55 Loungestol - SKARGAARDEN\" \/>\n<meta property=\"og:description\" content=\"H55, \u00e4r en vilstol i teak, tyg och rostfritt st\u00e5l. Den finns i 8 olika f\u00e4rger och tyger, fr\u00e5n Sunbrella och Agora.\" \/>\n<meta property=\"og:url\" content=\"https:\/\/www.skargaarden.com\/sv\/product\/h55-lounge-chair\/\" \/>\n<meta property=\"og:site_name\" content=\"SKARGAARDEN\" \/>\n<meta property=\"article:publisher\" content=\"https:\/\/www.facebook.com\/skargaarden\" \/>\n<meta property=\"article:modified_time\" content=\"2022-06-02T07:33:37+00:00\" \/>\n<meta property=\"og:image\" content=\"https:\/\/www.skargaarden.com\/wp-content\/uploads\/2021\/02\/H55_teak_black_studioCA_2-scaled.jpg\" \/>\n\t<meta property=\"og:image:width\" content=\"1915\" \/>\n\t<meta property=\"og:image:height\" content=\"2560\" \/>\n\t<meta property=\"og:image:type\" content=\"image\/jpeg\" \/>\n<meta name=\"twitter:card\" content=\"summary_large_image\" \/>\n<script type=\"application\/ld+json\" class=\"yoast-schema-graph\">{\"@context\":\"https:\/\/schema.org\",\"@graph\":[{\"@type\":\"WebPage\",\"@id\":\"https:\/\/www.skargaarden.com\/sv\/product\/h55-lounge-chair\/\",\"url\":\"https:\/\/www.skargaarden.com\/sv\/product\/h55-lounge-chair\/\",\"name\":\"H55 Loungestol - SKARGAARDEN\",\"isPartOf\":{\"@id\":\"https:\/\/www.skargaarden.com\/sv\/#website\"},\"primaryImageOfPage\":{\"@id\":\"https:\/\/www.skargaarden.com\/sv\/product\/h55-lounge-chair\/#primaryimage\"},\"image\":{\"@id\":\"https:\/\/www.skargaarden.com\/sv\/product\/h55-lounge-chair\/#primaryimage\"},\"thumbnailUrl\":\"https:\/\/www.skargaarden.com\/wp-content\/uploads\/2021\/02\/H55_teak_black_studioCA_2-scaled.jpg\",\"datePublished\":\"2022-02-17T07:48:37+00:00\",\"dateModified\":\"2022-06-02T07:33:37+00:00\",\"description\":\"H55, \u00e4r en vilstol i teak, tyg och rostfritt st\u00e5l. Den finns i 8 olika f\u00e4rger och tyger, fr\u00e5n Sunbrella och Agora.\",\"breadcrumb\":{\"@id\":\"https:\/\/www.skargaarden.com\/sv\/product\/h55-lounge-chair\/#breadcrumb\"},\"inLanguage\":\"sv-SE\",\"potentialAction\":[{\"@type\":\"ReadAction\",\"target\":[\"https:\/\/www.skargaarden.com\/sv\/product\/h55-lounge-chair\/\"]}]},{\"@type\":\"ImageObject\",\"inLanguage\":\"sv-SE\",\"@id\":\"https:\/\/www.skargaarden.com\/sv\/product\/h55-lounge-chair\/#primaryimage\",\"url\":\"https:\/\/www.skargaarden.com\/wp-content\/uploads\/2021\/02\/H55_teak_black_studioCA_2-scaled.jpg\",\"contentUrl\":\"https:\/\/www.skargaarden.com\/wp-content\/uploads\/2021\/02\/H55_teak_black_studioCA_2-scaled.jpg\",\"width\":1915,\"height\":2560},{\"@type\":\"BreadcrumbList\",\"@id\":\"https:\/\/www.skargaarden.com\/sv\/product\/h55-lounge-chair\/#breadcrumb\",\"itemListElement\":[{\"@type\":\"ListItem\",\"position\":1,\"name\":\"Home\",\"item\":\"https:\/\/www.skargaarden.com\/sv\/\"},{\"@type\":\"ListItem\",\"position\":2,\"name\":\"Produkter\",\"item\":\"https:\/\/www.skargaarden.com\/sv\/butik\/\"},{\"@type\":\"ListItem\",\"position\":3,\"name\":\"H55 Loungestol\"}]},{\"@type\":\"WebSite\",\"@id\":\"https:\/\/www.skargaarden.com\/sv\/#website\",\"url\":\"https:\/\/www.skargaarden.com\/sv\/\",\"name\":\"SKARGAARDEN\",\"description\":\"Scandinavian Outdoor Design\",\"publisher\":{\"@id\":\"https:\/\/www.skargaarden.com\/sv\/#organization\"},\"potentialAction\":[{\"@type\":\"SearchAction\",\"target\":{\"@type\":\"EntryPoint\",\"urlTemplate\":\"https:\/\/www.skargaarden.com\/sv\/?s={search_term_string}\"},\"query-input\":\"required name=search_term_string\"}],\"inLanguage\":\"sv-SE\"},{\"@type\":\"Organization\",\"@id\":\"https:\/\/www.skargaarden.com\/sv\/#organization\",\"name\":\"SKARGAARDEN\",\"url\":\"https:\/\/www.skargaarden.com\/sv\/\",\"logo\":{\"@type\":\"ImageObject\",\"inLanguage\":\"sv-SE\",\"@id\":\"https:\/\/www.skargaarden.com\/sv\/#\/schema\/logo\/image\/\",\"url\":\"https:\/\/www.skargaarden.com\/wp-content\/uploads\/2024\/03\/skargaardenlogo-1.png\",\"contentUrl\":\"https:\/\/www.skargaarden.com\/wp-content\/uploads\/2024\/03\/skargaardenlogo-1.png\",\"width\":999,\"height\":141,\"caption\":\"SKARGAARDEN\"},\"image\":{\"@id\":\"https:\/\/www.skargaarden.com\/sv\/#\/schema\/logo\/image\/\"},\"sameAs\":[\"https:\/\/www.facebook.com\/skargaarden\",\"https:\/\/www.instagram.com\/skargaarden\/\",\"https:\/\/www.pinterest.se\/skargaarden\/\"]}]}<\/script>\n<!-- \/ Yoast SEO plugin. -->","yoast_head_json":{"title":"H55 Loungestol - SKARGAARDEN","description":"H55, \u00e4r en vilstol i teak, tyg och rostfritt st\u00e5l. Den finns i 8 olika f\u00e4rger och tyger, fr\u00e5n Sunbrella och Agora.","robots":{"index":"index","follow":"follow","max-snippet":"max-snippet:-1","max-image-preview":"max-image-preview:large","max-video-preview":"max-video-preview:-1"},"canonical":"https:\/\/www.skargaarden.com\/sv\/product\/h55-lounge-chair\/","og_locale":"sv_SE","og_type":"article","og_title":"H55 Loungestol - SKARGAARDEN","og_description":"H55, \u00e4r en vilstol i teak, tyg och rostfritt st\u00e5l. Den finns i 8 olika f\u00e4rger och tyger, fr\u00e5n Sunbrella och Agora.","og_url":"https:\/\/www.skargaarden.com\/sv\/product\/h55-lounge-chair\/","og_site_name":"SKARGAARDEN","article_publisher":"https:\/\/www.facebook.com\/skargaarden","article_modified_time":"2022-06-02T07:33:37+00:00","og_image":[{"width":1915,"height":2560,"url":"https:\/\/www.skargaarden.com\/wp-content\/uploads\/2021\/02\/H55_teak_black_studioCA_2-scaled.jpg","type":"image\/jpeg"}],"twitter_card":"summary_large_image","schema":{"@context":"https:\/\/schema.org","@graph":[{"@type":"WebPage","@id":"https:\/\/www.skargaarden.com\/sv\/product\/h55-lounge-chair\/","url":"https:\/\/www.skargaarden.com\/sv\/product\/h55-lounge-chair\/","name":"H55 Loungestol - SKARGAARDEN","isPartOf":{"@id":"https:\/\/www.skargaarden.com\/sv\/#website"},"primaryImageOfPage":{"@id":"https:\/\/www.skargaarden.com\/sv\/product\/h55-lounge-chair\/#primaryimage"},"image":{"@id":"https:\/\/www.skargaarden.com\/sv\/product\/h55-lounge-chair\/#primaryimage"},"thumbnailUrl":"https:\/\/www.skargaarden.com\/wp-content\/uploads\/2021\/02\/H55_teak_black_studioCA_2-scaled.jpg","datePublished":"2022-02-17T07:48:37+00:00","dateModified":"2022-06-02T07:33:37+00:00","description":"H55, \u00e4r en vilstol i teak, tyg och rostfritt st\u00e5l. Den finns i 8 olika f\u00e4rger och tyger, fr\u00e5n Sunbrella och Agora.","breadcrumb":{"@id":"https:\/\/www.skargaarden.com\/sv\/product\/h55-lounge-chair\/#breadcrumb"},"inLanguage":"sv-SE","potentialAction":[{"@type":"ReadAction","target":["https:\/\/www.skargaarden.com\/sv\/product\/h55-lounge-chair\/"]}]},{"@type":"ImageObject","inLanguage":"sv-SE","@id":"https:\/\/www.skargaarden.com\/sv\/product\/h55-lounge-chair\/#primaryimage","url":"https:\/\/www.skargaarden.com\/wp-content\/uploads\/2021\/02\/H55_teak_black_studioCA_2-scaled.jpg","contentUrl":"https:\/\/www.skargaarden.com\/wp-content\/uploads\/2021\/02\/H55_teak_black_studioCA_2-scaled.jpg","width":1915,"height":2560},{"@type":"BreadcrumbList","@id":"https:\/\/www.skargaarden.com\/sv\/product\/h55-lounge-chair\/#breadcrumb","itemListElement":[{"@type":"ListItem","position":1,"name":"Home","item":"https:\/\/www.skargaarden.com\/sv\/"},{"@type":"ListItem","position":2,"name":"Produkter","item":"https:\/\/www.skargaarden.com\/sv\/butik\/"},{"@type":"ListItem","position":3,"name":"H55 Loungestol"}]},{"@type":"WebSite","@id":"https:\/\/www.skargaarden.com\/sv\/#website","url":"https:\/\/www.skargaarden.com\/sv\/","name":"SKARGAARDEN","description":"Scandinavian Outdoor Design","publisher":{"@id":"https:\/\/www.skargaarden.com\/sv\/#organization"},"potentialAction":[{"@type":"SearchAction","target":{"@type":"EntryPoint","urlTemplate":"https:\/\/www.skargaarden.com\/sv\/?s={search_term_string}"},"query-input":"required name=search_term_string"}],"inLanguage":"sv-SE"},{"@type":"Organization","@id":"https:\/\/www.skargaarden.com\/sv\/#organization","name":"SKARGAARDEN","url":"https:\/\/www.skargaarden.com\/sv\/","logo":{"@type":"ImageObject","inLanguage":"sv-SE","@id":"https:\/\/www.skargaarden.com\/sv\/#\/schema\/logo\/image\/","url":"https:\/\/www.skargaarden.com\/wp-content\/uploads\/2024\/03\/skargaardenlogo-1.png","contentUrl":"https:\/\/www.skargaarden.com\/wp-content\/uploads\/2024\/03\/skargaardenlogo-1.png","width":999,"height":141,"caption":"SKARGAARDEN"},"image":{"@id":"https:\/\/www.skargaarden.com\/sv\/#\/schema\/logo\/image\/"},"sameAs":["https:\/\/www.facebook.com\/skargaarden","https:\/\/www.instagram.com\/skargaarden\/","https:\/\/www.pinterest.se\/skargaarden\/"]}]}},"_links":{"self":[{"href":"https:\/\/www.skargaarden.com\/sv\/wp-json\/wp\/v2\/product\/15425"}],"collection":[{"href":"https:\/\/www.skargaarden.com\/sv\/wp-json\/wp\/v2\/product"}],"about":[{"href":"https:\/\/www.skargaarden.com\/sv\/wp-json\/wp\/v2\/types\/product"}],"wp:featuredmedia":[{"embeddable":true,"href":"https:\/\/www.skargaarden.com\/sv\/wp-json\/wp\/v2\/media\/13108"}],"wp:attachment":[{"href":"https:\/\/www.skargaarden.com\/sv\/wp-json\/wp\/v2\/media?parent=15425"}],"wp:term":[{"taxonomy":"product_cat","embeddable":true,"href":"https:\/\/www.skargaarden.com\/sv\/wp-json\/wp\/v2\/product_cat?post=15425"},{"taxonomy":"product_tag","embeddable":true,"href":"https:\/\/www.skargaarden.com\/sv\/wp-json\/wp\/v2\/product_tag?post=15425"}],"curies":[{"name":"wp","href":"https:\/\/api.w.org\/{rel}","templated":true}]}}