{"id":15409,"date":"2020-11-23T15:51:30","date_gmt":"2022-02-16T14:45:07","guid":{"rendered":"https:\/\/www.skargaarden.com\/products\/okategoriserad\/anholt-loungestol\/"},"modified":"2022-06-02T08:58:11","modified_gmt":"2022-06-02T06:58:11","slug":"anholt-lounge-chair","status":"publish","type":"product","link":"https:\/\/www.skargaarden.com\/sv\/product\/anholt-lounge-chair\/","title":{"rendered":"Anholt loungestol"},"content":{"rendered":"<p>Anholt-loungestolen \u00e4r gjord av pulverlackerad aluminiumstomme, med dynor i Sunbrella-tyg i f\u00e4rgen Graumel Chalk. Den ser bra ut och \u00e4r n\u00e4stan underh\u00e5llsfri. Armst\u00f6det \u00e4r avtagbart. Dynorna finns i f\u00e4rgen Graumel chalk.<\/p>\n","protected":false},"excerpt":{"rendered":"<p>Anholt-loungestolen \u00e4r gjord av pulverlackerad aluminiumstomme, med dynor i Sunbrella-tyg i f\u00e4rgen Graumel Chalk. Den ser bra ut och \u00e4r n\u00e4stan underh\u00e5llsfri. Armst\u00f6det \u00e4r avtagbart. Dynorna finns i f\u00e4rgen Graumel chalk.<\/p>\n","protected":false},"featured_media":0,"template":"","meta":{"_acf_changed":false},"product_cat":[121],"product_tag":[],"acf":[],"yoast_head":"<!-- This site is optimized with the Yoast SEO plugin v22.2 - https:\/\/yoast.com\/wordpress\/plugins\/seo\/ -->\n<title>Anholt loungestol - SKARGAARDEN<\/title>\n<meta name=\"description\" content=\"Anholt-loungestolen \u00e4r gjord av pulverlackerad aluminiumstomme, med dynor i Sunbrella-tyg i f\u00e4rgen Graumel Chalk.\" \/>\n<meta name=\"robots\" content=\"index, follow, max-snippet:-1, max-image-preview:large, max-video-preview:-1\" \/>\n<link rel=\"canonical\" href=\"https:\/\/www.skargaarden.com\/sv\/product\/anholt-lounge-chair\/\" \/>\n<meta property=\"og:locale\" content=\"sv_SE\" \/>\n<meta property=\"og:type\" content=\"article\" \/>\n<meta property=\"og:title\" content=\"Anholt loungestol - SKARGAARDEN\" \/>\n<meta property=\"og:description\" content=\"Anholt-loungestolen \u00e4r gjord av pulverlackerad aluminiumstomme, med dynor i Sunbrella-tyg i f\u00e4rgen Graumel Chalk.\" \/>\n<meta property=\"og:url\" content=\"https:\/\/www.skargaarden.com\/sv\/product\/anholt-lounge-chair\/\" \/>\n<meta property=\"og:site_name\" content=\"SKARGAARDEN\" \/>\n<meta property=\"article:publisher\" content=\"https:\/\/www.facebook.com\/skargaarden\" \/>\n<meta property=\"article:modified_time\" content=\"2022-06-02T06:58:11+00:00\" \/>\n<meta name=\"twitter:card\" content=\"summary_large_image\" \/>\n<script type=\"application\/ld+json\" class=\"yoast-schema-graph\">{\"@context\":\"https:\/\/schema.org\",\"@graph\":[{\"@type\":\"WebPage\",\"@id\":\"https:\/\/www.skargaarden.com\/sv\/product\/anholt-lounge-chair\/\",\"url\":\"https:\/\/www.skargaarden.com\/sv\/product\/anholt-lounge-chair\/\",\"name\":\"Anholt loungestol - SKARGAARDEN\",\"isPartOf\":{\"@id\":\"https:\/\/www.skargaarden.com\/sv\/#website\"},\"datePublished\":\"2022-02-16T14:45:07+00:00\",\"dateModified\":\"2022-06-02T06:58:11+00:00\",\"description\":\"Anholt-loungestolen \u00e4r gjord av pulverlackerad aluminiumstomme, med dynor i Sunbrella-tyg i f\u00e4rgen Graumel Chalk.\",\"breadcrumb\":{\"@id\":\"https:\/\/www.skargaarden.com\/sv\/product\/anholt-lounge-chair\/#breadcrumb\"},\"inLanguage\":\"sv-SE\",\"potentialAction\":[{\"@type\":\"ReadAction\",\"target\":[\"https:\/\/www.skargaarden.com\/sv\/product\/anholt-lounge-chair\/\"]}]},{\"@type\":\"BreadcrumbList\",\"@id\":\"https:\/\/www.skargaarden.com\/sv\/product\/anholt-lounge-chair\/#breadcrumb\",\"itemListElement\":[{\"@type\":\"ListItem\",\"position\":1,\"name\":\"Home\",\"item\":\"https:\/\/www.skargaarden.com\/sv\/\"},{\"@type\":\"ListItem\",\"position\":2,\"name\":\"Produkter\",\"item\":\"https:\/\/www.skargaarden.com\/sv\/butik\/\"},{\"@type\":\"ListItem\",\"position\":3,\"name\":\"Anholt loungestol\"}]},{\"@type\":\"WebSite\",\"@id\":\"https:\/\/www.skargaarden.com\/sv\/#website\",\"url\":\"https:\/\/www.skargaarden.com\/sv\/\",\"name\":\"SKARGAARDEN\",\"description\":\"Scandinavian Outdoor Design\",\"publisher\":{\"@id\":\"https:\/\/www.skargaarden.com\/sv\/#organization\"},\"potentialAction\":[{\"@type\":\"SearchAction\",\"target\":{\"@type\":\"EntryPoint\",\"urlTemplate\":\"https:\/\/www.skargaarden.com\/sv\/?s={search_term_string}\"},\"query-input\":\"required name=search_term_string\"}],\"inLanguage\":\"sv-SE\"},{\"@type\":\"Organization\",\"@id\":\"https:\/\/www.skargaarden.com\/sv\/#organization\",\"name\":\"SKARGAARDEN\",\"url\":\"https:\/\/www.skargaarden.com\/sv\/\",\"logo\":{\"@type\":\"ImageObject\",\"inLanguage\":\"sv-SE\",\"@id\":\"https:\/\/www.skargaarden.com\/sv\/#\/schema\/logo\/image\/\",\"url\":\"https:\/\/www.skargaarden.com\/wp-content\/uploads\/2024\/03\/skargaardenlogo-1.png\",\"contentUrl\":\"https:\/\/www.skargaarden.com\/wp-content\/uploads\/2024\/03\/skargaardenlogo-1.png\",\"width\":999,\"height\":141,\"caption\":\"SKARGAARDEN\"},\"image\":{\"@id\":\"https:\/\/www.skargaarden.com\/sv\/#\/schema\/logo\/image\/\"},\"sameAs\":[\"https:\/\/www.facebook.com\/skargaarden\",\"https:\/\/www.instagram.com\/skargaarden\/\",\"https:\/\/www.pinterest.se\/skargaarden\/\"]}]}<\/script>\n<!-- \/ Yoast SEO plugin. -->","yoast_head_json":{"title":"Anholt loungestol - SKARGAARDEN","description":"Anholt-loungestolen \u00e4r gjord av pulverlackerad aluminiumstomme, med dynor i Sunbrella-tyg i f\u00e4rgen Graumel Chalk.","robots":{"index":"index","follow":"follow","max-snippet":"max-snippet:-1","max-image-preview":"max-image-preview:large","max-video-preview":"max-video-preview:-1"},"canonical":"https:\/\/www.skargaarden.com\/sv\/product\/anholt-lounge-chair\/","og_locale":"sv_SE","og_type":"article","og_title":"Anholt loungestol - SKARGAARDEN","og_description":"Anholt-loungestolen \u00e4r gjord av pulverlackerad aluminiumstomme, med dynor i Sunbrella-tyg i f\u00e4rgen Graumel Chalk.","og_url":"https:\/\/www.skargaarden.com\/sv\/product\/anholt-lounge-chair\/","og_site_name":"SKARGAARDEN","article_publisher":"https:\/\/www.facebook.com\/skargaarden","article_modified_time":"2022-06-02T06:58:11+00:00","twitter_card":"summary_large_image","schema":{"@context":"https:\/\/schema.org","@graph":[{"@type":"WebPage","@id":"https:\/\/www.skargaarden.com\/sv\/product\/anholt-lounge-chair\/","url":"https:\/\/www.skargaarden.com\/sv\/product\/anholt-lounge-chair\/","name":"Anholt loungestol - SKARGAARDEN","isPartOf":{"@id":"https:\/\/www.skargaarden.com\/sv\/#website"},"datePublished":"2022-02-16T14:45:07+00:00","dateModified":"2022-06-02T06:58:11+00:00","description":"Anholt-loungestolen \u00e4r gjord av pulverlackerad aluminiumstomme, med dynor i Sunbrella-tyg i f\u00e4rgen Graumel Chalk.","breadcrumb":{"@id":"https:\/\/www.skargaarden.com\/sv\/product\/anholt-lounge-chair\/#breadcrumb"},"inLanguage":"sv-SE","potentialAction":[{"@type":"ReadAction","target":["https:\/\/www.skargaarden.com\/sv\/product\/anholt-lounge-chair\/"]}]},{"@type":"BreadcrumbList","@id":"https:\/\/www.skargaarden.com\/sv\/product\/anholt-lounge-chair\/#breadcrumb","itemListElement":[{"@type":"ListItem","position":1,"name":"Home","item":"https:\/\/www.skargaarden.com\/sv\/"},{"@type":"ListItem","position":2,"name":"Produkter","item":"https:\/\/www.skargaarden.com\/sv\/butik\/"},{"@type":"ListItem","position":3,"name":"Anholt loungestol"}]},{"@type":"WebSite","@id":"https:\/\/www.skargaarden.com\/sv\/#website","url":"https:\/\/www.skargaarden.com\/sv\/","name":"SKARGAARDEN","description":"Scandinavian Outdoor Design","publisher":{"@id":"https:\/\/www.skargaarden.com\/sv\/#organization"},"potentialAction":[{"@type":"SearchAction","target":{"@type":"EntryPoint","urlTemplate":"https:\/\/www.skargaarden.com\/sv\/?s={search_term_string}"},"query-input":"required name=search_term_string"}],"inLanguage":"sv-SE"},{"@type":"Organization","@id":"https:\/\/www.skargaarden.com\/sv\/#organization","name":"SKARGAARDEN","url":"https:\/\/www.skargaarden.com\/sv\/","logo":{"@type":"ImageObject","inLanguage":"sv-SE","@id":"https:\/\/www.skargaarden.com\/sv\/#\/schema\/logo\/image\/","url":"https:\/\/www.skargaarden.com\/wp-content\/uploads\/2024\/03\/skargaardenlogo-1.png","contentUrl":"https:\/\/www.skargaarden.com\/wp-content\/uploads\/2024\/03\/skargaardenlogo-1.png","width":999,"height":141,"caption":"SKARGAARDEN"},"image":{"@id":"https:\/\/www.skargaarden.com\/sv\/#\/schema\/logo\/image\/"},"sameAs":["https:\/\/www.facebook.com\/skargaarden","https:\/\/www.instagram.com\/skargaarden\/","https:\/\/www.pinterest.se\/skargaarden\/"]}]}},"_links":{"self":[{"href":"https:\/\/www.skargaarden.com\/sv\/wp-json\/wp\/v2\/product\/15409"}],"collection":[{"href":"https:\/\/www.skargaarden.com\/sv\/wp-json\/wp\/v2\/product"}],"about":[{"href":"https:\/\/www.skargaarden.com\/sv\/wp-json\/wp\/v2\/types\/product"}],"wp:attachment":[{"href":"https:\/\/www.skargaarden.com\/sv\/wp-json\/wp\/v2\/media?parent=15409"}],"wp:term":[{"taxonomy":"product_cat","embeddable":true,"href":"https:\/\/www.skargaarden.com\/sv\/wp-json\/wp\/v2\/product_cat?post=15409"},{"taxonomy":"product_tag","embeddable":true,"href":"https:\/\/www.skargaarden.com\/sv\/wp-json\/wp\/v2\/product_tag?post=15409"}],"curies":[{"name":"wp","href":"https:\/\/api.w.org\/{rel}","templated":true}]}}