{"id":15259,"date":"2020-11-23T16:15:16","date_gmt":"2022-02-15T10:56:20","guid":{"rendered":"https:\/\/www.skargaarden.com\/products\/uncategorized\/grinda-bank-teak\/"},"modified":"2022-06-02T08:27:03","modified_gmt":"2022-06-02T06:27:03","slug":"grinda-bench-teak","status":"publish","type":"product","link":"https:\/\/www.skargaarden.com\/sv\/product\/grinda-bench-teak\/","title":{"rendered":"Grinda b\u00e4nk teak"},"content":{"rendered":"<p>Grinda-b\u00e4nken \u00e4r gjord av teak med en galvaniserad svartm\u00e5lad st\u00e5lstomme. Skandinavisk design med avsikt att h\u00e5lla l\u00e4nge. Ser bra ut p\u00e5 din balkong, veranda, gr\u00e4smatta eller var du nu vill ha den. Valfritt att k\u00f6pa en sittdyna i f\u00e4rgen Grey Agora Fossil.<\/p>\n","protected":false},"excerpt":{"rendered":"<p>Grinda b\u00e4nk teak<\/p>\n","protected":false},"featured_media":0,"template":"","meta":{"_acf_changed":false},"product_cat":[127],"product_tag":[],"acf":[],"yoast_head":"<!-- This site is optimized with the Yoast SEO plugin v22.2 - https:\/\/yoast.com\/wordpress\/plugins\/seo\/ -->\n<title>Grinda b\u00e4nk teak - SKARGAARDEN<\/title>\n<meta name=\"description\" content=\"Grinda-b\u00e4nken \u00e4r gjord av teak med en galvaniserad svartm\u00e5lad st\u00e5lstomme. Skandinavisk design med avsikt att h\u00e5lla l\u00e4nge.\" \/>\n<meta name=\"robots\" content=\"index, follow, max-snippet:-1, max-image-preview:large, max-video-preview:-1\" \/>\n<link rel=\"canonical\" href=\"https:\/\/www.skargaarden.com\/sv\/product\/grinda-bench-teak\/\" \/>\n<meta property=\"og:locale\" content=\"sv_SE\" \/>\n<meta property=\"og:type\" content=\"article\" \/>\n<meta property=\"og:title\" content=\"Grinda b\u00e4nk teak - SKARGAARDEN\" \/>\n<meta property=\"og:description\" content=\"Grinda-b\u00e4nken \u00e4r gjord av teak med en galvaniserad svartm\u00e5lad st\u00e5lstomme. Skandinavisk design med avsikt att h\u00e5lla l\u00e4nge.\" \/>\n<meta property=\"og:url\" content=\"https:\/\/www.skargaarden.com\/sv\/product\/grinda-bench-teak\/\" \/>\n<meta property=\"og:site_name\" content=\"SKARGAARDEN\" \/>\n<meta property=\"article:publisher\" content=\"https:\/\/www.facebook.com\/skargaarden\" \/>\n<meta property=\"article:modified_time\" content=\"2022-06-02T06:27:03+00:00\" \/>\n<meta name=\"twitter:card\" content=\"summary_large_image\" \/>\n<script type=\"application\/ld+json\" class=\"yoast-schema-graph\">{\"@context\":\"https:\/\/schema.org\",\"@graph\":[{\"@type\":\"WebPage\",\"@id\":\"https:\/\/www.skargaarden.com\/sv\/product\/grinda-bench-teak\/\",\"url\":\"https:\/\/www.skargaarden.com\/sv\/product\/grinda-bench-teak\/\",\"name\":\"Grinda b\u00e4nk teak - SKARGAARDEN\",\"isPartOf\":{\"@id\":\"https:\/\/www.skargaarden.com\/sv\/#website\"},\"datePublished\":\"2022-02-15T10:56:20+00:00\",\"dateModified\":\"2022-06-02T06:27:03+00:00\",\"description\":\"Grinda-b\u00e4nken \u00e4r gjord av teak med en galvaniserad svartm\u00e5lad st\u00e5lstomme. Skandinavisk design med avsikt att h\u00e5lla l\u00e4nge.\",\"breadcrumb\":{\"@id\":\"https:\/\/www.skargaarden.com\/sv\/product\/grinda-bench-teak\/#breadcrumb\"},\"inLanguage\":\"sv-SE\",\"potentialAction\":[{\"@type\":\"ReadAction\",\"target\":[\"https:\/\/www.skargaarden.com\/sv\/product\/grinda-bench-teak\/\"]}]},{\"@type\":\"BreadcrumbList\",\"@id\":\"https:\/\/www.skargaarden.com\/sv\/product\/grinda-bench-teak\/#breadcrumb\",\"itemListElement\":[{\"@type\":\"ListItem\",\"position\":1,\"name\":\"Home\",\"item\":\"https:\/\/www.skargaarden.com\/sv\/\"},{\"@type\":\"ListItem\",\"position\":2,\"name\":\"Produkter\",\"item\":\"https:\/\/www.skargaarden.com\/sv\/butik\/\"},{\"@type\":\"ListItem\",\"position\":3,\"name\":\"Grinda b\u00e4nk teak\"}]},{\"@type\":\"WebSite\",\"@id\":\"https:\/\/www.skargaarden.com\/sv\/#website\",\"url\":\"https:\/\/www.skargaarden.com\/sv\/\",\"name\":\"SKARGAARDEN\",\"description\":\"Scandinavian Outdoor Design\",\"publisher\":{\"@id\":\"https:\/\/www.skargaarden.com\/sv\/#organization\"},\"potentialAction\":[{\"@type\":\"SearchAction\",\"target\":{\"@type\":\"EntryPoint\",\"urlTemplate\":\"https:\/\/www.skargaarden.com\/sv\/?s={search_term_string}\"},\"query-input\":\"required name=search_term_string\"}],\"inLanguage\":\"sv-SE\"},{\"@type\":\"Organization\",\"@id\":\"https:\/\/www.skargaarden.com\/sv\/#organization\",\"name\":\"SKARGAARDEN\",\"url\":\"https:\/\/www.skargaarden.com\/sv\/\",\"logo\":{\"@type\":\"ImageObject\",\"inLanguage\":\"sv-SE\",\"@id\":\"https:\/\/www.skargaarden.com\/sv\/#\/schema\/logo\/image\/\",\"url\":\"https:\/\/www.skargaarden.com\/wp-content\/uploads\/2024\/03\/skargaardenlogo-1.png\",\"contentUrl\":\"https:\/\/www.skargaarden.com\/wp-content\/uploads\/2024\/03\/skargaardenlogo-1.png\",\"width\":999,\"height\":141,\"caption\":\"SKARGAARDEN\"},\"image\":{\"@id\":\"https:\/\/www.skargaarden.com\/sv\/#\/schema\/logo\/image\/\"},\"sameAs\":[\"https:\/\/www.facebook.com\/skargaarden\",\"https:\/\/www.instagram.com\/skargaarden\/\",\"https:\/\/www.pinterest.se\/skargaarden\/\"]}]}<\/script>\n<!-- \/ Yoast SEO plugin. -->","yoast_head_json":{"title":"Grinda b\u00e4nk teak - SKARGAARDEN","description":"Grinda-b\u00e4nken \u00e4r gjord av teak med en galvaniserad svartm\u00e5lad st\u00e5lstomme. Skandinavisk design med avsikt att h\u00e5lla l\u00e4nge.","robots":{"index":"index","follow":"follow","max-snippet":"max-snippet:-1","max-image-preview":"max-image-preview:large","max-video-preview":"max-video-preview:-1"},"canonical":"https:\/\/www.skargaarden.com\/sv\/product\/grinda-bench-teak\/","og_locale":"sv_SE","og_type":"article","og_title":"Grinda b\u00e4nk teak - SKARGAARDEN","og_description":"Grinda-b\u00e4nken \u00e4r gjord av teak med en galvaniserad svartm\u00e5lad st\u00e5lstomme. Skandinavisk design med avsikt att h\u00e5lla l\u00e4nge.","og_url":"https:\/\/www.skargaarden.com\/sv\/product\/grinda-bench-teak\/","og_site_name":"SKARGAARDEN","article_publisher":"https:\/\/www.facebook.com\/skargaarden","article_modified_time":"2022-06-02T06:27:03+00:00","twitter_card":"summary_large_image","schema":{"@context":"https:\/\/schema.org","@graph":[{"@type":"WebPage","@id":"https:\/\/www.skargaarden.com\/sv\/product\/grinda-bench-teak\/","url":"https:\/\/www.skargaarden.com\/sv\/product\/grinda-bench-teak\/","name":"Grinda b\u00e4nk teak - SKARGAARDEN","isPartOf":{"@id":"https:\/\/www.skargaarden.com\/sv\/#website"},"datePublished":"2022-02-15T10:56:20+00:00","dateModified":"2022-06-02T06:27:03+00:00","description":"Grinda-b\u00e4nken \u00e4r gjord av teak med en galvaniserad svartm\u00e5lad st\u00e5lstomme. Skandinavisk design med avsikt att h\u00e5lla l\u00e4nge.","breadcrumb":{"@id":"https:\/\/www.skargaarden.com\/sv\/product\/grinda-bench-teak\/#breadcrumb"},"inLanguage":"sv-SE","potentialAction":[{"@type":"ReadAction","target":["https:\/\/www.skargaarden.com\/sv\/product\/grinda-bench-teak\/"]}]},{"@type":"BreadcrumbList","@id":"https:\/\/www.skargaarden.com\/sv\/product\/grinda-bench-teak\/#breadcrumb","itemListElement":[{"@type":"ListItem","position":1,"name":"Home","item":"https:\/\/www.skargaarden.com\/sv\/"},{"@type":"ListItem","position":2,"name":"Produkter","item":"https:\/\/www.skargaarden.com\/sv\/butik\/"},{"@type":"ListItem","position":3,"name":"Grinda b\u00e4nk teak"}]},{"@type":"WebSite","@id":"https:\/\/www.skargaarden.com\/sv\/#website","url":"https:\/\/www.skargaarden.com\/sv\/","name":"SKARGAARDEN","description":"Scandinavian Outdoor Design","publisher":{"@id":"https:\/\/www.skargaarden.com\/sv\/#organization"},"potentialAction":[{"@type":"SearchAction","target":{"@type":"EntryPoint","urlTemplate":"https:\/\/www.skargaarden.com\/sv\/?s={search_term_string}"},"query-input":"required name=search_term_string"}],"inLanguage":"sv-SE"},{"@type":"Organization","@id":"https:\/\/www.skargaarden.com\/sv\/#organization","name":"SKARGAARDEN","url":"https:\/\/www.skargaarden.com\/sv\/","logo":{"@type":"ImageObject","inLanguage":"sv-SE","@id":"https:\/\/www.skargaarden.com\/sv\/#\/schema\/logo\/image\/","url":"https:\/\/www.skargaarden.com\/wp-content\/uploads\/2024\/03\/skargaardenlogo-1.png","contentUrl":"https:\/\/www.skargaarden.com\/wp-content\/uploads\/2024\/03\/skargaardenlogo-1.png","width":999,"height":141,"caption":"SKARGAARDEN"},"image":{"@id":"https:\/\/www.skargaarden.com\/sv\/#\/schema\/logo\/image\/"},"sameAs":["https:\/\/www.facebook.com\/skargaarden","https:\/\/www.instagram.com\/skargaarden\/","https:\/\/www.pinterest.se\/skargaarden\/"]}]}},"_links":{"self":[{"href":"https:\/\/www.skargaarden.com\/sv\/wp-json\/wp\/v2\/product\/15259"}],"collection":[{"href":"https:\/\/www.skargaarden.com\/sv\/wp-json\/wp\/v2\/product"}],"about":[{"href":"https:\/\/www.skargaarden.com\/sv\/wp-json\/wp\/v2\/types\/product"}],"wp:attachment":[{"href":"https:\/\/www.skargaarden.com\/sv\/wp-json\/wp\/v2\/media?parent=15259"}],"wp:term":[{"taxonomy":"product_cat","embeddable":true,"href":"https:\/\/www.skargaarden.com\/sv\/wp-json\/wp\/v2\/product_cat?post=15259"},{"taxonomy":"product_tag","embeddable":true,"href":"https:\/\/www.skargaarden.com\/sv\/wp-json\/wp\/v2\/product_tag?post=15259"}],"curies":[{"name":"wp","href":"https:\/\/api.w.org\/{rel}","templated":true}]}}