{"id":18854,"date":"2024-03-18T14:57:48","date_gmt":"2024-03-18T13:57:48","guid":{"rendered":"https:\/\/www.skargaarden.com\/our-fabrics\/"},"modified":"2026-02-18T09:42:40","modified_gmt":"2026-02-18T08:42:40","slug":"our-fabrics","status":"publish","type":"page","link":"https:\/\/www.skargaarden.com\/sv\/our-fabrics\/","title":{"rendered":"V\u00e5ra textilier"},"content":{"rendered":"<p>Vi v\u00e4ljer v\u00e5ra tyger noggrant fr\u00e5n producenter som garanterar h\u00f6gsta kvalitet som finns tillg\u00e4nglig f\u00f6r utomhusbruk. Alla v\u00e5ra tyger kommer med minst 5 \u00e5rs garanti mot blekning fr\u00e5n exponering fr\u00e5n solljus. Tygerna nedan \u00e4r de som vi h\u00e5ller i lager. Vi kan ordna med ett stort urval av f\u00e4rger fr\u00e5n avancerade utomhusleverant\u00f6rer som Agora, Sunbrella, \u00c9litis, Perennials och Ateja. Och vi erbjuder \u00e4ven COM (kundernas egen textil). V\u00e5ra lagerf\u00f6rda tygm\u00e4rken \u00e4r:<\/p>\n<p>SUNBRELLA. Som en pionj\u00e4r inom tygindustrin str\u00e4var Sunbrella alltid och utvecklar nya s\u00e4tt att f\u00f6ra h\u00e5llbarhet, komfort och stil till de platser d\u00e4r m\u00e4nniskor bor och arbetar. Sunbrella har \u00e5tagit sig att skapa h\u00f6gkvalitativa prestandaprodukter som ger komfort f\u00f6r dina mysigaste utrymmen, f\u00e4rgbest\u00e4ndigt f\u00f6r \u00e5r av njutning.<\/p>\n<p>\u00c5TERVUNNEN SUNBRELLA-TEXTIL Sunbrella Heritage \u00e4r en textil som best\u00e5r av 50 % \u00e5tervunnet material, vilket ger en unik textil med en charmig vintagek\u00e4nsla. Eftersom delar av materialet \u00e5tervinns varierar f\u00e4rgen p\u00e5 tyget mellan olika batcher. Heritage-tyget inneh\u00e5ller sm\u00e5 synliga tr\u00e5dar i olika f\u00e4rger som ger kollektionen dess \u00e5tervunna utseende. Variationen och de synliga tr\u00e5darna ger kollektionen en unik autentisk \u00e5tervunnen design.<\/p>\n<p>AGORA. Agora har utvecklat exklusiva tyger f\u00f6r dekoration och kl\u00e4dsel som ger b\u00e4sta prestanda. Agora\u00ae anv\u00e4nder 100 % l\u00f6sningsf\u00e4rgad akrylfiber i hela sitt sortiment. Tyger som \u00e4r gjorda f\u00f6r att t\u00e5la tuffa utomhusf\u00f6rh\u00e5llanden, inneh\u00e5ller flera kvaliteter och behandlingar f\u00f6r att klara de mest kr\u00e4vande milj\u00f6erna och s\u00e4kerst\u00e4lla utm\u00e4rkt prestanda. Styrka, kvalitet, h\u00e5llbarhet, l\u00e4ttsk\u00f6tt och oj\u00e4mf\u00f6rlig motst\u00e5ndskraft mot blekning och nedbrytning. Dessa egenskaper g\u00f6r Agora\u00ae till den perfekta l\u00f6sningen f\u00f6r utomhus- och inomhusbruk.<\/p>\n<p>SUNPROOF \u00e4r utomhustyg i premiumkvalitet som anv\u00e4nds till exklusiva utomhusdynor. Den \u00e4r tillverkad baserat p\u00e5 en serie tekniska data som skapat f\u00f6ruts\u00e4ttningarna f\u00f6r tygets h\u00f6ga kvalitetsprestanda som t\u00e5l utmanande v\u00e4derp\u00e5frestningar enligt ASTM G53 \u2013 96, amerikansk standard. Alla Sunproof tyger har klarat de str\u00e4nga testerna enligt de internationella standarder som anv\u00e4nds f\u00f6r textil utomhus. Textilen \u00e4r f\u00e4rgbest\u00e4ndighet mot solljus, n\u00f6tning, klorerat poolvatten. Det \u00e4r vattenavvisande och smuts- och fl\u00e4ckavvisande, antibakteriellt, anti-m\u00f6gel resistent och UV-best\u00e4ndt. Sunproof \u00e4r OEKO-TEX-certifierad och 100 % \u00e5tervinningsbar.<\/p>\n","protected":false},"excerpt":{"rendered":"<p>Vi v\u00e4ljer v\u00e5ra tyger noggrant fr\u00e5n producenter som garanterar h\u00f6gsta kvalitet som finns tillg\u00e4nglig f\u00f6r utomhusbruk. Alla v\u00e5ra tyger kommer med minst 5 \u00e5rs garanti mot blekning fr\u00e5n exponering fr\u00e5n solljus. Tygerna nedan \u00e4r de som vi h\u00e5ller i lager. Vi kan ordna med ett stort urval av f\u00e4rger fr\u00e5n avancerade utomhusleverant\u00f6rer som Agora, Sunbrella, [&hellip;]<\/p>\n","protected":false},"author":1,"featured_media":18839,"parent":0,"menu_order":0,"comment_status":"closed","ping_status":"closed","template":"","meta":{"_acf_changed":false,"footnotes":""},"acf":[],"yoast_head":"<!-- This site is optimized with the Yoast SEO plugin v22.2 - https:\/\/yoast.com\/wordpress\/plugins\/seo\/ -->\n<title>V\u00e5ra textilier - SKARGAARDEN<\/title>\n<meta name=\"robots\" content=\"index, follow, max-snippet:-1, max-image-preview:large, max-video-preview:-1\" \/>\n<link rel=\"canonical\" href=\"https:\/\/www.skargaarden.com\/sv\/our-fabrics\/\" \/>\n<meta property=\"og:locale\" content=\"sv_SE\" \/>\n<meta property=\"og:type\" content=\"article\" \/>\n<meta property=\"og:title\" content=\"V\u00e5ra textilier - SKARGAARDEN\" \/>\n<meta property=\"og:description\" content=\"Vi v\u00e4ljer v\u00e5ra tyger noggrant fr\u00e5n producenter som garanterar h\u00f6gsta kvalitet som finns tillg\u00e4nglig f\u00f6r utomhusbruk. Alla v\u00e5ra tyger kommer med minst 5 \u00e5rs garanti mot blekning fr\u00e5n exponering fr\u00e5n solljus. Tygerna nedan \u00e4r de som vi h\u00e5ller i lager. Vi kan ordna med ett stort urval av f\u00e4rger fr\u00e5n avancerade utomhusleverant\u00f6rer som Agora, Sunbrella, [&hellip;]\" \/>\n<meta property=\"og:url\" content=\"https:\/\/www.skargaarden.com\/sv\/our-fabrics\/\" \/>\n<meta property=\"og:site_name\" content=\"SKARGAARDEN\" \/>\n<meta property=\"article:publisher\" content=\"https:\/\/www.facebook.com\/skargaarden\" \/>\n<meta property=\"article:modified_time\" content=\"2026-02-18T08:42:40+00:00\" \/>\n<meta property=\"og:image\" content=\"https:\/\/www.skargaarden.com\/wp-content\/uploads\/2024\/03\/Sunbrella-rolls.jpg\" \/>\n\t<meta property=\"og:image:width\" content=\"1378\" \/>\n\t<meta property=\"og:image:height\" content=\"878\" \/>\n\t<meta property=\"og:image:type\" content=\"image\/jpeg\" \/>\n<meta name=\"twitter:card\" content=\"summary_large_image\" \/>\n<meta name=\"twitter:label1\" content=\"Ber\u00e4knad l\u00e4stid\" \/>\n\t<meta name=\"twitter:data1\" content=\"2 minuter\" \/>\n<script type=\"application\/ld+json\" class=\"yoast-schema-graph\">{\"@context\":\"https:\/\/schema.org\",\"@graph\":[{\"@type\":\"WebPage\",\"@id\":\"https:\/\/www.skargaarden.com\/sv\/our-fabrics\/\",\"url\":\"https:\/\/www.skargaarden.com\/sv\/our-fabrics\/\",\"name\":\"V\u00e5ra textilier - SKARGAARDEN\",\"isPartOf\":{\"@id\":\"https:\/\/www.skargaarden.com\/sv\/#website\"},\"primaryImageOfPage\":{\"@id\":\"https:\/\/www.skargaarden.com\/sv\/our-fabrics\/#primaryimage\"},\"image\":{\"@id\":\"https:\/\/www.skargaarden.com\/sv\/our-fabrics\/#primaryimage\"},\"thumbnailUrl\":\"https:\/\/www.skargaarden.com\/wp-content\/uploads\/2024\/03\/Sunbrella-rolls.jpg\",\"datePublished\":\"2024-03-18T13:57:48+00:00\",\"dateModified\":\"2026-02-18T08:42:40+00:00\",\"breadcrumb\":{\"@id\":\"https:\/\/www.skargaarden.com\/sv\/our-fabrics\/#breadcrumb\"},\"inLanguage\":\"sv-SE\",\"potentialAction\":[{\"@type\":\"ReadAction\",\"target\":[\"https:\/\/www.skargaarden.com\/sv\/our-fabrics\/\"]}]},{\"@type\":\"ImageObject\",\"inLanguage\":\"sv-SE\",\"@id\":\"https:\/\/www.skargaarden.com\/sv\/our-fabrics\/#primaryimage\",\"url\":\"https:\/\/www.skargaarden.com\/wp-content\/uploads\/2024\/03\/Sunbrella-rolls.jpg\",\"contentUrl\":\"https:\/\/www.skargaarden.com\/wp-content\/uploads\/2024\/03\/Sunbrella-rolls.jpg\",\"width\":1378,\"height\":878},{\"@type\":\"BreadcrumbList\",\"@id\":\"https:\/\/www.skargaarden.com\/sv\/our-fabrics\/#breadcrumb\",\"itemListElement\":[{\"@type\":\"ListItem\",\"position\":1,\"name\":\"Home\",\"item\":\"https:\/\/www.skargaarden.com\/sv\/\"},{\"@type\":\"ListItem\",\"position\":2,\"name\":\"V\u00e5ra textilier\"}]},{\"@type\":\"WebSite\",\"@id\":\"https:\/\/www.skargaarden.com\/sv\/#website\",\"url\":\"https:\/\/www.skargaarden.com\/sv\/\",\"name\":\"SKARGAARDEN\",\"description\":\"Scandinavian Outdoor Design\",\"publisher\":{\"@id\":\"https:\/\/www.skargaarden.com\/sv\/#organization\"},\"potentialAction\":[{\"@type\":\"SearchAction\",\"target\":{\"@type\":\"EntryPoint\",\"urlTemplate\":\"https:\/\/www.skargaarden.com\/sv\/?s={search_term_string}\"},\"query-input\":\"required name=search_term_string\"}],\"inLanguage\":\"sv-SE\"},{\"@type\":\"Organization\",\"@id\":\"https:\/\/www.skargaarden.com\/sv\/#organization\",\"name\":\"SKARGAARDEN\",\"url\":\"https:\/\/www.skargaarden.com\/sv\/\",\"logo\":{\"@type\":\"ImageObject\",\"inLanguage\":\"sv-SE\",\"@id\":\"https:\/\/www.skargaarden.com\/sv\/#\/schema\/logo\/image\/\",\"url\":\"https:\/\/www.skargaarden.com\/wp-content\/uploads\/2024\/03\/skargaardenlogo-1.png\",\"contentUrl\":\"https:\/\/www.skargaarden.com\/wp-content\/uploads\/2024\/03\/skargaardenlogo-1.png\",\"width\":999,\"height\":141,\"caption\":\"SKARGAARDEN\"},\"image\":{\"@id\":\"https:\/\/www.skargaarden.com\/sv\/#\/schema\/logo\/image\/\"},\"sameAs\":[\"https:\/\/www.facebook.com\/skargaarden\",\"https:\/\/www.instagram.com\/skargaarden\/\",\"https:\/\/www.pinterest.se\/skargaarden\/\"]}]}<\/script>\n<!-- \/ Yoast SEO plugin. -->","yoast_head_json":{"title":"V\u00e5ra textilier - SKARGAARDEN","robots":{"index":"index","follow":"follow","max-snippet":"max-snippet:-1","max-image-preview":"max-image-preview:large","max-video-preview":"max-video-preview:-1"},"canonical":"https:\/\/www.skargaarden.com\/sv\/our-fabrics\/","og_locale":"sv_SE","og_type":"article","og_title":"V\u00e5ra textilier - SKARGAARDEN","og_description":"Vi v\u00e4ljer v\u00e5ra tyger noggrant fr\u00e5n producenter som garanterar h\u00f6gsta kvalitet som finns tillg\u00e4nglig f\u00f6r utomhusbruk. Alla v\u00e5ra tyger kommer med minst 5 \u00e5rs garanti mot blekning fr\u00e5n exponering fr\u00e5n solljus. Tygerna nedan \u00e4r de som vi h\u00e5ller i lager. Vi kan ordna med ett stort urval av f\u00e4rger fr\u00e5n avancerade utomhusleverant\u00f6rer som Agora, Sunbrella, [&hellip;]","og_url":"https:\/\/www.skargaarden.com\/sv\/our-fabrics\/","og_site_name":"SKARGAARDEN","article_publisher":"https:\/\/www.facebook.com\/skargaarden","article_modified_time":"2026-02-18T08:42:40+00:00","og_image":[{"width":1378,"height":878,"url":"https:\/\/www.skargaarden.com\/wp-content\/uploads\/2024\/03\/Sunbrella-rolls.jpg","type":"image\/jpeg"}],"twitter_card":"summary_large_image","twitter_misc":{"Ber\u00e4knad l\u00e4stid":"2 minuter"},"schema":{"@context":"https:\/\/schema.org","@graph":[{"@type":"WebPage","@id":"https:\/\/www.skargaarden.com\/sv\/our-fabrics\/","url":"https:\/\/www.skargaarden.com\/sv\/our-fabrics\/","name":"V\u00e5ra textilier - SKARGAARDEN","isPartOf":{"@id":"https:\/\/www.skargaarden.com\/sv\/#website"},"primaryImageOfPage":{"@id":"https:\/\/www.skargaarden.com\/sv\/our-fabrics\/#primaryimage"},"image":{"@id":"https:\/\/www.skargaarden.com\/sv\/our-fabrics\/#primaryimage"},"thumbnailUrl":"https:\/\/www.skargaarden.com\/wp-content\/uploads\/2024\/03\/Sunbrella-rolls.jpg","datePublished":"2024-03-18T13:57:48+00:00","dateModified":"2026-02-18T08:42:40+00:00","breadcrumb":{"@id":"https:\/\/www.skargaarden.com\/sv\/our-fabrics\/#breadcrumb"},"inLanguage":"sv-SE","potentialAction":[{"@type":"ReadAction","target":["https:\/\/www.skargaarden.com\/sv\/our-fabrics\/"]}]},{"@type":"ImageObject","inLanguage":"sv-SE","@id":"https:\/\/www.skargaarden.com\/sv\/our-fabrics\/#primaryimage","url":"https:\/\/www.skargaarden.com\/wp-content\/uploads\/2024\/03\/Sunbrella-rolls.jpg","contentUrl":"https:\/\/www.skargaarden.com\/wp-content\/uploads\/2024\/03\/Sunbrella-rolls.jpg","width":1378,"height":878},{"@type":"BreadcrumbList","@id":"https:\/\/www.skargaarden.com\/sv\/our-fabrics\/#breadcrumb","itemListElement":[{"@type":"ListItem","position":1,"name":"Home","item":"https:\/\/www.skargaarden.com\/sv\/"},{"@type":"ListItem","position":2,"name":"V\u00e5ra textilier"}]},{"@type":"WebSite","@id":"https:\/\/www.skargaarden.com\/sv\/#website","url":"https:\/\/www.skargaarden.com\/sv\/","name":"SKARGAARDEN","description":"Scandinavian Outdoor Design","publisher":{"@id":"https:\/\/www.skargaarden.com\/sv\/#organization"},"potentialAction":[{"@type":"SearchAction","target":{"@type":"EntryPoint","urlTemplate":"https:\/\/www.skargaarden.com\/sv\/?s={search_term_string}"},"query-input":"required name=search_term_string"}],"inLanguage":"sv-SE"},{"@type":"Organization","@id":"https:\/\/www.skargaarden.com\/sv\/#organization","name":"SKARGAARDEN","url":"https:\/\/www.skargaarden.com\/sv\/","logo":{"@type":"ImageObject","inLanguage":"sv-SE","@id":"https:\/\/www.skargaarden.com\/sv\/#\/schema\/logo\/image\/","url":"https:\/\/www.skargaarden.com\/wp-content\/uploads\/2024\/03\/skargaardenlogo-1.png","contentUrl":"https:\/\/www.skargaarden.com\/wp-content\/uploads\/2024\/03\/skargaardenlogo-1.png","width":999,"height":141,"caption":"SKARGAARDEN"},"image":{"@id":"https:\/\/www.skargaarden.com\/sv\/#\/schema\/logo\/image\/"},"sameAs":["https:\/\/www.facebook.com\/skargaarden","https:\/\/www.instagram.com\/skargaarden\/","https:\/\/www.pinterest.se\/skargaarden\/"]}]}},"_links":{"self":[{"href":"https:\/\/www.skargaarden.com\/sv\/wp-json\/wp\/v2\/pages\/18854"}],"collection":[{"href":"https:\/\/www.skargaarden.com\/sv\/wp-json\/wp\/v2\/pages"}],"about":[{"href":"https:\/\/www.skargaarden.com\/sv\/wp-json\/wp\/v2\/types\/page"}],"author":[{"embeddable":true,"href":"https:\/\/www.skargaarden.com\/sv\/wp-json\/wp\/v2\/users\/1"}],"replies":[{"embeddable":true,"href":"https:\/\/www.skargaarden.com\/sv\/wp-json\/wp\/v2\/comments?post=18854"}],"version-history":[{"count":19,"href":"https:\/\/www.skargaarden.com\/sv\/wp-json\/wp\/v2\/pages\/18854\/revisions"}],"predecessor-version":[{"id":21072,"href":"https:\/\/www.skargaarden.com\/sv\/wp-json\/wp\/v2\/pages\/18854\/revisions\/21072"}],"wp:featuredmedia":[{"embeddable":true,"href":"https:\/\/www.skargaarden.com\/sv\/wp-json\/wp\/v2\/media\/18839"}],"wp:attachment":[{"href":"https:\/\/www.skargaarden.com\/sv\/wp-json\/wp\/v2\/media?parent=18854"}],"curies":[{"name":"wp","href":"https:\/\/api.w.org\/{rel}","templated":true}]}}