{"id":18525,"date":"2023-05-24T14:18:25","date_gmt":"2023-05-24T12:18:25","guid":{"rendered":"https:\/\/www.skargaarden.com\/retur-och-aterbetalningspolicy\/"},"modified":"2023-05-24T14:18:25","modified_gmt":"2023-05-24T12:18:25","slug":"retur-och-aterbetalningspolicy","status":"publish","type":"page","link":"https:\/\/www.skargaarden.com\/sv\/retur-och-aterbetalningspolicy\/","title":{"rendered":"Retur- och \u00e5terbetalningspolicy"},"content":{"rendered":"<p style=\"font-style:italic\"><i>L\u00e4s noga igenom v\u00e5r retur och \u00e5terbetalning n\u00e4r du k\u00f6per v\u00e5ra produkter. Denna <\/i><i>policy kommer att g\u00e4lla f\u00f6r alla best\u00e4llningar du g\u00f6r hos oss.<\/i><\/p>\n<p>Tack f\u00f6r att du k\u00f6pte v\u00e5ra produkter p\u00e5 www.skargaarden.com<\/p>\n<p>F\u00f6r att produkterna ska vara ber\u00e4ttigade till \u00e5terbetalning m\u00e5ste du ocks\u00e5 returnera dem till oss inom 14 kalenderdagar efter din EDA (Estimate Delivery Date). Om din EDA har blivit f\u00f6rsenad m\u00e5ste du meddela oss via e-post s\u00e5 snart som m\u00f6jligt efter att du mottagit varorna.<\/p>\n<p>Varorna m\u00e5ste vara o\u00f6ppnade och i originalskick. Du kommer att ansvara f\u00f6r att ordna och betala f\u00f6r returfrakten.<\/p>\n<p>Om v\u00e5ra produkter kom skadade, v\u00e4nligen kontakta oss omedelbart s\u00e5 betalar vi f\u00f6r returfrakten samt en ers\u00e4ttningsprodukt.<\/p>\n<p>Om du har ytterligare fr\u00e5gor, kontakta oss g\u00e4rna p\u00e5 info@skargaarden.com<\/p>\n","protected":false},"excerpt":{"rendered":"<p>L\u00e4s noga igenom v\u00e5r retur och \u00e5terbetalning n\u00e4r du k\u00f6per v\u00e5ra produkter. Denna policy kommer att g\u00e4lla f\u00f6r alla best\u00e4llningar du g\u00f6r hos oss. Tack f\u00f6r att du k\u00f6pte v\u00e5ra produkter p\u00e5 www.skargaarden.com F\u00f6r att produkterna ska vara ber\u00e4ttigade till \u00e5terbetalning m\u00e5ste du ocks\u00e5 returnera dem till oss inom 14 kalenderdagar efter din EDA (Estimate [&hellip;]<\/p>\n","protected":false},"author":188,"featured_media":13057,"parent":0,"menu_order":0,"comment_status":"closed","ping_status":"closed","template":"","meta":{"_acf_changed":false,"footnotes":""},"acf":[],"yoast_head":"<!-- This site is optimized with the Yoast SEO plugin v22.2 - https:\/\/yoast.com\/wordpress\/plugins\/seo\/ -->\n<title>Retur- och \u00e5terbetalningspolicy - SKARGAARDEN<\/title>\n<meta name=\"description\" content=\"L\u00e4s noga igenom v\u00e5r retur och \u00e5terbetalning n\u00e4r du k\u00f6per v\u00e5ra produkter. Denna policy kommer att g\u00e4lla f\u00f6r alla best\u00e4llningar du g\u00f6r hos oss.\" \/>\n<meta name=\"robots\" content=\"index, follow, max-snippet:-1, max-image-preview:large, max-video-preview:-1\" \/>\n<link rel=\"canonical\" href=\"https:\/\/www.skargaarden.com\/sv\/retur-och-aterbetalningspolicy\/\" \/>\n<meta property=\"og:locale\" content=\"sv_SE\" \/>\n<meta property=\"og:type\" content=\"article\" \/>\n<meta property=\"og:title\" content=\"Retur- och \u00e5terbetalningspolicy - SKARGAARDEN\" \/>\n<meta property=\"og:description\" content=\"L\u00e4s noga igenom v\u00e5r retur och \u00e5terbetalning n\u00e4r du k\u00f6per v\u00e5ra produkter. Denna policy kommer att g\u00e4lla f\u00f6r alla best\u00e4llningar du g\u00f6r hos oss.\" \/>\n<meta property=\"og:url\" content=\"https:\/\/www.skargaarden.com\/sv\/retur-och-aterbetalningspolicy\/\" \/>\n<meta property=\"og:site_name\" content=\"SKARGAARDEN\" \/>\n<meta property=\"article:publisher\" content=\"https:\/\/www.facebook.com\/skargaarden\" \/>\n<meta property=\"og:image\" content=\"https:\/\/www.skargaarden.com\/wp-content\/uploads\/2020\/11\/ASKER_SOFA_1.jpg\" \/>\n\t<meta property=\"og:image:width\" content=\"2000\" \/>\n\t<meta property=\"og:image:height\" content=\"1604\" \/>\n\t<meta property=\"og:image:type\" content=\"image\/jpeg\" \/>\n<meta name=\"twitter:card\" content=\"summary_large_image\" \/>\n<meta name=\"twitter:label1\" content=\"Ber\u00e4knad l\u00e4stid\" \/>\n\t<meta name=\"twitter:data1\" content=\"1 minut\" \/>\n<script type=\"application\/ld+json\" class=\"yoast-schema-graph\">{\"@context\":\"https:\/\/schema.org\",\"@graph\":[{\"@type\":\"WebPage\",\"@id\":\"https:\/\/www.skargaarden.com\/sv\/retur-och-aterbetalningspolicy\/\",\"url\":\"https:\/\/www.skargaarden.com\/sv\/retur-och-aterbetalningspolicy\/\",\"name\":\"Retur- och \u00e5terbetalningspolicy - SKARGAARDEN\",\"isPartOf\":{\"@id\":\"https:\/\/www.skargaarden.com\/sv\/#website\"},\"primaryImageOfPage\":{\"@id\":\"https:\/\/www.skargaarden.com\/sv\/retur-och-aterbetalningspolicy\/#primaryimage\"},\"image\":{\"@id\":\"https:\/\/www.skargaarden.com\/sv\/retur-och-aterbetalningspolicy\/#primaryimage\"},\"thumbnailUrl\":\"https:\/\/www.skargaarden.com\/wp-content\/uploads\/2020\/11\/ASKER_SOFA_1.jpg\",\"datePublished\":\"2023-05-24T12:18:25+00:00\",\"dateModified\":\"2023-05-24T12:18:25+00:00\",\"description\":\"L\u00e4s noga igenom v\u00e5r retur och \u00e5terbetalning n\u00e4r du k\u00f6per v\u00e5ra produkter. Denna policy kommer att g\u00e4lla f\u00f6r alla best\u00e4llningar du g\u00f6r hos oss.\",\"breadcrumb\":{\"@id\":\"https:\/\/www.skargaarden.com\/sv\/retur-och-aterbetalningspolicy\/#breadcrumb\"},\"inLanguage\":\"sv-SE\",\"potentialAction\":[{\"@type\":\"ReadAction\",\"target\":[\"https:\/\/www.skargaarden.com\/sv\/retur-och-aterbetalningspolicy\/\"]}]},{\"@type\":\"ImageObject\",\"inLanguage\":\"sv-SE\",\"@id\":\"https:\/\/www.skargaarden.com\/sv\/retur-och-aterbetalningspolicy\/#primaryimage\",\"url\":\"https:\/\/www.skargaarden.com\/wp-content\/uploads\/2020\/11\/ASKER_SOFA_1.jpg\",\"contentUrl\":\"https:\/\/www.skargaarden.com\/wp-content\/uploads\/2020\/11\/ASKER_SOFA_1.jpg\",\"width\":2000,\"height\":1604},{\"@type\":\"BreadcrumbList\",\"@id\":\"https:\/\/www.skargaarden.com\/sv\/retur-och-aterbetalningspolicy\/#breadcrumb\",\"itemListElement\":[{\"@type\":\"ListItem\",\"position\":1,\"name\":\"Home\",\"item\":\"https:\/\/www.skargaarden.com\/sv\/\"},{\"@type\":\"ListItem\",\"position\":2,\"name\":\"Retur- och \u00e5terbetalningspolicy\"}]},{\"@type\":\"WebSite\",\"@id\":\"https:\/\/www.skargaarden.com\/sv\/#website\",\"url\":\"https:\/\/www.skargaarden.com\/sv\/\",\"name\":\"SKARGAARDEN\",\"description\":\"Scandinavian Outdoor Design\",\"publisher\":{\"@id\":\"https:\/\/www.skargaarden.com\/sv\/#organization\"},\"potentialAction\":[{\"@type\":\"SearchAction\",\"target\":{\"@type\":\"EntryPoint\",\"urlTemplate\":\"https:\/\/www.skargaarden.com\/sv\/?s={search_term_string}\"},\"query-input\":\"required name=search_term_string\"}],\"inLanguage\":\"sv-SE\"},{\"@type\":\"Organization\",\"@id\":\"https:\/\/www.skargaarden.com\/sv\/#organization\",\"name\":\"SKARGAARDEN\",\"url\":\"https:\/\/www.skargaarden.com\/sv\/\",\"logo\":{\"@type\":\"ImageObject\",\"inLanguage\":\"sv-SE\",\"@id\":\"https:\/\/www.skargaarden.com\/sv\/#\/schema\/logo\/image\/\",\"url\":\"https:\/\/www.skargaarden.com\/wp-content\/uploads\/2024\/03\/skargaardenlogo-1.png\",\"contentUrl\":\"https:\/\/www.skargaarden.com\/wp-content\/uploads\/2024\/03\/skargaardenlogo-1.png\",\"width\":999,\"height\":141,\"caption\":\"SKARGAARDEN\"},\"image\":{\"@id\":\"https:\/\/www.skargaarden.com\/sv\/#\/schema\/logo\/image\/\"},\"sameAs\":[\"https:\/\/www.facebook.com\/skargaarden\",\"https:\/\/www.instagram.com\/skargaarden\/\",\"https:\/\/www.pinterest.se\/skargaarden\/\"]}]}<\/script>\n<!-- \/ Yoast SEO plugin. -->","yoast_head_json":{"title":"Retur- och \u00e5terbetalningspolicy - SKARGAARDEN","description":"L\u00e4s noga igenom v\u00e5r retur och \u00e5terbetalning n\u00e4r du k\u00f6per v\u00e5ra produkter. Denna policy kommer att g\u00e4lla f\u00f6r alla best\u00e4llningar du g\u00f6r hos oss.","robots":{"index":"index","follow":"follow","max-snippet":"max-snippet:-1","max-image-preview":"max-image-preview:large","max-video-preview":"max-video-preview:-1"},"canonical":"https:\/\/www.skargaarden.com\/sv\/retur-och-aterbetalningspolicy\/","og_locale":"sv_SE","og_type":"article","og_title":"Retur- och \u00e5terbetalningspolicy - SKARGAARDEN","og_description":"L\u00e4s noga igenom v\u00e5r retur och \u00e5terbetalning n\u00e4r du k\u00f6per v\u00e5ra produkter. Denna policy kommer att g\u00e4lla f\u00f6r alla best\u00e4llningar du g\u00f6r hos oss.","og_url":"https:\/\/www.skargaarden.com\/sv\/retur-och-aterbetalningspolicy\/","og_site_name":"SKARGAARDEN","article_publisher":"https:\/\/www.facebook.com\/skargaarden","og_image":[{"width":2000,"height":1604,"url":"https:\/\/www.skargaarden.com\/wp-content\/uploads\/2020\/11\/ASKER_SOFA_1.jpg","type":"image\/jpeg"}],"twitter_card":"summary_large_image","twitter_misc":{"Ber\u00e4knad l\u00e4stid":"1 minut"},"schema":{"@context":"https:\/\/schema.org","@graph":[{"@type":"WebPage","@id":"https:\/\/www.skargaarden.com\/sv\/retur-och-aterbetalningspolicy\/","url":"https:\/\/www.skargaarden.com\/sv\/retur-och-aterbetalningspolicy\/","name":"Retur- och \u00e5terbetalningspolicy - SKARGAARDEN","isPartOf":{"@id":"https:\/\/www.skargaarden.com\/sv\/#website"},"primaryImageOfPage":{"@id":"https:\/\/www.skargaarden.com\/sv\/retur-och-aterbetalningspolicy\/#primaryimage"},"image":{"@id":"https:\/\/www.skargaarden.com\/sv\/retur-och-aterbetalningspolicy\/#primaryimage"},"thumbnailUrl":"https:\/\/www.skargaarden.com\/wp-content\/uploads\/2020\/11\/ASKER_SOFA_1.jpg","datePublished":"2023-05-24T12:18:25+00:00","dateModified":"2023-05-24T12:18:25+00:00","description":"L\u00e4s noga igenom v\u00e5r retur och \u00e5terbetalning n\u00e4r du k\u00f6per v\u00e5ra produkter. Denna policy kommer att g\u00e4lla f\u00f6r alla best\u00e4llningar du g\u00f6r hos oss.","breadcrumb":{"@id":"https:\/\/www.skargaarden.com\/sv\/retur-och-aterbetalningspolicy\/#breadcrumb"},"inLanguage":"sv-SE","potentialAction":[{"@type":"ReadAction","target":["https:\/\/www.skargaarden.com\/sv\/retur-och-aterbetalningspolicy\/"]}]},{"@type":"ImageObject","inLanguage":"sv-SE","@id":"https:\/\/www.skargaarden.com\/sv\/retur-och-aterbetalningspolicy\/#primaryimage","url":"https:\/\/www.skargaarden.com\/wp-content\/uploads\/2020\/11\/ASKER_SOFA_1.jpg","contentUrl":"https:\/\/www.skargaarden.com\/wp-content\/uploads\/2020\/11\/ASKER_SOFA_1.jpg","width":2000,"height":1604},{"@type":"BreadcrumbList","@id":"https:\/\/www.skargaarden.com\/sv\/retur-och-aterbetalningspolicy\/#breadcrumb","itemListElement":[{"@type":"ListItem","position":1,"name":"Home","item":"https:\/\/www.skargaarden.com\/sv\/"},{"@type":"ListItem","position":2,"name":"Retur- och \u00e5terbetalningspolicy"}]},{"@type":"WebSite","@id":"https:\/\/www.skargaarden.com\/sv\/#website","url":"https:\/\/www.skargaarden.com\/sv\/","name":"SKARGAARDEN","description":"Scandinavian Outdoor Design","publisher":{"@id":"https:\/\/www.skargaarden.com\/sv\/#organization"},"potentialAction":[{"@type":"SearchAction","target":{"@type":"EntryPoint","urlTemplate":"https:\/\/www.skargaarden.com\/sv\/?s={search_term_string}"},"query-input":"required name=search_term_string"}],"inLanguage":"sv-SE"},{"@type":"Organization","@id":"https:\/\/www.skargaarden.com\/sv\/#organization","name":"SKARGAARDEN","url":"https:\/\/www.skargaarden.com\/sv\/","logo":{"@type":"ImageObject","inLanguage":"sv-SE","@id":"https:\/\/www.skargaarden.com\/sv\/#\/schema\/logo\/image\/","url":"https:\/\/www.skargaarden.com\/wp-content\/uploads\/2024\/03\/skargaardenlogo-1.png","contentUrl":"https:\/\/www.skargaarden.com\/wp-content\/uploads\/2024\/03\/skargaardenlogo-1.png","width":999,"height":141,"caption":"SKARGAARDEN"},"image":{"@id":"https:\/\/www.skargaarden.com\/sv\/#\/schema\/logo\/image\/"},"sameAs":["https:\/\/www.facebook.com\/skargaarden","https:\/\/www.instagram.com\/skargaarden\/","https:\/\/www.pinterest.se\/skargaarden\/"]}]}},"_links":{"self":[{"href":"https:\/\/www.skargaarden.com\/sv\/wp-json\/wp\/v2\/pages\/18525"}],"collection":[{"href":"https:\/\/www.skargaarden.com\/sv\/wp-json\/wp\/v2\/pages"}],"about":[{"href":"https:\/\/www.skargaarden.com\/sv\/wp-json\/wp\/v2\/types\/page"}],"author":[{"embeddable":true,"href":"https:\/\/www.skargaarden.com\/sv\/wp-json\/wp\/v2\/users\/188"}],"replies":[{"embeddable":true,"href":"https:\/\/www.skargaarden.com\/sv\/wp-json\/wp\/v2\/comments?post=18525"}],"version-history":[{"count":0,"href":"https:\/\/www.skargaarden.com\/sv\/wp-json\/wp\/v2\/pages\/18525\/revisions"}],"wp:featuredmedia":[{"embeddable":true,"href":"https:\/\/www.skargaarden.com\/sv\/wp-json\/wp\/v2\/media\/13057"}],"wp:attachment":[{"href":"https:\/\/www.skargaarden.com\/sv\/wp-json\/wp\/v2\/media?parent=18525"}],"curies":[{"name":"wp","href":"https:\/\/api.w.org\/{rel}","templated":true}]}}