{"id":15588,"date":"2022-02-23T14:07:35","date_gmt":"2022-02-23T13:07:35","guid":{"rendered":"https:\/\/www.skargaarden.com\/hallnbarhet\/"},"modified":"2022-03-11T10:00:03","modified_gmt":"2022-03-11T09:00:03","slug":"hallbarhet","status":"publish","type":"page","link":"https:\/\/www.skargaarden.com\/sv\/hallbarhet\/","title":{"rendered":"H\u00e5llbarhet"},"content":{"rendered":"<p>H\u00c5LLBARHET<\/p>\n<p><span lang=\"EN-US\">F\u00f6r oss \u00e4r h\u00e5llbarhet just h\u00e5llbarhet, i ordets r\u00e4tta bem\u00e4rkelse.Det som \u00e4r h\u00e5llbart, \u00e4r det som h\u00e5ller l\u00e4nge helt enkelt. Det handlar om produkter som \u00e4r byggda och utformade f\u00f6r att finnas kvar under en l\u00e5ng tid. Med en kvalitet som ocks\u00e5 den h\u00e5ller i l\u00e4ngden.\u00a0<\/span><\/p>\n<p><span lang=\"EN-US\">Vi tillverkar v\u00e5ra m\u00f6bler av material som kan anv\u00e4ndas utomhus \u00e5ret runt. Trots att v\u00e4dret kan vara allt annat \u00e4n g\u00e4stv\u00e4nligt. (Vi kommer fr\u00e5n norra Sverige s\u00e5 vi k\u00e4nner till og\u00e4stv\u00e4nligt v\u00e4der alltf\u00f6r v\u00e4l.) Ge naturens makter tillr\u00e4ckligt med tid och de kommer att polera vassa klippor tills de blir till mjuka stenar. Men \u00e4ven om v\u00e5ra m\u00f6bler kan st\u00e5 utomhus \u00e5ret runt s\u00e5 kan de beh\u00f6va lite hj\u00e4lp p\u00e5 v\u00e4gen. \u00c5tminstone om du vill att de ska kunna \u00e4rvas av n\u00e4sta generation, och den efter den. <\/span><\/p>\n<p><span lang=\"EN-US\">Teak, rostfritt st\u00e5l, galvaniserat st\u00e5l och aluminium \u00e4r material som fungerar bra f\u00f6r utomhusbruk. Det \u00e4r d\u00e4rf\u00f6r vi anv\u00e4nder dem. Dessutom l\u00e4gger vi stort fokus p\u00e5 textilierna, och vi anv\u00e4nder bara tyger som har en h\u00f6g f\u00e4rgbest\u00e4ndighet, vilket inneb\u00e4r att tygerna inte bleknar i sol och regn.<\/span><\/p>\n<p>&nbsp;<\/p>\n<p><span lang=\"EN-US\">DESIGN KONTRA H\u00c5LLBARHET<\/span><\/p>\n<p><span lang=\"EN-US\">Vi skapar m\u00f6bler avsedda att klara tidens tand. Det \u00e4r stor skillnad mellan att ta fram en inomhussoffa och att ta fram en soffa som kan st\u00e4llas i tr\u00e4dg\u00e5rden och sedan l\u00e4mnas d\u00e4r. Vi t\u00e4nker p\u00e5 h\u00e5llbarheten och den l\u00e5ngsiktiga aspekten av designen redan vid den f\u00f6rsta skissen, eller till och med den f\u00f6rsta id\u00e9n.<\/span><\/p>\n<p><span lang=\"EN-US\">Soffan ska vara robust och samtidigt kr\u00e4va s\u00e5 lite underh\u00e5ll som m\u00f6jligt, helst inget alls. <\/span><\/p>\n<p><span lang=\"EN-US\">Det inneb\u00e4r att det inte finns utrymme f\u00f6r n\u00e5gra kompromisser eller genv\u00e4gar. Att n\u00e5 en specifik designvision och samtidigt skapa n\u00e5got som verkligen kommer att h\u00e5lla, det \u00e4r inte enkelt. Det kr\u00e4ver mycket arbete. Men resultatet blir en produkt som \u00e4r en l\u00e5ngsiktig investering, snarare \u00e4n ett enkelt ink\u00f6p. <\/span><\/p>\n<p>&nbsp;<\/p>\n<p><span lang=\"EN-US\">MILJ\u00d6M\u00c4RKNING OCH KVALITETSCERTIFIERINGAR<\/span><\/p>\n<p><span lang=\"EN-US\">Vi utv\u00e4rderar kontinuerligt f\u00f6r att se vad som \u00e4r den b\u00e4sta l\u00f6sningen f\u00f6r varje produkt i v\u00e5rt sortiment. V\u00e5rt m\u00e5l \u00e4r att alla v\u00e5ra produkter ska vara milj\u00f6m\u00e4rkta inom en snar framtid.<\/span><\/p>\n","protected":false},"excerpt":{"rendered":"<p>H\u00c5LLBARHET F\u00f6r oss \u00e4r h\u00e5llbarhet just h\u00e5llbarhet, i ordets r\u00e4tta bem\u00e4rkelse.Det som \u00e4r h\u00e5llbart, \u00e4r det som h\u00e5ller l\u00e4nge helt enkelt. Det handlar om produkter som \u00e4r byggda och utformade f\u00f6r att finnas kvar under en l\u00e5ng tid. Med en kvalitet som ocks\u00e5 den h\u00e5ller i l\u00e4ngden.\u00a0 Vi tillverkar v\u00e5ra m\u00f6bler av material som kan [&hellip;]<\/p>\n","protected":false},"author":6,"featured_media":12898,"parent":0,"menu_order":0,"comment_status":"closed","ping_status":"closed","template":"","meta":{"_acf_changed":false,"footnotes":""},"acf":[],"yoast_head":"<!-- This site is optimized with the Yoast SEO plugin v22.2 - https:\/\/yoast.com\/wordpress\/plugins\/seo\/ -->\n<title>H\u00e5llbarhet - SKARGAARDEN<\/title>\n<meta name=\"robots\" content=\"index, follow, max-snippet:-1, max-image-preview:large, max-video-preview:-1\" \/>\n<link rel=\"canonical\" href=\"https:\/\/www.skargaarden.com\/sv\/hallbarhet\/\" \/>\n<meta property=\"og:locale\" content=\"sv_SE\" \/>\n<meta property=\"og:type\" content=\"article\" \/>\n<meta property=\"og:title\" content=\"H\u00e5llbarhet - SKARGAARDEN\" \/>\n<meta property=\"og:description\" content=\"H\u00c5LLBARHET F\u00f6r oss \u00e4r h\u00e5llbarhet just h\u00e5llbarhet, i ordets r\u00e4tta bem\u00e4rkelse.Det som \u00e4r h\u00e5llbart, \u00e4r det som h\u00e5ller l\u00e4nge helt enkelt. Det handlar om produkter som \u00e4r byggda och utformade f\u00f6r att finnas kvar under en l\u00e5ng tid. Med en kvalitet som ocks\u00e5 den h\u00e5ller i l\u00e4ngden.\u00a0 Vi tillverkar v\u00e5ra m\u00f6bler av material som kan [&hellip;]\" \/>\n<meta property=\"og:url\" content=\"https:\/\/www.skargaarden.com\/sv\/hallbarhet\/\" \/>\n<meta property=\"og:site_name\" content=\"SKARGAARDEN\" \/>\n<meta property=\"article:publisher\" content=\"https:\/\/www.facebook.com\/skargaarden\" \/>\n<meta property=\"article:modified_time\" content=\"2022-03-11T09:00:03+00:00\" \/>\n<meta property=\"og:image\" content=\"https:\/\/www.skargaarden.com\/wp-content\/uploads\/2021\/02\/Djuro_teak_white_photo_johan_carlson_13-1200x694.jpg\" \/>\n\t<meta property=\"og:image:width\" content=\"1200\" \/>\n\t<meta property=\"og:image:height\" content=\"694\" \/>\n\t<meta property=\"og:image:type\" content=\"image\/jpeg\" \/>\n<meta name=\"twitter:card\" content=\"summary_large_image\" \/>\n<meta name=\"twitter:label1\" content=\"Ber\u00e4knad l\u00e4stid\" \/>\n\t<meta name=\"twitter:data1\" content=\"2 minuter\" \/>\n<script type=\"application\/ld+json\" class=\"yoast-schema-graph\">{\"@context\":\"https:\/\/schema.org\",\"@graph\":[{\"@type\":\"WebPage\",\"@id\":\"https:\/\/www.skargaarden.com\/sv\/hallbarhet\/\",\"url\":\"https:\/\/www.skargaarden.com\/sv\/hallbarhet\/\",\"name\":\"H\u00e5llbarhet - SKARGAARDEN\",\"isPartOf\":{\"@id\":\"https:\/\/www.skargaarden.com\/sv\/#website\"},\"primaryImageOfPage\":{\"@id\":\"https:\/\/www.skargaarden.com\/sv\/hallbarhet\/#primaryimage\"},\"image\":{\"@id\":\"https:\/\/www.skargaarden.com\/sv\/hallbarhet\/#primaryimage\"},\"thumbnailUrl\":\"https:\/\/www.skargaarden.com\/wp-content\/uploads\/2021\/02\/Djuro_teak_white_photo_johan_carlson_13.jpg\",\"datePublished\":\"2022-02-23T13:07:35+00:00\",\"dateModified\":\"2022-03-11T09:00:03+00:00\",\"breadcrumb\":{\"@id\":\"https:\/\/www.skargaarden.com\/sv\/hallbarhet\/#breadcrumb\"},\"inLanguage\":\"sv-SE\",\"potentialAction\":[{\"@type\":\"ReadAction\",\"target\":[\"https:\/\/www.skargaarden.com\/sv\/hallbarhet\/\"]}]},{\"@type\":\"ImageObject\",\"inLanguage\":\"sv-SE\",\"@id\":\"https:\/\/www.skargaarden.com\/sv\/hallbarhet\/#primaryimage\",\"url\":\"https:\/\/www.skargaarden.com\/wp-content\/uploads\/2021\/02\/Djuro_teak_white_photo_johan_carlson_13.jpg\",\"contentUrl\":\"https:\/\/www.skargaarden.com\/wp-content\/uploads\/2021\/02\/Djuro_teak_white_photo_johan_carlson_13.jpg\",\"width\":2000,\"height\":1156},{\"@type\":\"BreadcrumbList\",\"@id\":\"https:\/\/www.skargaarden.com\/sv\/hallbarhet\/#breadcrumb\",\"itemListElement\":[{\"@type\":\"ListItem\",\"position\":1,\"name\":\"Home\",\"item\":\"https:\/\/www.skargaarden.com\/sv\/\"},{\"@type\":\"ListItem\",\"position\":2,\"name\":\"H\u00e5llbarhet\"}]},{\"@type\":\"WebSite\",\"@id\":\"https:\/\/www.skargaarden.com\/sv\/#website\",\"url\":\"https:\/\/www.skargaarden.com\/sv\/\",\"name\":\"SKARGAARDEN\",\"description\":\"Scandinavian Outdoor Design\",\"publisher\":{\"@id\":\"https:\/\/www.skargaarden.com\/sv\/#organization\"},\"potentialAction\":[{\"@type\":\"SearchAction\",\"target\":{\"@type\":\"EntryPoint\",\"urlTemplate\":\"https:\/\/www.skargaarden.com\/sv\/?s={search_term_string}\"},\"query-input\":\"required name=search_term_string\"}],\"inLanguage\":\"sv-SE\"},{\"@type\":\"Organization\",\"@id\":\"https:\/\/www.skargaarden.com\/sv\/#organization\",\"name\":\"SKARGAARDEN\",\"url\":\"https:\/\/www.skargaarden.com\/sv\/\",\"logo\":{\"@type\":\"ImageObject\",\"inLanguage\":\"sv-SE\",\"@id\":\"https:\/\/www.skargaarden.com\/sv\/#\/schema\/logo\/image\/\",\"url\":\"https:\/\/www.skargaarden.com\/wp-content\/uploads\/2024\/03\/skargaardenlogo-1.png\",\"contentUrl\":\"https:\/\/www.skargaarden.com\/wp-content\/uploads\/2024\/03\/skargaardenlogo-1.png\",\"width\":999,\"height\":141,\"caption\":\"SKARGAARDEN\"},\"image\":{\"@id\":\"https:\/\/www.skargaarden.com\/sv\/#\/schema\/logo\/image\/\"},\"sameAs\":[\"https:\/\/www.facebook.com\/skargaarden\",\"https:\/\/www.instagram.com\/skargaarden\/\",\"https:\/\/www.pinterest.se\/skargaarden\/\"]}]}<\/script>\n<!-- \/ Yoast SEO plugin. -->","yoast_head_json":{"title":"H\u00e5llbarhet - SKARGAARDEN","robots":{"index":"index","follow":"follow","max-snippet":"max-snippet:-1","max-image-preview":"max-image-preview:large","max-video-preview":"max-video-preview:-1"},"canonical":"https:\/\/www.skargaarden.com\/sv\/hallbarhet\/","og_locale":"sv_SE","og_type":"article","og_title":"H\u00e5llbarhet - SKARGAARDEN","og_description":"H\u00c5LLBARHET F\u00f6r oss \u00e4r h\u00e5llbarhet just h\u00e5llbarhet, i ordets r\u00e4tta bem\u00e4rkelse.Det som \u00e4r h\u00e5llbart, \u00e4r det som h\u00e5ller l\u00e4nge helt enkelt. Det handlar om produkter som \u00e4r byggda och utformade f\u00f6r att finnas kvar under en l\u00e5ng tid. Med en kvalitet som ocks\u00e5 den h\u00e5ller i l\u00e4ngden.\u00a0 Vi tillverkar v\u00e5ra m\u00f6bler av material som kan [&hellip;]","og_url":"https:\/\/www.skargaarden.com\/sv\/hallbarhet\/","og_site_name":"SKARGAARDEN","article_publisher":"https:\/\/www.facebook.com\/skargaarden","article_modified_time":"2022-03-11T09:00:03+00:00","og_image":[{"width":1200,"height":694,"url":"https:\/\/www.skargaarden.com\/wp-content\/uploads\/2021\/02\/Djuro_teak_white_photo_johan_carlson_13-1200x694.jpg","type":"image\/jpeg"}],"twitter_card":"summary_large_image","twitter_misc":{"Ber\u00e4knad l\u00e4stid":"2 minuter"},"schema":{"@context":"https:\/\/schema.org","@graph":[{"@type":"WebPage","@id":"https:\/\/www.skargaarden.com\/sv\/hallbarhet\/","url":"https:\/\/www.skargaarden.com\/sv\/hallbarhet\/","name":"H\u00e5llbarhet - SKARGAARDEN","isPartOf":{"@id":"https:\/\/www.skargaarden.com\/sv\/#website"},"primaryImageOfPage":{"@id":"https:\/\/www.skargaarden.com\/sv\/hallbarhet\/#primaryimage"},"image":{"@id":"https:\/\/www.skargaarden.com\/sv\/hallbarhet\/#primaryimage"},"thumbnailUrl":"https:\/\/www.skargaarden.com\/wp-content\/uploads\/2021\/02\/Djuro_teak_white_photo_johan_carlson_13.jpg","datePublished":"2022-02-23T13:07:35+00:00","dateModified":"2022-03-11T09:00:03+00:00","breadcrumb":{"@id":"https:\/\/www.skargaarden.com\/sv\/hallbarhet\/#breadcrumb"},"inLanguage":"sv-SE","potentialAction":[{"@type":"ReadAction","target":["https:\/\/www.skargaarden.com\/sv\/hallbarhet\/"]}]},{"@type":"ImageObject","inLanguage":"sv-SE","@id":"https:\/\/www.skargaarden.com\/sv\/hallbarhet\/#primaryimage","url":"https:\/\/www.skargaarden.com\/wp-content\/uploads\/2021\/02\/Djuro_teak_white_photo_johan_carlson_13.jpg","contentUrl":"https:\/\/www.skargaarden.com\/wp-content\/uploads\/2021\/02\/Djuro_teak_white_photo_johan_carlson_13.jpg","width":2000,"height":1156},{"@type":"BreadcrumbList","@id":"https:\/\/www.skargaarden.com\/sv\/hallbarhet\/#breadcrumb","itemListElement":[{"@type":"ListItem","position":1,"name":"Home","item":"https:\/\/www.skargaarden.com\/sv\/"},{"@type":"ListItem","position":2,"name":"H\u00e5llbarhet"}]},{"@type":"WebSite","@id":"https:\/\/www.skargaarden.com\/sv\/#website","url":"https:\/\/www.skargaarden.com\/sv\/","name":"SKARGAARDEN","description":"Scandinavian Outdoor Design","publisher":{"@id":"https:\/\/www.skargaarden.com\/sv\/#organization"},"potentialAction":[{"@type":"SearchAction","target":{"@type":"EntryPoint","urlTemplate":"https:\/\/www.skargaarden.com\/sv\/?s={search_term_string}"},"query-input":"required name=search_term_string"}],"inLanguage":"sv-SE"},{"@type":"Organization","@id":"https:\/\/www.skargaarden.com\/sv\/#organization","name":"SKARGAARDEN","url":"https:\/\/www.skargaarden.com\/sv\/","logo":{"@type":"ImageObject","inLanguage":"sv-SE","@id":"https:\/\/www.skargaarden.com\/sv\/#\/schema\/logo\/image\/","url":"https:\/\/www.skargaarden.com\/wp-content\/uploads\/2024\/03\/skargaardenlogo-1.png","contentUrl":"https:\/\/www.skargaarden.com\/wp-content\/uploads\/2024\/03\/skargaardenlogo-1.png","width":999,"height":141,"caption":"SKARGAARDEN"},"image":{"@id":"https:\/\/www.skargaarden.com\/sv\/#\/schema\/logo\/image\/"},"sameAs":["https:\/\/www.facebook.com\/skargaarden","https:\/\/www.instagram.com\/skargaarden\/","https:\/\/www.pinterest.se\/skargaarden\/"]}]}},"_links":{"self":[{"href":"https:\/\/www.skargaarden.com\/sv\/wp-json\/wp\/v2\/pages\/15588"}],"collection":[{"href":"https:\/\/www.skargaarden.com\/sv\/wp-json\/wp\/v2\/pages"}],"about":[{"href":"https:\/\/www.skargaarden.com\/sv\/wp-json\/wp\/v2\/types\/page"}],"author":[{"embeddable":true,"href":"https:\/\/www.skargaarden.com\/sv\/wp-json\/wp\/v2\/users\/6"}],"replies":[{"embeddable":true,"href":"https:\/\/www.skargaarden.com\/sv\/wp-json\/wp\/v2\/comments?post=15588"}],"version-history":[{"count":3,"href":"https:\/\/www.skargaarden.com\/sv\/wp-json\/wp\/v2\/pages\/15588\/revisions"}],"predecessor-version":[{"id":15691,"href":"https:\/\/www.skargaarden.com\/sv\/wp-json\/wp\/v2\/pages\/15588\/revisions\/15691"}],"wp:featuredmedia":[{"embeddable":true,"href":"https:\/\/www.skargaarden.com\/sv\/wp-json\/wp\/v2\/media\/12898"}],"wp:attachment":[{"href":"https:\/\/www.skargaarden.com\/sv\/wp-json\/wp\/v2\/media?parent=15588"}],"curies":[{"name":"wp","href":"https:\/\/api.w.org\/{rel}","templated":true}]}}