{"id":20452,"date":"2024-07-30T07:52:01","date_gmt":"2024-07-30T05:58:00","guid":{"rendered":"https:\/\/www.skargaarden.com\/?post_type=product&#038;p=20452"},"modified":"2025-11-03T10:21:15","modified_gmt":"2025-11-03T09:21:15","slug":"havnso-vaso-ovalado","status":"publish","type":"product","link":"https:\/\/www.skargaarden.com\/es\/product\/havnso-vaso-ovalado\/","title":{"rendered":"Havns\u00f8 vaso ovalado"},"content":{"rendered":"<p>El jarr\u00f3n ovalado Havns\u00f8 es una artesan\u00eda experta, torneada en una hermosa arcilla en bruto.<\/p>\n","protected":false},"excerpt":{"rendered":"<p>El jarr\u00f3n ovalado Havns\u00f8 es una artesan\u00eda experta, torneada en una hermosa arcilla en bruto.<\/p>\n","protected":false},"featured_media":0,"template":"","meta":{"_acf_changed":false},"product_cat":[156],"product_tag":[],"acf":[],"yoast_head":"<!-- This site is optimized with the Yoast SEO plugin v22.2 - https:\/\/yoast.com\/wordpress\/plugins\/seo\/ -->\n<title>Havns\u00f8 vaso ovalado - SKARGAARDEN<\/title>\n<meta name=\"robots\" content=\"index, follow, max-snippet:-1, max-image-preview:large, max-video-preview:-1\" \/>\n<link rel=\"canonical\" href=\"https:\/\/www.skargaarden.com\/es\/product\/havnso-vaso-ovalado\/\" \/>\n<meta property=\"og:locale\" content=\"es_ES\" \/>\n<meta property=\"og:type\" content=\"article\" \/>\n<meta property=\"og:title\" content=\"Havns\u00f8 vaso ovalado - SKARGAARDEN\" \/>\n<meta property=\"og:description\" content=\"El jarr\u00f3n ovalado Havns\u00f8 es una artesan\u00eda experta, torneada en una hermosa arcilla en bruto.\" \/>\n<meta property=\"og:url\" content=\"https:\/\/www.skargaarden.com\/es\/product\/havnso-vaso-ovalado\/\" \/>\n<meta property=\"og:site_name\" content=\"SKARGAARDEN\" \/>\n<meta property=\"article:publisher\" content=\"https:\/\/www.facebook.com\/skargaarden\" \/>\n<meta property=\"article:modified_time\" content=\"2025-11-03T09:21:15+00:00\" \/>\n<meta name=\"twitter:card\" content=\"summary_large_image\" \/>\n<meta name=\"twitter:label1\" content=\"Tiempo de lectura\" \/>\n\t<meta name=\"twitter:data1\" content=\"1 minuto\" \/>\n<script type=\"application\/ld+json\" class=\"yoast-schema-graph\">{\"@context\":\"https:\/\/schema.org\",\"@graph\":[{\"@type\":\"WebPage\",\"@id\":\"https:\/\/www.skargaarden.com\/es\/product\/havnso-vaso-ovalado\/\",\"url\":\"https:\/\/www.skargaarden.com\/es\/product\/havnso-vaso-ovalado\/\",\"name\":\"Havns\u00f8 vaso ovalado - SKARGAARDEN\",\"isPartOf\":{\"@id\":\"https:\/\/www.skargaarden.com\/es\/#website\"},\"datePublished\":\"2024-07-30T05:58:00+00:00\",\"dateModified\":\"2025-11-03T09:21:15+00:00\",\"breadcrumb\":{\"@id\":\"https:\/\/www.skargaarden.com\/es\/product\/havnso-vaso-ovalado\/#breadcrumb\"},\"inLanguage\":\"es\",\"potentialAction\":[{\"@type\":\"ReadAction\",\"target\":[\"https:\/\/www.skargaarden.com\/es\/product\/havnso-vaso-ovalado\/\"]}]},{\"@type\":\"BreadcrumbList\",\"@id\":\"https:\/\/www.skargaarden.com\/es\/product\/havnso-vaso-ovalado\/#breadcrumb\",\"itemListElement\":[{\"@type\":\"ListItem\",\"position\":1,\"name\":\"Home\",\"item\":\"https:\/\/www.skargaarden.com\/es\/\"},{\"@type\":\"ListItem\",\"position\":2,\"name\":\"Productos\",\"item\":\"https:\/\/www.skargaarden.com\/es\/productos\/\"},{\"@type\":\"ListItem\",\"position\":3,\"name\":\"Havns\u00f8 vaso ovalado\"}]},{\"@type\":\"WebSite\",\"@id\":\"https:\/\/www.skargaarden.com\/es\/#website\",\"url\":\"https:\/\/www.skargaarden.com\/es\/\",\"name\":\"SKARGAARDEN\",\"description\":\"Scandinavian Outdoor Design\",\"publisher\":{\"@id\":\"https:\/\/www.skargaarden.com\/es\/#organization\"},\"potentialAction\":[{\"@type\":\"SearchAction\",\"target\":{\"@type\":\"EntryPoint\",\"urlTemplate\":\"https:\/\/www.skargaarden.com\/es\/?s={search_term_string}\"},\"query-input\":\"required name=search_term_string\"}],\"inLanguage\":\"es\"},{\"@type\":\"Organization\",\"@id\":\"https:\/\/www.skargaarden.com\/es\/#organization\",\"name\":\"SKARGAARDEN\",\"url\":\"https:\/\/www.skargaarden.com\/es\/\",\"logo\":{\"@type\":\"ImageObject\",\"inLanguage\":\"es\",\"@id\":\"https:\/\/www.skargaarden.com\/es\/#\/schema\/logo\/image\/\",\"url\":\"https:\/\/www.skargaarden.com\/wp-content\/uploads\/2024\/03\/skargaardenlogo-1.png\",\"contentUrl\":\"https:\/\/www.skargaarden.com\/wp-content\/uploads\/2024\/03\/skargaardenlogo-1.png\",\"width\":999,\"height\":141,\"caption\":\"SKARGAARDEN\"},\"image\":{\"@id\":\"https:\/\/www.skargaarden.com\/es\/#\/schema\/logo\/image\/\"},\"sameAs\":[\"https:\/\/www.facebook.com\/skargaarden\",\"https:\/\/www.instagram.com\/skargaarden\/\",\"https:\/\/www.pinterest.se\/skargaarden\/\"]}]}<\/script>\n<!-- \/ Yoast SEO plugin. -->","yoast_head_json":{"title":"Havns\u00f8 vaso ovalado - SKARGAARDEN","robots":{"index":"index","follow":"follow","max-snippet":"max-snippet:-1","max-image-preview":"max-image-preview:large","max-video-preview":"max-video-preview:-1"},"canonical":"https:\/\/www.skargaarden.com\/es\/product\/havnso-vaso-ovalado\/","og_locale":"es_ES","og_type":"article","og_title":"Havns\u00f8 vaso ovalado - SKARGAARDEN","og_description":"El jarr\u00f3n ovalado Havns\u00f8 es una artesan\u00eda experta, torneada en una hermosa arcilla en bruto.","og_url":"https:\/\/www.skargaarden.com\/es\/product\/havnso-vaso-ovalado\/","og_site_name":"SKARGAARDEN","article_publisher":"https:\/\/www.facebook.com\/skargaarden","article_modified_time":"2025-11-03T09:21:15+00:00","twitter_card":"summary_large_image","twitter_misc":{"Tiempo de lectura":"1 minuto"},"schema":{"@context":"https:\/\/schema.org","@graph":[{"@type":"WebPage","@id":"https:\/\/www.skargaarden.com\/es\/product\/havnso-vaso-ovalado\/","url":"https:\/\/www.skargaarden.com\/es\/product\/havnso-vaso-ovalado\/","name":"Havns\u00f8 vaso ovalado - SKARGAARDEN","isPartOf":{"@id":"https:\/\/www.skargaarden.com\/es\/#website"},"datePublished":"2024-07-30T05:58:00+00:00","dateModified":"2025-11-03T09:21:15+00:00","breadcrumb":{"@id":"https:\/\/www.skargaarden.com\/es\/product\/havnso-vaso-ovalado\/#breadcrumb"},"inLanguage":"es","potentialAction":[{"@type":"ReadAction","target":["https:\/\/www.skargaarden.com\/es\/product\/havnso-vaso-ovalado\/"]}]},{"@type":"BreadcrumbList","@id":"https:\/\/www.skargaarden.com\/es\/product\/havnso-vaso-ovalado\/#breadcrumb","itemListElement":[{"@type":"ListItem","position":1,"name":"Home","item":"https:\/\/www.skargaarden.com\/es\/"},{"@type":"ListItem","position":2,"name":"Productos","item":"https:\/\/www.skargaarden.com\/es\/productos\/"},{"@type":"ListItem","position":3,"name":"Havns\u00f8 vaso ovalado"}]},{"@type":"WebSite","@id":"https:\/\/www.skargaarden.com\/es\/#website","url":"https:\/\/www.skargaarden.com\/es\/","name":"SKARGAARDEN","description":"Scandinavian Outdoor Design","publisher":{"@id":"https:\/\/www.skargaarden.com\/es\/#organization"},"potentialAction":[{"@type":"SearchAction","target":{"@type":"EntryPoint","urlTemplate":"https:\/\/www.skargaarden.com\/es\/?s={search_term_string}"},"query-input":"required name=search_term_string"}],"inLanguage":"es"},{"@type":"Organization","@id":"https:\/\/www.skargaarden.com\/es\/#organization","name":"SKARGAARDEN","url":"https:\/\/www.skargaarden.com\/es\/","logo":{"@type":"ImageObject","inLanguage":"es","@id":"https:\/\/www.skargaarden.com\/es\/#\/schema\/logo\/image\/","url":"https:\/\/www.skargaarden.com\/wp-content\/uploads\/2024\/03\/skargaardenlogo-1.png","contentUrl":"https:\/\/www.skargaarden.com\/wp-content\/uploads\/2024\/03\/skargaardenlogo-1.png","width":999,"height":141,"caption":"SKARGAARDEN"},"image":{"@id":"https:\/\/www.skargaarden.com\/es\/#\/schema\/logo\/image\/"},"sameAs":["https:\/\/www.facebook.com\/skargaarden","https:\/\/www.instagram.com\/skargaarden\/","https:\/\/www.pinterest.se\/skargaarden\/"]}]}},"_links":{"self":[{"href":"https:\/\/www.skargaarden.com\/es\/wp-json\/wp\/v2\/product\/20452"}],"collection":[{"href":"https:\/\/www.skargaarden.com\/es\/wp-json\/wp\/v2\/product"}],"about":[{"href":"https:\/\/www.skargaarden.com\/es\/wp-json\/wp\/v2\/types\/product"}],"wp:attachment":[{"href":"https:\/\/www.skargaarden.com\/es\/wp-json\/wp\/v2\/media?parent=20452"}],"wp:term":[{"taxonomy":"product_cat","embeddable":true,"href":"https:\/\/www.skargaarden.com\/es\/wp-json\/wp\/v2\/product_cat?post=20452"},{"taxonomy":"product_tag","embeddable":true,"href":"https:\/\/www.skargaarden.com\/es\/wp-json\/wp\/v2\/product_tag?post=20452"}],"curies":[{"name":"wp","href":"https:\/\/api.w.org\/{rel}","templated":true}]}}