{"id":17742,"date":"2020-11-23T15:51:32","date_gmt":"2022-11-14T10:34:31","guid":{"rendered":"https:\/\/www.skargaarden.com\/products\/sin categor\u00eda\/rincon-del-sofa-asker\/"},"modified":"2025-12-05T15:09:57","modified_gmt":"2025-12-05T14:09:57","slug":"asker-sofa-corner-2","status":"publish","type":"product","link":"https:\/\/www.skargaarden.com\/es\/product\/asker-sofa-corner-2\/","title":{"rendered":"Rinc\u00f3n del sof\u00e1 Asker"},"content":{"rendered":"<p>Este Sof\u00e1 Corner Asker forma parte de una gama de sof\u00e1s de caja, para aquellos que disfrutan m\u00e1s del relax que del mantenimiento. Cuenta con una estructura de aluminio oculta bajo generosos cojines de espuma QuickDry, cubiertos con telas Sunbrella. Los cojines est\u00e1n disponibles en dos colores: sling gris claro y sling beige topo.<\/p>\n","protected":false},"excerpt":{"rendered":"<p>Este Sof\u00e1 Corner Asker forma parte de una gama de sof\u00e1s de caja, para aquellos que disfrutan m\u00e1s del relax que del mantenimiento. Cuenta con una estructura de aluminio oculta bajo generosos cojines de espuma QuickDry, cubiertos con telas Sunbrella. Los cojines est\u00e1n disponibles en dos colores: sling gris claro y sling beige topo.<\/p>\n","protected":false},"featured_media":0,"template":"","meta":{"_acf_changed":false},"product_cat":[155],"product_tag":[],"acf":[],"yoast_head":"<!-- This site is optimized with the Yoast SEO plugin v22.2 - https:\/\/yoast.com\/wordpress\/plugins\/seo\/ -->\n<title>Rinc\u00f3n del sof\u00e1 Asker - SKARGAARDEN<\/title>\n<meta name=\"description\" content=\"Este Sof\u00e1 Asker Secci\u00f3n de Esquina forma parte de una gama de sof\u00e1s tipo caja. Tiene una estructura de aluminio oculta bajo generosos cojines de Sunbrella.\" \/>\n<meta name=\"robots\" content=\"index, follow, max-snippet:-1, max-image-preview:large, max-video-preview:-1\" \/>\n<link rel=\"canonical\" href=\"https:\/\/www.skargaarden.com\/es\/product\/asker-sofa-corner-2\/\" \/>\n<meta property=\"og:locale\" content=\"es_ES\" \/>\n<meta property=\"og:type\" content=\"article\" \/>\n<meta property=\"og:title\" content=\"Rinc\u00f3n del sof\u00e1 Asker - SKARGAARDEN\" \/>\n<meta property=\"og:description\" content=\"Este Sof\u00e1 Asker Secci\u00f3n de Esquina forma parte de una gama de sof\u00e1s tipo caja. Tiene una estructura de aluminio oculta bajo generosos cojines de Sunbrella.\" \/>\n<meta property=\"og:url\" content=\"https:\/\/www.skargaarden.com\/es\/product\/asker-sofa-corner-2\/\" \/>\n<meta property=\"og:site_name\" content=\"SKARGAARDEN\" \/>\n<meta property=\"article:publisher\" content=\"https:\/\/www.facebook.com\/skargaarden\" \/>\n<meta property=\"article:modified_time\" content=\"2025-12-05T14:09:57+00:00\" \/>\n<meta name=\"twitter:card\" content=\"summary_large_image\" \/>\n<script type=\"application\/ld+json\" class=\"yoast-schema-graph\">{\"@context\":\"https:\/\/schema.org\",\"@graph\":[{\"@type\":\"WebPage\",\"@id\":\"https:\/\/www.skargaarden.com\/es\/product\/asker-sofa-corner-2\/\",\"url\":\"https:\/\/www.skargaarden.com\/es\/product\/asker-sofa-corner-2\/\",\"name\":\"Rinc\u00f3n del sof\u00e1 Asker - SKARGAARDEN\",\"isPartOf\":{\"@id\":\"https:\/\/www.skargaarden.com\/es\/#website\"},\"datePublished\":\"2022-11-14T10:34:31+00:00\",\"dateModified\":\"2025-12-05T14:09:57+00:00\",\"description\":\"Este Sof\u00e1 Asker Secci\u00f3n de Esquina forma parte de una gama de sof\u00e1s tipo caja. Tiene una estructura de aluminio oculta bajo generosos cojines de Sunbrella.\",\"breadcrumb\":{\"@id\":\"https:\/\/www.skargaarden.com\/es\/product\/asker-sofa-corner-2\/#breadcrumb\"},\"inLanguage\":\"es\",\"potentialAction\":[{\"@type\":\"ReadAction\",\"target\":[\"https:\/\/www.skargaarden.com\/es\/product\/asker-sofa-corner-2\/\"]}]},{\"@type\":\"BreadcrumbList\",\"@id\":\"https:\/\/www.skargaarden.com\/es\/product\/asker-sofa-corner-2\/#breadcrumb\",\"itemListElement\":[{\"@type\":\"ListItem\",\"position\":1,\"name\":\"Home\",\"item\":\"https:\/\/www.skargaarden.com\/es\/\"},{\"@type\":\"ListItem\",\"position\":2,\"name\":\"Productos\",\"item\":\"https:\/\/www.skargaarden.com\/es\/productos\/\"},{\"@type\":\"ListItem\",\"position\":3,\"name\":\"Rinc\u00f3n del sof\u00e1 Asker\"}]},{\"@type\":\"WebSite\",\"@id\":\"https:\/\/www.skargaarden.com\/es\/#website\",\"url\":\"https:\/\/www.skargaarden.com\/es\/\",\"name\":\"SKARGAARDEN\",\"description\":\"Scandinavian Outdoor Design\",\"publisher\":{\"@id\":\"https:\/\/www.skargaarden.com\/es\/#organization\"},\"potentialAction\":[{\"@type\":\"SearchAction\",\"target\":{\"@type\":\"EntryPoint\",\"urlTemplate\":\"https:\/\/www.skargaarden.com\/es\/?s={search_term_string}\"},\"query-input\":\"required name=search_term_string\"}],\"inLanguage\":\"es\"},{\"@type\":\"Organization\",\"@id\":\"https:\/\/www.skargaarden.com\/es\/#organization\",\"name\":\"SKARGAARDEN\",\"url\":\"https:\/\/www.skargaarden.com\/es\/\",\"logo\":{\"@type\":\"ImageObject\",\"inLanguage\":\"es\",\"@id\":\"https:\/\/www.skargaarden.com\/es\/#\/schema\/logo\/image\/\",\"url\":\"https:\/\/www.skargaarden.com\/wp-content\/uploads\/2024\/03\/skargaardenlogo-1.png\",\"contentUrl\":\"https:\/\/www.skargaarden.com\/wp-content\/uploads\/2024\/03\/skargaardenlogo-1.png\",\"width\":999,\"height\":141,\"caption\":\"SKARGAARDEN\"},\"image\":{\"@id\":\"https:\/\/www.skargaarden.com\/es\/#\/schema\/logo\/image\/\"},\"sameAs\":[\"https:\/\/www.facebook.com\/skargaarden\",\"https:\/\/www.instagram.com\/skargaarden\/\",\"https:\/\/www.pinterest.se\/skargaarden\/\"]}]}<\/script>\n<!-- \/ Yoast SEO plugin. -->","yoast_head_json":{"title":"Rinc\u00f3n del sof\u00e1 Asker - SKARGAARDEN","description":"Este Sof\u00e1 Asker Secci\u00f3n de Esquina forma parte de una gama de sof\u00e1s tipo caja. Tiene una estructura de aluminio oculta bajo generosos cojines de Sunbrella.","robots":{"index":"index","follow":"follow","max-snippet":"max-snippet:-1","max-image-preview":"max-image-preview:large","max-video-preview":"max-video-preview:-1"},"canonical":"https:\/\/www.skargaarden.com\/es\/product\/asker-sofa-corner-2\/","og_locale":"es_ES","og_type":"article","og_title":"Rinc\u00f3n del sof\u00e1 Asker - SKARGAARDEN","og_description":"Este Sof\u00e1 Asker Secci\u00f3n de Esquina forma parte de una gama de sof\u00e1s tipo caja. Tiene una estructura de aluminio oculta bajo generosos cojines de Sunbrella.","og_url":"https:\/\/www.skargaarden.com\/es\/product\/asker-sofa-corner-2\/","og_site_name":"SKARGAARDEN","article_publisher":"https:\/\/www.facebook.com\/skargaarden","article_modified_time":"2025-12-05T14:09:57+00:00","twitter_card":"summary_large_image","schema":{"@context":"https:\/\/schema.org","@graph":[{"@type":"WebPage","@id":"https:\/\/www.skargaarden.com\/es\/product\/asker-sofa-corner-2\/","url":"https:\/\/www.skargaarden.com\/es\/product\/asker-sofa-corner-2\/","name":"Rinc\u00f3n del sof\u00e1 Asker - SKARGAARDEN","isPartOf":{"@id":"https:\/\/www.skargaarden.com\/es\/#website"},"datePublished":"2022-11-14T10:34:31+00:00","dateModified":"2025-12-05T14:09:57+00:00","description":"Este Sof\u00e1 Asker Secci\u00f3n de Esquina forma parte de una gama de sof\u00e1s tipo caja. Tiene una estructura de aluminio oculta bajo generosos cojines de Sunbrella.","breadcrumb":{"@id":"https:\/\/www.skargaarden.com\/es\/product\/asker-sofa-corner-2\/#breadcrumb"},"inLanguage":"es","potentialAction":[{"@type":"ReadAction","target":["https:\/\/www.skargaarden.com\/es\/product\/asker-sofa-corner-2\/"]}]},{"@type":"BreadcrumbList","@id":"https:\/\/www.skargaarden.com\/es\/product\/asker-sofa-corner-2\/#breadcrumb","itemListElement":[{"@type":"ListItem","position":1,"name":"Home","item":"https:\/\/www.skargaarden.com\/es\/"},{"@type":"ListItem","position":2,"name":"Productos","item":"https:\/\/www.skargaarden.com\/es\/productos\/"},{"@type":"ListItem","position":3,"name":"Rinc\u00f3n del sof\u00e1 Asker"}]},{"@type":"WebSite","@id":"https:\/\/www.skargaarden.com\/es\/#website","url":"https:\/\/www.skargaarden.com\/es\/","name":"SKARGAARDEN","description":"Scandinavian Outdoor Design","publisher":{"@id":"https:\/\/www.skargaarden.com\/es\/#organization"},"potentialAction":[{"@type":"SearchAction","target":{"@type":"EntryPoint","urlTemplate":"https:\/\/www.skargaarden.com\/es\/?s={search_term_string}"},"query-input":"required name=search_term_string"}],"inLanguage":"es"},{"@type":"Organization","@id":"https:\/\/www.skargaarden.com\/es\/#organization","name":"SKARGAARDEN","url":"https:\/\/www.skargaarden.com\/es\/","logo":{"@type":"ImageObject","inLanguage":"es","@id":"https:\/\/www.skargaarden.com\/es\/#\/schema\/logo\/image\/","url":"https:\/\/www.skargaarden.com\/wp-content\/uploads\/2024\/03\/skargaardenlogo-1.png","contentUrl":"https:\/\/www.skargaarden.com\/wp-content\/uploads\/2024\/03\/skargaardenlogo-1.png","width":999,"height":141,"caption":"SKARGAARDEN"},"image":{"@id":"https:\/\/www.skargaarden.com\/es\/#\/schema\/logo\/image\/"},"sameAs":["https:\/\/www.facebook.com\/skargaarden","https:\/\/www.instagram.com\/skargaarden\/","https:\/\/www.pinterest.se\/skargaarden\/"]}]}},"_links":{"self":[{"href":"https:\/\/www.skargaarden.com\/es\/wp-json\/wp\/v2\/product\/17742"}],"collection":[{"href":"https:\/\/www.skargaarden.com\/es\/wp-json\/wp\/v2\/product"}],"about":[{"href":"https:\/\/www.skargaarden.com\/es\/wp-json\/wp\/v2\/types\/product"}],"wp:attachment":[{"href":"https:\/\/www.skargaarden.com\/es\/wp-json\/wp\/v2\/media?parent=17742"}],"wp:term":[{"taxonomy":"product_cat","embeddable":true,"href":"https:\/\/www.skargaarden.com\/es\/wp-json\/wp\/v2\/product_cat?post=17742"},{"taxonomy":"product_tag","embeddable":true,"href":"https:\/\/www.skargaarden.com\/es\/wp-json\/wp\/v2\/product_tag?post=17742"}],"curies":[{"name":"wp","href":"https:\/\/api.w.org\/{rel}","templated":true}]}}