{"id":17727,"date":"2020-11-23T15:51:47","date_gmt":"2022-11-14T10:32:14","guid":{"rendered":"https:\/\/www.skargaarden.com\/products\/sin%20categor\u00eda\/sofa-de-salon-bonan\/"},"modified":"2022-11-17T10:03:08","modified_gmt":"2022-11-17T09:03:08","slug":"bonan-lounge-sofa-2","status":"publish","type":"product","link":"https:\/\/www.skargaarden.com\/es\/product\/bonan-lounge-sofa-2\/","title":{"rendered":"Sof\u00e1 de sal\u00f3n B\u00f6nan"},"content":{"rendered":"<p>Este sof\u00e1 Lounge de B\u00f6nan forma parte de un ingenioso sistema de sof\u00e1s modulares, para su uso en exteriores durante todo el a\u00f1o. Los marcos son de aluminio con recubrimiento de polvo y est\u00e1n disponibles en dos colores: gris claro o gris oscuro. Los cojines est\u00e1n fabricados con telas de exterior rellenas de espuma Quickdry y est\u00e1n disponibles en tres telas diferentes: Sunbrella Sling gris claro, Nelen &amp; Delbeke de lino beige y Renaissance Heritage Ash gris claro.<\/p>\n<p class=\"p1\"><i>Gris claro Sunbrella Renaissance Heritage Ash 50 fibra reciclada.<\/i><\/p>\n<p class=\"p1\">\n","protected":false},"excerpt":{"rendered":"<p>Este sof\u00e1 Lounge de B\u00f6nan forma parte de un ingenioso sistema de sof\u00e1s modulares, para su uso en exteriores durante todo el a\u00f1o. Los marcos son de aluminio con recubrimiento de polvo y est\u00e1n disponibles en dos colores: gris claro o gris oscuro. Los cojines est\u00e1n fabricados con telas de exterior rellenas de espuma Quickdry [&hellip;]<\/p>\n","protected":false},"featured_media":0,"template":"","meta":{"_acf_changed":false},"product_cat":[155],"product_tag":[],"acf":[],"yoast_head":"<!-- This site is optimized with the Yoast SEO plugin v22.2 - https:\/\/yoast.com\/wordpress\/plugins\/seo\/ -->\n<title>Sof\u00e1 de sal\u00f3n B\u00f6nan - SKARGAARDEN<\/title>\n<meta name=\"description\" content=\"Este sof\u00e1 Lounge de B\u00f6nan forma parte de un ingenioso sistema de sof\u00e1s modulares, para su uso en exteriores durante todo el a\u00f1o. Los marcos est\u00e1n hechos de un marco de aluminio con recubrimiento de polvo.\" \/>\n<meta name=\"robots\" content=\"index, follow, max-snippet:-1, max-image-preview:large, max-video-preview:-1\" \/>\n<link rel=\"canonical\" href=\"https:\/\/www.skargaarden.com\/es\/product\/bonan-lounge-sofa-2\/\" \/>\n<meta property=\"og:locale\" content=\"es_ES\" \/>\n<meta property=\"og:type\" content=\"article\" \/>\n<meta property=\"og:title\" content=\"Sof\u00e1 de sal\u00f3n B\u00f6nan - SKARGAARDEN\" \/>\n<meta property=\"og:description\" content=\"Este sof\u00e1 Lounge de B\u00f6nan forma parte de un ingenioso sistema de sof\u00e1s modulares, para su uso en exteriores durante todo el a\u00f1o. Los marcos est\u00e1n hechos de un marco de aluminio con recubrimiento de polvo.\" \/>\n<meta property=\"og:url\" content=\"https:\/\/www.skargaarden.com\/es\/product\/bonan-lounge-sofa-2\/\" \/>\n<meta property=\"og:site_name\" content=\"SKARGAARDEN\" \/>\n<meta property=\"article:publisher\" content=\"https:\/\/www.facebook.com\/skargaarden\" \/>\n<meta property=\"article:modified_time\" content=\"2022-11-17T09:03:08+00:00\" \/>\n<meta name=\"twitter:card\" content=\"summary_large_image\" \/>\n<script type=\"application\/ld+json\" class=\"yoast-schema-graph\">{\"@context\":\"https:\/\/schema.org\",\"@graph\":[{\"@type\":\"WebPage\",\"@id\":\"https:\/\/www.skargaarden.com\/es\/product\/bonan-lounge-sofa-2\/\",\"url\":\"https:\/\/www.skargaarden.com\/es\/product\/bonan-lounge-sofa-2\/\",\"name\":\"Sof\u00e1 de sal\u00f3n B\u00f6nan - SKARGAARDEN\",\"isPartOf\":{\"@id\":\"https:\/\/www.skargaarden.com\/es\/#website\"},\"datePublished\":\"2022-11-14T10:32:14+00:00\",\"dateModified\":\"2022-11-17T09:03:08+00:00\",\"description\":\"Este sof\u00e1 Lounge de B\u00f6nan forma parte de un ingenioso sistema de sof\u00e1s modulares, para su uso en exteriores durante todo el a\u00f1o. Los marcos est\u00e1n hechos de un marco de aluminio con recubrimiento de polvo.\",\"breadcrumb\":{\"@id\":\"https:\/\/www.skargaarden.com\/es\/product\/bonan-lounge-sofa-2\/#breadcrumb\"},\"inLanguage\":\"es\",\"potentialAction\":[{\"@type\":\"ReadAction\",\"target\":[\"https:\/\/www.skargaarden.com\/es\/product\/bonan-lounge-sofa-2\/\"]}]},{\"@type\":\"BreadcrumbList\",\"@id\":\"https:\/\/www.skargaarden.com\/es\/product\/bonan-lounge-sofa-2\/#breadcrumb\",\"itemListElement\":[{\"@type\":\"ListItem\",\"position\":1,\"name\":\"Home\",\"item\":\"https:\/\/www.skargaarden.com\/es\/\"},{\"@type\":\"ListItem\",\"position\":2,\"name\":\"Productos\",\"item\":\"https:\/\/www.skargaarden.com\/es\/productos\/\"},{\"@type\":\"ListItem\",\"position\":3,\"name\":\"Sof\u00e1 de sal\u00f3n B\u00f6nan\"}]},{\"@type\":\"WebSite\",\"@id\":\"https:\/\/www.skargaarden.com\/es\/#website\",\"url\":\"https:\/\/www.skargaarden.com\/es\/\",\"name\":\"SKARGAARDEN\",\"description\":\"Scandinavian Outdoor Design\",\"publisher\":{\"@id\":\"https:\/\/www.skargaarden.com\/es\/#organization\"},\"potentialAction\":[{\"@type\":\"SearchAction\",\"target\":{\"@type\":\"EntryPoint\",\"urlTemplate\":\"https:\/\/www.skargaarden.com\/es\/?s={search_term_string}\"},\"query-input\":\"required name=search_term_string\"}],\"inLanguage\":\"es\"},{\"@type\":\"Organization\",\"@id\":\"https:\/\/www.skargaarden.com\/es\/#organization\",\"name\":\"SKARGAARDEN\",\"url\":\"https:\/\/www.skargaarden.com\/es\/\",\"logo\":{\"@type\":\"ImageObject\",\"inLanguage\":\"es\",\"@id\":\"https:\/\/www.skargaarden.com\/es\/#\/schema\/logo\/image\/\",\"url\":\"https:\/\/www.skargaarden.com\/wp-content\/uploads\/2024\/03\/skargaardenlogo-1.png\",\"contentUrl\":\"https:\/\/www.skargaarden.com\/wp-content\/uploads\/2024\/03\/skargaardenlogo-1.png\",\"width\":999,\"height\":141,\"caption\":\"SKARGAARDEN\"},\"image\":{\"@id\":\"https:\/\/www.skargaarden.com\/es\/#\/schema\/logo\/image\/\"},\"sameAs\":[\"https:\/\/www.facebook.com\/skargaarden\",\"https:\/\/www.instagram.com\/skargaarden\/\",\"https:\/\/www.pinterest.se\/skargaarden\/\"]}]}<\/script>\n<!-- \/ Yoast SEO plugin. -->","yoast_head_json":{"title":"Sof\u00e1 de sal\u00f3n B\u00f6nan - SKARGAARDEN","description":"Este sof\u00e1 Lounge de B\u00f6nan forma parte de un ingenioso sistema de sof\u00e1s modulares, para su uso en exteriores durante todo el a\u00f1o. Los marcos est\u00e1n hechos de un marco de aluminio con recubrimiento de polvo.","robots":{"index":"index","follow":"follow","max-snippet":"max-snippet:-1","max-image-preview":"max-image-preview:large","max-video-preview":"max-video-preview:-1"},"canonical":"https:\/\/www.skargaarden.com\/es\/product\/bonan-lounge-sofa-2\/","og_locale":"es_ES","og_type":"article","og_title":"Sof\u00e1 de sal\u00f3n B\u00f6nan - SKARGAARDEN","og_description":"Este sof\u00e1 Lounge de B\u00f6nan forma parte de un ingenioso sistema de sof\u00e1s modulares, para su uso en exteriores durante todo el a\u00f1o. Los marcos est\u00e1n hechos de un marco de aluminio con recubrimiento de polvo.","og_url":"https:\/\/www.skargaarden.com\/es\/product\/bonan-lounge-sofa-2\/","og_site_name":"SKARGAARDEN","article_publisher":"https:\/\/www.facebook.com\/skargaarden","article_modified_time":"2022-11-17T09:03:08+00:00","twitter_card":"summary_large_image","schema":{"@context":"https:\/\/schema.org","@graph":[{"@type":"WebPage","@id":"https:\/\/www.skargaarden.com\/es\/product\/bonan-lounge-sofa-2\/","url":"https:\/\/www.skargaarden.com\/es\/product\/bonan-lounge-sofa-2\/","name":"Sof\u00e1 de sal\u00f3n B\u00f6nan - SKARGAARDEN","isPartOf":{"@id":"https:\/\/www.skargaarden.com\/es\/#website"},"datePublished":"2022-11-14T10:32:14+00:00","dateModified":"2022-11-17T09:03:08+00:00","description":"Este sof\u00e1 Lounge de B\u00f6nan forma parte de un ingenioso sistema de sof\u00e1s modulares, para su uso en exteriores durante todo el a\u00f1o. Los marcos est\u00e1n hechos de un marco de aluminio con recubrimiento de polvo.","breadcrumb":{"@id":"https:\/\/www.skargaarden.com\/es\/product\/bonan-lounge-sofa-2\/#breadcrumb"},"inLanguage":"es","potentialAction":[{"@type":"ReadAction","target":["https:\/\/www.skargaarden.com\/es\/product\/bonan-lounge-sofa-2\/"]}]},{"@type":"BreadcrumbList","@id":"https:\/\/www.skargaarden.com\/es\/product\/bonan-lounge-sofa-2\/#breadcrumb","itemListElement":[{"@type":"ListItem","position":1,"name":"Home","item":"https:\/\/www.skargaarden.com\/es\/"},{"@type":"ListItem","position":2,"name":"Productos","item":"https:\/\/www.skargaarden.com\/es\/productos\/"},{"@type":"ListItem","position":3,"name":"Sof\u00e1 de sal\u00f3n B\u00f6nan"}]},{"@type":"WebSite","@id":"https:\/\/www.skargaarden.com\/es\/#website","url":"https:\/\/www.skargaarden.com\/es\/","name":"SKARGAARDEN","description":"Scandinavian Outdoor Design","publisher":{"@id":"https:\/\/www.skargaarden.com\/es\/#organization"},"potentialAction":[{"@type":"SearchAction","target":{"@type":"EntryPoint","urlTemplate":"https:\/\/www.skargaarden.com\/es\/?s={search_term_string}"},"query-input":"required name=search_term_string"}],"inLanguage":"es"},{"@type":"Organization","@id":"https:\/\/www.skargaarden.com\/es\/#organization","name":"SKARGAARDEN","url":"https:\/\/www.skargaarden.com\/es\/","logo":{"@type":"ImageObject","inLanguage":"es","@id":"https:\/\/www.skargaarden.com\/es\/#\/schema\/logo\/image\/","url":"https:\/\/www.skargaarden.com\/wp-content\/uploads\/2024\/03\/skargaardenlogo-1.png","contentUrl":"https:\/\/www.skargaarden.com\/wp-content\/uploads\/2024\/03\/skargaardenlogo-1.png","width":999,"height":141,"caption":"SKARGAARDEN"},"image":{"@id":"https:\/\/www.skargaarden.com\/es\/#\/schema\/logo\/image\/"},"sameAs":["https:\/\/www.facebook.com\/skargaarden","https:\/\/www.instagram.com\/skargaarden\/","https:\/\/www.pinterest.se\/skargaarden\/"]}]}},"_links":{"self":[{"href":"https:\/\/www.skargaarden.com\/es\/wp-json\/wp\/v2\/product\/17727"}],"collection":[{"href":"https:\/\/www.skargaarden.com\/es\/wp-json\/wp\/v2\/product"}],"about":[{"href":"https:\/\/www.skargaarden.com\/es\/wp-json\/wp\/v2\/types\/product"}],"wp:attachment":[{"href":"https:\/\/www.skargaarden.com\/es\/wp-json\/wp\/v2\/media?parent=17727"}],"wp:term":[{"taxonomy":"product_cat","embeddable":true,"href":"https:\/\/www.skargaarden.com\/es\/wp-json\/wp\/v2\/product_cat?post=17727"},{"taxonomy":"product_tag","embeddable":true,"href":"https:\/\/www.skargaarden.com\/es\/wp-json\/wp\/v2\/product_tag?post=17727"}],"curies":[{"name":"wp","href":"https:\/\/api.w.org\/{rel}","templated":true}]}}