{"id":17688,"date":"2020-11-23T16:24:18","date_gmt":"2020-11-23T15:24:18","guid":{"rendered":"https:\/\/www.skargaarden.com\/products\/uncategorized\/mesa-de-comedor-korso\/"},"modified":"2022-11-14T11:05:19","modified_gmt":"2022-11-14T10:05:19","slug":"korso-mesa-comedor","status":"publish","type":"product","link":"https:\/\/www.skargaarden.com\/es\/product\/korso-mesa-comedor\/","title":{"rendered":"Mesa de comedor Kors\u00f6"},"content":{"rendered":"<p>La mesa de comedor Kors\u00f6 es una mesa de teca que lleva el nombre de una isla situada al este de Sandhamn, en el archipi\u00e9lago de Estocolmo. Parece casi un embarcadero que se extiende, list\u00f3n a list\u00f3n, sobre el agua. La redondez de las esquinas es suave, como las rocas pulidas por el mar durante miles de a\u00f1os.<\/p>\n","protected":false},"excerpt":{"rendered":"<p>Mesa de comedor Korso de teca<\/p>\n","protected":false},"featured_media":0,"template":"","meta":{"_acf_changed":false},"product_cat":[149],"product_tag":[],"acf":[],"yoast_head":"<!-- This site is optimized with the Yoast SEO plugin v22.2 - https:\/\/yoast.com\/wordpress\/plugins\/seo\/ -->\n<title>Mesa de comedor Kors\u00f6 - SKARGAARDEN<\/title>\n<meta name=\"description\" content=\"La mesa de comedor Kors\u00f6 es una mesa de teca que lleva el nombre de una isla situada al este de Sandhamn, en el archipi\u00e9lago de Estocolmo.\" \/>\n<meta name=\"robots\" content=\"index, follow, max-snippet:-1, max-image-preview:large, max-video-preview:-1\" \/>\n<link rel=\"canonical\" href=\"https:\/\/www.skargaarden.com\/es\/product\/korso-mesa-comedor\/\" \/>\n<meta property=\"og:locale\" content=\"es_ES\" \/>\n<meta property=\"og:type\" content=\"article\" \/>\n<meta property=\"og:title\" content=\"Mesa de comedor Kors\u00f6 - SKARGAARDEN\" \/>\n<meta property=\"og:description\" content=\"La mesa de comedor Kors\u00f6 es una mesa de teca que lleva el nombre de una isla situada al este de Sandhamn, en el archipi\u00e9lago de Estocolmo.\" \/>\n<meta property=\"og:url\" content=\"https:\/\/www.skargaarden.com\/es\/product\/korso-mesa-comedor\/\" \/>\n<meta property=\"og:site_name\" content=\"SKARGAARDEN\" \/>\n<meta property=\"article:publisher\" content=\"https:\/\/www.facebook.com\/skargaarden\" \/>\n<meta property=\"article:modified_time\" content=\"2022-11-14T10:05:19+00:00\" \/>\n<meta name=\"twitter:card\" content=\"summary_large_image\" \/>\n<script type=\"application\/ld+json\" class=\"yoast-schema-graph\">{\"@context\":\"https:\/\/schema.org\",\"@graph\":[{\"@type\":\"WebPage\",\"@id\":\"https:\/\/www.skargaarden.com\/es\/product\/korso-mesa-comedor\/\",\"url\":\"https:\/\/www.skargaarden.com\/es\/product\/korso-mesa-comedor\/\",\"name\":\"Mesa de comedor Kors\u00f6 - SKARGAARDEN\",\"isPartOf\":{\"@id\":\"https:\/\/www.skargaarden.com\/es\/#website\"},\"datePublished\":\"2020-11-23T15:24:18+00:00\",\"dateModified\":\"2022-11-14T10:05:19+00:00\",\"description\":\"La mesa de comedor Kors\u00f6 es una mesa de teca que lleva el nombre de una isla situada al este de Sandhamn, en el archipi\u00e9lago de Estocolmo.\",\"breadcrumb\":{\"@id\":\"https:\/\/www.skargaarden.com\/es\/product\/korso-mesa-comedor\/#breadcrumb\"},\"inLanguage\":\"es\",\"potentialAction\":[{\"@type\":\"ReadAction\",\"target\":[\"https:\/\/www.skargaarden.com\/es\/product\/korso-mesa-comedor\/\"]}]},{\"@type\":\"BreadcrumbList\",\"@id\":\"https:\/\/www.skargaarden.com\/es\/product\/korso-mesa-comedor\/#breadcrumb\",\"itemListElement\":[{\"@type\":\"ListItem\",\"position\":1,\"name\":\"Home\",\"item\":\"https:\/\/www.skargaarden.com\/es\/\"},{\"@type\":\"ListItem\",\"position\":2,\"name\":\"Productos\",\"item\":\"https:\/\/www.skargaarden.com\/es\/productos\/\"},{\"@type\":\"ListItem\",\"position\":3,\"name\":\"Mesa de comedor Kors\u00f6\"}]},{\"@type\":\"WebSite\",\"@id\":\"https:\/\/www.skargaarden.com\/es\/#website\",\"url\":\"https:\/\/www.skargaarden.com\/es\/\",\"name\":\"SKARGAARDEN\",\"description\":\"Scandinavian Outdoor Design\",\"publisher\":{\"@id\":\"https:\/\/www.skargaarden.com\/es\/#organization\"},\"potentialAction\":[{\"@type\":\"SearchAction\",\"target\":{\"@type\":\"EntryPoint\",\"urlTemplate\":\"https:\/\/www.skargaarden.com\/es\/?s={search_term_string}\"},\"query-input\":\"required name=search_term_string\"}],\"inLanguage\":\"es\"},{\"@type\":\"Organization\",\"@id\":\"https:\/\/www.skargaarden.com\/es\/#organization\",\"name\":\"SKARGAARDEN\",\"url\":\"https:\/\/www.skargaarden.com\/es\/\",\"logo\":{\"@type\":\"ImageObject\",\"inLanguage\":\"es\",\"@id\":\"https:\/\/www.skargaarden.com\/es\/#\/schema\/logo\/image\/\",\"url\":\"https:\/\/www.skargaarden.com\/wp-content\/uploads\/2024\/03\/skargaardenlogo-1.png\",\"contentUrl\":\"https:\/\/www.skargaarden.com\/wp-content\/uploads\/2024\/03\/skargaardenlogo-1.png\",\"width\":999,\"height\":141,\"caption\":\"SKARGAARDEN\"},\"image\":{\"@id\":\"https:\/\/www.skargaarden.com\/es\/#\/schema\/logo\/image\/\"},\"sameAs\":[\"https:\/\/www.facebook.com\/skargaarden\",\"https:\/\/www.instagram.com\/skargaarden\/\",\"https:\/\/www.pinterest.se\/skargaarden\/\"]}]}<\/script>\n<!-- \/ Yoast SEO plugin. -->","yoast_head_json":{"title":"Mesa de comedor Kors\u00f6 - SKARGAARDEN","description":"La mesa de comedor Kors\u00f6 es una mesa de teca que lleva el nombre de una isla situada al este de Sandhamn, en el archipi\u00e9lago de Estocolmo.","robots":{"index":"index","follow":"follow","max-snippet":"max-snippet:-1","max-image-preview":"max-image-preview:large","max-video-preview":"max-video-preview:-1"},"canonical":"https:\/\/www.skargaarden.com\/es\/product\/korso-mesa-comedor\/","og_locale":"es_ES","og_type":"article","og_title":"Mesa de comedor Kors\u00f6 - SKARGAARDEN","og_description":"La mesa de comedor Kors\u00f6 es una mesa de teca que lleva el nombre de una isla situada al este de Sandhamn, en el archipi\u00e9lago de Estocolmo.","og_url":"https:\/\/www.skargaarden.com\/es\/product\/korso-mesa-comedor\/","og_site_name":"SKARGAARDEN","article_publisher":"https:\/\/www.facebook.com\/skargaarden","article_modified_time":"2022-11-14T10:05:19+00:00","twitter_card":"summary_large_image","schema":{"@context":"https:\/\/schema.org","@graph":[{"@type":"WebPage","@id":"https:\/\/www.skargaarden.com\/es\/product\/korso-mesa-comedor\/","url":"https:\/\/www.skargaarden.com\/es\/product\/korso-mesa-comedor\/","name":"Mesa de comedor Kors\u00f6 - SKARGAARDEN","isPartOf":{"@id":"https:\/\/www.skargaarden.com\/es\/#website"},"datePublished":"2020-11-23T15:24:18+00:00","dateModified":"2022-11-14T10:05:19+00:00","description":"La mesa de comedor Kors\u00f6 es una mesa de teca que lleva el nombre de una isla situada al este de Sandhamn, en el archipi\u00e9lago de Estocolmo.","breadcrumb":{"@id":"https:\/\/www.skargaarden.com\/es\/product\/korso-mesa-comedor\/#breadcrumb"},"inLanguage":"es","potentialAction":[{"@type":"ReadAction","target":["https:\/\/www.skargaarden.com\/es\/product\/korso-mesa-comedor\/"]}]},{"@type":"BreadcrumbList","@id":"https:\/\/www.skargaarden.com\/es\/product\/korso-mesa-comedor\/#breadcrumb","itemListElement":[{"@type":"ListItem","position":1,"name":"Home","item":"https:\/\/www.skargaarden.com\/es\/"},{"@type":"ListItem","position":2,"name":"Productos","item":"https:\/\/www.skargaarden.com\/es\/productos\/"},{"@type":"ListItem","position":3,"name":"Mesa de comedor Kors\u00f6"}]},{"@type":"WebSite","@id":"https:\/\/www.skargaarden.com\/es\/#website","url":"https:\/\/www.skargaarden.com\/es\/","name":"SKARGAARDEN","description":"Scandinavian Outdoor Design","publisher":{"@id":"https:\/\/www.skargaarden.com\/es\/#organization"},"potentialAction":[{"@type":"SearchAction","target":{"@type":"EntryPoint","urlTemplate":"https:\/\/www.skargaarden.com\/es\/?s={search_term_string}"},"query-input":"required name=search_term_string"}],"inLanguage":"es"},{"@type":"Organization","@id":"https:\/\/www.skargaarden.com\/es\/#organization","name":"SKARGAARDEN","url":"https:\/\/www.skargaarden.com\/es\/","logo":{"@type":"ImageObject","inLanguage":"es","@id":"https:\/\/www.skargaarden.com\/es\/#\/schema\/logo\/image\/","url":"https:\/\/www.skargaarden.com\/wp-content\/uploads\/2024\/03\/skargaardenlogo-1.png","contentUrl":"https:\/\/www.skargaarden.com\/wp-content\/uploads\/2024\/03\/skargaardenlogo-1.png","width":999,"height":141,"caption":"SKARGAARDEN"},"image":{"@id":"https:\/\/www.skargaarden.com\/es\/#\/schema\/logo\/image\/"},"sameAs":["https:\/\/www.facebook.com\/skargaarden","https:\/\/www.instagram.com\/skargaarden\/","https:\/\/www.pinterest.se\/skargaarden\/"]}]}},"_links":{"self":[{"href":"https:\/\/www.skargaarden.com\/es\/wp-json\/wp\/v2\/product\/17688"}],"collection":[{"href":"https:\/\/www.skargaarden.com\/es\/wp-json\/wp\/v2\/product"}],"about":[{"href":"https:\/\/www.skargaarden.com\/es\/wp-json\/wp\/v2\/types\/product"}],"wp:attachment":[{"href":"https:\/\/www.skargaarden.com\/es\/wp-json\/wp\/v2\/media?parent=17688"}],"wp:term":[{"taxonomy":"product_cat","embeddable":true,"href":"https:\/\/www.skargaarden.com\/es\/wp-json\/wp\/v2\/product_cat?post=17688"},{"taxonomy":"product_tag","embeddable":true,"href":"https:\/\/www.skargaarden.com\/es\/wp-json\/wp\/v2\/product_tag?post=17688"}],"curies":[{"name":"wp","href":"https:\/\/api.w.org\/{rel}","templated":true}]}}