{"id":17664,"date":"2020-11-23T16:37:33","date_gmt":"2022-11-14T09:40:58","guid":{"rendered":"https:\/\/www.skargaarden.com\/products\/uncategorized\/mesa-de-comedor-salto-grande\/"},"modified":"2022-11-14T10:40:58","modified_gmt":"2022-11-14T09:40:58","slug":"salto-mesa-comedor-grande","status":"publish","type":"product","link":"https:\/\/www.skargaarden.com\/es\/product\/salto-mesa-comedor-grande\/","title":{"rendered":"Mesa de comedor Salt\u00f6 grande"},"content":{"rendered":"<p>La mesa de comedor Salt\u00f6 es una mesa de comedor elegante, de tama\u00f1o grande. Con un marco de aluminio con recubrimiento de polvo de color gris carb\u00f3n que est\u00e1 suavemente curvado. Tiene un marcado dise\u00f1o escandinavo y casi no necesita mantenimiento.<\/p>\n","protected":false},"excerpt":{"rendered":"<p>La mesa de comedor Salt\u00f6 es una mesa de comedor elegante, de tama\u00f1o grande. Con un marco de aluminio con recubrimiento de polvo de color gris carb\u00f3n que est\u00e1 suavemente curvado. Tiene un marcado dise\u00f1o escandinavo y casi no necesita mantenimiento.<\/p>\n","protected":false},"featured_media":17361,"template":"","meta":{"_acf_changed":false},"product_cat":[149],"product_tag":[],"acf":[],"yoast_head":"<!-- This site is optimized with the Yoast SEO plugin v22.2 - https:\/\/yoast.com\/wordpress\/plugins\/seo\/ -->\n<title>Mesa de comedor Salt\u00f6 grande - SKARGAARDEN<\/title>\n<meta name=\"description\" content=\"La mesa de comedor Salt\u00f6 es una mesa de comedor grande y elegante, de tama\u00f1o grande. Tiene un marcado dise\u00f1o escandinavo\" \/>\n<meta name=\"robots\" content=\"index, follow, max-snippet:-1, max-image-preview:large, max-video-preview:-1\" \/>\n<link rel=\"canonical\" href=\"https:\/\/www.skargaarden.com\/es\/product\/salto-mesa-comedor-grande\/\" \/>\n<meta property=\"og:locale\" content=\"es_ES\" \/>\n<meta property=\"og:type\" content=\"article\" \/>\n<meta property=\"og:title\" content=\"Mesa de comedor Salt\u00f6 grande - SKARGAARDEN\" \/>\n<meta property=\"og:description\" content=\"La mesa de comedor Salt\u00f6 es una mesa de comedor grande y elegante, de tama\u00f1o grande. Tiene un marcado dise\u00f1o escandinavo\" \/>\n<meta property=\"og:url\" content=\"https:\/\/www.skargaarden.com\/es\/product\/salto-mesa-comedor-grande\/\" \/>\n<meta property=\"og:site_name\" content=\"SKARGAARDEN\" \/>\n<meta property=\"article:publisher\" content=\"https:\/\/www.facebook.com\/skargaarden\" \/>\n<meta property=\"og:image\" content=\"https:\/\/www.skargaarden.com\/wp-content\/uploads\/2020\/11\/Salto\u0308_table-kopiera.jpg\" \/>\n\t<meta property=\"og:image:width\" content=\"480\" \/>\n\t<meta property=\"og:image:height\" content=\"219\" \/>\n\t<meta property=\"og:image:type\" content=\"image\/jpeg\" \/>\n<meta name=\"twitter:card\" content=\"summary_large_image\" \/>\n<script type=\"application\/ld+json\" class=\"yoast-schema-graph\">{\"@context\":\"https:\/\/schema.org\",\"@graph\":[{\"@type\":\"WebPage\",\"@id\":\"https:\/\/www.skargaarden.com\/es\/product\/salto-mesa-comedor-grande\/\",\"url\":\"https:\/\/www.skargaarden.com\/es\/product\/salto-mesa-comedor-grande\/\",\"name\":\"Mesa de comedor Salt\u00f6 grande - SKARGAARDEN\",\"isPartOf\":{\"@id\":\"https:\/\/www.skargaarden.com\/es\/#website\"},\"primaryImageOfPage\":{\"@id\":\"https:\/\/www.skargaarden.com\/es\/product\/salto-mesa-comedor-grande\/#primaryimage\"},\"image\":{\"@id\":\"https:\/\/www.skargaarden.com\/es\/product\/salto-mesa-comedor-grande\/#primaryimage\"},\"thumbnailUrl\":\"https:\/\/www.skargaarden.com\/wp-content\/uploads\/2020\/11\/Salto\u0308_table-kopiera.jpg\",\"datePublished\":\"2022-11-14T09:40:58+00:00\",\"dateModified\":\"2022-11-14T09:40:58+00:00\",\"description\":\"La mesa de comedor Salt\u00f6 es una mesa de comedor grande y elegante, de tama\u00f1o grande. Tiene un marcado dise\u00f1o escandinavo\",\"breadcrumb\":{\"@id\":\"https:\/\/www.skargaarden.com\/es\/product\/salto-mesa-comedor-grande\/#breadcrumb\"},\"inLanguage\":\"es\",\"potentialAction\":[{\"@type\":\"ReadAction\",\"target\":[\"https:\/\/www.skargaarden.com\/es\/product\/salto-mesa-comedor-grande\/\"]}]},{\"@type\":\"ImageObject\",\"inLanguage\":\"es\",\"@id\":\"https:\/\/www.skargaarden.com\/es\/product\/salto-mesa-comedor-grande\/#primaryimage\",\"url\":\"https:\/\/www.skargaarden.com\/wp-content\/uploads\/2020\/11\/Salto\u0308_table-kopiera.jpg\",\"contentUrl\":\"https:\/\/www.skargaarden.com\/wp-content\/uploads\/2020\/11\/Salto\u0308_table-kopiera.jpg\",\"width\":480,\"height\":219},{\"@type\":\"BreadcrumbList\",\"@id\":\"https:\/\/www.skargaarden.com\/es\/product\/salto-mesa-comedor-grande\/#breadcrumb\",\"itemListElement\":[{\"@type\":\"ListItem\",\"position\":1,\"name\":\"Home\",\"item\":\"https:\/\/www.skargaarden.com\/es\/\"},{\"@type\":\"ListItem\",\"position\":2,\"name\":\"Productos\",\"item\":\"https:\/\/www.skargaarden.com\/es\/productos\/\"},{\"@type\":\"ListItem\",\"position\":3,\"name\":\"Mesa de comedor Salt\u00f6 grande\"}]},{\"@type\":\"WebSite\",\"@id\":\"https:\/\/www.skargaarden.com\/es\/#website\",\"url\":\"https:\/\/www.skargaarden.com\/es\/\",\"name\":\"SKARGAARDEN\",\"description\":\"Scandinavian Outdoor Design\",\"publisher\":{\"@id\":\"https:\/\/www.skargaarden.com\/es\/#organization\"},\"potentialAction\":[{\"@type\":\"SearchAction\",\"target\":{\"@type\":\"EntryPoint\",\"urlTemplate\":\"https:\/\/www.skargaarden.com\/es\/?s={search_term_string}\"},\"query-input\":\"required name=search_term_string\"}],\"inLanguage\":\"es\"},{\"@type\":\"Organization\",\"@id\":\"https:\/\/www.skargaarden.com\/es\/#organization\",\"name\":\"SKARGAARDEN\",\"url\":\"https:\/\/www.skargaarden.com\/es\/\",\"logo\":{\"@type\":\"ImageObject\",\"inLanguage\":\"es\",\"@id\":\"https:\/\/www.skargaarden.com\/es\/#\/schema\/logo\/image\/\",\"url\":\"https:\/\/www.skargaarden.com\/wp-content\/uploads\/2024\/03\/skargaardenlogo-1.png\",\"contentUrl\":\"https:\/\/www.skargaarden.com\/wp-content\/uploads\/2024\/03\/skargaardenlogo-1.png\",\"width\":999,\"height\":141,\"caption\":\"SKARGAARDEN\"},\"image\":{\"@id\":\"https:\/\/www.skargaarden.com\/es\/#\/schema\/logo\/image\/\"},\"sameAs\":[\"https:\/\/www.facebook.com\/skargaarden\",\"https:\/\/www.instagram.com\/skargaarden\/\",\"https:\/\/www.pinterest.se\/skargaarden\/\"]}]}<\/script>\n<!-- \/ Yoast SEO plugin. -->","yoast_head_json":{"title":"Mesa de comedor Salt\u00f6 grande - SKARGAARDEN","description":"La mesa de comedor Salt\u00f6 es una mesa de comedor grande y elegante, de tama\u00f1o grande. Tiene un marcado dise\u00f1o escandinavo","robots":{"index":"index","follow":"follow","max-snippet":"max-snippet:-1","max-image-preview":"max-image-preview:large","max-video-preview":"max-video-preview:-1"},"canonical":"https:\/\/www.skargaarden.com\/es\/product\/salto-mesa-comedor-grande\/","og_locale":"es_ES","og_type":"article","og_title":"Mesa de comedor Salt\u00f6 grande - SKARGAARDEN","og_description":"La mesa de comedor Salt\u00f6 es una mesa de comedor grande y elegante, de tama\u00f1o grande. Tiene un marcado dise\u00f1o escandinavo","og_url":"https:\/\/www.skargaarden.com\/es\/product\/salto-mesa-comedor-grande\/","og_site_name":"SKARGAARDEN","article_publisher":"https:\/\/www.facebook.com\/skargaarden","og_image":[{"width":480,"height":219,"url":"https:\/\/www.skargaarden.com\/wp-content\/uploads\/2020\/11\/Salto\u0308_table-kopiera.jpg","type":"image\/jpeg"}],"twitter_card":"summary_large_image","schema":{"@context":"https:\/\/schema.org","@graph":[{"@type":"WebPage","@id":"https:\/\/www.skargaarden.com\/es\/product\/salto-mesa-comedor-grande\/","url":"https:\/\/www.skargaarden.com\/es\/product\/salto-mesa-comedor-grande\/","name":"Mesa de comedor Salt\u00f6 grande - SKARGAARDEN","isPartOf":{"@id":"https:\/\/www.skargaarden.com\/es\/#website"},"primaryImageOfPage":{"@id":"https:\/\/www.skargaarden.com\/es\/product\/salto-mesa-comedor-grande\/#primaryimage"},"image":{"@id":"https:\/\/www.skargaarden.com\/es\/product\/salto-mesa-comedor-grande\/#primaryimage"},"thumbnailUrl":"https:\/\/www.skargaarden.com\/wp-content\/uploads\/2020\/11\/Salto\u0308_table-kopiera.jpg","datePublished":"2022-11-14T09:40:58+00:00","dateModified":"2022-11-14T09:40:58+00:00","description":"La mesa de comedor Salt\u00f6 es una mesa de comedor grande y elegante, de tama\u00f1o grande. Tiene un marcado dise\u00f1o escandinavo","breadcrumb":{"@id":"https:\/\/www.skargaarden.com\/es\/product\/salto-mesa-comedor-grande\/#breadcrumb"},"inLanguage":"es","potentialAction":[{"@type":"ReadAction","target":["https:\/\/www.skargaarden.com\/es\/product\/salto-mesa-comedor-grande\/"]}]},{"@type":"ImageObject","inLanguage":"es","@id":"https:\/\/www.skargaarden.com\/es\/product\/salto-mesa-comedor-grande\/#primaryimage","url":"https:\/\/www.skargaarden.com\/wp-content\/uploads\/2020\/11\/Salto\u0308_table-kopiera.jpg","contentUrl":"https:\/\/www.skargaarden.com\/wp-content\/uploads\/2020\/11\/Salto\u0308_table-kopiera.jpg","width":480,"height":219},{"@type":"BreadcrumbList","@id":"https:\/\/www.skargaarden.com\/es\/product\/salto-mesa-comedor-grande\/#breadcrumb","itemListElement":[{"@type":"ListItem","position":1,"name":"Home","item":"https:\/\/www.skargaarden.com\/es\/"},{"@type":"ListItem","position":2,"name":"Productos","item":"https:\/\/www.skargaarden.com\/es\/productos\/"},{"@type":"ListItem","position":3,"name":"Mesa de comedor Salt\u00f6 grande"}]},{"@type":"WebSite","@id":"https:\/\/www.skargaarden.com\/es\/#website","url":"https:\/\/www.skargaarden.com\/es\/","name":"SKARGAARDEN","description":"Scandinavian Outdoor Design","publisher":{"@id":"https:\/\/www.skargaarden.com\/es\/#organization"},"potentialAction":[{"@type":"SearchAction","target":{"@type":"EntryPoint","urlTemplate":"https:\/\/www.skargaarden.com\/es\/?s={search_term_string}"},"query-input":"required name=search_term_string"}],"inLanguage":"es"},{"@type":"Organization","@id":"https:\/\/www.skargaarden.com\/es\/#organization","name":"SKARGAARDEN","url":"https:\/\/www.skargaarden.com\/es\/","logo":{"@type":"ImageObject","inLanguage":"es","@id":"https:\/\/www.skargaarden.com\/es\/#\/schema\/logo\/image\/","url":"https:\/\/www.skargaarden.com\/wp-content\/uploads\/2024\/03\/skargaardenlogo-1.png","contentUrl":"https:\/\/www.skargaarden.com\/wp-content\/uploads\/2024\/03\/skargaardenlogo-1.png","width":999,"height":141,"caption":"SKARGAARDEN"},"image":{"@id":"https:\/\/www.skargaarden.com\/es\/#\/schema\/logo\/image\/"},"sameAs":["https:\/\/www.facebook.com\/skargaarden","https:\/\/www.instagram.com\/skargaarden\/","https:\/\/www.pinterest.se\/skargaarden\/"]}]}},"_links":{"self":[{"href":"https:\/\/www.skargaarden.com\/es\/wp-json\/wp\/v2\/product\/17664"}],"collection":[{"href":"https:\/\/www.skargaarden.com\/es\/wp-json\/wp\/v2\/product"}],"about":[{"href":"https:\/\/www.skargaarden.com\/es\/wp-json\/wp\/v2\/types\/product"}],"wp:featuredmedia":[{"embeddable":true,"href":"https:\/\/www.skargaarden.com\/es\/wp-json\/wp\/v2\/media\/17361"}],"wp:attachment":[{"href":"https:\/\/www.skargaarden.com\/es\/wp-json\/wp\/v2\/media?parent=17664"}],"wp:term":[{"taxonomy":"product_cat","embeddable":true,"href":"https:\/\/www.skargaarden.com\/es\/wp-json\/wp\/v2\/product_cat?post=17664"},{"taxonomy":"product_tag","embeddable":true,"href":"https:\/\/www.skargaarden.com\/es\/wp-json\/wp\/v2\/product_tag?post=17664"}],"curies":[{"name":"wp","href":"https:\/\/api.w.org\/{rel}","templated":true}]}}