{"id":17639,"date":"2020-11-23T16:37:47","date_gmt":"2022-11-14T09:26:49","guid":{"rendered":"https:\/\/www.skargaarden.com\/products\/uncategorized\/mesa-de-salon-skanor-l\/"},"modified":"2022-11-14T10:26:49","modified_gmt":"2022-11-14T09:26:49","slug":"skanor-lounge-table-l-2","status":"publish","type":"product","link":"https:\/\/www.skargaarden.com\/es\/product\/skanor-lounge-table-l-2\/","title":{"rendered":"Mesa de sal\u00f3n Skan\u00f6r, L"},"content":{"rendered":"<p>La mesa de sal\u00f3n Skan\u00f6r es una mesa de sal\u00f3n de teca en la que uno de los lados se puede abrir para facilitar el almacenamiento en el exterior. Talla grande.<\/p>\n","protected":false},"excerpt":{"rendered":"<p>Mesa Skanor grande de teca<\/p>\n","protected":false},"featured_media":0,"template":"","meta":{"_acf_changed":false},"product_cat":[154],"product_tag":[],"acf":[],"yoast_head":"<!-- This site is optimized with the Yoast SEO plugin v22.2 - https:\/\/yoast.com\/wordpress\/plugins\/seo\/ -->\n<title>Mesa de sal\u00f3n Skan\u00f6r, L - SKARGAARDEN<\/title>\n<meta name=\"description\" content=\"La mesa de sal\u00f3n Skan\u00f6r es una mesa de sal\u00f3n de teca en la que uno de los lados se puede abrir para facilitar el almacenamiento en el exterior en tama\u00f1o grande.\" \/>\n<meta name=\"robots\" content=\"index, follow, max-snippet:-1, max-image-preview:large, max-video-preview:-1\" \/>\n<link rel=\"canonical\" href=\"https:\/\/www.skargaarden.com\/es\/product\/skanor-lounge-table-l-2\/\" \/>\n<meta property=\"og:locale\" content=\"es_ES\" \/>\n<meta property=\"og:type\" content=\"article\" \/>\n<meta property=\"og:title\" content=\"Mesa de sal\u00f3n Skan\u00f6r, L - SKARGAARDEN\" \/>\n<meta property=\"og:description\" content=\"La mesa de sal\u00f3n Skan\u00f6r es una mesa de sal\u00f3n de teca en la que uno de los lados se puede abrir para facilitar el almacenamiento en el exterior en tama\u00f1o grande.\" \/>\n<meta property=\"og:url\" content=\"https:\/\/www.skargaarden.com\/es\/product\/skanor-lounge-table-l-2\/\" \/>\n<meta property=\"og:site_name\" content=\"SKARGAARDEN\" \/>\n<meta property=\"article:publisher\" content=\"https:\/\/www.facebook.com\/skargaarden\" \/>\n<meta name=\"twitter:card\" content=\"summary_large_image\" \/>\n<script type=\"application\/ld+json\" class=\"yoast-schema-graph\">{\"@context\":\"https:\/\/schema.org\",\"@graph\":[{\"@type\":\"WebPage\",\"@id\":\"https:\/\/www.skargaarden.com\/es\/product\/skanor-lounge-table-l-2\/\",\"url\":\"https:\/\/www.skargaarden.com\/es\/product\/skanor-lounge-table-l-2\/\",\"name\":\"Mesa de sal\u00f3n Skan\u00f6r, L - SKARGAARDEN\",\"isPartOf\":{\"@id\":\"https:\/\/www.skargaarden.com\/es\/#website\"},\"datePublished\":\"2022-11-14T09:26:49+00:00\",\"dateModified\":\"2022-11-14T09:26:49+00:00\",\"description\":\"La mesa de sal\u00f3n Skan\u00f6r es una mesa de sal\u00f3n de teca en la que uno de los lados se puede abrir para facilitar el almacenamiento en el exterior en tama\u00f1o grande.\",\"breadcrumb\":{\"@id\":\"https:\/\/www.skargaarden.com\/es\/product\/skanor-lounge-table-l-2\/#breadcrumb\"},\"inLanguage\":\"es\",\"potentialAction\":[{\"@type\":\"ReadAction\",\"target\":[\"https:\/\/www.skargaarden.com\/es\/product\/skanor-lounge-table-l-2\/\"]}]},{\"@type\":\"BreadcrumbList\",\"@id\":\"https:\/\/www.skargaarden.com\/es\/product\/skanor-lounge-table-l-2\/#breadcrumb\",\"itemListElement\":[{\"@type\":\"ListItem\",\"position\":1,\"name\":\"Home\",\"item\":\"https:\/\/www.skargaarden.com\/es\/\"},{\"@type\":\"ListItem\",\"position\":2,\"name\":\"Productos\",\"item\":\"https:\/\/www.skargaarden.com\/es\/productos\/\"},{\"@type\":\"ListItem\",\"position\":3,\"name\":\"Mesa de sal\u00f3n Skan\u00f6r, L\"}]},{\"@type\":\"WebSite\",\"@id\":\"https:\/\/www.skargaarden.com\/es\/#website\",\"url\":\"https:\/\/www.skargaarden.com\/es\/\",\"name\":\"SKARGAARDEN\",\"description\":\"Scandinavian Outdoor Design\",\"publisher\":{\"@id\":\"https:\/\/www.skargaarden.com\/es\/#organization\"},\"potentialAction\":[{\"@type\":\"SearchAction\",\"target\":{\"@type\":\"EntryPoint\",\"urlTemplate\":\"https:\/\/www.skargaarden.com\/es\/?s={search_term_string}\"},\"query-input\":\"required name=search_term_string\"}],\"inLanguage\":\"es\"},{\"@type\":\"Organization\",\"@id\":\"https:\/\/www.skargaarden.com\/es\/#organization\",\"name\":\"SKARGAARDEN\",\"url\":\"https:\/\/www.skargaarden.com\/es\/\",\"logo\":{\"@type\":\"ImageObject\",\"inLanguage\":\"es\",\"@id\":\"https:\/\/www.skargaarden.com\/es\/#\/schema\/logo\/image\/\",\"url\":\"https:\/\/www.skargaarden.com\/wp-content\/uploads\/2024\/03\/skargaardenlogo-1.png\",\"contentUrl\":\"https:\/\/www.skargaarden.com\/wp-content\/uploads\/2024\/03\/skargaardenlogo-1.png\",\"width\":999,\"height\":141,\"caption\":\"SKARGAARDEN\"},\"image\":{\"@id\":\"https:\/\/www.skargaarden.com\/es\/#\/schema\/logo\/image\/\"},\"sameAs\":[\"https:\/\/www.facebook.com\/skargaarden\",\"https:\/\/www.instagram.com\/skargaarden\/\",\"https:\/\/www.pinterest.se\/skargaarden\/\"]}]}<\/script>\n<!-- \/ Yoast SEO plugin. -->","yoast_head_json":{"title":"Mesa de sal\u00f3n Skan\u00f6r, L - SKARGAARDEN","description":"La mesa de sal\u00f3n Skan\u00f6r es una mesa de sal\u00f3n de teca en la que uno de los lados se puede abrir para facilitar el almacenamiento en el exterior en tama\u00f1o grande.","robots":{"index":"index","follow":"follow","max-snippet":"max-snippet:-1","max-image-preview":"max-image-preview:large","max-video-preview":"max-video-preview:-1"},"canonical":"https:\/\/www.skargaarden.com\/es\/product\/skanor-lounge-table-l-2\/","og_locale":"es_ES","og_type":"article","og_title":"Mesa de sal\u00f3n Skan\u00f6r, L - SKARGAARDEN","og_description":"La mesa de sal\u00f3n Skan\u00f6r es una mesa de sal\u00f3n de teca en la que uno de los lados se puede abrir para facilitar el almacenamiento en el exterior en tama\u00f1o grande.","og_url":"https:\/\/www.skargaarden.com\/es\/product\/skanor-lounge-table-l-2\/","og_site_name":"SKARGAARDEN","article_publisher":"https:\/\/www.facebook.com\/skargaarden","twitter_card":"summary_large_image","schema":{"@context":"https:\/\/schema.org","@graph":[{"@type":"WebPage","@id":"https:\/\/www.skargaarden.com\/es\/product\/skanor-lounge-table-l-2\/","url":"https:\/\/www.skargaarden.com\/es\/product\/skanor-lounge-table-l-2\/","name":"Mesa de sal\u00f3n Skan\u00f6r, L - SKARGAARDEN","isPartOf":{"@id":"https:\/\/www.skargaarden.com\/es\/#website"},"datePublished":"2022-11-14T09:26:49+00:00","dateModified":"2022-11-14T09:26:49+00:00","description":"La mesa de sal\u00f3n Skan\u00f6r es una mesa de sal\u00f3n de teca en la que uno de los lados se puede abrir para facilitar el almacenamiento en el exterior en tama\u00f1o grande.","breadcrumb":{"@id":"https:\/\/www.skargaarden.com\/es\/product\/skanor-lounge-table-l-2\/#breadcrumb"},"inLanguage":"es","potentialAction":[{"@type":"ReadAction","target":["https:\/\/www.skargaarden.com\/es\/product\/skanor-lounge-table-l-2\/"]}]},{"@type":"BreadcrumbList","@id":"https:\/\/www.skargaarden.com\/es\/product\/skanor-lounge-table-l-2\/#breadcrumb","itemListElement":[{"@type":"ListItem","position":1,"name":"Home","item":"https:\/\/www.skargaarden.com\/es\/"},{"@type":"ListItem","position":2,"name":"Productos","item":"https:\/\/www.skargaarden.com\/es\/productos\/"},{"@type":"ListItem","position":3,"name":"Mesa de sal\u00f3n Skan\u00f6r, L"}]},{"@type":"WebSite","@id":"https:\/\/www.skargaarden.com\/es\/#website","url":"https:\/\/www.skargaarden.com\/es\/","name":"SKARGAARDEN","description":"Scandinavian Outdoor Design","publisher":{"@id":"https:\/\/www.skargaarden.com\/es\/#organization"},"potentialAction":[{"@type":"SearchAction","target":{"@type":"EntryPoint","urlTemplate":"https:\/\/www.skargaarden.com\/es\/?s={search_term_string}"},"query-input":"required name=search_term_string"}],"inLanguage":"es"},{"@type":"Organization","@id":"https:\/\/www.skargaarden.com\/es\/#organization","name":"SKARGAARDEN","url":"https:\/\/www.skargaarden.com\/es\/","logo":{"@type":"ImageObject","inLanguage":"es","@id":"https:\/\/www.skargaarden.com\/es\/#\/schema\/logo\/image\/","url":"https:\/\/www.skargaarden.com\/wp-content\/uploads\/2024\/03\/skargaardenlogo-1.png","contentUrl":"https:\/\/www.skargaarden.com\/wp-content\/uploads\/2024\/03\/skargaardenlogo-1.png","width":999,"height":141,"caption":"SKARGAARDEN"},"image":{"@id":"https:\/\/www.skargaarden.com\/es\/#\/schema\/logo\/image\/"},"sameAs":["https:\/\/www.facebook.com\/skargaarden","https:\/\/www.instagram.com\/skargaarden\/","https:\/\/www.pinterest.se\/skargaarden\/"]}]}},"_links":{"self":[{"href":"https:\/\/www.skargaarden.com\/es\/wp-json\/wp\/v2\/product\/17639"}],"collection":[{"href":"https:\/\/www.skargaarden.com\/es\/wp-json\/wp\/v2\/product"}],"about":[{"href":"https:\/\/www.skargaarden.com\/es\/wp-json\/wp\/v2\/types\/product"}],"wp:attachment":[{"href":"https:\/\/www.skargaarden.com\/es\/wp-json\/wp\/v2\/media?parent=17639"}],"wp:term":[{"taxonomy":"product_cat","embeddable":true,"href":"https:\/\/www.skargaarden.com\/es\/wp-json\/wp\/v2\/product_cat?post=17639"},{"taxonomy":"product_tag","embeddable":true,"href":"https:\/\/www.skargaarden.com\/es\/wp-json\/wp\/v2\/product_tag?post=17639"}],"curies":[{"name":"wp","href":"https:\/\/api.w.org\/{rel}","templated":true}]}}