{"id":17608,"date":"2022-01-07T10:57:19","date_gmt":"2022-11-14T08:37:04","guid":{"rendered":"https:\/\/www.skargaarden.com\/products\/uncategorized\/mesa-de-comedor-koster-grande\/"},"modified":"2024-08-05T22:38:07","modified_gmt":"2024-08-05T20:38:07","slug":"koster-mesa-comedor-grande","status":"publish","type":"product","link":"https:\/\/www.skargaarden.com\/es\/product\/koster-mesa-comedor-grande\/","title":{"rendered":"Mesa de comedor Koster grande"},"content":{"rendered":"<p>La mesa de comedor Koster de tama\u00f1o grande est\u00e1 hecha de teca. Puede elegir entre un tablero de teca o un tablero de compuesto mineral. La colecci\u00f3n Koster fue creada para soportar cualquier clima y sobrevivir al aire libre durante cualquier estaci\u00f3n.<\/p>\n","protected":false},"excerpt":{"rendered":"<p>La mesa de comedor Koster de tama\u00f1o grande est\u00e1 hecha de teca. Puede elegir entre un tablero de teca o un tablero de compuesto mineral. La colecci\u00f3n Koster fue creada para soportar cualquier clima y sobrevivir al aire libre durante cualquier estaci\u00f3n.<\/p>\n","protected":false},"featured_media":17412,"template":"","meta":{"_acf_changed":false},"product_cat":[149],"product_tag":[],"acf":[],"yoast_head":"<!-- This site is optimized with the Yoast SEO plugin v22.2 - https:\/\/yoast.com\/wordpress\/plugins\/seo\/ -->\n<title>Mesa de comedor Koster grande - SKARGAARDEN<\/title>\n<meta name=\"description\" content=\"La mesa de comedor Koster de tama\u00f1o grande est\u00e1 hecha de teca. Puede elegir entre un tablero de teca o un tablero de compuesto mineral.\" \/>\n<meta name=\"robots\" content=\"index, follow, max-snippet:-1, max-image-preview:large, max-video-preview:-1\" \/>\n<link rel=\"canonical\" href=\"https:\/\/www.skargaarden.com\/es\/product\/koster-mesa-comedor-grande\/\" \/>\n<meta property=\"og:locale\" content=\"es_ES\" \/>\n<meta property=\"og:type\" content=\"article\" \/>\n<meta property=\"og:title\" content=\"Mesa de comedor Koster grande - SKARGAARDEN\" \/>\n<meta property=\"og:description\" content=\"La mesa de comedor Koster de tama\u00f1o grande est\u00e1 hecha de teca. Puede elegir entre un tablero de teca o un tablero de compuesto mineral.\" \/>\n<meta property=\"og:url\" content=\"https:\/\/www.skargaarden.com\/es\/product\/koster-mesa-comedor-grande\/\" \/>\n<meta property=\"og:site_name\" content=\"SKARGAARDEN\" \/>\n<meta property=\"article:publisher\" content=\"https:\/\/www.facebook.com\/skargaarden\" \/>\n<meta property=\"article:modified_time\" content=\"2024-08-05T20:38:07+00:00\" \/>\n<meta property=\"og:image\" content=\"https:\/\/www.skargaarden.com\/wp-content\/uploads\/2022\/01\/KOSDT230-TT.jpg\" \/>\n\t<meta property=\"og:image:width\" content=\"2362\" \/>\n\t<meta property=\"og:image:height\" content=\"1575\" \/>\n\t<meta property=\"og:image:type\" content=\"image\/jpeg\" \/>\n<meta name=\"twitter:card\" content=\"summary_large_image\" \/>\n<meta name=\"twitter:label1\" content=\"Tiempo de lectura\" \/>\n\t<meta name=\"twitter:data1\" content=\"1 minuto\" \/>\n<script type=\"application\/ld+json\" class=\"yoast-schema-graph\">{\"@context\":\"https:\/\/schema.org\",\"@graph\":[{\"@type\":\"WebPage\",\"@id\":\"https:\/\/www.skargaarden.com\/es\/product\/koster-mesa-comedor-grande\/\",\"url\":\"https:\/\/www.skargaarden.com\/es\/product\/koster-mesa-comedor-grande\/\",\"name\":\"Mesa de comedor Koster grande - SKARGAARDEN\",\"isPartOf\":{\"@id\":\"https:\/\/www.skargaarden.com\/es\/#website\"},\"primaryImageOfPage\":{\"@id\":\"https:\/\/www.skargaarden.com\/es\/product\/koster-mesa-comedor-grande\/#primaryimage\"},\"image\":{\"@id\":\"https:\/\/www.skargaarden.com\/es\/product\/koster-mesa-comedor-grande\/#primaryimage\"},\"thumbnailUrl\":\"https:\/\/www.skargaarden.com\/wp-content\/uploads\/2022\/01\/KOSDT230-TT.jpg\",\"datePublished\":\"2022-11-14T08:37:04+00:00\",\"dateModified\":\"2024-08-05T20:38:07+00:00\",\"description\":\"La mesa de comedor Koster de tama\u00f1o grande est\u00e1 hecha de teca. Puede elegir entre un tablero de teca o un tablero de compuesto mineral.\",\"breadcrumb\":{\"@id\":\"https:\/\/www.skargaarden.com\/es\/product\/koster-mesa-comedor-grande\/#breadcrumb\"},\"inLanguage\":\"es\",\"potentialAction\":[{\"@type\":\"ReadAction\",\"target\":[\"https:\/\/www.skargaarden.com\/es\/product\/koster-mesa-comedor-grande\/\"]}]},{\"@type\":\"ImageObject\",\"inLanguage\":\"es\",\"@id\":\"https:\/\/www.skargaarden.com\/es\/product\/koster-mesa-comedor-grande\/#primaryimage\",\"url\":\"https:\/\/www.skargaarden.com\/wp-content\/uploads\/2022\/01\/KOSDT230-TT.jpg\",\"contentUrl\":\"https:\/\/www.skargaarden.com\/wp-content\/uploads\/2022\/01\/KOSDT230-TT.jpg\",\"width\":2362,\"height\":1575},{\"@type\":\"BreadcrumbList\",\"@id\":\"https:\/\/www.skargaarden.com\/es\/product\/koster-mesa-comedor-grande\/#breadcrumb\",\"itemListElement\":[{\"@type\":\"ListItem\",\"position\":1,\"name\":\"Home\",\"item\":\"https:\/\/www.skargaarden.com\/es\/\"},{\"@type\":\"ListItem\",\"position\":2,\"name\":\"Productos\",\"item\":\"https:\/\/www.skargaarden.com\/es\/productos\/\"},{\"@type\":\"ListItem\",\"position\":3,\"name\":\"Mesa de comedor Koster grande\"}]},{\"@type\":\"WebSite\",\"@id\":\"https:\/\/www.skargaarden.com\/es\/#website\",\"url\":\"https:\/\/www.skargaarden.com\/es\/\",\"name\":\"SKARGAARDEN\",\"description\":\"Scandinavian Outdoor Design\",\"publisher\":{\"@id\":\"https:\/\/www.skargaarden.com\/es\/#organization\"},\"potentialAction\":[{\"@type\":\"SearchAction\",\"target\":{\"@type\":\"EntryPoint\",\"urlTemplate\":\"https:\/\/www.skargaarden.com\/es\/?s={search_term_string}\"},\"query-input\":\"required name=search_term_string\"}],\"inLanguage\":\"es\"},{\"@type\":\"Organization\",\"@id\":\"https:\/\/www.skargaarden.com\/es\/#organization\",\"name\":\"SKARGAARDEN\",\"url\":\"https:\/\/www.skargaarden.com\/es\/\",\"logo\":{\"@type\":\"ImageObject\",\"inLanguage\":\"es\",\"@id\":\"https:\/\/www.skargaarden.com\/es\/#\/schema\/logo\/image\/\",\"url\":\"https:\/\/www.skargaarden.com\/wp-content\/uploads\/2024\/03\/skargaardenlogo-1.png\",\"contentUrl\":\"https:\/\/www.skargaarden.com\/wp-content\/uploads\/2024\/03\/skargaardenlogo-1.png\",\"width\":999,\"height\":141,\"caption\":\"SKARGAARDEN\"},\"image\":{\"@id\":\"https:\/\/www.skargaarden.com\/es\/#\/schema\/logo\/image\/\"},\"sameAs\":[\"https:\/\/www.facebook.com\/skargaarden\",\"https:\/\/www.instagram.com\/skargaarden\/\",\"https:\/\/www.pinterest.se\/skargaarden\/\"]}]}<\/script>\n<!-- \/ Yoast SEO plugin. -->","yoast_head_json":{"title":"Mesa de comedor Koster grande - SKARGAARDEN","description":"La mesa de comedor Koster de tama\u00f1o grande est\u00e1 hecha de teca. Puede elegir entre un tablero de teca o un tablero de compuesto mineral.","robots":{"index":"index","follow":"follow","max-snippet":"max-snippet:-1","max-image-preview":"max-image-preview:large","max-video-preview":"max-video-preview:-1"},"canonical":"https:\/\/www.skargaarden.com\/es\/product\/koster-mesa-comedor-grande\/","og_locale":"es_ES","og_type":"article","og_title":"Mesa de comedor Koster grande - SKARGAARDEN","og_description":"La mesa de comedor Koster de tama\u00f1o grande est\u00e1 hecha de teca. Puede elegir entre un tablero de teca o un tablero de compuesto mineral.","og_url":"https:\/\/www.skargaarden.com\/es\/product\/koster-mesa-comedor-grande\/","og_site_name":"SKARGAARDEN","article_publisher":"https:\/\/www.facebook.com\/skargaarden","article_modified_time":"2024-08-05T20:38:07+00:00","og_image":[{"width":2362,"height":1575,"url":"https:\/\/www.skargaarden.com\/wp-content\/uploads\/2022\/01\/KOSDT230-TT.jpg","type":"image\/jpeg"}],"twitter_card":"summary_large_image","twitter_misc":{"Tiempo de lectura":"1 minuto"},"schema":{"@context":"https:\/\/schema.org","@graph":[{"@type":"WebPage","@id":"https:\/\/www.skargaarden.com\/es\/product\/koster-mesa-comedor-grande\/","url":"https:\/\/www.skargaarden.com\/es\/product\/koster-mesa-comedor-grande\/","name":"Mesa de comedor Koster grande - SKARGAARDEN","isPartOf":{"@id":"https:\/\/www.skargaarden.com\/es\/#website"},"primaryImageOfPage":{"@id":"https:\/\/www.skargaarden.com\/es\/product\/koster-mesa-comedor-grande\/#primaryimage"},"image":{"@id":"https:\/\/www.skargaarden.com\/es\/product\/koster-mesa-comedor-grande\/#primaryimage"},"thumbnailUrl":"https:\/\/www.skargaarden.com\/wp-content\/uploads\/2022\/01\/KOSDT230-TT.jpg","datePublished":"2022-11-14T08:37:04+00:00","dateModified":"2024-08-05T20:38:07+00:00","description":"La mesa de comedor Koster de tama\u00f1o grande est\u00e1 hecha de teca. Puede elegir entre un tablero de teca o un tablero de compuesto mineral.","breadcrumb":{"@id":"https:\/\/www.skargaarden.com\/es\/product\/koster-mesa-comedor-grande\/#breadcrumb"},"inLanguage":"es","potentialAction":[{"@type":"ReadAction","target":["https:\/\/www.skargaarden.com\/es\/product\/koster-mesa-comedor-grande\/"]}]},{"@type":"ImageObject","inLanguage":"es","@id":"https:\/\/www.skargaarden.com\/es\/product\/koster-mesa-comedor-grande\/#primaryimage","url":"https:\/\/www.skargaarden.com\/wp-content\/uploads\/2022\/01\/KOSDT230-TT.jpg","contentUrl":"https:\/\/www.skargaarden.com\/wp-content\/uploads\/2022\/01\/KOSDT230-TT.jpg","width":2362,"height":1575},{"@type":"BreadcrumbList","@id":"https:\/\/www.skargaarden.com\/es\/product\/koster-mesa-comedor-grande\/#breadcrumb","itemListElement":[{"@type":"ListItem","position":1,"name":"Home","item":"https:\/\/www.skargaarden.com\/es\/"},{"@type":"ListItem","position":2,"name":"Productos","item":"https:\/\/www.skargaarden.com\/es\/productos\/"},{"@type":"ListItem","position":3,"name":"Mesa de comedor Koster grande"}]},{"@type":"WebSite","@id":"https:\/\/www.skargaarden.com\/es\/#website","url":"https:\/\/www.skargaarden.com\/es\/","name":"SKARGAARDEN","description":"Scandinavian Outdoor Design","publisher":{"@id":"https:\/\/www.skargaarden.com\/es\/#organization"},"potentialAction":[{"@type":"SearchAction","target":{"@type":"EntryPoint","urlTemplate":"https:\/\/www.skargaarden.com\/es\/?s={search_term_string}"},"query-input":"required name=search_term_string"}],"inLanguage":"es"},{"@type":"Organization","@id":"https:\/\/www.skargaarden.com\/es\/#organization","name":"SKARGAARDEN","url":"https:\/\/www.skargaarden.com\/es\/","logo":{"@type":"ImageObject","inLanguage":"es","@id":"https:\/\/www.skargaarden.com\/es\/#\/schema\/logo\/image\/","url":"https:\/\/www.skargaarden.com\/wp-content\/uploads\/2024\/03\/skargaardenlogo-1.png","contentUrl":"https:\/\/www.skargaarden.com\/wp-content\/uploads\/2024\/03\/skargaardenlogo-1.png","width":999,"height":141,"caption":"SKARGAARDEN"},"image":{"@id":"https:\/\/www.skargaarden.com\/es\/#\/schema\/logo\/image\/"},"sameAs":["https:\/\/www.facebook.com\/skargaarden","https:\/\/www.instagram.com\/skargaarden\/","https:\/\/www.pinterest.se\/skargaarden\/"]}]}},"_links":{"self":[{"href":"https:\/\/www.skargaarden.com\/es\/wp-json\/wp\/v2\/product\/17608"}],"collection":[{"href":"https:\/\/www.skargaarden.com\/es\/wp-json\/wp\/v2\/product"}],"about":[{"href":"https:\/\/www.skargaarden.com\/es\/wp-json\/wp\/v2\/types\/product"}],"wp:featuredmedia":[{"embeddable":true,"href":"https:\/\/www.skargaarden.com\/es\/wp-json\/wp\/v2\/media\/17412"}],"wp:attachment":[{"href":"https:\/\/www.skargaarden.com\/es\/wp-json\/wp\/v2\/media?parent=17608"}],"wp:term":[{"taxonomy":"product_cat","embeddable":true,"href":"https:\/\/www.skargaarden.com\/es\/wp-json\/wp\/v2\/product_cat?post=17608"},{"taxonomy":"product_tag","embeddable":true,"href":"https:\/\/www.skargaarden.com\/es\/wp-json\/wp\/v2\/product_tag?post=17608"}],"curies":[{"name":"wp","href":"https:\/\/api.w.org\/{rel}","templated":true}]}}