{"id":17587,"date":"2022-10-11T14:02:38","date_gmt":"2022-11-14T08:14:54","guid":{"rendered":"https:\/\/www.skargaarden.com\/products\/uncategorized\/saltholm-lounge-chair-2\/"},"modified":"2022-11-17T11:36:06","modified_gmt":"2022-11-17T10:36:06","slug":"saltholm-lounge-chair-2","status":"publish","type":"product","link":"https:\/\/www.skargaarden.com\/es\/product\/saltholm-lounge-chair-2\/","title":{"rendered":"Saltholm Lounge Chair"},"content":{"rendered":"<p class=\"p1\">DISPONIBLE EN LA PRIMAVERA DE 2023. El sill\u00f3n Saltholm es un lujoso sill\u00f3n en el que el dise\u00f1o sobrio de la estructura de teca se equilibra con unos exuberantes cojines curvados.<\/p>\n","protected":false},"excerpt":{"rendered":"<p>DISPONIBLE EN LA PRIMAVERA DE 2023. El sill\u00f3n Saltholm es un lujoso sill\u00f3n en el que el dise\u00f1o sobrio de la estructura de teca se equilibra con unos exuberantes cojines curvados.<\/p>\n","protected":false},"featured_media":0,"template":"","meta":{"_acf_changed":false},"product_cat":[150],"product_tag":[],"acf":[],"yoast_head":"<!-- This site is optimized with the Yoast SEO plugin v22.2 - https:\/\/yoast.com\/wordpress\/plugins\/seo\/ -->\n<title>Saltholm Lounge Chair - SKARGAARDEN<\/title>\n<meta name=\"description\" content=\"El sill\u00f3n Saltholm es un lujoso sill\u00f3n en el que el dise\u00f1o sobrio de la estructura de teca se equilibra con unos exuberantes cojines curvados.\" \/>\n<meta name=\"robots\" content=\"index, follow, max-snippet:-1, max-image-preview:large, max-video-preview:-1\" \/>\n<link rel=\"canonical\" href=\"https:\/\/www.skargaarden.com\/es\/product\/saltholm-lounge-chair-2\/\" \/>\n<meta property=\"og:locale\" content=\"es_ES\" \/>\n<meta property=\"og:type\" content=\"article\" \/>\n<meta property=\"og:title\" content=\"Saltholm Lounge Chair - SKARGAARDEN\" \/>\n<meta property=\"og:description\" content=\"El sill\u00f3n Saltholm es un lujoso sill\u00f3n en el que el dise\u00f1o sobrio de la estructura de teca se equilibra con unos exuberantes cojines curvados.\" \/>\n<meta property=\"og:url\" content=\"https:\/\/www.skargaarden.com\/es\/product\/saltholm-lounge-chair-2\/\" \/>\n<meta property=\"og:site_name\" content=\"SKARGAARDEN\" \/>\n<meta property=\"article:publisher\" content=\"https:\/\/www.facebook.com\/skargaarden\" \/>\n<meta property=\"article:modified_time\" content=\"2022-11-17T10:36:06+00:00\" \/>\n<meta name=\"twitter:card\" content=\"summary_large_image\" \/>\n<script type=\"application\/ld+json\" class=\"yoast-schema-graph\">{\"@context\":\"https:\/\/schema.org\",\"@graph\":[{\"@type\":\"WebPage\",\"@id\":\"https:\/\/www.skargaarden.com\/es\/product\/saltholm-lounge-chair-2\/\",\"url\":\"https:\/\/www.skargaarden.com\/es\/product\/saltholm-lounge-chair-2\/\",\"name\":\"Saltholm Lounge Chair - SKARGAARDEN\",\"isPartOf\":{\"@id\":\"https:\/\/www.skargaarden.com\/es\/#website\"},\"datePublished\":\"2022-11-14T08:14:54+00:00\",\"dateModified\":\"2022-11-17T10:36:06+00:00\",\"description\":\"El sill\u00f3n Saltholm es un lujoso sill\u00f3n en el que el dise\u00f1o sobrio de la estructura de teca se equilibra con unos exuberantes cojines curvados.\",\"breadcrumb\":{\"@id\":\"https:\/\/www.skargaarden.com\/es\/product\/saltholm-lounge-chair-2\/#breadcrumb\"},\"inLanguage\":\"es\",\"potentialAction\":[{\"@type\":\"ReadAction\",\"target\":[\"https:\/\/www.skargaarden.com\/es\/product\/saltholm-lounge-chair-2\/\"]}]},{\"@type\":\"BreadcrumbList\",\"@id\":\"https:\/\/www.skargaarden.com\/es\/product\/saltholm-lounge-chair-2\/#breadcrumb\",\"itemListElement\":[{\"@type\":\"ListItem\",\"position\":1,\"name\":\"Home\",\"item\":\"https:\/\/www.skargaarden.com\/es\/\"},{\"@type\":\"ListItem\",\"position\":2,\"name\":\"Productos\",\"item\":\"https:\/\/www.skargaarden.com\/es\/productos\/\"},{\"@type\":\"ListItem\",\"position\":3,\"name\":\"Saltholm Lounge Chair\"}]},{\"@type\":\"WebSite\",\"@id\":\"https:\/\/www.skargaarden.com\/es\/#website\",\"url\":\"https:\/\/www.skargaarden.com\/es\/\",\"name\":\"SKARGAARDEN\",\"description\":\"Scandinavian Outdoor Design\",\"publisher\":{\"@id\":\"https:\/\/www.skargaarden.com\/es\/#organization\"},\"potentialAction\":[{\"@type\":\"SearchAction\",\"target\":{\"@type\":\"EntryPoint\",\"urlTemplate\":\"https:\/\/www.skargaarden.com\/es\/?s={search_term_string}\"},\"query-input\":\"required name=search_term_string\"}],\"inLanguage\":\"es\"},{\"@type\":\"Organization\",\"@id\":\"https:\/\/www.skargaarden.com\/es\/#organization\",\"name\":\"SKARGAARDEN\",\"url\":\"https:\/\/www.skargaarden.com\/es\/\",\"logo\":{\"@type\":\"ImageObject\",\"inLanguage\":\"es\",\"@id\":\"https:\/\/www.skargaarden.com\/es\/#\/schema\/logo\/image\/\",\"url\":\"https:\/\/www.skargaarden.com\/wp-content\/uploads\/2024\/03\/skargaardenlogo-1.png\",\"contentUrl\":\"https:\/\/www.skargaarden.com\/wp-content\/uploads\/2024\/03\/skargaardenlogo-1.png\",\"width\":999,\"height\":141,\"caption\":\"SKARGAARDEN\"},\"image\":{\"@id\":\"https:\/\/www.skargaarden.com\/es\/#\/schema\/logo\/image\/\"},\"sameAs\":[\"https:\/\/www.facebook.com\/skargaarden\",\"https:\/\/www.instagram.com\/skargaarden\/\",\"https:\/\/www.pinterest.se\/skargaarden\/\"]}]}<\/script>\n<!-- \/ Yoast SEO plugin. -->","yoast_head_json":{"title":"Saltholm Lounge Chair - SKARGAARDEN","description":"El sill\u00f3n Saltholm es un lujoso sill\u00f3n en el que el dise\u00f1o sobrio de la estructura de teca se equilibra con unos exuberantes cojines curvados.","robots":{"index":"index","follow":"follow","max-snippet":"max-snippet:-1","max-image-preview":"max-image-preview:large","max-video-preview":"max-video-preview:-1"},"canonical":"https:\/\/www.skargaarden.com\/es\/product\/saltholm-lounge-chair-2\/","og_locale":"es_ES","og_type":"article","og_title":"Saltholm Lounge Chair - SKARGAARDEN","og_description":"El sill\u00f3n Saltholm es un lujoso sill\u00f3n en el que el dise\u00f1o sobrio de la estructura de teca se equilibra con unos exuberantes cojines curvados.","og_url":"https:\/\/www.skargaarden.com\/es\/product\/saltholm-lounge-chair-2\/","og_site_name":"SKARGAARDEN","article_publisher":"https:\/\/www.facebook.com\/skargaarden","article_modified_time":"2022-11-17T10:36:06+00:00","twitter_card":"summary_large_image","schema":{"@context":"https:\/\/schema.org","@graph":[{"@type":"WebPage","@id":"https:\/\/www.skargaarden.com\/es\/product\/saltholm-lounge-chair-2\/","url":"https:\/\/www.skargaarden.com\/es\/product\/saltholm-lounge-chair-2\/","name":"Saltholm Lounge Chair - SKARGAARDEN","isPartOf":{"@id":"https:\/\/www.skargaarden.com\/es\/#website"},"datePublished":"2022-11-14T08:14:54+00:00","dateModified":"2022-11-17T10:36:06+00:00","description":"El sill\u00f3n Saltholm es un lujoso sill\u00f3n en el que el dise\u00f1o sobrio de la estructura de teca se equilibra con unos exuberantes cojines curvados.","breadcrumb":{"@id":"https:\/\/www.skargaarden.com\/es\/product\/saltholm-lounge-chair-2\/#breadcrumb"},"inLanguage":"es","potentialAction":[{"@type":"ReadAction","target":["https:\/\/www.skargaarden.com\/es\/product\/saltholm-lounge-chair-2\/"]}]},{"@type":"BreadcrumbList","@id":"https:\/\/www.skargaarden.com\/es\/product\/saltholm-lounge-chair-2\/#breadcrumb","itemListElement":[{"@type":"ListItem","position":1,"name":"Home","item":"https:\/\/www.skargaarden.com\/es\/"},{"@type":"ListItem","position":2,"name":"Productos","item":"https:\/\/www.skargaarden.com\/es\/productos\/"},{"@type":"ListItem","position":3,"name":"Saltholm Lounge Chair"}]},{"@type":"WebSite","@id":"https:\/\/www.skargaarden.com\/es\/#website","url":"https:\/\/www.skargaarden.com\/es\/","name":"SKARGAARDEN","description":"Scandinavian Outdoor Design","publisher":{"@id":"https:\/\/www.skargaarden.com\/es\/#organization"},"potentialAction":[{"@type":"SearchAction","target":{"@type":"EntryPoint","urlTemplate":"https:\/\/www.skargaarden.com\/es\/?s={search_term_string}"},"query-input":"required name=search_term_string"}],"inLanguage":"es"},{"@type":"Organization","@id":"https:\/\/www.skargaarden.com\/es\/#organization","name":"SKARGAARDEN","url":"https:\/\/www.skargaarden.com\/es\/","logo":{"@type":"ImageObject","inLanguage":"es","@id":"https:\/\/www.skargaarden.com\/es\/#\/schema\/logo\/image\/","url":"https:\/\/www.skargaarden.com\/wp-content\/uploads\/2024\/03\/skargaardenlogo-1.png","contentUrl":"https:\/\/www.skargaarden.com\/wp-content\/uploads\/2024\/03\/skargaardenlogo-1.png","width":999,"height":141,"caption":"SKARGAARDEN"},"image":{"@id":"https:\/\/www.skargaarden.com\/es\/#\/schema\/logo\/image\/"},"sameAs":["https:\/\/www.facebook.com\/skargaarden","https:\/\/www.instagram.com\/skargaarden\/","https:\/\/www.pinterest.se\/skargaarden\/"]}]}},"_links":{"self":[{"href":"https:\/\/www.skargaarden.com\/es\/wp-json\/wp\/v2\/product\/17587"}],"collection":[{"href":"https:\/\/www.skargaarden.com\/es\/wp-json\/wp\/v2\/product"}],"about":[{"href":"https:\/\/www.skargaarden.com\/es\/wp-json\/wp\/v2\/types\/product"}],"wp:attachment":[{"href":"https:\/\/www.skargaarden.com\/es\/wp-json\/wp\/v2\/media?parent=17587"}],"wp:term":[{"taxonomy":"product_cat","embeddable":true,"href":"https:\/\/www.skargaarden.com\/es\/wp-json\/wp\/v2\/product_cat?post=17587"},{"taxonomy":"product_tag","embeddable":true,"href":"https:\/\/www.skargaarden.com\/es\/wp-json\/wp\/v2\/product_tag?post=17587"}],"curies":[{"name":"wp","href":"https:\/\/api.w.org\/{rel}","templated":true}]}}