{"id":18547,"date":"2023-05-17T18:47:19","date_gmt":"2023-05-17T16:47:19","guid":{"rendered":"https:\/\/www.skargaarden.com\/programa-de-comercio\/"},"modified":"2023-05-25T13:35:57","modified_gmt":"2023-05-25T11:35:57","slug":"programa-de-comercio","status":"publish","type":"page","link":"https:\/\/www.skargaarden.com\/es\/programa-de-comercio\/","title":{"rendered":"Programa de Comercio"},"content":{"rendered":"<p>Exclusivamente para la comunidad de dise\u00f1o profesional, nuestro equipo est\u00e1 listo para apoyar sus proyectos de dise\u00f1o. Tenemos la mayor\u00eda de nuestros productos en stock que est\u00e1n listos para enviar. Todo lo que necesita hacer es registrarse y configuraremos una cuenta comercial con un descuento comercial.<\/p>\n<p>Con\u00e9ctese con nuestro gerente de ventas por contrato, llame al +46 70 289 3755 o env\u00ede un correo electr\u00f3nico a <a href=\"mailto:magnus.hansson@skargaarden.com\">magnus.hansson@skargaarden.com<\/a>.<\/p>\n","protected":false},"excerpt":{"rendered":"<p>Exclusivamente para la comunidad de dise\u00f1o profesional, nuestro equipo est\u00e1 listo para apoyar sus proyectos de dise\u00f1o. Tenemos la mayor\u00eda de nuestros productos en stock que est\u00e1n listos para enviar. Todo lo que necesita hacer es registrarse y configuraremos una cuenta comercial con un descuento comercial. Con\u00e9ctese con nuestro gerente de ventas por contrato, llame [&hellip;]<\/p>\n","protected":false},"author":1,"featured_media":18515,"parent":0,"menu_order":0,"comment_status":"closed","ping_status":"closed","template":"page-trade-program.php","meta":{"_acf_changed":false,"footnotes":""},"acf":[],"yoast_head":"<!-- This site is optimized with the Yoast SEO plugin v22.2 - https:\/\/yoast.com\/wordpress\/plugins\/seo\/ -->\n<title>Programa de Comercio - SKARGAARDEN<\/title>\n<meta name=\"robots\" content=\"index, follow, max-snippet:-1, max-image-preview:large, max-video-preview:-1\" \/>\n<link rel=\"canonical\" href=\"https:\/\/www.skargaarden.com\/es\/programa-de-comercio\/\" \/>\n<meta property=\"og:locale\" content=\"es_ES\" \/>\n<meta property=\"og:type\" content=\"article\" \/>\n<meta property=\"og:title\" content=\"Programa de Comercio - SKARGAARDEN\" \/>\n<meta property=\"og:description\" content=\"Exclusivamente para la comunidad de dise\u00f1o profesional, nuestro equipo est\u00e1 listo para apoyar sus proyectos de dise\u00f1o. Tenemos la mayor\u00eda de nuestros productos en stock que est\u00e1n listos para enviar. Todo lo que necesita hacer es registrarse y configuraremos una cuenta comercial con un descuento comercial. Con\u00e9ctese con nuestro gerente de ventas por contrato, llame [&hellip;]\" \/>\n<meta property=\"og:url\" content=\"https:\/\/www.skargaarden.com\/es\/programa-de-comercio\/\" \/>\n<meta property=\"og:site_name\" content=\"SKARGAARDEN\" \/>\n<meta property=\"article:publisher\" content=\"https:\/\/www.facebook.com\/skargaarden\" \/>\n<meta property=\"article:modified_time\" content=\"2023-05-25T11:35:57+00:00\" \/>\n<meta property=\"og:image\" content=\"https:\/\/www.skargaarden.com\/wp-content\/uploads\/2023\/05\/The-La-Petite.jpeg\" \/>\n\t<meta property=\"og:image:width\" content=\"2500\" \/>\n\t<meta property=\"og:image:height\" content=\"1666\" \/>\n\t<meta property=\"og:image:type\" content=\"image\/jpeg\" \/>\n<meta name=\"twitter:card\" content=\"summary_large_image\" \/>\n<script type=\"application\/ld+json\" class=\"yoast-schema-graph\">{\"@context\":\"https:\/\/schema.org\",\"@graph\":[{\"@type\":\"WebPage\",\"@id\":\"https:\/\/www.skargaarden.com\/es\/programa-de-comercio\/\",\"url\":\"https:\/\/www.skargaarden.com\/es\/programa-de-comercio\/\",\"name\":\"Programa de Comercio - SKARGAARDEN\",\"isPartOf\":{\"@id\":\"https:\/\/www.skargaarden.com\/es\/#website\"},\"primaryImageOfPage\":{\"@id\":\"https:\/\/www.skargaarden.com\/es\/programa-de-comercio\/#primaryimage\"},\"image\":{\"@id\":\"https:\/\/www.skargaarden.com\/es\/programa-de-comercio\/#primaryimage\"},\"thumbnailUrl\":\"https:\/\/www.skargaarden.com\/wp-content\/uploads\/2023\/05\/The-La-Petite.jpeg\",\"datePublished\":\"2023-05-17T16:47:19+00:00\",\"dateModified\":\"2023-05-25T11:35:57+00:00\",\"breadcrumb\":{\"@id\":\"https:\/\/www.skargaarden.com\/es\/programa-de-comercio\/#breadcrumb\"},\"inLanguage\":\"es\",\"potentialAction\":[{\"@type\":\"ReadAction\",\"target\":[\"https:\/\/www.skargaarden.com\/es\/programa-de-comercio\/\"]}]},{\"@type\":\"ImageObject\",\"inLanguage\":\"es\",\"@id\":\"https:\/\/www.skargaarden.com\/es\/programa-de-comercio\/#primaryimage\",\"url\":\"https:\/\/www.skargaarden.com\/wp-content\/uploads\/2023\/05\/The-La-Petite.jpeg\",\"contentUrl\":\"https:\/\/www.skargaarden.com\/wp-content\/uploads\/2023\/05\/The-La-Petite.jpeg\",\"width\":2500,\"height\":1666},{\"@type\":\"BreadcrumbList\",\"@id\":\"https:\/\/www.skargaarden.com\/es\/programa-de-comercio\/#breadcrumb\",\"itemListElement\":[{\"@type\":\"ListItem\",\"position\":1,\"name\":\"Home\",\"item\":\"https:\/\/www.skargaarden.com\/es\/\"},{\"@type\":\"ListItem\",\"position\":2,\"name\":\"Programa de Comercio\"}]},{\"@type\":\"WebSite\",\"@id\":\"https:\/\/www.skargaarden.com\/es\/#website\",\"url\":\"https:\/\/www.skargaarden.com\/es\/\",\"name\":\"SKARGAARDEN\",\"description\":\"Scandinavian Outdoor Design\",\"publisher\":{\"@id\":\"https:\/\/www.skargaarden.com\/es\/#organization\"},\"potentialAction\":[{\"@type\":\"SearchAction\",\"target\":{\"@type\":\"EntryPoint\",\"urlTemplate\":\"https:\/\/www.skargaarden.com\/es\/?s={search_term_string}\"},\"query-input\":\"required name=search_term_string\"}],\"inLanguage\":\"es\"},{\"@type\":\"Organization\",\"@id\":\"https:\/\/www.skargaarden.com\/es\/#organization\",\"name\":\"SKARGAARDEN\",\"url\":\"https:\/\/www.skargaarden.com\/es\/\",\"logo\":{\"@type\":\"ImageObject\",\"inLanguage\":\"es\",\"@id\":\"https:\/\/www.skargaarden.com\/es\/#\/schema\/logo\/image\/\",\"url\":\"https:\/\/www.skargaarden.com\/wp-content\/uploads\/2024\/03\/skargaardenlogo-1.png\",\"contentUrl\":\"https:\/\/www.skargaarden.com\/wp-content\/uploads\/2024\/03\/skargaardenlogo-1.png\",\"width\":999,\"height\":141,\"caption\":\"SKARGAARDEN\"},\"image\":{\"@id\":\"https:\/\/www.skargaarden.com\/es\/#\/schema\/logo\/image\/\"},\"sameAs\":[\"https:\/\/www.facebook.com\/skargaarden\",\"https:\/\/www.instagram.com\/skargaarden\/\",\"https:\/\/www.pinterest.se\/skargaarden\/\"]}]}<\/script>\n<!-- \/ Yoast SEO plugin. -->","yoast_head_json":{"title":"Programa de Comercio - SKARGAARDEN","robots":{"index":"index","follow":"follow","max-snippet":"max-snippet:-1","max-image-preview":"max-image-preview:large","max-video-preview":"max-video-preview:-1"},"canonical":"https:\/\/www.skargaarden.com\/es\/programa-de-comercio\/","og_locale":"es_ES","og_type":"article","og_title":"Programa de Comercio - SKARGAARDEN","og_description":"Exclusivamente para la comunidad de dise\u00f1o profesional, nuestro equipo est\u00e1 listo para apoyar sus proyectos de dise\u00f1o. Tenemos la mayor\u00eda de nuestros productos en stock que est\u00e1n listos para enviar. Todo lo que necesita hacer es registrarse y configuraremos una cuenta comercial con un descuento comercial. Con\u00e9ctese con nuestro gerente de ventas por contrato, llame [&hellip;]","og_url":"https:\/\/www.skargaarden.com\/es\/programa-de-comercio\/","og_site_name":"SKARGAARDEN","article_publisher":"https:\/\/www.facebook.com\/skargaarden","article_modified_time":"2023-05-25T11:35:57+00:00","og_image":[{"width":2500,"height":1666,"url":"https:\/\/www.skargaarden.com\/wp-content\/uploads\/2023\/05\/The-La-Petite.jpeg","type":"image\/jpeg"}],"twitter_card":"summary_large_image","schema":{"@context":"https:\/\/schema.org","@graph":[{"@type":"WebPage","@id":"https:\/\/www.skargaarden.com\/es\/programa-de-comercio\/","url":"https:\/\/www.skargaarden.com\/es\/programa-de-comercio\/","name":"Programa de Comercio - SKARGAARDEN","isPartOf":{"@id":"https:\/\/www.skargaarden.com\/es\/#website"},"primaryImageOfPage":{"@id":"https:\/\/www.skargaarden.com\/es\/programa-de-comercio\/#primaryimage"},"image":{"@id":"https:\/\/www.skargaarden.com\/es\/programa-de-comercio\/#primaryimage"},"thumbnailUrl":"https:\/\/www.skargaarden.com\/wp-content\/uploads\/2023\/05\/The-La-Petite.jpeg","datePublished":"2023-05-17T16:47:19+00:00","dateModified":"2023-05-25T11:35:57+00:00","breadcrumb":{"@id":"https:\/\/www.skargaarden.com\/es\/programa-de-comercio\/#breadcrumb"},"inLanguage":"es","potentialAction":[{"@type":"ReadAction","target":["https:\/\/www.skargaarden.com\/es\/programa-de-comercio\/"]}]},{"@type":"ImageObject","inLanguage":"es","@id":"https:\/\/www.skargaarden.com\/es\/programa-de-comercio\/#primaryimage","url":"https:\/\/www.skargaarden.com\/wp-content\/uploads\/2023\/05\/The-La-Petite.jpeg","contentUrl":"https:\/\/www.skargaarden.com\/wp-content\/uploads\/2023\/05\/The-La-Petite.jpeg","width":2500,"height":1666},{"@type":"BreadcrumbList","@id":"https:\/\/www.skargaarden.com\/es\/programa-de-comercio\/#breadcrumb","itemListElement":[{"@type":"ListItem","position":1,"name":"Home","item":"https:\/\/www.skargaarden.com\/es\/"},{"@type":"ListItem","position":2,"name":"Programa de Comercio"}]},{"@type":"WebSite","@id":"https:\/\/www.skargaarden.com\/es\/#website","url":"https:\/\/www.skargaarden.com\/es\/","name":"SKARGAARDEN","description":"Scandinavian Outdoor Design","publisher":{"@id":"https:\/\/www.skargaarden.com\/es\/#organization"},"potentialAction":[{"@type":"SearchAction","target":{"@type":"EntryPoint","urlTemplate":"https:\/\/www.skargaarden.com\/es\/?s={search_term_string}"},"query-input":"required name=search_term_string"}],"inLanguage":"es"},{"@type":"Organization","@id":"https:\/\/www.skargaarden.com\/es\/#organization","name":"SKARGAARDEN","url":"https:\/\/www.skargaarden.com\/es\/","logo":{"@type":"ImageObject","inLanguage":"es","@id":"https:\/\/www.skargaarden.com\/es\/#\/schema\/logo\/image\/","url":"https:\/\/www.skargaarden.com\/wp-content\/uploads\/2024\/03\/skargaardenlogo-1.png","contentUrl":"https:\/\/www.skargaarden.com\/wp-content\/uploads\/2024\/03\/skargaardenlogo-1.png","width":999,"height":141,"caption":"SKARGAARDEN"},"image":{"@id":"https:\/\/www.skargaarden.com\/es\/#\/schema\/logo\/image\/"},"sameAs":["https:\/\/www.facebook.com\/skargaarden","https:\/\/www.instagram.com\/skargaarden\/","https:\/\/www.pinterest.se\/skargaarden\/"]}]}},"_links":{"self":[{"href":"https:\/\/www.skargaarden.com\/es\/wp-json\/wp\/v2\/pages\/18547"}],"collection":[{"href":"https:\/\/www.skargaarden.com\/es\/wp-json\/wp\/v2\/pages"}],"about":[{"href":"https:\/\/www.skargaarden.com\/es\/wp-json\/wp\/v2\/types\/page"}],"author":[{"embeddable":true,"href":"https:\/\/www.skargaarden.com\/es\/wp-json\/wp\/v2\/users\/1"}],"replies":[{"embeddable":true,"href":"https:\/\/www.skargaarden.com\/es\/wp-json\/wp\/v2\/comments?post=18547"}],"version-history":[{"count":0,"href":"https:\/\/www.skargaarden.com\/es\/wp-json\/wp\/v2\/pages\/18547\/revisions"}],"wp:featuredmedia":[{"embeddable":true,"href":"https:\/\/www.skargaarden.com\/es\/wp-json\/wp\/v2\/media\/18515"}],"wp:attachment":[{"href":"https:\/\/www.skargaarden.com\/es\/wp-json\/wp\/v2\/media?parent=18547"}],"curies":[{"name":"wp","href":"https:\/\/api.w.org\/{rel}","templated":true}]}}