{"id":17539,"date":"2022-11-10T12:19:54","date_gmt":"2022-11-10T11:19:54","guid":{"rendered":"https:\/\/www.skargaarden.com\/almacenamiento-de-muebles-en-invierno\/"},"modified":"2022-11-10T12:19:54","modified_gmt":"2022-11-10T11:19:54","slug":"almacenamiento-de-muebles-en-invierno","status":"publish","type":"page","link":"https:\/\/www.skargaarden.com\/es\/almacenamiento-de-muebles-en-invierno\/","title":{"rendered":"Almacenamiento de muebles en invierno"},"content":{"rendered":"<p>ALMACENAMIENTO DE MUEBLES DE TECA EN INVIERNO<\/p>\n<p>Entonces, \u00bfcu\u00e1l es la mejor manera de proteger sus muebles de teca contra el invierno? Le recomendamos que guarde sus muebles de teca bajo fundas transpirables o en un almac\u00e9n sin calefacci\u00f3n. Lo importante es hacer algo, sobre todo si quiere que sus muebles de teca envejezcan con gracia.<\/p>\n<p>Los muebles de teca duran siglos. Esto se debe a que el aceite de teca, infundido en cada c\u00e9lula de la madera, es un conservante natural que confiere a los muebles de teca una legendaria resistencia a la putrefacci\u00f3n. Sin embargo, \u00a1durar mucho no es lo mismo que envejecer bien! Las duras condiciones invernales pueden pasar factura a la teca. Proteja sus muebles de teca contra el invierno si quiere que pasen sin da\u00f1os. Veamos qu\u00e9 puede ocurrirle a los muebles de teca durante el invierno y qu\u00e9 puede hacer para protegerlos.<\/p>\n<p>El mayor peligro es que se agriete. Las oscilaciones de temperatura son las culpables en este caso. Esto es as\u00ed durante todo el a\u00f1o, pero en invierno se producen muchas oscilaciones de temperatura justo alrededor del punto de congelaci\u00f3n del agua. Cuando la temperatura est\u00e1 por encima del punto de congelaci\u00f3n, peque\u00f1as cantidades de humedad siempre se abren paso en cualquier grieta existente en la madera, incluso en esas grietas finas que no se pueden ver. Cuando la temperatura del aire desciende por debajo del punto de congelaci\u00f3n, esta humedad en esas peque\u00f1as grietas tambi\u00e9n se congela. Y cuando el agua se congela en cualquier lugar de la Tierra, se expande. Esta expansi\u00f3n es poderosa y pr\u00e1cticamente imparable. As\u00ed, no es de extra\u00f1ar que la congelaci\u00f3n de unas gotas de agua ampl\u00ede las grietas de sus muebles de teca. Este ciclo de congelaci\u00f3n y descongelaci\u00f3n se repite docenas de veces en una temporada de invierno t\u00edpica, ya que la temperatura tiene enormes variaciones. Esta tensi\u00f3n repetida puede convertir una grieta inadvertida en una fea cicatriz en un solo invierno.<\/p>\n<p>ALMACENAR MUEBLES DE TECA EN EL INTERIOR. Puede que piense que la mejor manera de proteger sus muebles de teca es llevarlos al interior. Pero hay un par de problemas con este enfoque. Tambi\u00e9n en este caso, el cambio de temperatura puede ser un problema, sobre todo si llevas los muebles dentro de tu casa a una habitaci\u00f3n con calefacci\u00f3n. La mayor\u00eda de los espacios interiores son menos h\u00famedos que los exteriores. El calor a\u00f1adido quiere que la madera se expanda. El aire m\u00e1s seco quiere que la madera se contraiga. El resultado son grietas.<\/p>\n<p>Lo mejor es colocar los muebles en una habitaci\u00f3n sin calefacci\u00f3n, en un porche protegido o en un garaje. Sus muebles recibir\u00e1n toda la protecci\u00f3n, sin el choque de ese gran cambio de calor y humedad al pasar del exterior a una habitaci\u00f3n interior con calefacci\u00f3n.<\/p>\n<p>&nbsp;<\/p>\n<p>&nbsp;<\/p>\n<p>ALMACENAMIENTO INVERNAL DE MUEBLES DE ALUMINIO Y ACERO INOXIDABLE<\/p>\n<p>Entonces, \u00bfcu\u00e1l es la mejor manera de proteger sus muebles de aluminio y acero inoxidable contra el invierno? Le recomendamos que guarde sus muebles bajo fundas transpirables o en un almac\u00e9n. Lo importante es evitar que el agua dentro de los marcos (tubos) de aluminio y acero inoxidable se congele y debilite los marcos.<\/p>\n<p>Los muebles de aluminio y acero inoxidable durar\u00e1n mucho tiempo si se cuidan adecuadamente. Sin embargo, \u00a1durar mucho no es lo mismo que envejecer bien! Tanto el aluminio como el acero inoxidable son pr\u00e1cticamente resistentes a la oxidaci\u00f3n, por lo que la lluvia no causar\u00e1 demasiados problemas. La mayor\u00eda de los marcos de los muebles de aluminio y acero inoxidable incluyen agujeros para ayudar a drenar el agua, pero estos tambi\u00e9n dejan que el agua entre. Cuando las temperaturas invernales fluct\u00faan por encima y por debajo del punto de congelaci\u00f3n, el agua se congela y se funde, lo que puede debilitar los marcos. Para evitarlo, aseg\u00farese de que sus muebles de aluminio y acero inoxidable est\u00e9n completamente secos antes de guardarlos. Antes de guardar los muebles en invierno, fr\u00f3telos con unas gotas de un detergente suave y agua tibia. Tras el secado, busque cualquier ara\u00f1azo y retoque con pintura si es necesario.<\/p>\n<p>INVIERNO GUARDANDO LOS MUEBLES DE ALUMINIO Y ACERO INOXIDABLE EN SU INTERIOR. Guardar los muebles de aluminio y acero inoxidable en el interior es una buena forma (aunque no necesaria) de protegerlos. Si tienes el espacio, es una buena soluci\u00f3n. Tambi\u00e9n puede almacenar el aluminio y el acero inoxidable en un porche protegido, o en un garaje.<\/p>\n<p>&nbsp;<\/p>\n<p>&nbsp;<\/p>\n<p>ALMACENAMIENTO DE INVIERNO DE LOS COJINES DE EXTERIOR<\/p>\n<p>Entonces, \u00bfcu\u00e1l es la mejor manera de proteger sus cojines de exterior contra el invierno? Le recomendamos que los guarde en el interior o en un almac\u00e9n durante el invierno.<\/p>\n<p>Todos nuestros tejidos para exteriores est\u00e1n dise\u00f1ados para ser resistentes a la intemperie y mucho m\u00e1s fuertes que los fabricados para interiores. Sin embargo, la lluvia, la nieve y el hielo pueden da\u00f1ar su decoraci\u00f3n exterior si no tiene cuidado. Los tejidos de exterior duran mucho tiempo. Si los cuidas, prolongar\u00e1s su vida \u00fatil de forma significativa.<\/p>\n<p>LIMPIAR LOS COJINES ANTES DE GUARDARLOS EN INVIERNO. Limpia las telas de exterior, los cojines, las almohadas y las sombrillas antes de guardarlos para que est\u00e9n listos para la primavera. Para limpiar sus cojines de exterior, ll\u00e9velos a una zona de sombra y cepille la suciedad suelta. Mezcle un detergente suave con agua tibia. Utilice un cepillo suave o un trapo para eliminar las manchas dif\u00edciles. Deje que la soluci\u00f3n repose durante 15 minutos antes de enjuagar con una manguera. Deje que se sequen al aire libre y no las guarde hasta que est\u00e9n completamente secas.<\/p>\n<p>&nbsp;<\/p>\n<p>&nbsp;<\/p>\n<p>FUNDAS PARA MUEBLES<\/p>\n<p>Una funda para respirar es una buena manera de proteger el mobiliario de exterior durante el invierno. Hay una cosa que debes tener en cuenta cuando protejas tus muebles del invierno con una funda. Tiene que ser &#8220;transpirable&#8221;. S\u00ed, es necesario que sea herm\u00e9tico. S\u00f3lo que no al 100%. No hay ning\u00fan problema para encontrar esas cubiertas. Todas las fundas que ofrecemos de Skargaarden son transpirables. El factor de transpirabilidad es para evitar que el moho se instale.<\/p>\n<p>Por supuesto, puedes coser tus propias fundas para muebles. S\u00f3lo recuerda que debes utilizar telas transpirables e hilos que sean para uso exterior. Puede encargarnos la tela de la cubierta. Si busca una soluci\u00f3n menos costosa, ni siquiera es necesario coser las fundas, basta con cubrir los muebles con tela de cubierta. En nuestra opini\u00f3n, no es la mejor manera de hacerlo, pero es mejor que no cubrir nada. Recuerda dejar un peque\u00f1o espacio entre el suelo y la tela para ventilar y evitar la humedad bajo la cubierta.<\/p>\n<p>NOTA. Existe el riesgo de que las alima\u00f1as puedan da\u00f1ar los cojines de exterior que est\u00e1n cubiertos por fundas para muebles. Por ello, le recomendamos que guarde los cojines de exterior fuera del alcance de las alima\u00f1as.<\/p>\n","protected":false},"excerpt":{"rendered":"<p>ALMACENAMIENTO DE MUEBLES DE TECA EN INVIERNO Entonces, \u00bfcu\u00e1l es la mejor manera de proteger sus muebles de teca contra el invierno? Le recomendamos que guarde sus muebles de teca bajo fundas transpirables o en un almac\u00e9n sin calefacci\u00f3n. Lo importante es hacer algo, sobre todo si quiere que sus muebles de teca envejezcan con [&hellip;]<\/p>\n","protected":false},"author":1,"featured_media":17231,"parent":0,"menu_order":0,"comment_status":"closed","ping_status":"closed","template":"","meta":{"_acf_changed":false,"footnotes":""},"acf":[],"yoast_head":"<!-- This site is optimized with the Yoast SEO plugin v22.2 - https:\/\/yoast.com\/wordpress\/plugins\/seo\/ -->\n<title>Almacenamiento de muebles en invierno - SKARGAARDEN<\/title>\n<meta name=\"robots\" content=\"index, follow, max-snippet:-1, max-image-preview:large, max-video-preview:-1\" \/>\n<link rel=\"canonical\" href=\"https:\/\/www.skargaarden.com\/es\/almacenamiento-de-muebles-en-invierno\/\" \/>\n<meta property=\"og:locale\" content=\"es_ES\" \/>\n<meta property=\"og:type\" content=\"article\" \/>\n<meta property=\"og:title\" content=\"Almacenamiento de muebles en invierno - SKARGAARDEN\" \/>\n<meta property=\"og:description\" content=\"ALMACENAMIENTO DE MUEBLES DE TECA EN INVIERNO Entonces, \u00bfcu\u00e1l es la mejor manera de proteger sus muebles de teca contra el invierno? Le recomendamos que guarde sus muebles de teca bajo fundas transpirables o en un almac\u00e9n sin calefacci\u00f3n. Lo importante es hacer algo, sobre todo si quiere que sus muebles de teca envejezcan con [&hellip;]\" \/>\n<meta property=\"og:url\" content=\"https:\/\/www.skargaarden.com\/es\/almacenamiento-de-muebles-en-invierno\/\" \/>\n<meta property=\"og:site_name\" content=\"SKARGAARDEN\" \/>\n<meta property=\"article:publisher\" content=\"https:\/\/www.facebook.com\/skargaarden\" \/>\n<meta property=\"og:image\" content=\"https:\/\/www.skargaarden.com\/wp-content\/uploads\/2021\/10\/6099a8421f52d.jpeg\" \/>\n\t<meta property=\"og:image:width\" content=\"1575\" \/>\n\t<meta property=\"og:image:height\" content=\"995\" \/>\n\t<meta property=\"og:image:type\" content=\"image\/jpeg\" \/>\n<meta name=\"twitter:card\" content=\"summary_large_image\" \/>\n<meta name=\"twitter:label1\" content=\"Tiempo de lectura\" \/>\n\t<meta name=\"twitter:data1\" content=\"6 minutos\" \/>\n<script type=\"application\/ld+json\" class=\"yoast-schema-graph\">{\"@context\":\"https:\/\/schema.org\",\"@graph\":[{\"@type\":\"WebPage\",\"@id\":\"https:\/\/www.skargaarden.com\/es\/almacenamiento-de-muebles-en-invierno\/\",\"url\":\"https:\/\/www.skargaarden.com\/es\/almacenamiento-de-muebles-en-invierno\/\",\"name\":\"Almacenamiento de muebles en invierno - SKARGAARDEN\",\"isPartOf\":{\"@id\":\"https:\/\/www.skargaarden.com\/es\/#website\"},\"primaryImageOfPage\":{\"@id\":\"https:\/\/www.skargaarden.com\/es\/almacenamiento-de-muebles-en-invierno\/#primaryimage\"},\"image\":{\"@id\":\"https:\/\/www.skargaarden.com\/es\/almacenamiento-de-muebles-en-invierno\/#primaryimage\"},\"thumbnailUrl\":\"https:\/\/www.skargaarden.com\/wp-content\/uploads\/2021\/10\/6099a8421f52d.jpeg\",\"datePublished\":\"2022-11-10T11:19:54+00:00\",\"dateModified\":\"2022-11-10T11:19:54+00:00\",\"breadcrumb\":{\"@id\":\"https:\/\/www.skargaarden.com\/es\/almacenamiento-de-muebles-en-invierno\/#breadcrumb\"},\"inLanguage\":\"es\",\"potentialAction\":[{\"@type\":\"ReadAction\",\"target\":[\"https:\/\/www.skargaarden.com\/es\/almacenamiento-de-muebles-en-invierno\/\"]}]},{\"@type\":\"ImageObject\",\"inLanguage\":\"es\",\"@id\":\"https:\/\/www.skargaarden.com\/es\/almacenamiento-de-muebles-en-invierno\/#primaryimage\",\"url\":\"https:\/\/www.skargaarden.com\/wp-content\/uploads\/2021\/10\/6099a8421f52d.jpeg\",\"contentUrl\":\"https:\/\/www.skargaarden.com\/wp-content\/uploads\/2021\/10\/6099a8421f52d.jpeg\",\"width\":1575,\"height\":995},{\"@type\":\"BreadcrumbList\",\"@id\":\"https:\/\/www.skargaarden.com\/es\/almacenamiento-de-muebles-en-invierno\/#breadcrumb\",\"itemListElement\":[{\"@type\":\"ListItem\",\"position\":1,\"name\":\"Home\",\"item\":\"https:\/\/www.skargaarden.com\/es\/\"},{\"@type\":\"ListItem\",\"position\":2,\"name\":\"Almacenamiento de muebles en invierno\"}]},{\"@type\":\"WebSite\",\"@id\":\"https:\/\/www.skargaarden.com\/es\/#website\",\"url\":\"https:\/\/www.skargaarden.com\/es\/\",\"name\":\"SKARGAARDEN\",\"description\":\"Scandinavian Outdoor Design\",\"publisher\":{\"@id\":\"https:\/\/www.skargaarden.com\/es\/#organization\"},\"potentialAction\":[{\"@type\":\"SearchAction\",\"target\":{\"@type\":\"EntryPoint\",\"urlTemplate\":\"https:\/\/www.skargaarden.com\/es\/?s={search_term_string}\"},\"query-input\":\"required name=search_term_string\"}],\"inLanguage\":\"es\"},{\"@type\":\"Organization\",\"@id\":\"https:\/\/www.skargaarden.com\/es\/#organization\",\"name\":\"SKARGAARDEN\",\"url\":\"https:\/\/www.skargaarden.com\/es\/\",\"logo\":{\"@type\":\"ImageObject\",\"inLanguage\":\"es\",\"@id\":\"https:\/\/www.skargaarden.com\/es\/#\/schema\/logo\/image\/\",\"url\":\"https:\/\/www.skargaarden.com\/wp-content\/uploads\/2024\/03\/skargaardenlogo-1.png\",\"contentUrl\":\"https:\/\/www.skargaarden.com\/wp-content\/uploads\/2024\/03\/skargaardenlogo-1.png\",\"width\":999,\"height\":141,\"caption\":\"SKARGAARDEN\"},\"image\":{\"@id\":\"https:\/\/www.skargaarden.com\/es\/#\/schema\/logo\/image\/\"},\"sameAs\":[\"https:\/\/www.facebook.com\/skargaarden\",\"https:\/\/www.instagram.com\/skargaarden\/\",\"https:\/\/www.pinterest.se\/skargaarden\/\"]}]}<\/script>\n<!-- \/ Yoast SEO plugin. -->","yoast_head_json":{"title":"Almacenamiento de muebles en invierno - SKARGAARDEN","robots":{"index":"index","follow":"follow","max-snippet":"max-snippet:-1","max-image-preview":"max-image-preview:large","max-video-preview":"max-video-preview:-1"},"canonical":"https:\/\/www.skargaarden.com\/es\/almacenamiento-de-muebles-en-invierno\/","og_locale":"es_ES","og_type":"article","og_title":"Almacenamiento de muebles en invierno - SKARGAARDEN","og_description":"ALMACENAMIENTO DE MUEBLES DE TECA EN INVIERNO Entonces, \u00bfcu\u00e1l es la mejor manera de proteger sus muebles de teca contra el invierno? Le recomendamos que guarde sus muebles de teca bajo fundas transpirables o en un almac\u00e9n sin calefacci\u00f3n. Lo importante es hacer algo, sobre todo si quiere que sus muebles de teca envejezcan con [&hellip;]","og_url":"https:\/\/www.skargaarden.com\/es\/almacenamiento-de-muebles-en-invierno\/","og_site_name":"SKARGAARDEN","article_publisher":"https:\/\/www.facebook.com\/skargaarden","og_image":[{"width":1575,"height":995,"url":"https:\/\/www.skargaarden.com\/wp-content\/uploads\/2021\/10\/6099a8421f52d.jpeg","type":"image\/jpeg"}],"twitter_card":"summary_large_image","twitter_misc":{"Tiempo de lectura":"6 minutos"},"schema":{"@context":"https:\/\/schema.org","@graph":[{"@type":"WebPage","@id":"https:\/\/www.skargaarden.com\/es\/almacenamiento-de-muebles-en-invierno\/","url":"https:\/\/www.skargaarden.com\/es\/almacenamiento-de-muebles-en-invierno\/","name":"Almacenamiento de muebles en invierno - SKARGAARDEN","isPartOf":{"@id":"https:\/\/www.skargaarden.com\/es\/#website"},"primaryImageOfPage":{"@id":"https:\/\/www.skargaarden.com\/es\/almacenamiento-de-muebles-en-invierno\/#primaryimage"},"image":{"@id":"https:\/\/www.skargaarden.com\/es\/almacenamiento-de-muebles-en-invierno\/#primaryimage"},"thumbnailUrl":"https:\/\/www.skargaarden.com\/wp-content\/uploads\/2021\/10\/6099a8421f52d.jpeg","datePublished":"2022-11-10T11:19:54+00:00","dateModified":"2022-11-10T11:19:54+00:00","breadcrumb":{"@id":"https:\/\/www.skargaarden.com\/es\/almacenamiento-de-muebles-en-invierno\/#breadcrumb"},"inLanguage":"es","potentialAction":[{"@type":"ReadAction","target":["https:\/\/www.skargaarden.com\/es\/almacenamiento-de-muebles-en-invierno\/"]}]},{"@type":"ImageObject","inLanguage":"es","@id":"https:\/\/www.skargaarden.com\/es\/almacenamiento-de-muebles-en-invierno\/#primaryimage","url":"https:\/\/www.skargaarden.com\/wp-content\/uploads\/2021\/10\/6099a8421f52d.jpeg","contentUrl":"https:\/\/www.skargaarden.com\/wp-content\/uploads\/2021\/10\/6099a8421f52d.jpeg","width":1575,"height":995},{"@type":"BreadcrumbList","@id":"https:\/\/www.skargaarden.com\/es\/almacenamiento-de-muebles-en-invierno\/#breadcrumb","itemListElement":[{"@type":"ListItem","position":1,"name":"Home","item":"https:\/\/www.skargaarden.com\/es\/"},{"@type":"ListItem","position":2,"name":"Almacenamiento de muebles en invierno"}]},{"@type":"WebSite","@id":"https:\/\/www.skargaarden.com\/es\/#website","url":"https:\/\/www.skargaarden.com\/es\/","name":"SKARGAARDEN","description":"Scandinavian Outdoor Design","publisher":{"@id":"https:\/\/www.skargaarden.com\/es\/#organization"},"potentialAction":[{"@type":"SearchAction","target":{"@type":"EntryPoint","urlTemplate":"https:\/\/www.skargaarden.com\/es\/?s={search_term_string}"},"query-input":"required name=search_term_string"}],"inLanguage":"es"},{"@type":"Organization","@id":"https:\/\/www.skargaarden.com\/es\/#organization","name":"SKARGAARDEN","url":"https:\/\/www.skargaarden.com\/es\/","logo":{"@type":"ImageObject","inLanguage":"es","@id":"https:\/\/www.skargaarden.com\/es\/#\/schema\/logo\/image\/","url":"https:\/\/www.skargaarden.com\/wp-content\/uploads\/2024\/03\/skargaardenlogo-1.png","contentUrl":"https:\/\/www.skargaarden.com\/wp-content\/uploads\/2024\/03\/skargaardenlogo-1.png","width":999,"height":141,"caption":"SKARGAARDEN"},"image":{"@id":"https:\/\/www.skargaarden.com\/es\/#\/schema\/logo\/image\/"},"sameAs":["https:\/\/www.facebook.com\/skargaarden","https:\/\/www.instagram.com\/skargaarden\/","https:\/\/www.pinterest.se\/skargaarden\/"]}]}},"_links":{"self":[{"href":"https:\/\/www.skargaarden.com\/es\/wp-json\/wp\/v2\/pages\/17539"}],"collection":[{"href":"https:\/\/www.skargaarden.com\/es\/wp-json\/wp\/v2\/pages"}],"about":[{"href":"https:\/\/www.skargaarden.com\/es\/wp-json\/wp\/v2\/types\/page"}],"author":[{"embeddable":true,"href":"https:\/\/www.skargaarden.com\/es\/wp-json\/wp\/v2\/users\/1"}],"replies":[{"embeddable":true,"href":"https:\/\/www.skargaarden.com\/es\/wp-json\/wp\/v2\/comments?post=17539"}],"version-history":[{"count":0,"href":"https:\/\/www.skargaarden.com\/es\/wp-json\/wp\/v2\/pages\/17539\/revisions"}],"wp:featuredmedia":[{"embeddable":true,"href":"https:\/\/www.skargaarden.com\/es\/wp-json\/wp\/v2\/media\/17231"}],"wp:attachment":[{"href":"https:\/\/www.skargaarden.com\/es\/wp-json\/wp\/v2\/media?parent=17539"}],"curies":[{"name":"wp","href":"https:\/\/api.w.org\/{rel}","templated":true}]}}