{"id":17537,"date":"2022-11-10T11:53:27","date_gmt":"2022-11-10T10:53:27","guid":{"rendered":"https:\/\/www.skargaarden.com\/sostenibilidad\/"},"modified":"2022-11-10T11:53:27","modified_gmt":"2022-11-10T10:53:27","slug":"sostenibilidad","status":"publish","type":"page","link":"https:\/\/www.skargaarden.com\/es\/sostenibilidad\/","title":{"rendered":"Sostenibilidad"},"content":{"rendered":"<p>SOSTENIBILIDAD<\/p>\n<p><span lang=\"EN-US\">Creemos que la sostenibilidad tiene que ver con la durabilidad.<span class=\"x_x_Apple-converted-space\"> <\/span> Es lo mismo que la calidad duradera. Productos construidos y dise\u00f1ados para durar mucho tiempo. Con una calidad a la altura.<span class=\"x_x_Apple-converted-space\"> <\/span> <\/span><\/p>\n<p><span lang=\"EN-US\">Fabricamos nuestros muebles con materiales que pueden estar en el exterior todo el a\u00f1o. Aun as\u00ed, el tiempo puede ser duro y algo brutal. (Somos del norte de Suecia, as\u00ed que lo sabemos muy bien). Dale a las fuerzas de la naturaleza el tiempo suficiente, y pulir\u00e1n los acantilados angulosos hasta convertirlos en rocas lisas. As\u00ed que, aunque nuestros muebles se puedan dejar fuera, es posible que necesiten algo de ayuda en el camino, todav\u00eda. Al menos, si quieres entregarlos a la siguiente generaci\u00f3n, y a la que le sigue. <\/span><\/p>\n<p><span lang=\"EN-US\">La madera de teca, el acero inoxidable, el acero galvanizado y el aluminio son materiales que han demostrado su eficacia en el exterior. Por eso los usamos. Adem\u00e1s, prestamos mucha atenci\u00f3n al tejido, y s\u00f3lo utilizamos telas con una alta solidez del color, lo que significa que los tejidos no se desti\u00f1en con el sol y la lluvia.<\/span><\/p>\n<p><span lang=\"EN-US\"> <\/span><\/p>\n<p><span lang=\"EN-US\">DISE\u00d1O VS. SOSTENIBILIDAD<\/span><\/p>\n<p><span lang=\"EN-US\">Hacemos muebles que perduran en el tiempo. Hay una gran diferencia entre hacer un sof\u00e1 de interior y hacer un sof\u00e1 que se pueda poner en el jard\u00edn, y dejarlo all\u00ed. Pensamos en la durabilidad y el aspecto a largo plazo del dise\u00f1o desde el primer boceto, o incluso la primera idea, de un nuevo sof\u00e1.<span class=\"x_x_Apple-converted-space\"> <\/span> <\/span><\/p>\n<p><span lang=\"EN-US\">Tiene que ser robusto y debe requerir el menor mantenimiento posible, si es que hay alguno. <\/span><\/p>\n<p><span lang=\"EN-US\">Esto nos deja con muy pocos compromisos o posibles atajos. Ninguno, para ser espec\u00edficos. Lograr la visi\u00f3n del dise\u00f1o y, al mismo tiempo, asegurarse de que est\u00e1 realmente construido para durar, es dif\u00edcil. Requiere mucho esfuerzo. Pero el resultado es un producto que es una inversi\u00f3n, m\u00e1s que una compra.<span class=\"x_x_Apple-converted-space\"> <\/span> <\/span><\/p>\n<p><span lang=\"EN-US\"> <\/span><\/p>\n<p><span lang=\"EN-US\">ETIQUETADO ECOL\u00d3GICO Y CERTIFICACIONES DE CALIDAD<\/span><\/p>\n<p><span lang=\"EN-US\">Estamos evaluando continuamente la mejor soluci\u00f3n para cada producto de nuestra gama. Nuestro objetivo es que todos nuestros productos lleven la etiqueta ecol\u00f3gica en un futuro pr\u00f3ximo. Dicho esto, etiquetar ecol\u00f3gicamente un producto sin pruebas o evidencias va en contra de nuestra labor de sostenibilidad. Etiquetar un producto sin saber a ciencia cierta que marca la diferencia es una soluci\u00f3n que nunca pretendemos hacer.<\/span><\/p>\n","protected":false},"excerpt":{"rendered":"<p>SOSTENIBILIDAD Creemos que la sostenibilidad tiene que ver con la durabilidad. Es lo mismo que la calidad duradera. Productos construidos y dise\u00f1ados para durar mucho tiempo. Con una calidad a la altura. Fabricamos nuestros muebles con materiales que pueden estar en el exterior todo el a\u00f1o. Aun as\u00ed, el tiempo puede ser duro y algo [&hellip;]<\/p>\n","protected":false},"author":6,"featured_media":17040,"parent":0,"menu_order":0,"comment_status":"closed","ping_status":"closed","template":"","meta":{"_acf_changed":false,"footnotes":""},"acf":[],"yoast_head":"<!-- This site is optimized with the Yoast SEO plugin v22.2 - https:\/\/yoast.com\/wordpress\/plugins\/seo\/ -->\n<title>Sostenibilidad - SKARGAARDEN<\/title>\n<meta name=\"robots\" content=\"index, follow, max-snippet:-1, max-image-preview:large, max-video-preview:-1\" \/>\n<link rel=\"canonical\" href=\"https:\/\/www.skargaarden.com\/es\/sostenibilidad\/\" \/>\n<meta property=\"og:locale\" content=\"es_ES\" \/>\n<meta property=\"og:type\" content=\"article\" \/>\n<meta property=\"og:title\" content=\"Sostenibilidad - SKARGAARDEN\" \/>\n<meta property=\"og:description\" content=\"SOSTENIBILIDAD Creemos que la sostenibilidad tiene que ver con la durabilidad. Es lo mismo que la calidad duradera. Productos construidos y dise\u00f1ados para durar mucho tiempo. Con una calidad a la altura. Fabricamos nuestros muebles con materiales que pueden estar en el exterior todo el a\u00f1o. Aun as\u00ed, el tiempo puede ser duro y algo [&hellip;]\" \/>\n<meta property=\"og:url\" content=\"https:\/\/www.skargaarden.com\/es\/sostenibilidad\/\" \/>\n<meta property=\"og:site_name\" content=\"SKARGAARDEN\" \/>\n<meta property=\"article:publisher\" content=\"https:\/\/www.facebook.com\/skargaarden\" \/>\n<meta property=\"og:image\" content=\"https:\/\/www.skargaarden.com\/wp-content\/uploads\/2021\/02\/Djuro_teak_white_photo_johan_carlson_13-1200x694.jpg\" \/>\n\t<meta property=\"og:image:width\" content=\"1200\" \/>\n\t<meta property=\"og:image:height\" content=\"694\" \/>\n\t<meta property=\"og:image:type\" content=\"image\/jpeg\" \/>\n<meta name=\"twitter:card\" content=\"summary_large_image\" \/>\n<meta name=\"twitter:label1\" content=\"Tiempo de lectura\" \/>\n\t<meta name=\"twitter:data1\" content=\"2 minutos\" \/>\n<script type=\"application\/ld+json\" class=\"yoast-schema-graph\">{\"@context\":\"https:\/\/schema.org\",\"@graph\":[{\"@type\":\"WebPage\",\"@id\":\"https:\/\/www.skargaarden.com\/es\/sostenibilidad\/\",\"url\":\"https:\/\/www.skargaarden.com\/es\/sostenibilidad\/\",\"name\":\"Sostenibilidad - SKARGAARDEN\",\"isPartOf\":{\"@id\":\"https:\/\/www.skargaarden.com\/es\/#website\"},\"primaryImageOfPage\":{\"@id\":\"https:\/\/www.skargaarden.com\/es\/sostenibilidad\/#primaryimage\"},\"image\":{\"@id\":\"https:\/\/www.skargaarden.com\/es\/sostenibilidad\/#primaryimage\"},\"thumbnailUrl\":\"https:\/\/www.skargaarden.com\/wp-content\/uploads\/2021\/02\/Djuro_teak_white_photo_johan_carlson_13.jpg\",\"datePublished\":\"2022-11-10T10:53:27+00:00\",\"dateModified\":\"2022-11-10T10:53:27+00:00\",\"breadcrumb\":{\"@id\":\"https:\/\/www.skargaarden.com\/es\/sostenibilidad\/#breadcrumb\"},\"inLanguage\":\"es\",\"potentialAction\":[{\"@type\":\"ReadAction\",\"target\":[\"https:\/\/www.skargaarden.com\/es\/sostenibilidad\/\"]}]},{\"@type\":\"ImageObject\",\"inLanguage\":\"es\",\"@id\":\"https:\/\/www.skargaarden.com\/es\/sostenibilidad\/#primaryimage\",\"url\":\"https:\/\/www.skargaarden.com\/wp-content\/uploads\/2021\/02\/Djuro_teak_white_photo_johan_carlson_13.jpg\",\"contentUrl\":\"https:\/\/www.skargaarden.com\/wp-content\/uploads\/2021\/02\/Djuro_teak_white_photo_johan_carlson_13.jpg\",\"width\":2000,\"height\":1156},{\"@type\":\"BreadcrumbList\",\"@id\":\"https:\/\/www.skargaarden.com\/es\/sostenibilidad\/#breadcrumb\",\"itemListElement\":[{\"@type\":\"ListItem\",\"position\":1,\"name\":\"Home\",\"item\":\"https:\/\/www.skargaarden.com\/es\/\"},{\"@type\":\"ListItem\",\"position\":2,\"name\":\"Sostenibilidad\"}]},{\"@type\":\"WebSite\",\"@id\":\"https:\/\/www.skargaarden.com\/es\/#website\",\"url\":\"https:\/\/www.skargaarden.com\/es\/\",\"name\":\"SKARGAARDEN\",\"description\":\"Scandinavian Outdoor Design\",\"publisher\":{\"@id\":\"https:\/\/www.skargaarden.com\/es\/#organization\"},\"potentialAction\":[{\"@type\":\"SearchAction\",\"target\":{\"@type\":\"EntryPoint\",\"urlTemplate\":\"https:\/\/www.skargaarden.com\/es\/?s={search_term_string}\"},\"query-input\":\"required name=search_term_string\"}],\"inLanguage\":\"es\"},{\"@type\":\"Organization\",\"@id\":\"https:\/\/www.skargaarden.com\/es\/#organization\",\"name\":\"SKARGAARDEN\",\"url\":\"https:\/\/www.skargaarden.com\/es\/\",\"logo\":{\"@type\":\"ImageObject\",\"inLanguage\":\"es\",\"@id\":\"https:\/\/www.skargaarden.com\/es\/#\/schema\/logo\/image\/\",\"url\":\"https:\/\/www.skargaarden.com\/wp-content\/uploads\/2024\/03\/skargaardenlogo-1.png\",\"contentUrl\":\"https:\/\/www.skargaarden.com\/wp-content\/uploads\/2024\/03\/skargaardenlogo-1.png\",\"width\":999,\"height\":141,\"caption\":\"SKARGAARDEN\"},\"image\":{\"@id\":\"https:\/\/www.skargaarden.com\/es\/#\/schema\/logo\/image\/\"},\"sameAs\":[\"https:\/\/www.facebook.com\/skargaarden\",\"https:\/\/www.instagram.com\/skargaarden\/\",\"https:\/\/www.pinterest.se\/skargaarden\/\"]}]}<\/script>\n<!-- \/ Yoast SEO plugin. -->","yoast_head_json":{"title":"Sostenibilidad - SKARGAARDEN","robots":{"index":"index","follow":"follow","max-snippet":"max-snippet:-1","max-image-preview":"max-image-preview:large","max-video-preview":"max-video-preview:-1"},"canonical":"https:\/\/www.skargaarden.com\/es\/sostenibilidad\/","og_locale":"es_ES","og_type":"article","og_title":"Sostenibilidad - SKARGAARDEN","og_description":"SOSTENIBILIDAD Creemos que la sostenibilidad tiene que ver con la durabilidad. Es lo mismo que la calidad duradera. Productos construidos y dise\u00f1ados para durar mucho tiempo. Con una calidad a la altura. Fabricamos nuestros muebles con materiales que pueden estar en el exterior todo el a\u00f1o. Aun as\u00ed, el tiempo puede ser duro y algo [&hellip;]","og_url":"https:\/\/www.skargaarden.com\/es\/sostenibilidad\/","og_site_name":"SKARGAARDEN","article_publisher":"https:\/\/www.facebook.com\/skargaarden","og_image":[{"width":1200,"height":694,"url":"https:\/\/www.skargaarden.com\/wp-content\/uploads\/2021\/02\/Djuro_teak_white_photo_johan_carlson_13-1200x694.jpg","type":"image\/jpeg"}],"twitter_card":"summary_large_image","twitter_misc":{"Tiempo de lectura":"2 minutos"},"schema":{"@context":"https:\/\/schema.org","@graph":[{"@type":"WebPage","@id":"https:\/\/www.skargaarden.com\/es\/sostenibilidad\/","url":"https:\/\/www.skargaarden.com\/es\/sostenibilidad\/","name":"Sostenibilidad - SKARGAARDEN","isPartOf":{"@id":"https:\/\/www.skargaarden.com\/es\/#website"},"primaryImageOfPage":{"@id":"https:\/\/www.skargaarden.com\/es\/sostenibilidad\/#primaryimage"},"image":{"@id":"https:\/\/www.skargaarden.com\/es\/sostenibilidad\/#primaryimage"},"thumbnailUrl":"https:\/\/www.skargaarden.com\/wp-content\/uploads\/2021\/02\/Djuro_teak_white_photo_johan_carlson_13.jpg","datePublished":"2022-11-10T10:53:27+00:00","dateModified":"2022-11-10T10:53:27+00:00","breadcrumb":{"@id":"https:\/\/www.skargaarden.com\/es\/sostenibilidad\/#breadcrumb"},"inLanguage":"es","potentialAction":[{"@type":"ReadAction","target":["https:\/\/www.skargaarden.com\/es\/sostenibilidad\/"]}]},{"@type":"ImageObject","inLanguage":"es","@id":"https:\/\/www.skargaarden.com\/es\/sostenibilidad\/#primaryimage","url":"https:\/\/www.skargaarden.com\/wp-content\/uploads\/2021\/02\/Djuro_teak_white_photo_johan_carlson_13.jpg","contentUrl":"https:\/\/www.skargaarden.com\/wp-content\/uploads\/2021\/02\/Djuro_teak_white_photo_johan_carlson_13.jpg","width":2000,"height":1156},{"@type":"BreadcrumbList","@id":"https:\/\/www.skargaarden.com\/es\/sostenibilidad\/#breadcrumb","itemListElement":[{"@type":"ListItem","position":1,"name":"Home","item":"https:\/\/www.skargaarden.com\/es\/"},{"@type":"ListItem","position":2,"name":"Sostenibilidad"}]},{"@type":"WebSite","@id":"https:\/\/www.skargaarden.com\/es\/#website","url":"https:\/\/www.skargaarden.com\/es\/","name":"SKARGAARDEN","description":"Scandinavian Outdoor Design","publisher":{"@id":"https:\/\/www.skargaarden.com\/es\/#organization"},"potentialAction":[{"@type":"SearchAction","target":{"@type":"EntryPoint","urlTemplate":"https:\/\/www.skargaarden.com\/es\/?s={search_term_string}"},"query-input":"required name=search_term_string"}],"inLanguage":"es"},{"@type":"Organization","@id":"https:\/\/www.skargaarden.com\/es\/#organization","name":"SKARGAARDEN","url":"https:\/\/www.skargaarden.com\/es\/","logo":{"@type":"ImageObject","inLanguage":"es","@id":"https:\/\/www.skargaarden.com\/es\/#\/schema\/logo\/image\/","url":"https:\/\/www.skargaarden.com\/wp-content\/uploads\/2024\/03\/skargaardenlogo-1.png","contentUrl":"https:\/\/www.skargaarden.com\/wp-content\/uploads\/2024\/03\/skargaardenlogo-1.png","width":999,"height":141,"caption":"SKARGAARDEN"},"image":{"@id":"https:\/\/www.skargaarden.com\/es\/#\/schema\/logo\/image\/"},"sameAs":["https:\/\/www.facebook.com\/skargaarden","https:\/\/www.instagram.com\/skargaarden\/","https:\/\/www.pinterest.se\/skargaarden\/"]}]}},"_links":{"self":[{"href":"https:\/\/www.skargaarden.com\/es\/wp-json\/wp\/v2\/pages\/17537"}],"collection":[{"href":"https:\/\/www.skargaarden.com\/es\/wp-json\/wp\/v2\/pages"}],"about":[{"href":"https:\/\/www.skargaarden.com\/es\/wp-json\/wp\/v2\/types\/page"}],"author":[{"embeddable":true,"href":"https:\/\/www.skargaarden.com\/es\/wp-json\/wp\/v2\/users\/6"}],"replies":[{"embeddable":true,"href":"https:\/\/www.skargaarden.com\/es\/wp-json\/wp\/v2\/comments?post=17537"}],"version-history":[{"count":0,"href":"https:\/\/www.skargaarden.com\/es\/wp-json\/wp\/v2\/pages\/17537\/revisions"}],"wp:featuredmedia":[{"embeddable":true,"href":"https:\/\/www.skargaarden.com\/es\/wp-json\/wp\/v2\/media\/17040"}],"wp:attachment":[{"href":"https:\/\/www.skargaarden.com\/es\/wp-json\/wp\/v2\/media?parent=17537"}],"curies":[{"name":"wp","href":"https:\/\/api.w.org\/{rel}","templated":true}]}}