{"id":17531,"date":"2022-11-10T11:47:06","date_gmt":"2022-11-10T10:47:06","guid":{"rendered":"https:\/\/www.skargaarden.com\/privacy-policy-2\/"},"modified":"2023-05-25T11:33:49","modified_gmt":"2023-05-25T09:33:49","slug":"privacy-policy-2","status":"publish","type":"page","link":"https:\/\/www.skargaarden.com\/es\/privacy-policy-2\/","title":{"rendered":"Pol\u00edtica de privacidad"},"content":{"rendered":"<p style=\"font-style: italic;\">Skargaarden protege tu integridad personal<\/p>\n<p>Para Skargaarden, es importante que sepa que sus datos personales est\u00e1n siendo procesados \u200b\u200bde manera segura y legal. La pol\u00edtica de privacidad describe, entre otras cosas, c\u00f3mo Skargaarden procesa los datos personales. Todo el tratamiento de los datos personales se realiza de conformidad con la legislaci\u00f3n vigente. Esto significa, entre otras cosas, que Skargaarden protege su informaci\u00f3n personal con las medidas necesarias y que siempre tiene derecho a comunicarse con nosotros para averiguar qu\u00e9 informaci\u00f3n personal ha guardado Skargaarden sobre usted. Puede leer m\u00e1s sobre sus derechos en esta pol\u00edtica. Tambi\u00e9n puede visitar <a href=\"http:\/\/www.IMY.se\">www.IMY.se<\/a> donde puede leer m\u00e1s sobre sus derechos con respecto al procesamiento de datos personales.<br \/>\nSi tiene alguna pregunta sobre nuestro procesamiento de datos personales, por supuesto, \u00a1siempre puede ponerse en contacto con nosotros!<\/p>\n<p><span style=\"font-weight: 400;\">Esta pol\u00edtica de privacidad describe c\u00f3mo Skargaarden procesa sus datos personales. <\/span><\/p>\n<h3><span style=\"font-weight: 400;\">\u00bfQui\u00e9n es el responsable de sus datos personales? <\/span><\/h3>\n<p><span style=\"font-weight: 400;\">Skargaarden International AB, S\u00f6dra Kungsgatan 57, 802 55 G\u00e4vle, Suecia, es una empresa sueca y es el responsable del tratamiento de los datos personales recopilados y procesados. <\/span><\/p>\n<h3><span style=\"font-weight: 400;\">\u00bfC\u00f3mo recibe Skargaarden sus datos personales? <\/span><\/h3>\n<p><span style=\"font-weight: 400;\">Skargaarden recopila datos personales que usted nos proporciona cuando est\u00e1 en contacto con nosotros a trav\u00e9s de nuestro sitio web, correo electr\u00f3nico, correo postal, nuestras redes sociales, cuando interact\u00faa con nuestros empleados, cuando realiza un pedido o de cualquier otra forma. Esto puede suceder, por ejemplo, cuando es una persona de contacto en una de nuestras empresas clientes, proveedores o socios, como estudios de arquitectura, cuando se suscribe a nuestros boletines o cuando est\u00e1 en contacto con nosotros o utiliza nuestros servicios. Tambi\u00e9n recopilamos datos personales al contratar. <\/span><\/p>\n<p><span style=\"font-weight: 400;\">Skargaarden tambi\u00e9n puede obtener datos personales de otras fuentes si es necesario, por ejemplo, para establecer un contrato, como informaci\u00f3n crediticia, o para cumplir obligaciones en otros aspectos en relaci\u00f3n con usted. <\/span><\/p>\n<h3><span style=\"font-weight: 400;\">\u00bfQu\u00e9 datos personales trata Skargaarden? <\/span><\/h3>\n<p><span style=\"font-weight: 400;\">Los datos personales que Skargaarden puede procesar son informaci\u00f3n de contacto como nombre, sexo, direcci\u00f3n de correo electr\u00f3nico, n\u00famero de tel\u00e9fono, cargo, direcciones electr\u00f3nicas e informaci\u00f3n de direcciones en general, as\u00ed como datos de compra y generados por el usuario (p. ej., historial de clics y visitas en nuestro sitio web). Otros datos personales que pueden procesarse son n\u00fameros de identidad personal, detalles de cuentas, CV, cartas personales, fotos y\/u otra informaci\u00f3n que haya proporcionado a Skargaarden o que sea necesaria para que Skargaarden pueda cumplir con sus contactos, compromisos y servicio en general hacia usted. <\/span><\/p>\n<p><span style=\"font-weight: 400;\">\u00bfCon qu\u00e9 fines Skargaarden procesa sus datos personales? <\/span><span style=\"font-weight: 400;\">Sus datos personales pueden ser procesados \u200b\u200bpor Skargaarden para los siguientes fines: <\/span><\/p>\n<p>&#8211; para cumplir con nuestras obligaciones hacia usted al solicitar un presupuesto, realizar un pedido, entrega y seguimiento<br \/>\n&#8211; para manejar los comentarios y quejas de los clientes<br \/>\n&#8211; para cumplir con nuestras otras obligaciones hacia usted<br \/>\n&#8211; para permitirle un buen servicio, por ejemplo, respondiendo a las preguntas que nos haga<br \/>\n&#8211; para contactarlo como persona de contacto en nuestros socios, por ejemplo, en estudios de arquitectura &#8211; para enviar informaci\u00f3n relevante y ofertas sobre los diversos servicios y eventos de Skargaarden tanto en canales digitales como a trav\u00e9s de correos f\u00edsicos<br \/>\n&#8211; mantener estad\u00edsticas en las redes sociales<br \/>\n&#8211; para enviarle boletines<br \/>\n&#8211; para utilizar como base para la facturaci\u00f3n o para el cobro de nuestros servicios<br \/>\n&#8211; para manejar cualquier incumplimiento de pago<br \/>\n&#8211; para cumplir con obligaciones legales como la ley de contabilidad<br \/>\n&#8211; gestionar y administrar encuestas de clientes manteniendo estad\u00edsticas para mejorar nuestros servicios para tantas personas como sea posible y para usted o identificaci\u00f3n interna como n\u00famero de contrato, n\u00famero de cliente interno u oficial<br \/>\n&#8211; para visualizar varios eventos en los que participamos u organizamos<br \/>\n&#8211; gestionar y administrar las solicitudes de empleo<\/p>\n<h3><span style=\"font-weight: 400;\">\u00bfCu\u00e1ndo tiene Skargaarden derecho a procesar sus datos personales? <\/span><\/h3>\n<p><span style=\"font-weight: 400;\">Skargaarden tiene derecho a procesar los datos personales necesarios para el cumplimiento del compromiso de Skargaarden con usted en las relaciones contractuales si ha dado su consentimiento para el procesamiento o si el procesamiento se lleva a cabo despu\u00e9s de equilibrar los intereses con un inter\u00e9s leg\u00edtimo de Skargaarden. Skargaarden tambi\u00e9n puede necesitar procesar sus datos personales debido a obligaciones legales en la ley o regulaci\u00f3n. <\/span><\/p>\n<h3><span style=\"font-weight: 400;\">\u00bfQui\u00e9n tiene acceso a sus datos personales? <\/span><\/h3>\n<p><span style=\"font-weight: 400;\">Sus datos personales son utilizados por Skargaarden y por proveedores contratados. Los proveedores se convierten entonces en procesadores de datos para Skargaarden. Skargaarden no divulga datos personales a otras empresas o autoridades a menos que Skargaarden est\u00e9 obligado a hacerlo en virtud de un acuerdo, ley, reglamento o decisi\u00f3n de una autoridad, o para proteger nuestros derechos o los derechos de terceros, o si la divulgaci\u00f3n a terceros se deriva de nuestras obligaciones con usted. <\/span><\/p>\n<p><span style=\"font-weight: 400;\">Skargaarden nunca transmitir\u00e1 ni vender\u00e1 sus datos personales con fines de marketing a terceros sin su consentimiento. <\/span><\/p>\n<h3><span style=\"font-weight: 400;\">Oponerse al procesamiento con fines de marketing directo <\/span><\/h3>\n<p><span style=\"font-weight: 400;\">Tiene derecho a oponerse a que Skargaarden procese sus datos personales con fines de marketing directo. Si desea oponerse al marketing directo, cancele la suscripci\u00f3n a los correos haciendo clic en el enlace para cancelar la suscripci\u00f3n que se proporciona en el correo o poni\u00e9ndose en contacto con Skargaarden. <\/span><\/p>\n<h3><span style=\"font-weight: 400;\">Transferencia a terceros pa\u00edses <\/span><\/h3>\n<p><span style=\"font-weight: 400;\">Skargaarden tiene una subsidiaria en los Estados Unidos, pero no se realiza ninguna transferencia de sus datos personales a esa empresa si se encuentra fuera de los Estados Unidos.<\/span><\/p>\n<h3><span style=\"font-weight: 400;\">\u00bfCu\u00e1nto tiempo conserva Skargaarden sus datos personales? <\/span><\/h3>\n<p><span style=\"font-weight: 400;\">Skargaarden guarda sus datos personales durante el tiempo que sea necesario para que Skargaarden cumpla con el prop\u00f3sito del procesamiento. <\/span><\/p>\n<h3><span style=\"font-weight: 400;\">\u00bfQu\u00e9 derechos tienes como titular de los datos? <\/span><\/h3>\n<p><i><span style=\"font-weight: 400;\">Derecho de acceso <\/span><\/i><\/p>\n<p><span style=\"font-weight: 400;\">Tiene derecho a solicitar informaci\u00f3n sobre qu\u00e9 datos personales hemos almacenado sobre usted y c\u00f3mo Skargaarden procesa estos datos personales. Tambi\u00e9n tiene derecho a obtener una copia de sus datos personales, el llamado extracto de registro. <\/span><\/p>\n<p><i><span style=\"font-weight: 400;\">Rectificaci\u00f3n y supresi\u00f3n <\/span><\/i><\/p>\n<p><span style=\"font-weight: 400;\">Tiene derecho a que se corrijan y completen los datos personales inexactos. Tambi\u00e9n tiene derecho a que se eliminen sus datos personales en determinados casos, por ejemplo, si ya no son necesarios para el prop\u00f3sito para el que fueron recopilados, a menos que Skargaarden tenga otra base legal para el procesamiento (como una obligaci\u00f3n legal en virtud de la Ley de Contabilidad). Acto). <\/span><\/p>\n<p><i><span style=\"font-weight: 400;\">Objeci\u00f3n y restricci\u00f3n de datos personales <\/span><\/i><\/p>\n<p><span style=\"font-weight: 400;\">Tiene derecho a oponerse al tratamiento de sus datos personales en determinados casos. Tambi\u00e9n tiene derecho a restringir el procesamiento en ciertos casos, por ejemplo, si cree que los datos personales son inexactos. <\/span><\/p>\n<p><i><span style=\"font-weight: 400;\">Portabilidad de datos <\/span><\/i><\/p>\n<p><span style=\"font-weight: 400;\">Sus datos personales que ha proporcionado a Skargaarden pueden ser port\u00e1tiles. Esto significa que, en determinadas circunstancias, pueden ser movidos, copiados o transmitidos electr\u00f3nicamente. En tales casos, puede tener derecho a que estos datos personales se transfieran a otro controlador de datos. <\/span><\/p>\n<p><i><span style=\"font-weight: 400;\">Consentimiento y retiro del consentimiento <\/span><\/i><\/p>\n<p><span style=\"font-weight: 400;\">En algunos casos, ha dado su consentimiento para que Skargaarden, por ejemplo, publique una foto en las redes sociales. Si procesamos sus datos personales con el consentimiento como base legal para el procesamiento, puede retirar su consentimiento en cualquier momento. El retiro no afecta la legalidad del procesamiento que tuvo lugar antes de que decidiera retirarse. <\/span><\/p>\n<p><i><span style=\"font-weight: 400;\">Acerca de la solicitud de registros y la presentaci\u00f3n de quejas a IMY <\/span><\/i><\/p>\n<p><span style=\"font-weight: 400;\">Las solicitudes de acceso, rectificaci\u00f3n, supresi\u00f3n, oposici\u00f3n, limitaci\u00f3n, portabilidad de datos y solicitudes de retirada del consentimiento deben enviarse a info@skargaarden.com. Tambi\u00e9n tiene derecho a presentar una reclamaci\u00f3n ante la autoridad de control del tratamiento de datos personales (la Autoridad de Protecci\u00f3n de Datos &#8211; IMY). <\/span><\/p>\n<p><i><span style=\"font-weight: 400;\">\u00bfC\u00f3mo se protegen sus datos personales? <\/span><\/i><\/p>\n<p><span style=\"font-weight: 400;\">Skargaarden se esfuerza constantemente por tomar las medidas t\u00e9cnicas y organizativas apropiadas seg\u00fan se requiera en cada caso para proteger sus datos personales y garantizar que el procesamiento se lleve a cabo de conformidad con la ley aplicable. Como ejemplo de medidas, Skargaarden cuenta con procedimientos y restricciones de autorizaci\u00f3n para evitar el acceso no autorizado. <\/span><\/p>\n<p><i><span style=\"font-weight: 400;\">Cookies <\/span><\/i><\/p>\n<p><span style=\"font-weight: 400;\">El sitio web de Skargaarden utiliza peque\u00f1os archivos de texto, conocidos como cookies, cuando navega por nuestro sitio web. Puede leer m\u00e1s sobre nuestro uso de cookies en nuestra pol\u00edtica de cookies en www.skargaarden.com. <\/span><\/p>\n<p><i><span style=\"font-weight: 400;\">Actualizaci\u00f3n de esta pol\u00edtica de privacidad <\/span><\/i><\/p>\n<p><span style=\"font-weight: 400;\">Skargaarden realiza cambios en esta pol\u00edtica de privacidad de forma continua para garantizar que cumple con la legislaci\u00f3n vigente. Una nueva versi\u00f3n entrar\u00e1 en vigencia cuando est\u00e9 disponible en nuestro sitio web www.skargaarden.com. <\/span><\/p>\n<p><i><span style=\"font-weight: 400;\">Informaci\u00f3n del contacto <\/span><\/i><\/p>\n<p><span style=\"font-weight: 400;\">Si tiene alguna pregunta sobre nuestro procesamiento de sus datos personales, puede enviar un correo electr\u00f3nico a info@skargaarden.com o llamar al +46 8 449 0750. <\/span><\/p>\n<h3><span style=\"font-weight: 400;\">Pol\u00edtica de cookies <\/span><\/h3>\n<p><span style=\"font-weight: 400;\">Usamos cookies en www.skargaarden.com por varios motivos, como hacer un seguimiento de los productos que tiene en su cesta de la compra. Tambi\u00e9n utilizamos cookies para que su experiencia de usuario sea lo mejor posible, obtener estad\u00edsticas sobre nuestros visitantes y desarrollar skargaarden.com y crear una experiencia a\u00fan mejor. Nuestras cookies son peque\u00f1os archivos de datos que se guardan en el navegador de su computadora, tel\u00e9fono inteligente u otro dispositivo cuando visita skargaarden.com. La cookie en s\u00ed no contiene ninguna informaci\u00f3n personal. <\/span><\/p>\n<p><span style=\"font-weight: 400;\">Hay dos tipos de cookies: cookies de sesi\u00f3n y cookies persistentes. Las cookies de sesi\u00f3n son cookies temporales que se eliminan cuando abandona el sitio web. Las cookies persistentes se almacenan en su navegador y se reactivan cuando visita el sitio web que cre\u00f3 la cookie espec\u00edfica. <\/span><\/p>\n<p><span style=\"font-weight: 400;\">Nuestras cookies tambi\u00e9n se utilizan para que podamos obtener estad\u00edsticas confiables sobre nuestros flujos de visitantes, lo que puede ayudarnos no solo a mantener, sino tambi\u00e9n a mejorar el servicio que ofrecemos a nuestros visitantes. El sitio web de Skargarden, skargaarden.com, utiliza Google Analytics de Google como herramienta de an\u00e1lisis. Estos son servicios que tambi\u00e9n hacen uso de cookies. Esta pol\u00edtica de privacidad se aplica solo a este sitio web y no a los sitios web propiedad de terceros. <\/span><\/p>\n","protected":false},"excerpt":{"rendered":"<p>Skargaarden protege tu integridad personal Para Skargaarden, es importante que sepa que sus datos personales est\u00e1n siendo procesados \u200b\u200bde manera segura y legal. La pol\u00edtica de privacidad describe, entre otras cosas, c\u00f3mo Skargaarden procesa los datos personales. Todo el tratamiento de los datos personales se realiza de conformidad con la legislaci\u00f3n vigente. Esto significa, entre [&hellip;]<\/p>\n","protected":false},"author":188,"featured_media":17437,"parent":0,"menu_order":0,"comment_status":"closed","ping_status":"closed","template":"","meta":{"_acf_changed":false,"footnotes":""},"acf":[],"yoast_head":"<!-- This site is optimized with the Yoast SEO plugin v22.2 - https:\/\/yoast.com\/wordpress\/plugins\/seo\/ -->\n<title>Pol\u00edtica de privacidad - SKARGAARDEN<\/title>\n<meta name=\"robots\" content=\"index, follow, max-snippet:-1, max-image-preview:large, max-video-preview:-1\" \/>\n<link rel=\"canonical\" href=\"https:\/\/www.skargaarden.com\/es\/privacy-policy-2\/\" \/>\n<meta property=\"og:locale\" content=\"es_ES\" \/>\n<meta property=\"og:type\" content=\"article\" \/>\n<meta property=\"og:title\" content=\"Pol\u00edtica de privacidad - SKARGAARDEN\" \/>\n<meta property=\"og:description\" content=\"Skargaarden protege tu integridad personal Para Skargaarden, es importante que sepa que sus datos personales est\u00e1n siendo procesados \u200b\u200bde manera segura y legal. La pol\u00edtica de privacidad describe, entre otras cosas, c\u00f3mo Skargaarden procesa los datos personales. Todo el tratamiento de los datos personales se realiza de conformidad con la legislaci\u00f3n vigente. Esto significa, entre [&hellip;]\" \/>\n<meta property=\"og:url\" content=\"https:\/\/www.skargaarden.com\/es\/privacy-policy-2\/\" \/>\n<meta property=\"og:site_name\" content=\"SKARGAARDEN\" \/>\n<meta property=\"article:publisher\" content=\"https:\/\/www.facebook.com\/skargaarden\" \/>\n<meta property=\"article:modified_time\" content=\"2023-05-25T09:33:49+00:00\" \/>\n<meta property=\"og:image\" content=\"https:\/\/www.skargaarden.com\/wp-content\/uploads\/2022\/02\/midsummer11.jpeg\" \/>\n\t<meta property=\"og:image:width\" content=\"900\" \/>\n\t<meta property=\"og:image:height\" content=\"722\" \/>\n\t<meta property=\"og:image:type\" content=\"image\/jpeg\" \/>\n<meta name=\"twitter:card\" content=\"summary_large_image\" \/>\n<meta name=\"twitter:label1\" content=\"Tiempo de lectura\" \/>\n\t<meta name=\"twitter:data1\" content=\"9 minutos\" \/>\n<script type=\"application\/ld+json\" class=\"yoast-schema-graph\">{\"@context\":\"https:\/\/schema.org\",\"@graph\":[{\"@type\":\"WebPage\",\"@id\":\"https:\/\/www.skargaarden.com\/es\/privacy-policy-2\/\",\"url\":\"https:\/\/www.skargaarden.com\/es\/privacy-policy-2\/\",\"name\":\"Pol\u00edtica de privacidad - SKARGAARDEN\",\"isPartOf\":{\"@id\":\"https:\/\/www.skargaarden.com\/es\/#website\"},\"primaryImageOfPage\":{\"@id\":\"https:\/\/www.skargaarden.com\/es\/privacy-policy-2\/#primaryimage\"},\"image\":{\"@id\":\"https:\/\/www.skargaarden.com\/es\/privacy-policy-2\/#primaryimage\"},\"thumbnailUrl\":\"https:\/\/www.skargaarden.com\/wp-content\/uploads\/2022\/02\/midsummer11.jpeg\",\"datePublished\":\"2022-11-10T10:47:06+00:00\",\"dateModified\":\"2023-05-25T09:33:49+00:00\",\"breadcrumb\":{\"@id\":\"https:\/\/www.skargaarden.com\/es\/privacy-policy-2\/#breadcrumb\"},\"inLanguage\":\"es\",\"potentialAction\":[{\"@type\":\"ReadAction\",\"target\":[\"https:\/\/www.skargaarden.com\/es\/privacy-policy-2\/\"]}]},{\"@type\":\"ImageObject\",\"inLanguage\":\"es\",\"@id\":\"https:\/\/www.skargaarden.com\/es\/privacy-policy-2\/#primaryimage\",\"url\":\"https:\/\/www.skargaarden.com\/wp-content\/uploads\/2022\/02\/midsummer11.jpeg\",\"contentUrl\":\"https:\/\/www.skargaarden.com\/wp-content\/uploads\/2022\/02\/midsummer11.jpeg\",\"width\":900,\"height\":722},{\"@type\":\"BreadcrumbList\",\"@id\":\"https:\/\/www.skargaarden.com\/es\/privacy-policy-2\/#breadcrumb\",\"itemListElement\":[{\"@type\":\"ListItem\",\"position\":1,\"name\":\"Home\",\"item\":\"https:\/\/www.skargaarden.com\/es\/\"},{\"@type\":\"ListItem\",\"position\":2,\"name\":\"Pol\u00edtica de privacidad\"}]},{\"@type\":\"WebSite\",\"@id\":\"https:\/\/www.skargaarden.com\/es\/#website\",\"url\":\"https:\/\/www.skargaarden.com\/es\/\",\"name\":\"SKARGAARDEN\",\"description\":\"Scandinavian Outdoor Design\",\"publisher\":{\"@id\":\"https:\/\/www.skargaarden.com\/es\/#organization\"},\"potentialAction\":[{\"@type\":\"SearchAction\",\"target\":{\"@type\":\"EntryPoint\",\"urlTemplate\":\"https:\/\/www.skargaarden.com\/es\/?s={search_term_string}\"},\"query-input\":\"required name=search_term_string\"}],\"inLanguage\":\"es\"},{\"@type\":\"Organization\",\"@id\":\"https:\/\/www.skargaarden.com\/es\/#organization\",\"name\":\"SKARGAARDEN\",\"url\":\"https:\/\/www.skargaarden.com\/es\/\",\"logo\":{\"@type\":\"ImageObject\",\"inLanguage\":\"es\",\"@id\":\"https:\/\/www.skargaarden.com\/es\/#\/schema\/logo\/image\/\",\"url\":\"https:\/\/www.skargaarden.com\/wp-content\/uploads\/2024\/03\/skargaardenlogo-1.png\",\"contentUrl\":\"https:\/\/www.skargaarden.com\/wp-content\/uploads\/2024\/03\/skargaardenlogo-1.png\",\"width\":999,\"height\":141,\"caption\":\"SKARGAARDEN\"},\"image\":{\"@id\":\"https:\/\/www.skargaarden.com\/es\/#\/schema\/logo\/image\/\"},\"sameAs\":[\"https:\/\/www.facebook.com\/skargaarden\",\"https:\/\/www.instagram.com\/skargaarden\/\",\"https:\/\/www.pinterest.se\/skargaarden\/\"]}]}<\/script>\n<!-- \/ Yoast SEO plugin. -->","yoast_head_json":{"title":"Pol\u00edtica de privacidad - SKARGAARDEN","robots":{"index":"index","follow":"follow","max-snippet":"max-snippet:-1","max-image-preview":"max-image-preview:large","max-video-preview":"max-video-preview:-1"},"canonical":"https:\/\/www.skargaarden.com\/es\/privacy-policy-2\/","og_locale":"es_ES","og_type":"article","og_title":"Pol\u00edtica de privacidad - SKARGAARDEN","og_description":"Skargaarden protege tu integridad personal Para Skargaarden, es importante que sepa que sus datos personales est\u00e1n siendo procesados \u200b\u200bde manera segura y legal. La pol\u00edtica de privacidad describe, entre otras cosas, c\u00f3mo Skargaarden procesa los datos personales. Todo el tratamiento de los datos personales se realiza de conformidad con la legislaci\u00f3n vigente. Esto significa, entre [&hellip;]","og_url":"https:\/\/www.skargaarden.com\/es\/privacy-policy-2\/","og_site_name":"SKARGAARDEN","article_publisher":"https:\/\/www.facebook.com\/skargaarden","article_modified_time":"2023-05-25T09:33:49+00:00","og_image":[{"width":900,"height":722,"url":"https:\/\/www.skargaarden.com\/wp-content\/uploads\/2022\/02\/midsummer11.jpeg","type":"image\/jpeg"}],"twitter_card":"summary_large_image","twitter_misc":{"Tiempo de lectura":"9 minutos"},"schema":{"@context":"https:\/\/schema.org","@graph":[{"@type":"WebPage","@id":"https:\/\/www.skargaarden.com\/es\/privacy-policy-2\/","url":"https:\/\/www.skargaarden.com\/es\/privacy-policy-2\/","name":"Pol\u00edtica de privacidad - SKARGAARDEN","isPartOf":{"@id":"https:\/\/www.skargaarden.com\/es\/#website"},"primaryImageOfPage":{"@id":"https:\/\/www.skargaarden.com\/es\/privacy-policy-2\/#primaryimage"},"image":{"@id":"https:\/\/www.skargaarden.com\/es\/privacy-policy-2\/#primaryimage"},"thumbnailUrl":"https:\/\/www.skargaarden.com\/wp-content\/uploads\/2022\/02\/midsummer11.jpeg","datePublished":"2022-11-10T10:47:06+00:00","dateModified":"2023-05-25T09:33:49+00:00","breadcrumb":{"@id":"https:\/\/www.skargaarden.com\/es\/privacy-policy-2\/#breadcrumb"},"inLanguage":"es","potentialAction":[{"@type":"ReadAction","target":["https:\/\/www.skargaarden.com\/es\/privacy-policy-2\/"]}]},{"@type":"ImageObject","inLanguage":"es","@id":"https:\/\/www.skargaarden.com\/es\/privacy-policy-2\/#primaryimage","url":"https:\/\/www.skargaarden.com\/wp-content\/uploads\/2022\/02\/midsummer11.jpeg","contentUrl":"https:\/\/www.skargaarden.com\/wp-content\/uploads\/2022\/02\/midsummer11.jpeg","width":900,"height":722},{"@type":"BreadcrumbList","@id":"https:\/\/www.skargaarden.com\/es\/privacy-policy-2\/#breadcrumb","itemListElement":[{"@type":"ListItem","position":1,"name":"Home","item":"https:\/\/www.skargaarden.com\/es\/"},{"@type":"ListItem","position":2,"name":"Pol\u00edtica de privacidad"}]},{"@type":"WebSite","@id":"https:\/\/www.skargaarden.com\/es\/#website","url":"https:\/\/www.skargaarden.com\/es\/","name":"SKARGAARDEN","description":"Scandinavian Outdoor Design","publisher":{"@id":"https:\/\/www.skargaarden.com\/es\/#organization"},"potentialAction":[{"@type":"SearchAction","target":{"@type":"EntryPoint","urlTemplate":"https:\/\/www.skargaarden.com\/es\/?s={search_term_string}"},"query-input":"required name=search_term_string"}],"inLanguage":"es"},{"@type":"Organization","@id":"https:\/\/www.skargaarden.com\/es\/#organization","name":"SKARGAARDEN","url":"https:\/\/www.skargaarden.com\/es\/","logo":{"@type":"ImageObject","inLanguage":"es","@id":"https:\/\/www.skargaarden.com\/es\/#\/schema\/logo\/image\/","url":"https:\/\/www.skargaarden.com\/wp-content\/uploads\/2024\/03\/skargaardenlogo-1.png","contentUrl":"https:\/\/www.skargaarden.com\/wp-content\/uploads\/2024\/03\/skargaardenlogo-1.png","width":999,"height":141,"caption":"SKARGAARDEN"},"image":{"@id":"https:\/\/www.skargaarden.com\/es\/#\/schema\/logo\/image\/"},"sameAs":["https:\/\/www.facebook.com\/skargaarden","https:\/\/www.instagram.com\/skargaarden\/","https:\/\/www.pinterest.se\/skargaarden\/"]}]}},"_links":{"self":[{"href":"https:\/\/www.skargaarden.com\/es\/wp-json\/wp\/v2\/pages\/17531"}],"collection":[{"href":"https:\/\/www.skargaarden.com\/es\/wp-json\/wp\/v2\/pages"}],"about":[{"href":"https:\/\/www.skargaarden.com\/es\/wp-json\/wp\/v2\/types\/page"}],"author":[{"embeddable":true,"href":"https:\/\/www.skargaarden.com\/es\/wp-json\/wp\/v2\/users\/188"}],"replies":[{"embeddable":true,"href":"https:\/\/www.skargaarden.com\/es\/wp-json\/wp\/v2\/comments?post=17531"}],"version-history":[{"count":1,"href":"https:\/\/www.skargaarden.com\/es\/wp-json\/wp\/v2\/pages\/17531\/revisions"}],"predecessor-version":[{"id":18541,"href":"https:\/\/www.skargaarden.com\/es\/wp-json\/wp\/v2\/pages\/17531\/revisions\/18541"}],"wp:featuredmedia":[{"embeddable":true,"href":"https:\/\/www.skargaarden.com\/es\/wp-json\/wp\/v2\/media\/17437"}],"wp:attachment":[{"href":"https:\/\/www.skargaarden.com\/es\/wp-json\/wp\/v2\/media?parent=17531"}],"curies":[{"name":"wp","href":"https:\/\/api.w.org\/{rel}","templated":true}]}}