{"id":17510,"date":"2020-09-08T13:32:16","date_gmt":"2020-09-08T11:32:16","guid":{"rendered":"https:\/\/www.skargaarden.com\/sobre-skargaarden\/"},"modified":"2025-03-14T14:36:10","modified_gmt":"2025-03-14T13:36:10","slug":"sobre-skargaarden","status":"publish","type":"page","link":"https:\/\/www.skargaarden.com\/es\/sobre-skargaarden\/","title":{"rendered":"Sobre Skargaarden"},"content":{"rendered":"<h3 style=\"text-align: center;\">Una pasi\u00f3n por inspirar entornos exteriores<\/h3>\n<p>Skargaarden se fund\u00f3 en 2008 en la costa sueca, impulsada por la pasi\u00f3n por el mobiliario de dise\u00f1o y la firme ambici\u00f3n de crear espacios exteriores inspiradores y acogedores. El espectacular paisaje y el riguroso clima sirvieron de inspiraci\u00f3n para crear muebles de exterior de la m\u00e1s alta calidad. Aqu\u00ed, donde los oscuros d\u00edas de invierno y los cortos veranos han marcado la vida durante siglos, naci\u00f3 Skargaarden, creando muebles dise\u00f1ados para resistir el clima n\u00f3rdico, capturando la esencia del dise\u00f1o escandinavo.<\/p>\n<p>El dise\u00f1o se caracteriza por una simplicidad atemporal, donde cada detalle se cuida cuidadosamente para crear el equilibrio perfecto entre est\u00e9tica y funcionalidad. Para garantizar la durabilidad y la longevidad, Skargaarden utiliza exclusivamente materiales de primera calidad, como la teca con certificaci\u00f3n FSC.<\/p>\n<p>Skargaarden colabora con algunos de los dise\u00f1adores m\u00e1s reconocidos de la regi\u00f3n n\u00f3rdica para crear colecciones que realzan todo tipo de espacios exteriores, desde terrazas privadas y casas de verano hasta exclusivos destinos hoteleros y resorts de playa en todo el mundo.<\/p>\n<p>Cada mueble define un espacio de belleza, confort y dise\u00f1o cl\u00e1sico. Al combinar materiales cuidadosamente seleccionados con una filosof\u00eda de dise\u00f1o que celebra la simplicidad y la funcionalidad, Skargaarden se esfuerza por hacer que la vida al aire libre sea m\u00e1s elegante y duradera.<\/p>\n<h3 style=\"text-align: center;\">Cuanto m\u00e1s te acercas, m\u00e1s se reduce<\/h3>\n<p>Nos gusta considerarnos parte de una tradici\u00f3n verdaderamente escandinava. Por otro lado, nos inspiramos en todo, desde el estilo shaker americano hasta la Bauhaus. Creemos que menos es m\u00e1s. Hacemos que las ideas sean tangibles. Debes ser capaz de captar inmediatamente el concepto de una pieza, no debe ser un proceso intelectual. Evidentemente, se corre el riesgo de volverse pretencioso o aburrido, posiblemente ambas cosas, a menos que se a\u00f1ada algo a esto. Nuestros muebles desprenden una sensaci\u00f3n de ligereza casi provocativa (incluso desenfadada) y un car\u00e1cter definido por la pura artesan\u00eda en la producci\u00f3n y la selecci\u00f3n de materiales. Y quiz\u00e1s lo m\u00e1s evidente: los detalles que se revelan con el tiempo; las soluciones ingeniosas que elevan la simplicidad a algo sublime. Sin complicaciones, sin extras. Simplemente, menos se convierte en m\u00e1s.<\/p>\n","protected":false},"excerpt":{"rendered":"<p>Una pasi\u00f3n por inspirar entornos exteriores Skargaarden se fund\u00f3 en 2008 en la costa sueca, impulsada por la pasi\u00f3n por el mobiliario de dise\u00f1o y la firme ambici\u00f3n de crear espacios exteriores inspiradores y acogedores. El espectacular paisaje y el riguroso clima sirvieron de inspiraci\u00f3n para crear muebles de exterior de la m\u00e1s alta calidad. [&hellip;]<\/p>\n","protected":false},"author":1,"featured_media":16456,"parent":0,"menu_order":0,"comment_status":"closed","ping_status":"closed","template":"","meta":{"_acf_changed":false,"footnotes":""},"acf":[],"yoast_head":"<!-- This site is optimized with the Yoast SEO plugin v22.2 - https:\/\/yoast.com\/wordpress\/plugins\/seo\/ -->\n<title>Sobre Skargaarden - SKARGAARDEN<\/title>\n<meta name=\"robots\" content=\"index, follow, max-snippet:-1, max-image-preview:large, max-video-preview:-1\" \/>\n<link rel=\"canonical\" href=\"https:\/\/www.skargaarden.com\/es\/sobre-skargaarden\/\" \/>\n<meta property=\"og:locale\" content=\"es_ES\" \/>\n<meta property=\"og:type\" content=\"article\" \/>\n<meta property=\"og:title\" content=\"Sobre Skargaarden - SKARGAARDEN\" \/>\n<meta property=\"og:description\" content=\"Una pasi\u00f3n por inspirar entornos exteriores Skargaarden se fund\u00f3 en 2008 en la costa sueca, impulsada por la pasi\u00f3n por el mobiliario de dise\u00f1o y la firme ambici\u00f3n de crear espacios exteriores inspiradores y acogedores. El espectacular paisaje y el riguroso clima sirvieron de inspiraci\u00f3n para crear muebles de exterior de la m\u00e1s alta calidad. [&hellip;]\" \/>\n<meta property=\"og:url\" content=\"https:\/\/www.skargaarden.com\/es\/sobre-skargaarden\/\" \/>\n<meta property=\"og:site_name\" content=\"SKARGAARDEN\" \/>\n<meta property=\"article:publisher\" content=\"https:\/\/www.facebook.com\/skargaarden\" \/>\n<meta property=\"article:modified_time\" content=\"2025-03-14T13:36:10+00:00\" \/>\n<meta property=\"og:image\" content=\"https:\/\/www.skargaarden.com\/wp-content\/uploads\/2020\/09\/DSC9533-2-1500x0-c-default.jpg\" \/>\n\t<meta property=\"og:image:width\" content=\"1500\" \/>\n\t<meta property=\"og:image:height\" content=\"983\" \/>\n\t<meta property=\"og:image:type\" content=\"image\/jpeg\" \/>\n<meta name=\"twitter:card\" content=\"summary_large_image\" \/>\n<meta name=\"twitter:label1\" content=\"Tiempo de lectura\" \/>\n\t<meta name=\"twitter:data1\" content=\"2 minutos\" \/>\n<script type=\"application\/ld+json\" class=\"yoast-schema-graph\">{\"@context\":\"https:\/\/schema.org\",\"@graph\":[{\"@type\":\"WebPage\",\"@id\":\"https:\/\/www.skargaarden.com\/es\/sobre-skargaarden\/\",\"url\":\"https:\/\/www.skargaarden.com\/es\/sobre-skargaarden\/\",\"name\":\"Sobre Skargaarden - SKARGAARDEN\",\"isPartOf\":{\"@id\":\"https:\/\/www.skargaarden.com\/es\/#website\"},\"primaryImageOfPage\":{\"@id\":\"https:\/\/www.skargaarden.com\/es\/sobre-skargaarden\/#primaryimage\"},\"image\":{\"@id\":\"https:\/\/www.skargaarden.com\/es\/sobre-skargaarden\/#primaryimage\"},\"thumbnailUrl\":\"https:\/\/www.skargaarden.com\/wp-content\/uploads\/2020\/09\/DSC9533-2-1500x0-c-default.jpg\",\"datePublished\":\"2020-09-08T11:32:16+00:00\",\"dateModified\":\"2025-03-14T13:36:10+00:00\",\"breadcrumb\":{\"@id\":\"https:\/\/www.skargaarden.com\/es\/sobre-skargaarden\/#breadcrumb\"},\"inLanguage\":\"es\",\"potentialAction\":[{\"@type\":\"ReadAction\",\"target\":[\"https:\/\/www.skargaarden.com\/es\/sobre-skargaarden\/\"]}]},{\"@type\":\"ImageObject\",\"inLanguage\":\"es\",\"@id\":\"https:\/\/www.skargaarden.com\/es\/sobre-skargaarden\/#primaryimage\",\"url\":\"https:\/\/www.skargaarden.com\/wp-content\/uploads\/2020\/09\/DSC9533-2-1500x0-c-default.jpg\",\"contentUrl\":\"https:\/\/www.skargaarden.com\/wp-content\/uploads\/2020\/09\/DSC9533-2-1500x0-c-default.jpg\",\"width\":1500,\"height\":983},{\"@type\":\"BreadcrumbList\",\"@id\":\"https:\/\/www.skargaarden.com\/es\/sobre-skargaarden\/#breadcrumb\",\"itemListElement\":[{\"@type\":\"ListItem\",\"position\":1,\"name\":\"Home\",\"item\":\"https:\/\/www.skargaarden.com\/es\/\"},{\"@type\":\"ListItem\",\"position\":2,\"name\":\"Sobre Skargaarden\"}]},{\"@type\":\"WebSite\",\"@id\":\"https:\/\/www.skargaarden.com\/es\/#website\",\"url\":\"https:\/\/www.skargaarden.com\/es\/\",\"name\":\"SKARGAARDEN\",\"description\":\"Scandinavian Outdoor Design\",\"publisher\":{\"@id\":\"https:\/\/www.skargaarden.com\/es\/#organization\"},\"potentialAction\":[{\"@type\":\"SearchAction\",\"target\":{\"@type\":\"EntryPoint\",\"urlTemplate\":\"https:\/\/www.skargaarden.com\/es\/?s={search_term_string}\"},\"query-input\":\"required name=search_term_string\"}],\"inLanguage\":\"es\"},{\"@type\":\"Organization\",\"@id\":\"https:\/\/www.skargaarden.com\/es\/#organization\",\"name\":\"SKARGAARDEN\",\"url\":\"https:\/\/www.skargaarden.com\/es\/\",\"logo\":{\"@type\":\"ImageObject\",\"inLanguage\":\"es\",\"@id\":\"https:\/\/www.skargaarden.com\/es\/#\/schema\/logo\/image\/\",\"url\":\"https:\/\/www.skargaarden.com\/wp-content\/uploads\/2024\/03\/skargaardenlogo-1.png\",\"contentUrl\":\"https:\/\/www.skargaarden.com\/wp-content\/uploads\/2024\/03\/skargaardenlogo-1.png\",\"width\":999,\"height\":141,\"caption\":\"SKARGAARDEN\"},\"image\":{\"@id\":\"https:\/\/www.skargaarden.com\/es\/#\/schema\/logo\/image\/\"},\"sameAs\":[\"https:\/\/www.facebook.com\/skargaarden\",\"https:\/\/www.instagram.com\/skargaarden\/\",\"https:\/\/www.pinterest.se\/skargaarden\/\"]}]}<\/script>\n<!-- \/ Yoast SEO plugin. -->","yoast_head_json":{"title":"Sobre Skargaarden - SKARGAARDEN","robots":{"index":"index","follow":"follow","max-snippet":"max-snippet:-1","max-image-preview":"max-image-preview:large","max-video-preview":"max-video-preview:-1"},"canonical":"https:\/\/www.skargaarden.com\/es\/sobre-skargaarden\/","og_locale":"es_ES","og_type":"article","og_title":"Sobre Skargaarden - SKARGAARDEN","og_description":"Una pasi\u00f3n por inspirar entornos exteriores Skargaarden se fund\u00f3 en 2008 en la costa sueca, impulsada por la pasi\u00f3n por el mobiliario de dise\u00f1o y la firme ambici\u00f3n de crear espacios exteriores inspiradores y acogedores. El espectacular paisaje y el riguroso clima sirvieron de inspiraci\u00f3n para crear muebles de exterior de la m\u00e1s alta calidad. [&hellip;]","og_url":"https:\/\/www.skargaarden.com\/es\/sobre-skargaarden\/","og_site_name":"SKARGAARDEN","article_publisher":"https:\/\/www.facebook.com\/skargaarden","article_modified_time":"2025-03-14T13:36:10+00:00","og_image":[{"width":1500,"height":983,"url":"https:\/\/www.skargaarden.com\/wp-content\/uploads\/2020\/09\/DSC9533-2-1500x0-c-default.jpg","type":"image\/jpeg"}],"twitter_card":"summary_large_image","twitter_misc":{"Tiempo de lectura":"2 minutos"},"schema":{"@context":"https:\/\/schema.org","@graph":[{"@type":"WebPage","@id":"https:\/\/www.skargaarden.com\/es\/sobre-skargaarden\/","url":"https:\/\/www.skargaarden.com\/es\/sobre-skargaarden\/","name":"Sobre Skargaarden - SKARGAARDEN","isPartOf":{"@id":"https:\/\/www.skargaarden.com\/es\/#website"},"primaryImageOfPage":{"@id":"https:\/\/www.skargaarden.com\/es\/sobre-skargaarden\/#primaryimage"},"image":{"@id":"https:\/\/www.skargaarden.com\/es\/sobre-skargaarden\/#primaryimage"},"thumbnailUrl":"https:\/\/www.skargaarden.com\/wp-content\/uploads\/2020\/09\/DSC9533-2-1500x0-c-default.jpg","datePublished":"2020-09-08T11:32:16+00:00","dateModified":"2025-03-14T13:36:10+00:00","breadcrumb":{"@id":"https:\/\/www.skargaarden.com\/es\/sobre-skargaarden\/#breadcrumb"},"inLanguage":"es","potentialAction":[{"@type":"ReadAction","target":["https:\/\/www.skargaarden.com\/es\/sobre-skargaarden\/"]}]},{"@type":"ImageObject","inLanguage":"es","@id":"https:\/\/www.skargaarden.com\/es\/sobre-skargaarden\/#primaryimage","url":"https:\/\/www.skargaarden.com\/wp-content\/uploads\/2020\/09\/DSC9533-2-1500x0-c-default.jpg","contentUrl":"https:\/\/www.skargaarden.com\/wp-content\/uploads\/2020\/09\/DSC9533-2-1500x0-c-default.jpg","width":1500,"height":983},{"@type":"BreadcrumbList","@id":"https:\/\/www.skargaarden.com\/es\/sobre-skargaarden\/#breadcrumb","itemListElement":[{"@type":"ListItem","position":1,"name":"Home","item":"https:\/\/www.skargaarden.com\/es\/"},{"@type":"ListItem","position":2,"name":"Sobre Skargaarden"}]},{"@type":"WebSite","@id":"https:\/\/www.skargaarden.com\/es\/#website","url":"https:\/\/www.skargaarden.com\/es\/","name":"SKARGAARDEN","description":"Scandinavian Outdoor Design","publisher":{"@id":"https:\/\/www.skargaarden.com\/es\/#organization"},"potentialAction":[{"@type":"SearchAction","target":{"@type":"EntryPoint","urlTemplate":"https:\/\/www.skargaarden.com\/es\/?s={search_term_string}"},"query-input":"required name=search_term_string"}],"inLanguage":"es"},{"@type":"Organization","@id":"https:\/\/www.skargaarden.com\/es\/#organization","name":"SKARGAARDEN","url":"https:\/\/www.skargaarden.com\/es\/","logo":{"@type":"ImageObject","inLanguage":"es","@id":"https:\/\/www.skargaarden.com\/es\/#\/schema\/logo\/image\/","url":"https:\/\/www.skargaarden.com\/wp-content\/uploads\/2024\/03\/skargaardenlogo-1.png","contentUrl":"https:\/\/www.skargaarden.com\/wp-content\/uploads\/2024\/03\/skargaardenlogo-1.png","width":999,"height":141,"caption":"SKARGAARDEN"},"image":{"@id":"https:\/\/www.skargaarden.com\/es\/#\/schema\/logo\/image\/"},"sameAs":["https:\/\/www.facebook.com\/skargaarden","https:\/\/www.instagram.com\/skargaarden\/","https:\/\/www.pinterest.se\/skargaarden\/"]}]}},"_links":{"self":[{"href":"https:\/\/www.skargaarden.com\/es\/wp-json\/wp\/v2\/pages\/17510"}],"collection":[{"href":"https:\/\/www.skargaarden.com\/es\/wp-json\/wp\/v2\/pages"}],"about":[{"href":"https:\/\/www.skargaarden.com\/es\/wp-json\/wp\/v2\/types\/page"}],"author":[{"embeddable":true,"href":"https:\/\/www.skargaarden.com\/es\/wp-json\/wp\/v2\/users\/1"}],"replies":[{"embeddable":true,"href":"https:\/\/www.skargaarden.com\/es\/wp-json\/wp\/v2\/comments?post=17510"}],"version-history":[{"count":4,"href":"https:\/\/www.skargaarden.com\/es\/wp-json\/wp\/v2\/pages\/17510\/revisions"}],"predecessor-version":[{"id":20870,"href":"https:\/\/www.skargaarden.com\/es\/wp-json\/wp\/v2\/pages\/17510\/revisions\/20870"}],"wp:featuredmedia":[{"embeddable":true,"href":"https:\/\/www.skargaarden.com\/es\/wp-json\/wp\/v2\/media\/16456"}],"wp:attachment":[{"href":"https:\/\/www.skargaarden.com\/es\/wp-json\/wp\/v2\/media?parent=17510"}],"curies":[{"name":"wp","href":"https:\/\/api.w.org\/{rel}","templated":true}]}}