{"id":18285,"date":"2023-02-13T10:28:22","date_gmt":"2023-02-13T09:28:22","guid":{"rendered":"https:\/\/www.skargaarden.com\/products\/unkategorisiert\/boeste-lounge-chair\/"},"modified":"2023-03-28T08:29:41","modified_gmt":"2023-03-28T06:29:41","slug":"boste-lounge-chair","status":"publish","type":"product","link":"https:\/\/www.skargaarden.com\/de\/product\/boste-lounge-chair\/","title":{"rendered":"B\u00f6ste lounge chair"},"content":{"rendered":"<p>Der B\u00f6ste Lounge Chair ist eine Hommage an den urspr\u00fcnglichen Westport Chair. Er ist in einer veredelten Version aus pulverbeschichtetem Edelstahl und langlebigem FSC-zertifiziertem Teakholz erh\u00e4ltlich. Der Sessel hat abgerundete Kanten und weiche Formen. Er kann das ganze Jahr \u00fcber drau\u00dfen verwendet werden und wird im Laufe der Jahre ein sch\u00f6nes Silbergrau annehmen. Seine Armlehnen sind breit genug, um ein Weinglas, eine Nussschale oder ein Buch aufzunehmen.<\/p>\n<p>&nbsp;<\/p>\n","protected":false},"excerpt":{"rendered":"<p>Der B\u00f6ste Lounge Chair ist eine Hommage an den urspr\u00fcnglichen Westport Chair. Er ist in einer veredelten Version aus pulverbeschichtetem Edelstahl und langlebigem FSC-zertifiziertem Teakholz erh\u00e4ltlich. Der Sessel hat abgerundete Kanten und weiche Formen. Er kann das ganze Jahr \u00fcber drau\u00dfen verwendet werden und wird im Laufe der Jahre ein sch\u00f6nes Silbergrau annehmen. Seine Armlehnen [&hellip;]<\/p>\n","protected":false},"featured_media":0,"template":"","meta":{"_acf_changed":false},"product_cat":[113],"product_tag":[],"acf":[],"yoast_head":"<!-- This site is optimized with the Yoast SEO plugin v22.2 - https:\/\/yoast.com\/wordpress\/plugins\/seo\/ -->\n<title>B\u00f6ste lounge chair - SKARGAARDEN<\/title>\n<meta name=\"description\" content=\"-\" \/>\n<meta name=\"robots\" content=\"index, follow, max-snippet:-1, max-image-preview:large, max-video-preview:-1\" \/>\n<link rel=\"canonical\" href=\"https:\/\/www.skargaarden.com\/de\/product\/boste-lounge-chair\/\" \/>\n<meta property=\"og:locale\" content=\"de_DE\" \/>\n<meta property=\"og:type\" content=\"article\" \/>\n<meta property=\"og:title\" content=\"B\u00f6ste lounge chair - SKARGAARDEN\" \/>\n<meta property=\"og:description\" content=\"-\" \/>\n<meta property=\"og:url\" content=\"https:\/\/www.skargaarden.com\/de\/product\/boste-lounge-chair\/\" \/>\n<meta property=\"og:site_name\" content=\"SKARGAARDEN\" \/>\n<meta property=\"article:publisher\" content=\"https:\/\/www.facebook.com\/skargaarden\" \/>\n<meta property=\"article:modified_time\" content=\"2023-03-28T06:29:41+00:00\" \/>\n<meta name=\"twitter:card\" content=\"summary_large_image\" \/>\n<script type=\"application\/ld+json\" class=\"yoast-schema-graph\">{\"@context\":\"https:\/\/schema.org\",\"@graph\":[{\"@type\":\"WebPage\",\"@id\":\"https:\/\/www.skargaarden.com\/de\/product\/boste-lounge-chair\/\",\"url\":\"https:\/\/www.skargaarden.com\/de\/product\/boste-lounge-chair\/\",\"name\":\"B\u00f6ste lounge chair - SKARGAARDEN\",\"isPartOf\":{\"@id\":\"https:\/\/www.skargaarden.com\/de\/#website\"},\"datePublished\":\"2023-02-13T09:28:22+00:00\",\"dateModified\":\"2023-03-28T06:29:41+00:00\",\"description\":\"-\",\"breadcrumb\":{\"@id\":\"https:\/\/www.skargaarden.com\/de\/product\/boste-lounge-chair\/#breadcrumb\"},\"inLanguage\":\"de\",\"potentialAction\":[{\"@type\":\"ReadAction\",\"target\":[\"https:\/\/www.skargaarden.com\/de\/product\/boste-lounge-chair\/\"]}]},{\"@type\":\"BreadcrumbList\",\"@id\":\"https:\/\/www.skargaarden.com\/de\/product\/boste-lounge-chair\/#breadcrumb\",\"itemListElement\":[{\"@type\":\"ListItem\",\"position\":1,\"name\":\"Home\",\"item\":\"https:\/\/www.skargaarden.com\/de\/\"},{\"@type\":\"ListItem\",\"position\":2,\"name\":\"Produkten\",\"item\":\"https:\/\/www.skargaarden.com\/de\/produkte\/\"},{\"@type\":\"ListItem\",\"position\":3,\"name\":\"B\u00f6ste lounge chair\"}]},{\"@type\":\"WebSite\",\"@id\":\"https:\/\/www.skargaarden.com\/de\/#website\",\"url\":\"https:\/\/www.skargaarden.com\/de\/\",\"name\":\"SKARGAARDEN\",\"description\":\"Scandinavian Outdoor Design\",\"publisher\":{\"@id\":\"https:\/\/www.skargaarden.com\/de\/#organization\"},\"potentialAction\":[{\"@type\":\"SearchAction\",\"target\":{\"@type\":\"EntryPoint\",\"urlTemplate\":\"https:\/\/www.skargaarden.com\/de\/?s={search_term_string}\"},\"query-input\":\"required name=search_term_string\"}],\"inLanguage\":\"de\"},{\"@type\":\"Organization\",\"@id\":\"https:\/\/www.skargaarden.com\/de\/#organization\",\"name\":\"SKARGAARDEN\",\"url\":\"https:\/\/www.skargaarden.com\/de\/\",\"logo\":{\"@type\":\"ImageObject\",\"inLanguage\":\"de\",\"@id\":\"https:\/\/www.skargaarden.com\/de\/#\/schema\/logo\/image\/\",\"url\":\"https:\/\/www.skargaarden.com\/wp-content\/uploads\/2024\/03\/skargaardenlogo-1.png\",\"contentUrl\":\"https:\/\/www.skargaarden.com\/wp-content\/uploads\/2024\/03\/skargaardenlogo-1.png\",\"width\":999,\"height\":141,\"caption\":\"SKARGAARDEN\"},\"image\":{\"@id\":\"https:\/\/www.skargaarden.com\/de\/#\/schema\/logo\/image\/\"},\"sameAs\":[\"https:\/\/www.facebook.com\/skargaarden\",\"https:\/\/www.instagram.com\/skargaarden\/\",\"https:\/\/www.pinterest.se\/skargaarden\/\"]}]}<\/script>\n<!-- \/ Yoast SEO plugin. -->","yoast_head_json":{"title":"B\u00f6ste lounge chair - SKARGAARDEN","description":"-","robots":{"index":"index","follow":"follow","max-snippet":"max-snippet:-1","max-image-preview":"max-image-preview:large","max-video-preview":"max-video-preview:-1"},"canonical":"https:\/\/www.skargaarden.com\/de\/product\/boste-lounge-chair\/","og_locale":"de_DE","og_type":"article","og_title":"B\u00f6ste lounge chair - SKARGAARDEN","og_description":"-","og_url":"https:\/\/www.skargaarden.com\/de\/product\/boste-lounge-chair\/","og_site_name":"SKARGAARDEN","article_publisher":"https:\/\/www.facebook.com\/skargaarden","article_modified_time":"2023-03-28T06:29:41+00:00","twitter_card":"summary_large_image","schema":{"@context":"https:\/\/schema.org","@graph":[{"@type":"WebPage","@id":"https:\/\/www.skargaarden.com\/de\/product\/boste-lounge-chair\/","url":"https:\/\/www.skargaarden.com\/de\/product\/boste-lounge-chair\/","name":"B\u00f6ste lounge chair - SKARGAARDEN","isPartOf":{"@id":"https:\/\/www.skargaarden.com\/de\/#website"},"datePublished":"2023-02-13T09:28:22+00:00","dateModified":"2023-03-28T06:29:41+00:00","description":"-","breadcrumb":{"@id":"https:\/\/www.skargaarden.com\/de\/product\/boste-lounge-chair\/#breadcrumb"},"inLanguage":"de","potentialAction":[{"@type":"ReadAction","target":["https:\/\/www.skargaarden.com\/de\/product\/boste-lounge-chair\/"]}]},{"@type":"BreadcrumbList","@id":"https:\/\/www.skargaarden.com\/de\/product\/boste-lounge-chair\/#breadcrumb","itemListElement":[{"@type":"ListItem","position":1,"name":"Home","item":"https:\/\/www.skargaarden.com\/de\/"},{"@type":"ListItem","position":2,"name":"Produkten","item":"https:\/\/www.skargaarden.com\/de\/produkte\/"},{"@type":"ListItem","position":3,"name":"B\u00f6ste lounge chair"}]},{"@type":"WebSite","@id":"https:\/\/www.skargaarden.com\/de\/#website","url":"https:\/\/www.skargaarden.com\/de\/","name":"SKARGAARDEN","description":"Scandinavian Outdoor Design","publisher":{"@id":"https:\/\/www.skargaarden.com\/de\/#organization"},"potentialAction":[{"@type":"SearchAction","target":{"@type":"EntryPoint","urlTemplate":"https:\/\/www.skargaarden.com\/de\/?s={search_term_string}"},"query-input":"required name=search_term_string"}],"inLanguage":"de"},{"@type":"Organization","@id":"https:\/\/www.skargaarden.com\/de\/#organization","name":"SKARGAARDEN","url":"https:\/\/www.skargaarden.com\/de\/","logo":{"@type":"ImageObject","inLanguage":"de","@id":"https:\/\/www.skargaarden.com\/de\/#\/schema\/logo\/image\/","url":"https:\/\/www.skargaarden.com\/wp-content\/uploads\/2024\/03\/skargaardenlogo-1.png","contentUrl":"https:\/\/www.skargaarden.com\/wp-content\/uploads\/2024\/03\/skargaardenlogo-1.png","width":999,"height":141,"caption":"SKARGAARDEN"},"image":{"@id":"https:\/\/www.skargaarden.com\/de\/#\/schema\/logo\/image\/"},"sameAs":["https:\/\/www.facebook.com\/skargaarden","https:\/\/www.instagram.com\/skargaarden\/","https:\/\/www.pinterest.se\/skargaarden\/"]}]}},"_links":{"self":[{"href":"https:\/\/www.skargaarden.com\/de\/wp-json\/wp\/v2\/product\/18285"}],"collection":[{"href":"https:\/\/www.skargaarden.com\/de\/wp-json\/wp\/v2\/product"}],"about":[{"href":"https:\/\/www.skargaarden.com\/de\/wp-json\/wp\/v2\/types\/product"}],"wp:attachment":[{"href":"https:\/\/www.skargaarden.com\/de\/wp-json\/wp\/v2\/media?parent=18285"}],"wp:term":[{"taxonomy":"product_cat","embeddable":true,"href":"https:\/\/www.skargaarden.com\/de\/wp-json\/wp\/v2\/product_cat?post=18285"},{"taxonomy":"product_tag","embeddable":true,"href":"https:\/\/www.skargaarden.com\/de\/wp-json\/wp\/v2\/product_tag?post=18285"}],"curies":[{"name":"wp","href":"https:\/\/api.w.org\/{rel}","templated":true}]}}