{"id":18284,"date":"2023-02-13T10:53:17","date_gmt":"2023-02-13T09:53:17","guid":{"rendered":"https:\/\/www.skargaarden.com\/products\/unkategorisiert\/boeste-foot-stool\/"},"modified":"2023-03-28T08:28:41","modified_gmt":"2023-03-28T06:28:41","slug":"boste-foot-stool","status":"publish","type":"product","link":"https:\/\/www.skargaarden.com\/de\/product\/boste-foot-stool\/","title":{"rendered":"B\u00f6ste foot stool"},"content":{"rendered":"<p>Der B\u00f6ste Fu\u00dfhocker ist aus pulverbeschichtetem Edelstahl und langlebigem FSC-zertifiziertem Teakholz gefertigt. B\u00f6ste kann das ganze Jahr \u00fcber drau\u00dfen verwendet werden und wird im Laufe der Jahre ein sch\u00f6nes Silbergrau annehmen. Legen Sie die F\u00fc\u00dfe hoch und genie\u00dfen Sie die Sommerbrise.<\/p>\n<p>&nbsp;<\/p>\n","protected":false},"excerpt":{"rendered":"<p>Der B\u00f6ste Fu\u00dfhocker ist aus pulverbeschichtetem Edelstahl und langlebigem FSC-zertifiziertem Teakholz gefertigt. B\u00f6ste kann das ganze Jahr \u00fcber drau\u00dfen verwendet werden und wird im Laufe der Jahre ein sch\u00f6nes Silbergrau annehmen. Legen Sie die F\u00fc\u00dfe hoch und genie\u00dfen Sie die Sommerbrise. &nbsp;<\/p>\n","protected":false},"featured_media":0,"template":"","meta":{"_acf_changed":false},"product_cat":[105],"product_tag":[],"acf":[],"yoast_head":"<!-- This site is optimized with the Yoast SEO plugin v22.2 - https:\/\/yoast.com\/wordpress\/plugins\/seo\/ -->\n<title>B\u00f6ste foot stool - SKARGAARDEN<\/title>\n<meta name=\"description\" content=\"Der B\u00f6ste Fu\u00dfhocker ist aus rostfreiem Stahl und langlebigem FSC-zertifiziertem Teakholz gefertigt. .\" \/>\n<meta name=\"robots\" content=\"index, follow, max-snippet:-1, max-image-preview:large, max-video-preview:-1\" \/>\n<link rel=\"canonical\" href=\"https:\/\/www.skargaarden.com\/de\/product\/boste-foot-stool\/\" \/>\n<meta property=\"og:locale\" content=\"de_DE\" \/>\n<meta property=\"og:type\" content=\"article\" \/>\n<meta property=\"og:title\" content=\"B\u00f6ste foot stool - SKARGAARDEN\" \/>\n<meta property=\"og:description\" content=\"Der B\u00f6ste Fu\u00dfhocker ist aus rostfreiem Stahl und langlebigem FSC-zertifiziertem Teakholz gefertigt. .\" \/>\n<meta property=\"og:url\" content=\"https:\/\/www.skargaarden.com\/de\/product\/boste-foot-stool\/\" \/>\n<meta property=\"og:site_name\" content=\"SKARGAARDEN\" \/>\n<meta property=\"article:publisher\" content=\"https:\/\/www.facebook.com\/skargaarden\" \/>\n<meta property=\"article:modified_time\" content=\"2023-03-28T06:28:41+00:00\" \/>\n<meta name=\"twitter:card\" content=\"summary_large_image\" \/>\n<script type=\"application\/ld+json\" class=\"yoast-schema-graph\">{\"@context\":\"https:\/\/schema.org\",\"@graph\":[{\"@type\":\"WebPage\",\"@id\":\"https:\/\/www.skargaarden.com\/de\/product\/boste-foot-stool\/\",\"url\":\"https:\/\/www.skargaarden.com\/de\/product\/boste-foot-stool\/\",\"name\":\"B\u00f6ste foot stool - SKARGAARDEN\",\"isPartOf\":{\"@id\":\"https:\/\/www.skargaarden.com\/de\/#website\"},\"datePublished\":\"2023-02-13T09:53:17+00:00\",\"dateModified\":\"2023-03-28T06:28:41+00:00\",\"description\":\"Der B\u00f6ste Fu\u00dfhocker ist aus rostfreiem Stahl und langlebigem FSC-zertifiziertem Teakholz gefertigt. .\",\"breadcrumb\":{\"@id\":\"https:\/\/www.skargaarden.com\/de\/product\/boste-foot-stool\/#breadcrumb\"},\"inLanguage\":\"de\",\"potentialAction\":[{\"@type\":\"ReadAction\",\"target\":[\"https:\/\/www.skargaarden.com\/de\/product\/boste-foot-stool\/\"]}]},{\"@type\":\"BreadcrumbList\",\"@id\":\"https:\/\/www.skargaarden.com\/de\/product\/boste-foot-stool\/#breadcrumb\",\"itemListElement\":[{\"@type\":\"ListItem\",\"position\":1,\"name\":\"Home\",\"item\":\"https:\/\/www.skargaarden.com\/de\/\"},{\"@type\":\"ListItem\",\"position\":2,\"name\":\"Produkten\",\"item\":\"https:\/\/www.skargaarden.com\/de\/produkte\/\"},{\"@type\":\"ListItem\",\"position\":3,\"name\":\"B\u00f6ste foot stool\"}]},{\"@type\":\"WebSite\",\"@id\":\"https:\/\/www.skargaarden.com\/de\/#website\",\"url\":\"https:\/\/www.skargaarden.com\/de\/\",\"name\":\"SKARGAARDEN\",\"description\":\"Scandinavian Outdoor Design\",\"publisher\":{\"@id\":\"https:\/\/www.skargaarden.com\/de\/#organization\"},\"potentialAction\":[{\"@type\":\"SearchAction\",\"target\":{\"@type\":\"EntryPoint\",\"urlTemplate\":\"https:\/\/www.skargaarden.com\/de\/?s={search_term_string}\"},\"query-input\":\"required name=search_term_string\"}],\"inLanguage\":\"de\"},{\"@type\":\"Organization\",\"@id\":\"https:\/\/www.skargaarden.com\/de\/#organization\",\"name\":\"SKARGAARDEN\",\"url\":\"https:\/\/www.skargaarden.com\/de\/\",\"logo\":{\"@type\":\"ImageObject\",\"inLanguage\":\"de\",\"@id\":\"https:\/\/www.skargaarden.com\/de\/#\/schema\/logo\/image\/\",\"url\":\"https:\/\/www.skargaarden.com\/wp-content\/uploads\/2024\/03\/skargaardenlogo-1.png\",\"contentUrl\":\"https:\/\/www.skargaarden.com\/wp-content\/uploads\/2024\/03\/skargaardenlogo-1.png\",\"width\":999,\"height\":141,\"caption\":\"SKARGAARDEN\"},\"image\":{\"@id\":\"https:\/\/www.skargaarden.com\/de\/#\/schema\/logo\/image\/\"},\"sameAs\":[\"https:\/\/www.facebook.com\/skargaarden\",\"https:\/\/www.instagram.com\/skargaarden\/\",\"https:\/\/www.pinterest.se\/skargaarden\/\"]}]}<\/script>\n<!-- \/ Yoast SEO plugin. -->","yoast_head_json":{"title":"B\u00f6ste foot stool - SKARGAARDEN","description":"Der B\u00f6ste Fu\u00dfhocker ist aus rostfreiem Stahl und langlebigem FSC-zertifiziertem Teakholz gefertigt. .","robots":{"index":"index","follow":"follow","max-snippet":"max-snippet:-1","max-image-preview":"max-image-preview:large","max-video-preview":"max-video-preview:-1"},"canonical":"https:\/\/www.skargaarden.com\/de\/product\/boste-foot-stool\/","og_locale":"de_DE","og_type":"article","og_title":"B\u00f6ste foot stool - SKARGAARDEN","og_description":"Der B\u00f6ste Fu\u00dfhocker ist aus rostfreiem Stahl und langlebigem FSC-zertifiziertem Teakholz gefertigt. .","og_url":"https:\/\/www.skargaarden.com\/de\/product\/boste-foot-stool\/","og_site_name":"SKARGAARDEN","article_publisher":"https:\/\/www.facebook.com\/skargaarden","article_modified_time":"2023-03-28T06:28:41+00:00","twitter_card":"summary_large_image","schema":{"@context":"https:\/\/schema.org","@graph":[{"@type":"WebPage","@id":"https:\/\/www.skargaarden.com\/de\/product\/boste-foot-stool\/","url":"https:\/\/www.skargaarden.com\/de\/product\/boste-foot-stool\/","name":"B\u00f6ste foot stool - SKARGAARDEN","isPartOf":{"@id":"https:\/\/www.skargaarden.com\/de\/#website"},"datePublished":"2023-02-13T09:53:17+00:00","dateModified":"2023-03-28T06:28:41+00:00","description":"Der B\u00f6ste Fu\u00dfhocker ist aus rostfreiem Stahl und langlebigem FSC-zertifiziertem Teakholz gefertigt. .","breadcrumb":{"@id":"https:\/\/www.skargaarden.com\/de\/product\/boste-foot-stool\/#breadcrumb"},"inLanguage":"de","potentialAction":[{"@type":"ReadAction","target":["https:\/\/www.skargaarden.com\/de\/product\/boste-foot-stool\/"]}]},{"@type":"BreadcrumbList","@id":"https:\/\/www.skargaarden.com\/de\/product\/boste-foot-stool\/#breadcrumb","itemListElement":[{"@type":"ListItem","position":1,"name":"Home","item":"https:\/\/www.skargaarden.com\/de\/"},{"@type":"ListItem","position":2,"name":"Produkten","item":"https:\/\/www.skargaarden.com\/de\/produkte\/"},{"@type":"ListItem","position":3,"name":"B\u00f6ste foot stool"}]},{"@type":"WebSite","@id":"https:\/\/www.skargaarden.com\/de\/#website","url":"https:\/\/www.skargaarden.com\/de\/","name":"SKARGAARDEN","description":"Scandinavian Outdoor Design","publisher":{"@id":"https:\/\/www.skargaarden.com\/de\/#organization"},"potentialAction":[{"@type":"SearchAction","target":{"@type":"EntryPoint","urlTemplate":"https:\/\/www.skargaarden.com\/de\/?s={search_term_string}"},"query-input":"required name=search_term_string"}],"inLanguage":"de"},{"@type":"Organization","@id":"https:\/\/www.skargaarden.com\/de\/#organization","name":"SKARGAARDEN","url":"https:\/\/www.skargaarden.com\/de\/","logo":{"@type":"ImageObject","inLanguage":"de","@id":"https:\/\/www.skargaarden.com\/de\/#\/schema\/logo\/image\/","url":"https:\/\/www.skargaarden.com\/wp-content\/uploads\/2024\/03\/skargaardenlogo-1.png","contentUrl":"https:\/\/www.skargaarden.com\/wp-content\/uploads\/2024\/03\/skargaardenlogo-1.png","width":999,"height":141,"caption":"SKARGAARDEN"},"image":{"@id":"https:\/\/www.skargaarden.com\/de\/#\/schema\/logo\/image\/"},"sameAs":["https:\/\/www.facebook.com\/skargaarden","https:\/\/www.instagram.com\/skargaarden\/","https:\/\/www.pinterest.se\/skargaarden\/"]}]}},"_links":{"self":[{"href":"https:\/\/www.skargaarden.com\/de\/wp-json\/wp\/v2\/product\/18284"}],"collection":[{"href":"https:\/\/www.skargaarden.com\/de\/wp-json\/wp\/v2\/product"}],"about":[{"href":"https:\/\/www.skargaarden.com\/de\/wp-json\/wp\/v2\/types\/product"}],"wp:attachment":[{"href":"https:\/\/www.skargaarden.com\/de\/wp-json\/wp\/v2\/media?parent=18284"}],"wp:term":[{"taxonomy":"product_cat","embeddable":true,"href":"https:\/\/www.skargaarden.com\/de\/wp-json\/wp\/v2\/product_cat?post=18284"},{"taxonomy":"product_tag","embeddable":true,"href":"https:\/\/www.skargaarden.com\/de\/wp-json\/wp\/v2\/product_tag?post=18284"}],"curies":[{"name":"wp","href":"https:\/\/api.w.org\/{rel}","templated":true}]}}