{"id":14924,"date":"2021-02-10T12:01:02","date_gmt":"2022-02-08T11:36:38","guid":{"rendered":"https:\/\/www.skargaarden.com\/products\/uncategorized\/h55-lounge-stuhl\/"},"modified":"2022-03-24T13:58:40","modified_gmt":"2022-03-24T12:58:40","slug":"h55-lounge-chair","status":"publish","type":"product","link":"https:\/\/www.skargaarden.com\/de\/product\/h55-lounge-chair\/","title":{"rendered":"H55 Lounge Stuhl"},"content":{"rendered":"<p>Der klappbare Liegestuhl wurde von Bj\u00f6rn Hult\u00e9n entworfen. Die Idee war, ein M\u00f6belst\u00fcck f\u00fcr den Au\u00dfen- und Innenbereich zu schaffen, das sowohl Wind und Wetter standh\u00e4lt, aber gleichzeitig so stilvoll ist, dass es auch als Ersatzstuhl im Wohnzimmer dienen kann. Die Konstruktion mit freiliegenden Beinen, zwei miteinander verbundenen parallelen Trapezen, verleiht dem Liegestuhl eine ganz andere Stabilit\u00e4t als dem \u00fcblichen Gartenstuhl.<\/p>\n<p>Sunbrella Heritage fabric 50% recycled fibre.<\/p>\n","protected":false},"excerpt":{"rendered":"<p>Der klappbare Liegestuhl wurde von Bj\u00f6rn Hult\u00e9n entworfen. Die Idee war, ein M\u00f6belst\u00fcck f\u00fcr den Au\u00dfen- und Innenbereich zu schaffen, das sowohl Wind und Wetter standh\u00e4lt, aber gleichzeitig so stilvoll ist, dass es auch als Ersatzstuhl im Wohnzimmer dienen kann. Die Konstruktion mit freiliegenden Beinen, zwei miteinander verbundenen parallelen Trapezen, verleiht dem Liegestuhl eine ganz [&hellip;]<\/p>\n","protected":false},"featured_media":14405,"template":"","meta":{"_acf_changed":false},"product_cat":[113],"product_tag":[],"acf":[],"yoast_head":"<!-- This site is optimized with the Yoast SEO plugin v22.2 - https:\/\/yoast.com\/wordpress\/plugins\/seo\/ -->\n<title>H55 Lounge Stuhl - SKARGAARDEN<\/title>\n<meta name=\"robots\" content=\"index, follow, max-snippet:-1, max-image-preview:large, max-video-preview:-1\" \/>\n<link rel=\"canonical\" href=\"https:\/\/www.skargaarden.com\/de\/product\/h55-lounge-chair\/\" \/>\n<meta property=\"og:locale\" content=\"de_DE\" \/>\n<meta property=\"og:type\" content=\"article\" \/>\n<meta property=\"og:title\" content=\"H55 Lounge Stuhl - SKARGAARDEN\" \/>\n<meta property=\"og:description\" content=\"Der klappbare Liegestuhl wurde von Bj\u00f6rn Hult\u00e9n entworfen. Die Idee war, ein M\u00f6belst\u00fcck f\u00fcr den Au\u00dfen- und Innenbereich zu schaffen, das sowohl Wind und Wetter standh\u00e4lt, aber gleichzeitig so stilvoll ist, dass es auch als Ersatzstuhl im Wohnzimmer dienen kann. Die Konstruktion mit freiliegenden Beinen, zwei miteinander verbundenen parallelen Trapezen, verleiht dem Liegestuhl eine ganz [&hellip;]\" \/>\n<meta property=\"og:url\" content=\"https:\/\/www.skargaarden.com\/de\/product\/h55-lounge-chair\/\" \/>\n<meta property=\"og:site_name\" content=\"SKARGAARDEN\" \/>\n<meta property=\"article:publisher\" content=\"https:\/\/www.facebook.com\/skargaarden\" \/>\n<meta property=\"article:modified_time\" content=\"2022-03-24T12:58:40+00:00\" \/>\n<meta property=\"og:image\" content=\"https:\/\/www.skargaarden.com\/wp-content\/uploads\/2021\/02\/H55_teak_black_studioCA_2-scaled.jpg\" \/>\n\t<meta property=\"og:image:width\" content=\"1915\" \/>\n\t<meta property=\"og:image:height\" content=\"2560\" \/>\n\t<meta property=\"og:image:type\" content=\"image\/jpeg\" \/>\n<meta name=\"twitter:card\" content=\"summary_large_image\" \/>\n<script type=\"application\/ld+json\" class=\"yoast-schema-graph\">{\"@context\":\"https:\/\/schema.org\",\"@graph\":[{\"@type\":\"WebPage\",\"@id\":\"https:\/\/www.skargaarden.com\/de\/product\/h55-lounge-chair\/\",\"url\":\"https:\/\/www.skargaarden.com\/de\/product\/h55-lounge-chair\/\",\"name\":\"H55 Lounge Stuhl - SKARGAARDEN\",\"isPartOf\":{\"@id\":\"https:\/\/www.skargaarden.com\/de\/#website\"},\"primaryImageOfPage\":{\"@id\":\"https:\/\/www.skargaarden.com\/de\/product\/h55-lounge-chair\/#primaryimage\"},\"image\":{\"@id\":\"https:\/\/www.skargaarden.com\/de\/product\/h55-lounge-chair\/#primaryimage\"},\"thumbnailUrl\":\"https:\/\/www.skargaarden.com\/wp-content\/uploads\/2021\/02\/H55_teak_black_studioCA_2-scaled.jpg\",\"datePublished\":\"2022-02-08T11:36:38+00:00\",\"dateModified\":\"2022-03-24T12:58:40+00:00\",\"breadcrumb\":{\"@id\":\"https:\/\/www.skargaarden.com\/de\/product\/h55-lounge-chair\/#breadcrumb\"},\"inLanguage\":\"de\",\"potentialAction\":[{\"@type\":\"ReadAction\",\"target\":[\"https:\/\/www.skargaarden.com\/de\/product\/h55-lounge-chair\/\"]}]},{\"@type\":\"ImageObject\",\"inLanguage\":\"de\",\"@id\":\"https:\/\/www.skargaarden.com\/de\/product\/h55-lounge-chair\/#primaryimage\",\"url\":\"https:\/\/www.skargaarden.com\/wp-content\/uploads\/2021\/02\/H55_teak_black_studioCA_2-scaled.jpg\",\"contentUrl\":\"https:\/\/www.skargaarden.com\/wp-content\/uploads\/2021\/02\/H55_teak_black_studioCA_2-scaled.jpg\",\"width\":1915,\"height\":2560},{\"@type\":\"BreadcrumbList\",\"@id\":\"https:\/\/www.skargaarden.com\/de\/product\/h55-lounge-chair\/#breadcrumb\",\"itemListElement\":[{\"@type\":\"ListItem\",\"position\":1,\"name\":\"Home\",\"item\":\"https:\/\/www.skargaarden.com\/de\/\"},{\"@type\":\"ListItem\",\"position\":2,\"name\":\"Produkten\",\"item\":\"https:\/\/www.skargaarden.com\/de\/produkte\/\"},{\"@type\":\"ListItem\",\"position\":3,\"name\":\"H55 Lounge Stuhl\"}]},{\"@type\":\"WebSite\",\"@id\":\"https:\/\/www.skargaarden.com\/de\/#website\",\"url\":\"https:\/\/www.skargaarden.com\/de\/\",\"name\":\"SKARGAARDEN\",\"description\":\"Scandinavian Outdoor Design\",\"publisher\":{\"@id\":\"https:\/\/www.skargaarden.com\/de\/#organization\"},\"potentialAction\":[{\"@type\":\"SearchAction\",\"target\":{\"@type\":\"EntryPoint\",\"urlTemplate\":\"https:\/\/www.skargaarden.com\/de\/?s={search_term_string}\"},\"query-input\":\"required name=search_term_string\"}],\"inLanguage\":\"de\"},{\"@type\":\"Organization\",\"@id\":\"https:\/\/www.skargaarden.com\/de\/#organization\",\"name\":\"SKARGAARDEN\",\"url\":\"https:\/\/www.skargaarden.com\/de\/\",\"logo\":{\"@type\":\"ImageObject\",\"inLanguage\":\"de\",\"@id\":\"https:\/\/www.skargaarden.com\/de\/#\/schema\/logo\/image\/\",\"url\":\"https:\/\/www.skargaarden.com\/wp-content\/uploads\/2024\/03\/skargaardenlogo-1.png\",\"contentUrl\":\"https:\/\/www.skargaarden.com\/wp-content\/uploads\/2024\/03\/skargaardenlogo-1.png\",\"width\":999,\"height\":141,\"caption\":\"SKARGAARDEN\"},\"image\":{\"@id\":\"https:\/\/www.skargaarden.com\/de\/#\/schema\/logo\/image\/\"},\"sameAs\":[\"https:\/\/www.facebook.com\/skargaarden\",\"https:\/\/www.instagram.com\/skargaarden\/\",\"https:\/\/www.pinterest.se\/skargaarden\/\"]}]}<\/script>\n<!-- \/ Yoast SEO plugin. -->","yoast_head_json":{"title":"H55 Lounge Stuhl - SKARGAARDEN","robots":{"index":"index","follow":"follow","max-snippet":"max-snippet:-1","max-image-preview":"max-image-preview:large","max-video-preview":"max-video-preview:-1"},"canonical":"https:\/\/www.skargaarden.com\/de\/product\/h55-lounge-chair\/","og_locale":"de_DE","og_type":"article","og_title":"H55 Lounge Stuhl - SKARGAARDEN","og_description":"Der klappbare Liegestuhl wurde von Bj\u00f6rn Hult\u00e9n entworfen. Die Idee war, ein M\u00f6belst\u00fcck f\u00fcr den Au\u00dfen- und Innenbereich zu schaffen, das sowohl Wind und Wetter standh\u00e4lt, aber gleichzeitig so stilvoll ist, dass es auch als Ersatzstuhl im Wohnzimmer dienen kann. Die Konstruktion mit freiliegenden Beinen, zwei miteinander verbundenen parallelen Trapezen, verleiht dem Liegestuhl eine ganz [&hellip;]","og_url":"https:\/\/www.skargaarden.com\/de\/product\/h55-lounge-chair\/","og_site_name":"SKARGAARDEN","article_publisher":"https:\/\/www.facebook.com\/skargaarden","article_modified_time":"2022-03-24T12:58:40+00:00","og_image":[{"width":1915,"height":2560,"url":"https:\/\/www.skargaarden.com\/wp-content\/uploads\/2021\/02\/H55_teak_black_studioCA_2-scaled.jpg","type":"image\/jpeg"}],"twitter_card":"summary_large_image","schema":{"@context":"https:\/\/schema.org","@graph":[{"@type":"WebPage","@id":"https:\/\/www.skargaarden.com\/de\/product\/h55-lounge-chair\/","url":"https:\/\/www.skargaarden.com\/de\/product\/h55-lounge-chair\/","name":"H55 Lounge Stuhl - SKARGAARDEN","isPartOf":{"@id":"https:\/\/www.skargaarden.com\/de\/#website"},"primaryImageOfPage":{"@id":"https:\/\/www.skargaarden.com\/de\/product\/h55-lounge-chair\/#primaryimage"},"image":{"@id":"https:\/\/www.skargaarden.com\/de\/product\/h55-lounge-chair\/#primaryimage"},"thumbnailUrl":"https:\/\/www.skargaarden.com\/wp-content\/uploads\/2021\/02\/H55_teak_black_studioCA_2-scaled.jpg","datePublished":"2022-02-08T11:36:38+00:00","dateModified":"2022-03-24T12:58:40+00:00","breadcrumb":{"@id":"https:\/\/www.skargaarden.com\/de\/product\/h55-lounge-chair\/#breadcrumb"},"inLanguage":"de","potentialAction":[{"@type":"ReadAction","target":["https:\/\/www.skargaarden.com\/de\/product\/h55-lounge-chair\/"]}]},{"@type":"ImageObject","inLanguage":"de","@id":"https:\/\/www.skargaarden.com\/de\/product\/h55-lounge-chair\/#primaryimage","url":"https:\/\/www.skargaarden.com\/wp-content\/uploads\/2021\/02\/H55_teak_black_studioCA_2-scaled.jpg","contentUrl":"https:\/\/www.skargaarden.com\/wp-content\/uploads\/2021\/02\/H55_teak_black_studioCA_2-scaled.jpg","width":1915,"height":2560},{"@type":"BreadcrumbList","@id":"https:\/\/www.skargaarden.com\/de\/product\/h55-lounge-chair\/#breadcrumb","itemListElement":[{"@type":"ListItem","position":1,"name":"Home","item":"https:\/\/www.skargaarden.com\/de\/"},{"@type":"ListItem","position":2,"name":"Produkten","item":"https:\/\/www.skargaarden.com\/de\/produkte\/"},{"@type":"ListItem","position":3,"name":"H55 Lounge Stuhl"}]},{"@type":"WebSite","@id":"https:\/\/www.skargaarden.com\/de\/#website","url":"https:\/\/www.skargaarden.com\/de\/","name":"SKARGAARDEN","description":"Scandinavian Outdoor Design","publisher":{"@id":"https:\/\/www.skargaarden.com\/de\/#organization"},"potentialAction":[{"@type":"SearchAction","target":{"@type":"EntryPoint","urlTemplate":"https:\/\/www.skargaarden.com\/de\/?s={search_term_string}"},"query-input":"required name=search_term_string"}],"inLanguage":"de"},{"@type":"Organization","@id":"https:\/\/www.skargaarden.com\/de\/#organization","name":"SKARGAARDEN","url":"https:\/\/www.skargaarden.com\/de\/","logo":{"@type":"ImageObject","inLanguage":"de","@id":"https:\/\/www.skargaarden.com\/de\/#\/schema\/logo\/image\/","url":"https:\/\/www.skargaarden.com\/wp-content\/uploads\/2024\/03\/skargaardenlogo-1.png","contentUrl":"https:\/\/www.skargaarden.com\/wp-content\/uploads\/2024\/03\/skargaardenlogo-1.png","width":999,"height":141,"caption":"SKARGAARDEN"},"image":{"@id":"https:\/\/www.skargaarden.com\/de\/#\/schema\/logo\/image\/"},"sameAs":["https:\/\/www.facebook.com\/skargaarden","https:\/\/www.instagram.com\/skargaarden\/","https:\/\/www.pinterest.se\/skargaarden\/"]}]}},"_links":{"self":[{"href":"https:\/\/www.skargaarden.com\/de\/wp-json\/wp\/v2\/product\/14924"}],"collection":[{"href":"https:\/\/www.skargaarden.com\/de\/wp-json\/wp\/v2\/product"}],"about":[{"href":"https:\/\/www.skargaarden.com\/de\/wp-json\/wp\/v2\/types\/product"}],"wp:featuredmedia":[{"embeddable":true,"href":"https:\/\/www.skargaarden.com\/de\/wp-json\/wp\/v2\/media\/14405"}],"wp:attachment":[{"href":"https:\/\/www.skargaarden.com\/de\/wp-json\/wp\/v2\/media?parent=14924"}],"wp:term":[{"taxonomy":"product_cat","embeddable":true,"href":"https:\/\/www.skargaarden.com\/de\/wp-json\/wp\/v2\/product_cat?post=14924"},{"taxonomy":"product_tag","embeddable":true,"href":"https:\/\/www.skargaarden.com\/de\/wp-json\/wp\/v2\/product_tag?post=14924"}],"curies":[{"name":"wp","href":"https:\/\/api.w.org\/{rel}","templated":true}]}}