{"id":14653,"date":"2020-11-23T16:15:16","date_gmt":"2022-02-08T08:15:06","guid":{"rendered":"https:\/\/www.skargaarden.com\/products\/uncategorized\/grinda-bank-teakholz\/"},"modified":"2022-02-08T09:15:06","modified_gmt":"2022-02-08T08:15:06","slug":"grinda-bank-teakholz","status":"publish","type":"product","link":"https:\/\/www.skargaarden.com\/de\/product\/grinda-bank-teakholz\/","title":{"rendered":"Grinda Bank Teakholz"},"content":{"rendered":"<p>Die Grinda Esszimmerm\u00f6bel sind aus Teakholz mit einem schwarz lackierten Stahlrahmen. Die Grinda-Esszimmerm\u00f6bel umfassen einen Beistellstuhl, einen Sessel, eine Bank und vier Tische in verschiedenen Gr\u00f6\u00dfen, um Ihren Balkon, Ihre Veranda, Ihre Terrasse, Ihren Rasen oder wo auch immer Sie Ihre Dinnerpartys veranstalten, zu dekorieren.<\/p>\n","protected":false},"excerpt":{"rendered":"<p>Grinda Bank Teakholz<\/p>\n","protected":false},"featured_media":0,"template":"","meta":{"_acf_changed":false},"product_cat":[102],"product_tag":[],"acf":[],"yoast_head":"<!-- This site is optimized with the Yoast SEO plugin v22.2 - https:\/\/yoast.com\/wordpress\/plugins\/seo\/ -->\n<title>Grinda Bank Teakholz - SKARGAARDEN<\/title>\n<meta name=\"robots\" content=\"index, follow, max-snippet:-1, max-image-preview:large, max-video-preview:-1\" \/>\n<link rel=\"canonical\" href=\"https:\/\/www.skargaarden.com\/de\/product\/grinda-bank-teakholz\/\" \/>\n<meta property=\"og:locale\" content=\"de_DE\" \/>\n<meta property=\"og:type\" content=\"article\" \/>\n<meta property=\"og:title\" content=\"Grinda Bank Teakholz - SKARGAARDEN\" \/>\n<meta property=\"og:description\" content=\"Grinda Bank Teakholz\" \/>\n<meta property=\"og:url\" content=\"https:\/\/www.skargaarden.com\/de\/product\/grinda-bank-teakholz\/\" \/>\n<meta property=\"og:site_name\" content=\"SKARGAARDEN\" \/>\n<meta property=\"article:publisher\" content=\"https:\/\/www.facebook.com\/skargaarden\" \/>\n<meta name=\"twitter:card\" content=\"summary_large_image\" \/>\n<script type=\"application\/ld+json\" class=\"yoast-schema-graph\">{\"@context\":\"https:\/\/schema.org\",\"@graph\":[{\"@type\":\"WebPage\",\"@id\":\"https:\/\/www.skargaarden.com\/de\/product\/grinda-bank-teakholz\/\",\"url\":\"https:\/\/www.skargaarden.com\/de\/product\/grinda-bank-teakholz\/\",\"name\":\"Grinda Bank Teakholz - SKARGAARDEN\",\"isPartOf\":{\"@id\":\"https:\/\/www.skargaarden.com\/de\/#website\"},\"datePublished\":\"2022-02-08T08:15:06+00:00\",\"dateModified\":\"2022-02-08T08:15:06+00:00\",\"breadcrumb\":{\"@id\":\"https:\/\/www.skargaarden.com\/de\/product\/grinda-bank-teakholz\/#breadcrumb\"},\"inLanguage\":\"de\",\"potentialAction\":[{\"@type\":\"ReadAction\",\"target\":[\"https:\/\/www.skargaarden.com\/de\/product\/grinda-bank-teakholz\/\"]}]},{\"@type\":\"BreadcrumbList\",\"@id\":\"https:\/\/www.skargaarden.com\/de\/product\/grinda-bank-teakholz\/#breadcrumb\",\"itemListElement\":[{\"@type\":\"ListItem\",\"position\":1,\"name\":\"Home\",\"item\":\"https:\/\/www.skargaarden.com\/de\/\"},{\"@type\":\"ListItem\",\"position\":2,\"name\":\"Produkten\",\"item\":\"https:\/\/www.skargaarden.com\/de\/produkte\/\"},{\"@type\":\"ListItem\",\"position\":3,\"name\":\"Grinda Bank Teakholz\"}]},{\"@type\":\"WebSite\",\"@id\":\"https:\/\/www.skargaarden.com\/de\/#website\",\"url\":\"https:\/\/www.skargaarden.com\/de\/\",\"name\":\"SKARGAARDEN\",\"description\":\"Scandinavian Outdoor Design\",\"publisher\":{\"@id\":\"https:\/\/www.skargaarden.com\/de\/#organization\"},\"potentialAction\":[{\"@type\":\"SearchAction\",\"target\":{\"@type\":\"EntryPoint\",\"urlTemplate\":\"https:\/\/www.skargaarden.com\/de\/?s={search_term_string}\"},\"query-input\":\"required name=search_term_string\"}],\"inLanguage\":\"de\"},{\"@type\":\"Organization\",\"@id\":\"https:\/\/www.skargaarden.com\/de\/#organization\",\"name\":\"SKARGAARDEN\",\"url\":\"https:\/\/www.skargaarden.com\/de\/\",\"logo\":{\"@type\":\"ImageObject\",\"inLanguage\":\"de\",\"@id\":\"https:\/\/www.skargaarden.com\/de\/#\/schema\/logo\/image\/\",\"url\":\"https:\/\/www.skargaarden.com\/wp-content\/uploads\/2024\/03\/skargaardenlogo-1.png\",\"contentUrl\":\"https:\/\/www.skargaarden.com\/wp-content\/uploads\/2024\/03\/skargaardenlogo-1.png\",\"width\":999,\"height\":141,\"caption\":\"SKARGAARDEN\"},\"image\":{\"@id\":\"https:\/\/www.skargaarden.com\/de\/#\/schema\/logo\/image\/\"},\"sameAs\":[\"https:\/\/www.facebook.com\/skargaarden\",\"https:\/\/www.instagram.com\/skargaarden\/\",\"https:\/\/www.pinterest.se\/skargaarden\/\"]}]}<\/script>\n<!-- \/ Yoast SEO plugin. -->","yoast_head_json":{"title":"Grinda Bank Teakholz - SKARGAARDEN","robots":{"index":"index","follow":"follow","max-snippet":"max-snippet:-1","max-image-preview":"max-image-preview:large","max-video-preview":"max-video-preview:-1"},"canonical":"https:\/\/www.skargaarden.com\/de\/product\/grinda-bank-teakholz\/","og_locale":"de_DE","og_type":"article","og_title":"Grinda Bank Teakholz - SKARGAARDEN","og_description":"Grinda Bank Teakholz","og_url":"https:\/\/www.skargaarden.com\/de\/product\/grinda-bank-teakholz\/","og_site_name":"SKARGAARDEN","article_publisher":"https:\/\/www.facebook.com\/skargaarden","twitter_card":"summary_large_image","schema":{"@context":"https:\/\/schema.org","@graph":[{"@type":"WebPage","@id":"https:\/\/www.skargaarden.com\/de\/product\/grinda-bank-teakholz\/","url":"https:\/\/www.skargaarden.com\/de\/product\/grinda-bank-teakholz\/","name":"Grinda Bank Teakholz - SKARGAARDEN","isPartOf":{"@id":"https:\/\/www.skargaarden.com\/de\/#website"},"datePublished":"2022-02-08T08:15:06+00:00","dateModified":"2022-02-08T08:15:06+00:00","breadcrumb":{"@id":"https:\/\/www.skargaarden.com\/de\/product\/grinda-bank-teakholz\/#breadcrumb"},"inLanguage":"de","potentialAction":[{"@type":"ReadAction","target":["https:\/\/www.skargaarden.com\/de\/product\/grinda-bank-teakholz\/"]}]},{"@type":"BreadcrumbList","@id":"https:\/\/www.skargaarden.com\/de\/product\/grinda-bank-teakholz\/#breadcrumb","itemListElement":[{"@type":"ListItem","position":1,"name":"Home","item":"https:\/\/www.skargaarden.com\/de\/"},{"@type":"ListItem","position":2,"name":"Produkten","item":"https:\/\/www.skargaarden.com\/de\/produkte\/"},{"@type":"ListItem","position":3,"name":"Grinda Bank Teakholz"}]},{"@type":"WebSite","@id":"https:\/\/www.skargaarden.com\/de\/#website","url":"https:\/\/www.skargaarden.com\/de\/","name":"SKARGAARDEN","description":"Scandinavian Outdoor Design","publisher":{"@id":"https:\/\/www.skargaarden.com\/de\/#organization"},"potentialAction":[{"@type":"SearchAction","target":{"@type":"EntryPoint","urlTemplate":"https:\/\/www.skargaarden.com\/de\/?s={search_term_string}"},"query-input":"required name=search_term_string"}],"inLanguage":"de"},{"@type":"Organization","@id":"https:\/\/www.skargaarden.com\/de\/#organization","name":"SKARGAARDEN","url":"https:\/\/www.skargaarden.com\/de\/","logo":{"@type":"ImageObject","inLanguage":"de","@id":"https:\/\/www.skargaarden.com\/de\/#\/schema\/logo\/image\/","url":"https:\/\/www.skargaarden.com\/wp-content\/uploads\/2024\/03\/skargaardenlogo-1.png","contentUrl":"https:\/\/www.skargaarden.com\/wp-content\/uploads\/2024\/03\/skargaardenlogo-1.png","width":999,"height":141,"caption":"SKARGAARDEN"},"image":{"@id":"https:\/\/www.skargaarden.com\/de\/#\/schema\/logo\/image\/"},"sameAs":["https:\/\/www.facebook.com\/skargaarden","https:\/\/www.instagram.com\/skargaarden\/","https:\/\/www.pinterest.se\/skargaarden\/"]}]}},"_links":{"self":[{"href":"https:\/\/www.skargaarden.com\/de\/wp-json\/wp\/v2\/product\/14653"}],"collection":[{"href":"https:\/\/www.skargaarden.com\/de\/wp-json\/wp\/v2\/product"}],"about":[{"href":"https:\/\/www.skargaarden.com\/de\/wp-json\/wp\/v2\/types\/product"}],"wp:attachment":[{"href":"https:\/\/www.skargaarden.com\/de\/wp-json\/wp\/v2\/media?parent=14653"}],"wp:term":[{"taxonomy":"product_cat","embeddable":true,"href":"https:\/\/www.skargaarden.com\/de\/wp-json\/wp\/v2\/product_cat?post=14653"},{"taxonomy":"product_tag","embeddable":true,"href":"https:\/\/www.skargaarden.com\/de\/wp-json\/wp\/v2\/product_tag?post=14653"}],"curies":[{"name":"wp","href":"https:\/\/api.w.org\/{rel}","templated":true}]}}