{"id":18548,"date":"2023-05-17T18:47:19","date_gmt":"2023-05-17T16:47:19","guid":{"rendered":"https:\/\/www.skargaarden.com\/handelsprogramm\/"},"modified":"2023-05-25T13:36:53","modified_gmt":"2023-05-25T11:36:53","slug":"handelsprogramm","status":"publish","type":"page","link":"https:\/\/www.skargaarden.com\/de\/handelsprogramm\/","title":{"rendered":"Handelsprogramm"},"content":{"rendered":"<p>Exklusiv f\u00fcr die professionelle Design-Community ist unser Team bereit, Ihre Designprojekte zu unterst\u00fctzen. Wir haben die meisten unserer Produkte versandbereit auf Lager. Sie m\u00fcssen sich lediglich registrieren und wir richten Ihnen ein Handelskonto mit Handelsrabatt ein.<\/p>\n<p>Kontaktieren Sie unseren Vertragsverkaufsmanager unter der Telefonnummer +46 70 289 3755 oder senden Sie eine E-Mail an <a href=\"mailto:magnus.hansson@skargaarden.com\">magnus.hansson@skargaarden.com<\/a>.<\/p>\n","protected":false},"excerpt":{"rendered":"<p>Exklusiv f\u00fcr die professionelle Design-Community ist unser Team bereit, Ihre Designprojekte zu unterst\u00fctzen. Wir haben die meisten unserer Produkte versandbereit auf Lager. Sie m\u00fcssen sich lediglich registrieren und wir richten Ihnen ein Handelskonto mit Handelsrabatt ein. Kontaktieren Sie unseren Vertragsverkaufsmanager unter der Telefonnummer +46 70 289 3755 oder senden Sie eine E-Mail an magnus.hansson@skargaarden.com.<\/p>\n","protected":false},"author":1,"featured_media":18514,"parent":0,"menu_order":0,"comment_status":"closed","ping_status":"closed","template":"page-trade-program.php","meta":{"_acf_changed":false,"footnotes":""},"acf":[],"yoast_head":"<!-- This site is optimized with the Yoast SEO plugin v22.2 - https:\/\/yoast.com\/wordpress\/plugins\/seo\/ -->\n<title>Handelsprogramm - SKARGAARDEN<\/title>\n<meta name=\"robots\" content=\"index, follow, max-snippet:-1, max-image-preview:large, max-video-preview:-1\" \/>\n<link rel=\"canonical\" href=\"https:\/\/www.skargaarden.com\/de\/handelsprogramm\/\" \/>\n<meta property=\"og:locale\" content=\"de_DE\" \/>\n<meta property=\"og:type\" content=\"article\" \/>\n<meta property=\"og:title\" content=\"Handelsprogramm - SKARGAARDEN\" \/>\n<meta property=\"og:description\" content=\"Exklusiv f\u00fcr die professionelle Design-Community ist unser Team bereit, Ihre Designprojekte zu unterst\u00fctzen. Wir haben die meisten unserer Produkte versandbereit auf Lager. Sie m\u00fcssen sich lediglich registrieren und wir richten Ihnen ein Handelskonto mit Handelsrabatt ein. Kontaktieren Sie unseren Vertragsverkaufsmanager unter der Telefonnummer +46 70 289 3755 oder senden Sie eine E-Mail an magnus.hansson@skargaarden.com.\" \/>\n<meta property=\"og:url\" content=\"https:\/\/www.skargaarden.com\/de\/handelsprogramm\/\" \/>\n<meta property=\"og:site_name\" content=\"SKARGAARDEN\" \/>\n<meta property=\"article:publisher\" content=\"https:\/\/www.facebook.com\/skargaarden\" \/>\n<meta property=\"article:modified_time\" content=\"2023-05-25T11:36:53+00:00\" \/>\n<meta property=\"og:image\" content=\"https:\/\/www.skargaarden.com\/wp-content\/uploads\/2023\/05\/The-La-Petite.jpeg\" \/>\n\t<meta property=\"og:image:width\" content=\"2500\" \/>\n\t<meta property=\"og:image:height\" content=\"1666\" \/>\n\t<meta property=\"og:image:type\" content=\"image\/jpeg\" \/>\n<meta name=\"twitter:card\" content=\"summary_large_image\" \/>\n<script type=\"application\/ld+json\" class=\"yoast-schema-graph\">{\"@context\":\"https:\/\/schema.org\",\"@graph\":[{\"@type\":\"WebPage\",\"@id\":\"https:\/\/www.skargaarden.com\/de\/handelsprogramm\/\",\"url\":\"https:\/\/www.skargaarden.com\/de\/handelsprogramm\/\",\"name\":\"Handelsprogramm - SKARGAARDEN\",\"isPartOf\":{\"@id\":\"https:\/\/www.skargaarden.com\/de\/#website\"},\"primaryImageOfPage\":{\"@id\":\"https:\/\/www.skargaarden.com\/de\/handelsprogramm\/#primaryimage\"},\"image\":{\"@id\":\"https:\/\/www.skargaarden.com\/de\/handelsprogramm\/#primaryimage\"},\"thumbnailUrl\":\"https:\/\/www.skargaarden.com\/wp-content\/uploads\/2023\/05\/The-La-Petite.jpeg\",\"datePublished\":\"2023-05-17T16:47:19+00:00\",\"dateModified\":\"2023-05-25T11:36:53+00:00\",\"breadcrumb\":{\"@id\":\"https:\/\/www.skargaarden.com\/de\/handelsprogramm\/#breadcrumb\"},\"inLanguage\":\"de\",\"potentialAction\":[{\"@type\":\"ReadAction\",\"target\":[\"https:\/\/www.skargaarden.com\/de\/handelsprogramm\/\"]}]},{\"@type\":\"ImageObject\",\"inLanguage\":\"de\",\"@id\":\"https:\/\/www.skargaarden.com\/de\/handelsprogramm\/#primaryimage\",\"url\":\"https:\/\/www.skargaarden.com\/wp-content\/uploads\/2023\/05\/The-La-Petite.jpeg\",\"contentUrl\":\"https:\/\/www.skargaarden.com\/wp-content\/uploads\/2023\/05\/The-La-Petite.jpeg\",\"width\":2500,\"height\":1666},{\"@type\":\"BreadcrumbList\",\"@id\":\"https:\/\/www.skargaarden.com\/de\/handelsprogramm\/#breadcrumb\",\"itemListElement\":[{\"@type\":\"ListItem\",\"position\":1,\"name\":\"Home\",\"item\":\"https:\/\/www.skargaarden.com\/de\/\"},{\"@type\":\"ListItem\",\"position\":2,\"name\":\"Handelsprogramm\"}]},{\"@type\":\"WebSite\",\"@id\":\"https:\/\/www.skargaarden.com\/de\/#website\",\"url\":\"https:\/\/www.skargaarden.com\/de\/\",\"name\":\"SKARGAARDEN\",\"description\":\"Scandinavian Outdoor Design\",\"publisher\":{\"@id\":\"https:\/\/www.skargaarden.com\/de\/#organization\"},\"potentialAction\":[{\"@type\":\"SearchAction\",\"target\":{\"@type\":\"EntryPoint\",\"urlTemplate\":\"https:\/\/www.skargaarden.com\/de\/?s={search_term_string}\"},\"query-input\":\"required name=search_term_string\"}],\"inLanguage\":\"de\"},{\"@type\":\"Organization\",\"@id\":\"https:\/\/www.skargaarden.com\/de\/#organization\",\"name\":\"SKARGAARDEN\",\"url\":\"https:\/\/www.skargaarden.com\/de\/\",\"logo\":{\"@type\":\"ImageObject\",\"inLanguage\":\"de\",\"@id\":\"https:\/\/www.skargaarden.com\/de\/#\/schema\/logo\/image\/\",\"url\":\"https:\/\/www.skargaarden.com\/wp-content\/uploads\/2024\/03\/skargaardenlogo-1.png\",\"contentUrl\":\"https:\/\/www.skargaarden.com\/wp-content\/uploads\/2024\/03\/skargaardenlogo-1.png\",\"width\":999,\"height\":141,\"caption\":\"SKARGAARDEN\"},\"image\":{\"@id\":\"https:\/\/www.skargaarden.com\/de\/#\/schema\/logo\/image\/\"},\"sameAs\":[\"https:\/\/www.facebook.com\/skargaarden\",\"https:\/\/www.instagram.com\/skargaarden\/\",\"https:\/\/www.pinterest.se\/skargaarden\/\"]}]}<\/script>\n<!-- \/ Yoast SEO plugin. -->","yoast_head_json":{"title":"Handelsprogramm - SKARGAARDEN","robots":{"index":"index","follow":"follow","max-snippet":"max-snippet:-1","max-image-preview":"max-image-preview:large","max-video-preview":"max-video-preview:-1"},"canonical":"https:\/\/www.skargaarden.com\/de\/handelsprogramm\/","og_locale":"de_DE","og_type":"article","og_title":"Handelsprogramm - SKARGAARDEN","og_description":"Exklusiv f\u00fcr die professionelle Design-Community ist unser Team bereit, Ihre Designprojekte zu unterst\u00fctzen. Wir haben die meisten unserer Produkte versandbereit auf Lager. Sie m\u00fcssen sich lediglich registrieren und wir richten Ihnen ein Handelskonto mit Handelsrabatt ein. Kontaktieren Sie unseren Vertragsverkaufsmanager unter der Telefonnummer +46 70 289 3755 oder senden Sie eine E-Mail an magnus.hansson@skargaarden.com.","og_url":"https:\/\/www.skargaarden.com\/de\/handelsprogramm\/","og_site_name":"SKARGAARDEN","article_publisher":"https:\/\/www.facebook.com\/skargaarden","article_modified_time":"2023-05-25T11:36:53+00:00","og_image":[{"width":2500,"height":1666,"url":"https:\/\/www.skargaarden.com\/wp-content\/uploads\/2023\/05\/The-La-Petite.jpeg","type":"image\/jpeg"}],"twitter_card":"summary_large_image","schema":{"@context":"https:\/\/schema.org","@graph":[{"@type":"WebPage","@id":"https:\/\/www.skargaarden.com\/de\/handelsprogramm\/","url":"https:\/\/www.skargaarden.com\/de\/handelsprogramm\/","name":"Handelsprogramm - SKARGAARDEN","isPartOf":{"@id":"https:\/\/www.skargaarden.com\/de\/#website"},"primaryImageOfPage":{"@id":"https:\/\/www.skargaarden.com\/de\/handelsprogramm\/#primaryimage"},"image":{"@id":"https:\/\/www.skargaarden.com\/de\/handelsprogramm\/#primaryimage"},"thumbnailUrl":"https:\/\/www.skargaarden.com\/wp-content\/uploads\/2023\/05\/The-La-Petite.jpeg","datePublished":"2023-05-17T16:47:19+00:00","dateModified":"2023-05-25T11:36:53+00:00","breadcrumb":{"@id":"https:\/\/www.skargaarden.com\/de\/handelsprogramm\/#breadcrumb"},"inLanguage":"de","potentialAction":[{"@type":"ReadAction","target":["https:\/\/www.skargaarden.com\/de\/handelsprogramm\/"]}]},{"@type":"ImageObject","inLanguage":"de","@id":"https:\/\/www.skargaarden.com\/de\/handelsprogramm\/#primaryimage","url":"https:\/\/www.skargaarden.com\/wp-content\/uploads\/2023\/05\/The-La-Petite.jpeg","contentUrl":"https:\/\/www.skargaarden.com\/wp-content\/uploads\/2023\/05\/The-La-Petite.jpeg","width":2500,"height":1666},{"@type":"BreadcrumbList","@id":"https:\/\/www.skargaarden.com\/de\/handelsprogramm\/#breadcrumb","itemListElement":[{"@type":"ListItem","position":1,"name":"Home","item":"https:\/\/www.skargaarden.com\/de\/"},{"@type":"ListItem","position":2,"name":"Handelsprogramm"}]},{"@type":"WebSite","@id":"https:\/\/www.skargaarden.com\/de\/#website","url":"https:\/\/www.skargaarden.com\/de\/","name":"SKARGAARDEN","description":"Scandinavian Outdoor Design","publisher":{"@id":"https:\/\/www.skargaarden.com\/de\/#organization"},"potentialAction":[{"@type":"SearchAction","target":{"@type":"EntryPoint","urlTemplate":"https:\/\/www.skargaarden.com\/de\/?s={search_term_string}"},"query-input":"required name=search_term_string"}],"inLanguage":"de"},{"@type":"Organization","@id":"https:\/\/www.skargaarden.com\/de\/#organization","name":"SKARGAARDEN","url":"https:\/\/www.skargaarden.com\/de\/","logo":{"@type":"ImageObject","inLanguage":"de","@id":"https:\/\/www.skargaarden.com\/de\/#\/schema\/logo\/image\/","url":"https:\/\/www.skargaarden.com\/wp-content\/uploads\/2024\/03\/skargaardenlogo-1.png","contentUrl":"https:\/\/www.skargaarden.com\/wp-content\/uploads\/2024\/03\/skargaardenlogo-1.png","width":999,"height":141,"caption":"SKARGAARDEN"},"image":{"@id":"https:\/\/www.skargaarden.com\/de\/#\/schema\/logo\/image\/"},"sameAs":["https:\/\/www.facebook.com\/skargaarden","https:\/\/www.instagram.com\/skargaarden\/","https:\/\/www.pinterest.se\/skargaarden\/"]}]}},"_links":{"self":[{"href":"https:\/\/www.skargaarden.com\/de\/wp-json\/wp\/v2\/pages\/18548"}],"collection":[{"href":"https:\/\/www.skargaarden.com\/de\/wp-json\/wp\/v2\/pages"}],"about":[{"href":"https:\/\/www.skargaarden.com\/de\/wp-json\/wp\/v2\/types\/page"}],"author":[{"embeddable":true,"href":"https:\/\/www.skargaarden.com\/de\/wp-json\/wp\/v2\/users\/1"}],"replies":[{"embeddable":true,"href":"https:\/\/www.skargaarden.com\/de\/wp-json\/wp\/v2\/comments?post=18548"}],"version-history":[{"count":0,"href":"https:\/\/www.skargaarden.com\/de\/wp-json\/wp\/v2\/pages\/18548\/revisions"}],"wp:featuredmedia":[{"embeddable":true,"href":"https:\/\/www.skargaarden.com\/de\/wp-json\/wp\/v2\/media\/18514"}],"wp:attachment":[{"href":"https:\/\/www.skargaarden.com\/de\/wp-json\/wp\/v2\/media?parent=18548"}],"curies":[{"name":"wp","href":"https:\/\/api.w.org\/{rel}","templated":true}]}}