{"id":18543,"date":"2023-05-25T12:05:17","date_gmt":"2023-05-25T10:05:17","guid":{"rendered":"https:\/\/www.skargaarden.com\/datenschutz-bestimmungen\/"},"modified":"2023-05-25T12:05:17","modified_gmt":"2023-05-25T10:05:17","slug":"datenschutz-bestimmungen","status":"publish","type":"page","link":"https:\/\/www.skargaarden.com\/de\/datenschutz-bestimmungen\/","title":{"rendered":"Datenschutz-Bestimmungen"},"content":{"rendered":"<p style=\"font-style: italic;\">Skargaarden sch\u00fctzt Ihre pers\u00f6nliche Integrit\u00e4t<\/p>\n<p>F\u00fcr Skargaarden ist es wichtig, dass Sie wissen, dass Ihre personenbezogenen Daten auf sichere und rechtm\u00e4\u00dfige Weise verarbeitet werden. Die Datenschutzrichtlinie beschreibt unter anderem, wie Skargaarden personenbezogene Daten verarbeitet. Die gesamte Verarbeitung personenbezogener Daten erfolgt im Einklang mit der geltenden Gesetzgebung. Dies bedeutet unter anderem, dass Skargaarden Ihre personenbezogenen Daten mit den erforderlichen Ma\u00dfnahmen sch\u00fctzt und dass Sie jederzeit das Recht haben, Kontakt mit uns aufzunehmen, um herauszufinden, welche personenbezogenen Daten Skargaarden \u00fcber Sie gespeichert hat. Weitere Informationen zu Ihren Rechten finden Sie in dieser Richtlinie. Sie k\u00f6nnen auch <a href=\"http:\/\/www.IMY.se\">www.IMY.se<\/a> besuchen, wo Sie mehr \u00fcber Ihre Rechte in Bezug auf die Verarbeitung personenbezogener Daten erfahren k\u00f6nnen.<br \/>\nWenn Sie Fragen zu unserer Verarbeitung personenbezogener Daten haben, k\u00f6nnen Sie sich selbstverst\u00e4ndlich jederzeit an uns wenden!<\/p>\n<p><span style=\"font-weight: 400;\">Diese Datenschutzrichtlinie beschreibt, wie Skargaarden Ihre personenbezogenen Daten verarbeitet. <\/span><\/p>\n<h3><span style=\"font-weight: 400;\">Wer ist f\u00fcr Ihre personenbezogenen Daten verantwortlich? <\/span><\/h3>\n<p><span style=\"font-weight: 400;\">Skargaarden International AB, S\u00f6dra Kungsgatan 57, 802 55 G\u00e4vle, Schweden, ist ein schwedisches Unternehmen und der Datenverantwortliche f\u00fcr die erhobenen und verarbeiteten personenbezogenen Daten. <\/span><\/p>\n<h3><span style=\"font-weight: 400;\">Wie erh\u00e4lt Skargaarden Ihre personenbezogenen Daten? <\/span><\/h3>\n<p><span style=\"font-weight: 400;\">Skargaarden erfasst personenbezogene Daten, die Sie uns zur Verf\u00fcgung stellen, wenn Sie \u00fcber unsere Website, E-Mail, Post, unsere sozialen Medien mit uns in Kontakt treten, wenn Sie mit unseren Mitarbeitern interagieren, wenn Sie eine Bestellung aufgeben oder auf andere Weise. Dies kann beispielsweise der Fall sein, wenn Sie Ansprechpartner bei einem unserer Kundenunternehmen, Lieferanten oder Partner wie Architekturb\u00fcros sind, wenn Sie sich f\u00fcr unseren Newsletter anmelden oder wenn Sie anderweitig mit uns in Kontakt stehen oder unsere Dienste nutzen. Auch bei der Personalbeschaffung erheben wir personenbezogene Daten. <\/span><\/p>\n<p><span style=\"font-weight: 400;\">Skargaarden kann personenbezogene Daten auch aus anderen Quellen beziehen, wenn dies beispielsweise f\u00fcr die Abwicklung eines Vertrags, z. B. zur Bonit\u00e4tsauskunft, oder zur Erf\u00fcllung sonstiger Verpflichtungen Ihnen gegen\u00fcber erforderlich ist. <\/span><\/p>\n<h3><span style=\"font-weight: 400;\">Welche personenbezogenen Daten verarbeitet Skargaarden? <\/span><\/h3>\n<p><span style=\"font-weight: 400;\">Bei den personenbezogenen Daten, die Skargaarden m\u00f6glicherweise verarbeitet, handelt es sich um Kontaktinformationen wie Name, Geschlecht, E-Mail-Adresse, Telefonnummer, Position, elektronische Adressen und Adressinformationen im Allgemeinen sowie Kauf- und benutzergenerierte Daten (z. B. Klick- und Besuchsverlauf auf unserer Seite). Webseite). Weitere personenbezogene Daten, die verarbeitet werden k\u00f6nnen, sind pers\u00f6nliche Identifikationsnummern, Kontodaten, Lebensl\u00e4ufe, pers\u00f6nliche Briefe, Fotos und\/oder andere Informationen, die Sie Skargaarden zur Verf\u00fcgung gestellt haben oder die anderweitig erforderlich sind, damit Skargaarden seine Kontakte, Verpflichtungen usw. erf\u00fcllen kann Service im Allgemeinen Ihnen gegen\u00fcber. <\/span><\/p>\n<p><span style=\"font-weight: 400;\">Zu welchen Zwecken verarbeitet Skargaarden Ihre personenbezogenen Daten? <\/span><span style=\"font-weight: 400;\">Ihre personenbezogenen Daten k\u00f6nnen von Skargaarden f\u00fcr folgende Zwecke verarbeitet werden: <\/span><\/p>\n<p>&#8211; um unseren Verpflichtungen Ihnen gegen\u00fcber bei der Angebotsanfrage, Auftragserteilung, Lieferung und Nachverfolgung nachzukommen<br \/>\n&#8211; um etwaige Kundenkommentare und Beschwerden zu bearbeiten<br \/>\n&#8211; um unsere sonstigen Verpflichtungen Ihnen gegen\u00fcber zu erf\u00fcllen<br \/>\n&#8211; um Ihnen einen guten Service zu erm\u00f6glichen, beispielsweise durch die Beantwortung von Fragen, die Sie uns stellen<br \/>\n&#8211; um Sie als Ansprechpartner bei unseren Partnern zu kontaktieren, z. B. bei Architekturb\u00fcros &#8211; um relevante Informationen und Angebote zu den verschiedenen Dienstleistungen und Veranstaltungen von Skargaarden sowohl in digitalen Kan\u00e4len als auch durch physische Mailings zu versenden<br \/>\n&#8211; F\u00fchren Sie Statistiken in sozialen Medien<br \/>\n&#8211; um Ihnen Newsletter zuzusenden<br \/>\n&#8211; als Grundlage f\u00fcr die Rechnungsstellung oder Abrechnung unserer Dienstleistungen zu verwenden<br \/>\n&#8211; zur Abwicklung etwaiger Zahlungsausf\u00e4lle<br \/>\n&#8211; zur Einhaltung gesetzlicher Verpflichtungen wie etwa des Rechnungslegungsrechts<br \/>\n&#8211; um Kundenumfragen zu verwalten und zu verwalten, indem wir Statistiken f\u00fchren, um unsere Dienstleistungen f\u00fcr m\u00f6glichst viele Menschen und f\u00fcr Sie oder interne Identifikation wie Vertragsnummer, interne oder offizielle Kundennummer zu verbessern<br \/>\n&#8211; um verschiedene Veranstaltungen abzubilden, an denen wir teilnehmen oder die wir organisieren<br \/>\n&#8211; um Bewerbungen zu verwalten und zu verwalten<\/p>\n<h3><span style=\"font-weight: 400;\">Wann hat Skargaarden das Recht, Ihre personenbezogenen Daten zu verarbeiten? <\/span><\/h3>\n<p><span style=\"font-weight: 400;\">Skargaarden hat das Recht, die personenbezogenen Daten zu verarbeiten, die f\u00fcr die Erf\u00fcllung der Verpflichtung von Skargaarden Ihnen gegen\u00fcber im Rahmen vertraglicher Beziehungen erforderlich sind, wenn Sie der Verarbeitung zugestimmt haben oder wenn die Verarbeitung nach Abw\u00e4gung der Interessen mit einem berechtigten Interesse von Skargaarden erfolgt. Skargaarden muss Ihre personenbezogenen Daten m\u00f6glicherweise auch aufgrund gesetzlicher Verpflichtungen in Gesetzen oder Vorschriften verarbeiten. <\/span><\/p>\n<h3><span style=\"font-weight: 400;\">Wer hat Zugriff auf Ihre personenbezogenen Daten? <\/span><\/h3>\n<p><span style=\"font-weight: 400;\">Ihre personenbezogenen Daten werden von Skargaarden und Vertragslieferanten verwendet. Die Lieferanten werden dann Datenverarbeiter f\u00fcr Skargaarden. Skargaarden gibt personenbezogene Daten nicht an andere Unternehmen oder Beh\u00f6rden weiter, es sei denn, Skargaarden ist aufgrund einer Vereinbarung, eines Gesetzes, einer Verordnung oder einer beh\u00f6rdlichen Entscheidung dazu verpflichtet, oder um unsere Rechte oder die Rechte Dritter zu sch\u00fctzen, oder wenn eine Weitergabe an Dritte erfolgt ergibt sich aus unseren Verpflichtungen Ihnen gegen\u00fcber. <\/span><\/p>\n<p><span style=\"font-weight: 400;\">Skargaarden wird Ihre personenbezogenen Daten niemals ohne Ihre Zustimmung zu Marketingzwecken an Dritte weitergeben oder verkaufen. <\/span><\/p>\n<h3><span style=\"font-weight: 400;\">Widerspruch gegen die Verarbeitung zu Direktmarketingzwecken einlegen <\/span><\/h3>\n<p><span style=\"font-weight: 400;\">Sie haben das Recht, der Verarbeitung Ihrer personenbezogenen Daten durch Skargaarden zu Direktmarketingzwecken zu widersprechen. Wenn Sie dem Direktmarketing widersprechen m\u00f6chten, melden Sie sich von den Mailings ab, indem Sie auf den Abmeldelink im Mailing klicken oder Skargaarden kontaktieren. <\/span><\/p>\n<h3><span style=\"font-weight: 400;\">\u00dcbermittlung in Drittl\u00e4nder <\/span><\/h3>\n<p><span style=\"font-weight: 400;\">Skargaarden hat eine Tochtergesellschaft in den Vereinigten Staaten, es erfolgt jedoch keine \u00dcbermittlung Ihrer personenbezogenen Daten an dieses Unternehmen, wenn Sie au\u00dferhalb der Vereinigten Staaten ans\u00e4ssig sind.<\/span><\/p>\n<h3><span style=\"font-weight: 400;\">Wie lange speichert Skargaarden Ihre personenbezogenen Daten? <\/span><\/h3>\n<p><span style=\"font-weight: 400;\">Skargaarden speichert Ihre personenbezogenen Daten so lange, wie es f\u00fcr Skargaarden erforderlich ist, um den Zweck der Verarbeitung zu erf\u00fcllen. <\/span><\/p>\n<h3><span style=\"font-weight: 400;\">Welche Rechte haben Sie als betroffene Person? <\/span><\/h3>\n<p><i><span style=\"font-weight: 400;\">Zugangsrecht <\/span><\/i><\/p>\n<p><span style=\"font-weight: 400;\">Sie haben das Recht, Auskunft dar\u00fcber zu verlangen, welche personenbezogenen Daten wir \u00fcber Sie gespeichert haben und wie Skargaarden diese personenbezogenen Daten verarbeitet. Sie haben au\u00dferdem das Recht, eine Kopie Ihrer personenbezogenen Daten, einen sogenannten Registerauszug, zu erhalten. <\/span><\/p>\n<p><i><span style=\"font-weight: 400;\">Berichtigung und L\u00f6schung <\/span><\/i><\/p>\n<p><span style=\"font-weight: 400;\">Sie haben das Recht auf Berichtigung und Vervollst\u00e4ndigung unrichtiger personenbezogener Daten. In bestimmten F\u00e4llen haben Sie auch das Recht, Ihre personenbezogenen Daten l\u00f6schen zu lassen, beispielsweise wenn sie f\u00fcr den Zweck, f\u00fcr den sie erhoben wurden, nicht mehr erforderlich sind, es sei denn, Skargaarden verf\u00fcgt \u00fcber eine andere Rechtsgrundlage f\u00fcr die Verarbeitung (z. B. eine gesetzliche Verpflichtung im Rahmen der Buchhaltung). Gesetz). <\/span><\/p>\n<p><i><span style=\"font-weight: 400;\">Widerspruch und Einschr\u00e4nkung personenbezogener Daten <\/span><\/i><\/p>\n<p><span style=\"font-weight: 400;\">Sie haben in bestimmten F\u00e4llen das Recht, der Verarbeitung Ihrer personenbezogenen Daten zu widersprechen. Sie haben au\u00dferdem das Recht, die Verarbeitung in bestimmten F\u00e4llen einzuschr\u00e4nken, beispielsweise wenn Sie der Meinung sind, dass die personenbezogenen Daten unrichtig sind. <\/span><\/p>\n<p><i><span style=\"font-weight: 400;\">Datenportabilit\u00e4t <\/span><\/i><\/p>\n<p><span style=\"font-weight: 400;\">Ihre personenbezogenen Daten, die Sie Skargaarden zur Verf\u00fcgung gestellt haben, k\u00f6nnen in tragbarer Form vorliegen. Dies bedeutet, dass sie unter Umst\u00e4nden elektronisch verschoben, kopiert oder \u00fcbermittelt werden k\u00f6nnen. In solchen F\u00e4llen haben Sie m\u00f6glicherweise das Recht, diese personenbezogenen Daten an einen anderen Datenverantwortlichen \u00fcbertragen zu lassen. <\/span><\/p>\n<p><i><span style=\"font-weight: 400;\">Einwilligung und Widerruf der Einwilligung <\/span><\/i><\/p>\n<p><span style=\"font-weight: 400;\">In einigen F\u00e4llen haben Sie Skargaarden zugestimmt, beispielsweise ein Foto in sozialen Medien zu ver\u00f6ffentlichen. Wenn wir Ihre personenbezogenen Daten mit einer Einwilligung als Rechtsgrundlage f\u00fcr die Verarbeitung verarbeiten, k\u00f6nnen Sie Ihre Einwilligung jederzeit widerrufen. Durch den Widerruf wird die Rechtm\u00e4\u00dfigkeit der Verarbeitung, die vor Ihrem Widerruf erfolgt ist, nicht ber\u00fchrt. <\/span><\/p>\n<p><i><span style=\"font-weight: 400;\">Informationen zum Anfordern von Aufzeichnungen und zum Einreichen von Beschwerden bei IMY <\/span><\/i><\/p>\n<p><span style=\"font-weight: 400;\">Antr\u00e4ge auf Zugang, Berichtigung, L\u00f6schung, Widerspruch, Einschr\u00e4nkung, Daten\u00fcbertragbarkeit und Antr\u00e4ge auf Widerruf der Einwilligung sind an info@skargaarden.com zu richten. Sie haben au\u00dferdem das Recht, eine Beschwerde bei der Aufsichtsbeh\u00f6rde f\u00fcr die Verarbeitung personenbezogener Daten (der Datenschutzbeh\u00f6rde \u2013 IMY) einzureichen. <\/span><\/p>\n<p><i><span style=\"font-weight: 400;\">Wie werden Ihre pers\u00f6nlichen Daten gesch\u00fctzt? <\/span><\/i><\/p>\n<p><span style=\"font-weight: 400;\">Skargaarden ist stets darum bem\u00fcht, je nach Bedarf geeignete technische und organisatorische Ma\u00dfnahmen zu ergreifen, um Ihre personenbezogenen Daten zu sch\u00fctzen und ansonsten sicherzustellen, dass die Verarbeitung im Einklang mit geltendem Recht erfolgt. Skargaarden verf\u00fcgt beispielsweise \u00fcber Verfahren und Autorisierungsbeschr\u00e4nkungen, um unbefugten Zugriff zu verhindern. <\/span><\/p>\n<p><i><span style=\"font-weight: 400;\">Cookies <\/span><\/i><\/p>\n<p><span style=\"font-weight: 400;\">Die Skargaarden-Website verwendet beim Surfen auf unserer Website kleine Textdateien, sogenannte Cookies. Weitere Informationen zu unserer Verwendung von Cookies finden Sie in unserer Cookie-Richtlinie unter www.skargaarden.com. <\/span><\/p>\n<p><i><span style=\"font-weight: 400;\">Aktualisierung dieser Datenschutzrichtlinie <\/span><\/i><\/p>\n<p><span style=\"font-weight: 400;\">Skargaarden nimmt fortlaufend \u00c4nderungen an dieser Datenschutzrichtlinie vor, um sicherzustellen, dass sie der aktuellen Gesetzgebung entspricht. Eine neue Version tritt in Kraft, wenn sie auf unserer Website www.skargaarden.com verf\u00fcgbar gemacht wird. <\/span><\/p>\n<p><i><span style=\"font-weight: 400;\">Kontaktinformationen <\/span><\/i><\/p>\n<p><span style=\"font-weight: 400;\">Wenn Sie Fragen zu unserer Verarbeitung Ihrer personenbezogenen Daten haben, k\u00f6nnen Sie entweder eine E-Mail an info@skargaarden.com senden oder +46 8 449 0750 anrufen. <\/span><\/p>\n<h3><span style=\"font-weight: 400;\">Cookie-Richtlinie <\/span><\/h3>\n<p><span style=\"font-weight: 400;\">Wir verwenden Cookies auf www.skargaarden.com aus verschiedenen Gr\u00fcnden, beispielsweise um den \u00dcberblick \u00fcber die Produkte zu behalten, die Sie in Ihrem Warenkorb haben. Wir verwenden Cookies auch, um Ihr Benutzererlebnis so gut wie m\u00f6glich zu gestalten, Statistiken \u00fcber unsere Besucher zu erhalten und skargaarden.com weiterzuentwickeln und ein noch besseres Erlebnis zu schaffen. Bei unseren Cookies handelt es sich um kleine Datendateien, die im Browser auf Ihrem Computer, Smartphone oder einem anderen Ger\u00e4t gespeichert werden, wenn Sie skargaarden.com besuchen. Das Cookie selbst enth\u00e4lt keine personenbezogenen Daten. <\/span><\/p>\n<p><span style=\"font-weight: 400;\">Es gibt zwei Arten von Cookies: Sitzungscookies und dauerhafte Cookies. Bei Session-Cookies handelt es sich um tempor\u00e4re Cookies, die gel\u00f6scht werden, wenn Sie die Website verlassen. Permanente Cookies werden in Ihrem Browser gespeichert und wieder aktiviert, wenn Sie die Website besuchen, die das spezifische Cookie erstellt hat. <\/span><\/p>\n<p><span style=\"font-weight: 400;\">Unsere Cookies dienen uns auch dazu, verl\u00e4ssliche Statistiken \u00fcber unsere Besucherstr\u00f6me zu erhalten, die uns dabei helfen k\u00f6nnen, den Service, den wir unseren Besuchern bieten, nicht nur aufrechtzuerhalten, sondern auch zu verbessern. Die Website von Skargarden, skargaarden.com, nutzt Google Analytics von Google als Analysetool. Hierbei handelt es sich um Dienste, die ebenfalls Cookies verwenden. Diese Datenschutzrichtlinie gilt nur f\u00fcr diese Website und nicht f\u00fcr Websites Dritter. <\/span><\/p>\n","protected":false},"excerpt":{"rendered":"<p>Skargaarden sch\u00fctzt Ihre pers\u00f6nliche Integrit\u00e4t F\u00fcr Skargaarden ist es wichtig, dass Sie wissen, dass Ihre personenbezogenen Daten auf sichere und rechtm\u00e4\u00dfige Weise verarbeitet werden. Die Datenschutzrichtlinie beschreibt unter anderem, wie Skargaarden personenbezogene Daten verarbeitet. Die gesamte Verarbeitung personenbezogener Daten erfolgt im Einklang mit der geltenden Gesetzgebung. Dies bedeutet unter anderem, dass Skargaarden Ihre personenbezogenen Daten [&hellip;]<\/p>\n","protected":false},"author":188,"featured_media":14592,"parent":0,"menu_order":0,"comment_status":"closed","ping_status":"closed","template":"","meta":{"_acf_changed":false,"footnotes":""},"acf":[],"yoast_head":"<!-- This site is optimized with the Yoast SEO plugin v22.2 - https:\/\/yoast.com\/wordpress\/plugins\/seo\/ -->\n<title>Datenschutz-Bestimmungen - SKARGAARDEN<\/title>\n<meta name=\"robots\" content=\"index, follow, max-snippet:-1, max-image-preview:large, max-video-preview:-1\" \/>\n<link rel=\"canonical\" href=\"https:\/\/www.skargaarden.com\/de\/datenschutz-bestimmungen\/\" \/>\n<meta property=\"og:locale\" content=\"de_DE\" \/>\n<meta property=\"og:type\" content=\"article\" \/>\n<meta property=\"og:title\" content=\"Datenschutz-Bestimmungen - SKARGAARDEN\" \/>\n<meta property=\"og:description\" content=\"Skargaarden sch\u00fctzt Ihre pers\u00f6nliche Integrit\u00e4t F\u00fcr Skargaarden ist es wichtig, dass Sie wissen, dass Ihre personenbezogenen Daten auf sichere und rechtm\u00e4\u00dfige Weise verarbeitet werden. Die Datenschutzrichtlinie beschreibt unter anderem, wie Skargaarden personenbezogene Daten verarbeitet. Die gesamte Verarbeitung personenbezogener Daten erfolgt im Einklang mit der geltenden Gesetzgebung. Dies bedeutet unter anderem, dass Skargaarden Ihre personenbezogenen Daten [&hellip;]\" \/>\n<meta property=\"og:url\" content=\"https:\/\/www.skargaarden.com\/de\/datenschutz-bestimmungen\/\" \/>\n<meta property=\"og:site_name\" content=\"SKARGAARDEN\" \/>\n<meta property=\"article:publisher\" content=\"https:\/\/www.facebook.com\/skargaarden\" \/>\n<meta property=\"og:image\" content=\"https:\/\/www.skargaarden.com\/wp-content\/uploads\/2022\/02\/midsummer11.jpeg\" \/>\n\t<meta property=\"og:image:width\" content=\"900\" \/>\n\t<meta property=\"og:image:height\" content=\"722\" \/>\n\t<meta property=\"og:image:type\" content=\"image\/jpeg\" \/>\n<meta name=\"twitter:card\" content=\"summary_large_image\" \/>\n<meta name=\"twitter:label1\" content=\"Gesch\u00e4tzte Lesezeit\" \/>\n\t<meta name=\"twitter:data1\" content=\"8\u00a0Minuten\" \/>\n<script type=\"application\/ld+json\" class=\"yoast-schema-graph\">{\"@context\":\"https:\/\/schema.org\",\"@graph\":[{\"@type\":\"WebPage\",\"@id\":\"https:\/\/www.skargaarden.com\/de\/datenschutz-bestimmungen\/\",\"url\":\"https:\/\/www.skargaarden.com\/de\/datenschutz-bestimmungen\/\",\"name\":\"Datenschutz-Bestimmungen - SKARGAARDEN\",\"isPartOf\":{\"@id\":\"https:\/\/www.skargaarden.com\/de\/#website\"},\"primaryImageOfPage\":{\"@id\":\"https:\/\/www.skargaarden.com\/de\/datenschutz-bestimmungen\/#primaryimage\"},\"image\":{\"@id\":\"https:\/\/www.skargaarden.com\/de\/datenschutz-bestimmungen\/#primaryimage\"},\"thumbnailUrl\":\"https:\/\/www.skargaarden.com\/wp-content\/uploads\/2022\/02\/midsummer11.jpeg\",\"datePublished\":\"2023-05-25T10:05:17+00:00\",\"dateModified\":\"2023-05-25T10:05:17+00:00\",\"breadcrumb\":{\"@id\":\"https:\/\/www.skargaarden.com\/de\/datenschutz-bestimmungen\/#breadcrumb\"},\"inLanguage\":\"de\",\"potentialAction\":[{\"@type\":\"ReadAction\",\"target\":[\"https:\/\/www.skargaarden.com\/de\/datenschutz-bestimmungen\/\"]}]},{\"@type\":\"ImageObject\",\"inLanguage\":\"de\",\"@id\":\"https:\/\/www.skargaarden.com\/de\/datenschutz-bestimmungen\/#primaryimage\",\"url\":\"https:\/\/www.skargaarden.com\/wp-content\/uploads\/2022\/02\/midsummer11.jpeg\",\"contentUrl\":\"https:\/\/www.skargaarden.com\/wp-content\/uploads\/2022\/02\/midsummer11.jpeg\",\"width\":900,\"height\":722},{\"@type\":\"BreadcrumbList\",\"@id\":\"https:\/\/www.skargaarden.com\/de\/datenschutz-bestimmungen\/#breadcrumb\",\"itemListElement\":[{\"@type\":\"ListItem\",\"position\":1,\"name\":\"Home\",\"item\":\"https:\/\/www.skargaarden.com\/de\/\"},{\"@type\":\"ListItem\",\"position\":2,\"name\":\"Datenschutz-Bestimmungen\"}]},{\"@type\":\"WebSite\",\"@id\":\"https:\/\/www.skargaarden.com\/de\/#website\",\"url\":\"https:\/\/www.skargaarden.com\/de\/\",\"name\":\"SKARGAARDEN\",\"description\":\"Scandinavian Outdoor Design\",\"publisher\":{\"@id\":\"https:\/\/www.skargaarden.com\/de\/#organization\"},\"potentialAction\":[{\"@type\":\"SearchAction\",\"target\":{\"@type\":\"EntryPoint\",\"urlTemplate\":\"https:\/\/www.skargaarden.com\/de\/?s={search_term_string}\"},\"query-input\":\"required name=search_term_string\"}],\"inLanguage\":\"de\"},{\"@type\":\"Organization\",\"@id\":\"https:\/\/www.skargaarden.com\/de\/#organization\",\"name\":\"SKARGAARDEN\",\"url\":\"https:\/\/www.skargaarden.com\/de\/\",\"logo\":{\"@type\":\"ImageObject\",\"inLanguage\":\"de\",\"@id\":\"https:\/\/www.skargaarden.com\/de\/#\/schema\/logo\/image\/\",\"url\":\"https:\/\/www.skargaarden.com\/wp-content\/uploads\/2024\/03\/skargaardenlogo-1.png\",\"contentUrl\":\"https:\/\/www.skargaarden.com\/wp-content\/uploads\/2024\/03\/skargaardenlogo-1.png\",\"width\":999,\"height\":141,\"caption\":\"SKARGAARDEN\"},\"image\":{\"@id\":\"https:\/\/www.skargaarden.com\/de\/#\/schema\/logo\/image\/\"},\"sameAs\":[\"https:\/\/www.facebook.com\/skargaarden\",\"https:\/\/www.instagram.com\/skargaarden\/\",\"https:\/\/www.pinterest.se\/skargaarden\/\"]}]}<\/script>\n<!-- \/ Yoast SEO plugin. -->","yoast_head_json":{"title":"Datenschutz-Bestimmungen - SKARGAARDEN","robots":{"index":"index","follow":"follow","max-snippet":"max-snippet:-1","max-image-preview":"max-image-preview:large","max-video-preview":"max-video-preview:-1"},"canonical":"https:\/\/www.skargaarden.com\/de\/datenschutz-bestimmungen\/","og_locale":"de_DE","og_type":"article","og_title":"Datenschutz-Bestimmungen - SKARGAARDEN","og_description":"Skargaarden sch\u00fctzt Ihre pers\u00f6nliche Integrit\u00e4t F\u00fcr Skargaarden ist es wichtig, dass Sie wissen, dass Ihre personenbezogenen Daten auf sichere und rechtm\u00e4\u00dfige Weise verarbeitet werden. Die Datenschutzrichtlinie beschreibt unter anderem, wie Skargaarden personenbezogene Daten verarbeitet. Die gesamte Verarbeitung personenbezogener Daten erfolgt im Einklang mit der geltenden Gesetzgebung. Dies bedeutet unter anderem, dass Skargaarden Ihre personenbezogenen Daten [&hellip;]","og_url":"https:\/\/www.skargaarden.com\/de\/datenschutz-bestimmungen\/","og_site_name":"SKARGAARDEN","article_publisher":"https:\/\/www.facebook.com\/skargaarden","og_image":[{"width":900,"height":722,"url":"https:\/\/www.skargaarden.com\/wp-content\/uploads\/2022\/02\/midsummer11.jpeg","type":"image\/jpeg"}],"twitter_card":"summary_large_image","twitter_misc":{"Gesch\u00e4tzte Lesezeit":"8\u00a0Minuten"},"schema":{"@context":"https:\/\/schema.org","@graph":[{"@type":"WebPage","@id":"https:\/\/www.skargaarden.com\/de\/datenschutz-bestimmungen\/","url":"https:\/\/www.skargaarden.com\/de\/datenschutz-bestimmungen\/","name":"Datenschutz-Bestimmungen - SKARGAARDEN","isPartOf":{"@id":"https:\/\/www.skargaarden.com\/de\/#website"},"primaryImageOfPage":{"@id":"https:\/\/www.skargaarden.com\/de\/datenschutz-bestimmungen\/#primaryimage"},"image":{"@id":"https:\/\/www.skargaarden.com\/de\/datenschutz-bestimmungen\/#primaryimage"},"thumbnailUrl":"https:\/\/www.skargaarden.com\/wp-content\/uploads\/2022\/02\/midsummer11.jpeg","datePublished":"2023-05-25T10:05:17+00:00","dateModified":"2023-05-25T10:05:17+00:00","breadcrumb":{"@id":"https:\/\/www.skargaarden.com\/de\/datenschutz-bestimmungen\/#breadcrumb"},"inLanguage":"de","potentialAction":[{"@type":"ReadAction","target":["https:\/\/www.skargaarden.com\/de\/datenschutz-bestimmungen\/"]}]},{"@type":"ImageObject","inLanguage":"de","@id":"https:\/\/www.skargaarden.com\/de\/datenschutz-bestimmungen\/#primaryimage","url":"https:\/\/www.skargaarden.com\/wp-content\/uploads\/2022\/02\/midsummer11.jpeg","contentUrl":"https:\/\/www.skargaarden.com\/wp-content\/uploads\/2022\/02\/midsummer11.jpeg","width":900,"height":722},{"@type":"BreadcrumbList","@id":"https:\/\/www.skargaarden.com\/de\/datenschutz-bestimmungen\/#breadcrumb","itemListElement":[{"@type":"ListItem","position":1,"name":"Home","item":"https:\/\/www.skargaarden.com\/de\/"},{"@type":"ListItem","position":2,"name":"Datenschutz-Bestimmungen"}]},{"@type":"WebSite","@id":"https:\/\/www.skargaarden.com\/de\/#website","url":"https:\/\/www.skargaarden.com\/de\/","name":"SKARGAARDEN","description":"Scandinavian Outdoor Design","publisher":{"@id":"https:\/\/www.skargaarden.com\/de\/#organization"},"potentialAction":[{"@type":"SearchAction","target":{"@type":"EntryPoint","urlTemplate":"https:\/\/www.skargaarden.com\/de\/?s={search_term_string}"},"query-input":"required name=search_term_string"}],"inLanguage":"de"},{"@type":"Organization","@id":"https:\/\/www.skargaarden.com\/de\/#organization","name":"SKARGAARDEN","url":"https:\/\/www.skargaarden.com\/de\/","logo":{"@type":"ImageObject","inLanguage":"de","@id":"https:\/\/www.skargaarden.com\/de\/#\/schema\/logo\/image\/","url":"https:\/\/www.skargaarden.com\/wp-content\/uploads\/2024\/03\/skargaardenlogo-1.png","contentUrl":"https:\/\/www.skargaarden.com\/wp-content\/uploads\/2024\/03\/skargaardenlogo-1.png","width":999,"height":141,"caption":"SKARGAARDEN"},"image":{"@id":"https:\/\/www.skargaarden.com\/de\/#\/schema\/logo\/image\/"},"sameAs":["https:\/\/www.facebook.com\/skargaarden","https:\/\/www.instagram.com\/skargaarden\/","https:\/\/www.pinterest.se\/skargaarden\/"]}]}},"_links":{"self":[{"href":"https:\/\/www.skargaarden.com\/de\/wp-json\/wp\/v2\/pages\/18543"}],"collection":[{"href":"https:\/\/www.skargaarden.com\/de\/wp-json\/wp\/v2\/pages"}],"about":[{"href":"https:\/\/www.skargaarden.com\/de\/wp-json\/wp\/v2\/types\/page"}],"author":[{"embeddable":true,"href":"https:\/\/www.skargaarden.com\/de\/wp-json\/wp\/v2\/users\/188"}],"replies":[{"embeddable":true,"href":"https:\/\/www.skargaarden.com\/de\/wp-json\/wp\/v2\/comments?post=18543"}],"version-history":[{"count":0,"href":"https:\/\/www.skargaarden.com\/de\/wp-json\/wp\/v2\/pages\/18543\/revisions"}],"wp:featuredmedia":[{"embeddable":true,"href":"https:\/\/www.skargaarden.com\/de\/wp-json\/wp\/v2\/media\/14592"}],"wp:attachment":[{"href":"https:\/\/www.skargaarden.com\/de\/wp-json\/wp\/v2\/media?parent=18543"}],"curies":[{"name":"wp","href":"https:\/\/api.w.org\/{rel}","templated":true}]}}