{"id":18010,"date":"2022-11-23T09:12:31","date_gmt":"2022-11-23T08:12:31","guid":{"rendered":"https:\/\/www.skargaarden.com\/vertraege-und-projekte\/"},"modified":"2024-03-22T11:48:14","modified_gmt":"2024-03-22T10:48:14","slug":"vertraege-und-projekte","status":"publish","type":"page","link":"https:\/\/www.skargaarden.com\/de\/vertraege-und-projekte\/","title":{"rendered":"Vertr\u00e4ge und Projekte"},"content":{"rendered":"<p>Seit dem Tag, an dem wir vor vielen Jahren mit der Produktion von Au\u00dfenm\u00f6beln begonnen haben, ist der Objekt- und Gastst\u00e4ttenmarkt ein wichtiger Schwerpunkt f\u00fcr uns. Unser Vertragsteam ist bereit, Sie bei Ihren Projekten zu unterst\u00fctzen. Wir helfen gerne bei kleinen Projekten wie Caf\u00e9s, exklusiven Yachten und Wohnhausprojekten bis hin zu gro\u00dfen Hotelkomplexen. <a href=\"https:\/\/www.skargaarden.com\/de\/referenzen-und-projekte\/\">KLICKEN SIE HIER<\/a>, um einige der Projekte zu sehen, mit denen wir das Vergn\u00fcgen hatten zu arbeiten. Wenden Sie sich an Magnus oder Mark, und sie werden Ihnen mit Materialmustern, COM-Stoffen, individuellen Farben und allem anderen, was Sie f\u00fcr Ihr Projekt ben\u00f6tigen, helfen.<\/p>\n<p>&nbsp;<\/p>\n<h1>TRADE ACCOUNT<\/h1>\n<p>Setzen Sie sich mit uns in Verbindung und wir helfen Ihnen bei der Einrichtung eines Kontos mit Handelskonditionen f\u00fcr Vertrags- und Bewirtungsauftr\u00e4ge in unserem B2B-Portal.<\/p>\n","protected":false},"excerpt":{"rendered":"<p>Seit dem Tag, an dem wir vor vielen Jahren mit der Produktion von Au\u00dfenm\u00f6beln begonnen haben, ist der Objekt- und Gastst\u00e4ttenmarkt ein wichtiger Schwerpunkt f\u00fcr uns. Unser Vertragsteam ist bereit, Sie bei Ihren Projekten zu unterst\u00fctzen. Wir helfen gerne bei kleinen Projekten wie Caf\u00e9s, exklusiven Yachten und Wohnhausprojekten bis hin zu gro\u00dfen Hotelkomplexen. KLICKEN SIE [&hellip;]<\/p>\n","protected":false},"author":188,"featured_media":0,"parent":0,"menu_order":0,"comment_status":"closed","ping_status":"closed","template":"page-contracts-and-projects.php","meta":{"_acf_changed":false,"footnotes":""},"acf":[],"yoast_head":"<!-- This site is optimized with the Yoast SEO plugin v22.2 - https:\/\/yoast.com\/wordpress\/plugins\/seo\/ -->\n<title>Vertr\u00e4ge und Projekte - SKARGAARDEN<\/title>\n<meta name=\"robots\" content=\"index, follow, max-snippet:-1, max-image-preview:large, max-video-preview:-1\" \/>\n<link rel=\"canonical\" href=\"https:\/\/www.skargaarden.com\/de\/vertraege-und-projekte\/\" \/>\n<meta property=\"og:locale\" content=\"de_DE\" \/>\n<meta property=\"og:type\" content=\"article\" \/>\n<meta property=\"og:title\" content=\"Vertr\u00e4ge und Projekte - SKARGAARDEN\" \/>\n<meta property=\"og:description\" content=\"Seit dem Tag, an dem wir vor vielen Jahren mit der Produktion von Au\u00dfenm\u00f6beln begonnen haben, ist der Objekt- und Gastst\u00e4ttenmarkt ein wichtiger Schwerpunkt f\u00fcr uns. Unser Vertragsteam ist bereit, Sie bei Ihren Projekten zu unterst\u00fctzen. Wir helfen gerne bei kleinen Projekten wie Caf\u00e9s, exklusiven Yachten und Wohnhausprojekten bis hin zu gro\u00dfen Hotelkomplexen. KLICKEN SIE [&hellip;]\" \/>\n<meta property=\"og:url\" content=\"https:\/\/www.skargaarden.com\/de\/vertraege-und-projekte\/\" \/>\n<meta property=\"og:site_name\" content=\"SKARGAARDEN\" \/>\n<meta property=\"article:publisher\" content=\"https:\/\/www.facebook.com\/skargaarden\" \/>\n<meta property=\"article:modified_time\" content=\"2024-03-22T10:48:14+00:00\" \/>\n<meta name=\"twitter:card\" content=\"summary_large_image\" \/>\n<meta name=\"twitter:label1\" content=\"Gesch\u00e4tzte Lesezeit\" \/>\n\t<meta name=\"twitter:data1\" content=\"1\u00a0Minute\" \/>\n<script type=\"application\/ld+json\" class=\"yoast-schema-graph\">{\"@context\":\"https:\/\/schema.org\",\"@graph\":[{\"@type\":\"WebPage\",\"@id\":\"https:\/\/www.skargaarden.com\/de\/vertraege-und-projekte\/\",\"url\":\"https:\/\/www.skargaarden.com\/de\/vertraege-und-projekte\/\",\"name\":\"Vertr\u00e4ge und Projekte - SKARGAARDEN\",\"isPartOf\":{\"@id\":\"https:\/\/www.skargaarden.com\/de\/#website\"},\"datePublished\":\"2022-11-23T08:12:31+00:00\",\"dateModified\":\"2024-03-22T10:48:14+00:00\",\"breadcrumb\":{\"@id\":\"https:\/\/www.skargaarden.com\/de\/vertraege-und-projekte\/#breadcrumb\"},\"inLanguage\":\"de\",\"potentialAction\":[{\"@type\":\"ReadAction\",\"target\":[\"https:\/\/www.skargaarden.com\/de\/vertraege-und-projekte\/\"]}]},{\"@type\":\"BreadcrumbList\",\"@id\":\"https:\/\/www.skargaarden.com\/de\/vertraege-und-projekte\/#breadcrumb\",\"itemListElement\":[{\"@type\":\"ListItem\",\"position\":1,\"name\":\"Home\",\"item\":\"https:\/\/www.skargaarden.com\/de\/\"},{\"@type\":\"ListItem\",\"position\":2,\"name\":\"Vertr\u00e4ge und Projekte\"}]},{\"@type\":\"WebSite\",\"@id\":\"https:\/\/www.skargaarden.com\/de\/#website\",\"url\":\"https:\/\/www.skargaarden.com\/de\/\",\"name\":\"SKARGAARDEN\",\"description\":\"Scandinavian Outdoor Design\",\"publisher\":{\"@id\":\"https:\/\/www.skargaarden.com\/de\/#organization\"},\"potentialAction\":[{\"@type\":\"SearchAction\",\"target\":{\"@type\":\"EntryPoint\",\"urlTemplate\":\"https:\/\/www.skargaarden.com\/de\/?s={search_term_string}\"},\"query-input\":\"required name=search_term_string\"}],\"inLanguage\":\"de\"},{\"@type\":\"Organization\",\"@id\":\"https:\/\/www.skargaarden.com\/de\/#organization\",\"name\":\"SKARGAARDEN\",\"url\":\"https:\/\/www.skargaarden.com\/de\/\",\"logo\":{\"@type\":\"ImageObject\",\"inLanguage\":\"de\",\"@id\":\"https:\/\/www.skargaarden.com\/de\/#\/schema\/logo\/image\/\",\"url\":\"https:\/\/www.skargaarden.com\/wp-content\/uploads\/2024\/03\/skargaardenlogo-1.png\",\"contentUrl\":\"https:\/\/www.skargaarden.com\/wp-content\/uploads\/2024\/03\/skargaardenlogo-1.png\",\"width\":999,\"height\":141,\"caption\":\"SKARGAARDEN\"},\"image\":{\"@id\":\"https:\/\/www.skargaarden.com\/de\/#\/schema\/logo\/image\/\"},\"sameAs\":[\"https:\/\/www.facebook.com\/skargaarden\",\"https:\/\/www.instagram.com\/skargaarden\/\",\"https:\/\/www.pinterest.se\/skargaarden\/\"]}]}<\/script>\n<!-- \/ Yoast SEO plugin. -->","yoast_head_json":{"title":"Vertr\u00e4ge und Projekte - SKARGAARDEN","robots":{"index":"index","follow":"follow","max-snippet":"max-snippet:-1","max-image-preview":"max-image-preview:large","max-video-preview":"max-video-preview:-1"},"canonical":"https:\/\/www.skargaarden.com\/de\/vertraege-und-projekte\/","og_locale":"de_DE","og_type":"article","og_title":"Vertr\u00e4ge und Projekte - SKARGAARDEN","og_description":"Seit dem Tag, an dem wir vor vielen Jahren mit der Produktion von Au\u00dfenm\u00f6beln begonnen haben, ist der Objekt- und Gastst\u00e4ttenmarkt ein wichtiger Schwerpunkt f\u00fcr uns. Unser Vertragsteam ist bereit, Sie bei Ihren Projekten zu unterst\u00fctzen. Wir helfen gerne bei kleinen Projekten wie Caf\u00e9s, exklusiven Yachten und Wohnhausprojekten bis hin zu gro\u00dfen Hotelkomplexen. KLICKEN SIE [&hellip;]","og_url":"https:\/\/www.skargaarden.com\/de\/vertraege-und-projekte\/","og_site_name":"SKARGAARDEN","article_publisher":"https:\/\/www.facebook.com\/skargaarden","article_modified_time":"2024-03-22T10:48:14+00:00","twitter_card":"summary_large_image","twitter_misc":{"Gesch\u00e4tzte Lesezeit":"1\u00a0Minute"},"schema":{"@context":"https:\/\/schema.org","@graph":[{"@type":"WebPage","@id":"https:\/\/www.skargaarden.com\/de\/vertraege-und-projekte\/","url":"https:\/\/www.skargaarden.com\/de\/vertraege-und-projekte\/","name":"Vertr\u00e4ge und Projekte - SKARGAARDEN","isPartOf":{"@id":"https:\/\/www.skargaarden.com\/de\/#website"},"datePublished":"2022-11-23T08:12:31+00:00","dateModified":"2024-03-22T10:48:14+00:00","breadcrumb":{"@id":"https:\/\/www.skargaarden.com\/de\/vertraege-und-projekte\/#breadcrumb"},"inLanguage":"de","potentialAction":[{"@type":"ReadAction","target":["https:\/\/www.skargaarden.com\/de\/vertraege-und-projekte\/"]}]},{"@type":"BreadcrumbList","@id":"https:\/\/www.skargaarden.com\/de\/vertraege-und-projekte\/#breadcrumb","itemListElement":[{"@type":"ListItem","position":1,"name":"Home","item":"https:\/\/www.skargaarden.com\/de\/"},{"@type":"ListItem","position":2,"name":"Vertr\u00e4ge und Projekte"}]},{"@type":"WebSite","@id":"https:\/\/www.skargaarden.com\/de\/#website","url":"https:\/\/www.skargaarden.com\/de\/","name":"SKARGAARDEN","description":"Scandinavian Outdoor Design","publisher":{"@id":"https:\/\/www.skargaarden.com\/de\/#organization"},"potentialAction":[{"@type":"SearchAction","target":{"@type":"EntryPoint","urlTemplate":"https:\/\/www.skargaarden.com\/de\/?s={search_term_string}"},"query-input":"required name=search_term_string"}],"inLanguage":"de"},{"@type":"Organization","@id":"https:\/\/www.skargaarden.com\/de\/#organization","name":"SKARGAARDEN","url":"https:\/\/www.skargaarden.com\/de\/","logo":{"@type":"ImageObject","inLanguage":"de","@id":"https:\/\/www.skargaarden.com\/de\/#\/schema\/logo\/image\/","url":"https:\/\/www.skargaarden.com\/wp-content\/uploads\/2024\/03\/skargaardenlogo-1.png","contentUrl":"https:\/\/www.skargaarden.com\/wp-content\/uploads\/2024\/03\/skargaardenlogo-1.png","width":999,"height":141,"caption":"SKARGAARDEN"},"image":{"@id":"https:\/\/www.skargaarden.com\/de\/#\/schema\/logo\/image\/"},"sameAs":["https:\/\/www.facebook.com\/skargaarden","https:\/\/www.instagram.com\/skargaarden\/","https:\/\/www.pinterest.se\/skargaarden\/"]}]}},"_links":{"self":[{"href":"https:\/\/www.skargaarden.com\/de\/wp-json\/wp\/v2\/pages\/18010"}],"collection":[{"href":"https:\/\/www.skargaarden.com\/de\/wp-json\/wp\/v2\/pages"}],"about":[{"href":"https:\/\/www.skargaarden.com\/de\/wp-json\/wp\/v2\/types\/page"}],"author":[{"embeddable":true,"href":"https:\/\/www.skargaarden.com\/de\/wp-json\/wp\/v2\/users\/188"}],"replies":[{"embeddable":true,"href":"https:\/\/www.skargaarden.com\/de\/wp-json\/wp\/v2\/comments?post=18010"}],"version-history":[{"count":5,"href":"https:\/\/www.skargaarden.com\/de\/wp-json\/wp\/v2\/pages\/18010\/revisions"}],"predecessor-version":[{"id":18948,"href":"https:\/\/www.skargaarden.com\/de\/wp-json\/wp\/v2\/pages\/18010\/revisions\/18948"}],"wp:attachment":[{"href":"https:\/\/www.skargaarden.com\/de\/wp-json\/wp\/v2\/media?parent=18010"}],"curies":[{"name":"wp","href":"https:\/\/api.w.org\/{rel}","templated":true}]}}