{"id":14992,"date":"2020-09-08T13:32:16","date_gmt":"2020-09-08T11:32:16","guid":{"rendered":"https:\/\/www.skargaarden.com\/uber-uns\/"},"modified":"2025-03-14T14:35:44","modified_gmt":"2025-03-14T13:35:44","slug":"uber-uns","status":"publish","type":"page","link":"https:\/\/www.skargaarden.com\/de\/uber-uns\/","title":{"rendered":"\u00dcber uns"},"content":{"rendered":"<h3 style=\"text-align: center;\">Eine Leidenschaft f\u00fcr inspirierende Au\u00dfenumgebungen<\/h3>\n<p>Skargaarden wurde 2008 in der schwedischen K\u00fcstenregion gegr\u00fcndet, angetrieben von der Leidenschaft f\u00fcr Designerm\u00f6bel und dem starken Anspruch, inspirierende und einladende Au\u00dfenbereiche zu schaffen. Die dramatische Landschaft und das raue Klima dienten als Inspiration f\u00fcr die Herstellung hochwertiger Gartenm\u00f6bel. Hier, wo dunkle Wintertage und kurze Sommer das Leben seit Jahrhunderten pr\u00e4gen, entstand Skargaarden \u2013 M\u00f6bel, die dem nordischen Klima standhalten und gleichzeitig die Essenz skandinavischen Designs einfangen.<\/p>\n<p>Das Design zeichnet sich durch zeitlose Schlichtheit aus, bei der jedes Detail sorgf\u00e4ltig durchdacht ist, um die perfekte Balance zwischen \u00c4sthetik und Funktionalit\u00e4t zu schaffen. F\u00fcr Langlebigkeit verwendet Skargaarden ausschlie\u00dflich hochwertige Materialien wie FSC-zertifiziertes Teakholz.<\/p>\n<p>Skargaarden arbeitet mit einigen der renommiertesten Designer Skandinaviens zusammen, um Kollektionen zu entwerfen, die alle Arten von Au\u00dfenbereichen versch\u00f6nern \u2013 von privaten Terrassen und Sommerh\u00e4usern bis hin zu exklusiven Hotels und Strandresorts weltweit.<\/p>\n<p>Jedes M\u00f6belst\u00fcck definiert einen Raum f\u00fcr Sch\u00f6nheit, Komfort und klassisches Design. Durch die Kombination sorgf\u00e4ltig ausgew\u00e4hlter Materialien mit einer Designphilosophie, die Einfachheit und Funktionalit\u00e4t in den Vordergrund stellt, m\u00f6chte Skargaarden das Leben im Freien eleganter und langlebiger machen.<\/p>\n<h3 style=\"text-align: center;\">JE N\u00c4HER MAN KOMMT, DESTO WENIGER WIRD MAN<\/h3>\n<p>Wir sehen uns selbst gerne als Teil einer wahrhaft skandinavischen Tradition. Andererseits lassen wir uns von allem inspirieren, vom fr\u00fchen amerikanischen Shaker-Stil bis zum Bauhaus. Wir glauben, dass weniger wirklich mehr ist. Wir machen Ideen greifbar. Man sollte das Konzept eines St\u00fccks sofort begreifen k\u00f6nnen, es sollte kein intellektueller Prozess sein. Das birgt nat\u00fcrlich die Gefahr, entweder pr\u00e4tenti\u00f6s oder langweilig zu werden, vielleicht sogar beides, wenn man nicht noch etwas dazu tut. Unsere M\u00f6bel strahlen eine Leichtigkeit aus, die fast schon provokant ist (sogar eine Unbeschwertheit), und einen Charakter, der sich durch reine Handwerkskunst bei der Herstellung und der Materialauswahl definiert. Und vielleicht am auff\u00e4lligsten: die Details, die sich Ihnen mit der Zeit erschlie\u00dfen; die raffinierten L\u00f6sungen, die das Einfache zu etwas Erhabenem machen. Kein Schnickschnack, keine Extras. Einfach weniger wird mehr.<\/p>\n","protected":false},"excerpt":{"rendered":"<p>Eine Leidenschaft f\u00fcr inspirierende Au\u00dfenumgebungen Skargaarden wurde 2008 in der schwedischen K\u00fcstenregion gegr\u00fcndet, angetrieben von der Leidenschaft f\u00fcr Designerm\u00f6bel und dem starken Anspruch, inspirierende und einladende Au\u00dfenbereiche zu schaffen. Die dramatische Landschaft und das raue Klima dienten als Inspiration f\u00fcr die Herstellung hochwertiger Gartenm\u00f6bel. Hier, wo dunkle Wintertage und kurze Sommer das Leben seit Jahrhunderten [&hellip;]<\/p>\n","protected":false},"author":1,"featured_media":13611,"parent":0,"menu_order":0,"comment_status":"closed","ping_status":"closed","template":"","meta":{"_acf_changed":false,"footnotes":""},"acf":[],"yoast_head":"<!-- This site is optimized with the Yoast SEO plugin v22.2 - https:\/\/yoast.com\/wordpress\/plugins\/seo\/ -->\n<title>\u00dcber uns - SKARGAARDEN<\/title>\n<meta name=\"robots\" content=\"index, follow, max-snippet:-1, max-image-preview:large, max-video-preview:-1\" \/>\n<link rel=\"canonical\" href=\"https:\/\/www.skargaarden.com\/de\/uber-uns\/\" \/>\n<meta property=\"og:locale\" content=\"de_DE\" \/>\n<meta property=\"og:type\" content=\"article\" \/>\n<meta property=\"og:title\" content=\"\u00dcber uns - SKARGAARDEN\" \/>\n<meta property=\"og:description\" content=\"Eine Leidenschaft f\u00fcr inspirierende Au\u00dfenumgebungen Skargaarden wurde 2008 in der schwedischen K\u00fcstenregion gegr\u00fcndet, angetrieben von der Leidenschaft f\u00fcr Designerm\u00f6bel und dem starken Anspruch, inspirierende und einladende Au\u00dfenbereiche zu schaffen. Die dramatische Landschaft und das raue Klima dienten als Inspiration f\u00fcr die Herstellung hochwertiger Gartenm\u00f6bel. Hier, wo dunkle Wintertage und kurze Sommer das Leben seit Jahrhunderten [&hellip;]\" \/>\n<meta property=\"og:url\" content=\"https:\/\/www.skargaarden.com\/de\/uber-uns\/\" \/>\n<meta property=\"og:site_name\" content=\"SKARGAARDEN\" \/>\n<meta property=\"article:publisher\" content=\"https:\/\/www.facebook.com\/skargaarden\" \/>\n<meta property=\"article:modified_time\" content=\"2025-03-14T13:35:44+00:00\" \/>\n<meta property=\"og:image\" content=\"https:\/\/www.skargaarden.com\/wp-content\/uploads\/2020\/09\/DSC9533-2-1500x0-c-default.jpg\" \/>\n\t<meta property=\"og:image:width\" content=\"1500\" \/>\n\t<meta property=\"og:image:height\" content=\"983\" \/>\n\t<meta property=\"og:image:type\" content=\"image\/jpeg\" \/>\n<meta name=\"twitter:card\" content=\"summary_large_image\" \/>\n<meta name=\"twitter:label1\" content=\"Gesch\u00e4tzte Lesezeit\" \/>\n\t<meta name=\"twitter:data1\" content=\"2\u00a0Minuten\" \/>\n<script type=\"application\/ld+json\" class=\"yoast-schema-graph\">{\"@context\":\"https:\/\/schema.org\",\"@graph\":[{\"@type\":\"WebPage\",\"@id\":\"https:\/\/www.skargaarden.com\/de\/uber-uns\/\",\"url\":\"https:\/\/www.skargaarden.com\/de\/uber-uns\/\",\"name\":\"\u00dcber uns - SKARGAARDEN\",\"isPartOf\":{\"@id\":\"https:\/\/www.skargaarden.com\/de\/#website\"},\"primaryImageOfPage\":{\"@id\":\"https:\/\/www.skargaarden.com\/de\/uber-uns\/#primaryimage\"},\"image\":{\"@id\":\"https:\/\/www.skargaarden.com\/de\/uber-uns\/#primaryimage\"},\"thumbnailUrl\":\"https:\/\/www.skargaarden.com\/wp-content\/uploads\/2020\/09\/DSC9533-2-1500x0-c-default.jpg\",\"datePublished\":\"2020-09-08T11:32:16+00:00\",\"dateModified\":\"2025-03-14T13:35:44+00:00\",\"breadcrumb\":{\"@id\":\"https:\/\/www.skargaarden.com\/de\/uber-uns\/#breadcrumb\"},\"inLanguage\":\"de\",\"potentialAction\":[{\"@type\":\"ReadAction\",\"target\":[\"https:\/\/www.skargaarden.com\/de\/uber-uns\/\"]}]},{\"@type\":\"ImageObject\",\"inLanguage\":\"de\",\"@id\":\"https:\/\/www.skargaarden.com\/de\/uber-uns\/#primaryimage\",\"url\":\"https:\/\/www.skargaarden.com\/wp-content\/uploads\/2020\/09\/DSC9533-2-1500x0-c-default.jpg\",\"contentUrl\":\"https:\/\/www.skargaarden.com\/wp-content\/uploads\/2020\/09\/DSC9533-2-1500x0-c-default.jpg\",\"width\":1500,\"height\":983},{\"@type\":\"BreadcrumbList\",\"@id\":\"https:\/\/www.skargaarden.com\/de\/uber-uns\/#breadcrumb\",\"itemListElement\":[{\"@type\":\"ListItem\",\"position\":1,\"name\":\"Home\",\"item\":\"https:\/\/www.skargaarden.com\/de\/\"},{\"@type\":\"ListItem\",\"position\":2,\"name\":\"\u00dcber uns\"}]},{\"@type\":\"WebSite\",\"@id\":\"https:\/\/www.skargaarden.com\/de\/#website\",\"url\":\"https:\/\/www.skargaarden.com\/de\/\",\"name\":\"SKARGAARDEN\",\"description\":\"Scandinavian Outdoor Design\",\"publisher\":{\"@id\":\"https:\/\/www.skargaarden.com\/de\/#organization\"},\"potentialAction\":[{\"@type\":\"SearchAction\",\"target\":{\"@type\":\"EntryPoint\",\"urlTemplate\":\"https:\/\/www.skargaarden.com\/de\/?s={search_term_string}\"},\"query-input\":\"required name=search_term_string\"}],\"inLanguage\":\"de\"},{\"@type\":\"Organization\",\"@id\":\"https:\/\/www.skargaarden.com\/de\/#organization\",\"name\":\"SKARGAARDEN\",\"url\":\"https:\/\/www.skargaarden.com\/de\/\",\"logo\":{\"@type\":\"ImageObject\",\"inLanguage\":\"de\",\"@id\":\"https:\/\/www.skargaarden.com\/de\/#\/schema\/logo\/image\/\",\"url\":\"https:\/\/www.skargaarden.com\/wp-content\/uploads\/2024\/03\/skargaardenlogo-1.png\",\"contentUrl\":\"https:\/\/www.skargaarden.com\/wp-content\/uploads\/2024\/03\/skargaardenlogo-1.png\",\"width\":999,\"height\":141,\"caption\":\"SKARGAARDEN\"},\"image\":{\"@id\":\"https:\/\/www.skargaarden.com\/de\/#\/schema\/logo\/image\/\"},\"sameAs\":[\"https:\/\/www.facebook.com\/skargaarden\",\"https:\/\/www.instagram.com\/skargaarden\/\",\"https:\/\/www.pinterest.se\/skargaarden\/\"]}]}<\/script>\n<!-- \/ Yoast SEO plugin. -->","yoast_head_json":{"title":"\u00dcber uns - SKARGAARDEN","robots":{"index":"index","follow":"follow","max-snippet":"max-snippet:-1","max-image-preview":"max-image-preview:large","max-video-preview":"max-video-preview:-1"},"canonical":"https:\/\/www.skargaarden.com\/de\/uber-uns\/","og_locale":"de_DE","og_type":"article","og_title":"\u00dcber uns - SKARGAARDEN","og_description":"Eine Leidenschaft f\u00fcr inspirierende Au\u00dfenumgebungen Skargaarden wurde 2008 in der schwedischen K\u00fcstenregion gegr\u00fcndet, angetrieben von der Leidenschaft f\u00fcr Designerm\u00f6bel und dem starken Anspruch, inspirierende und einladende Au\u00dfenbereiche zu schaffen. Die dramatische Landschaft und das raue Klima dienten als Inspiration f\u00fcr die Herstellung hochwertiger Gartenm\u00f6bel. Hier, wo dunkle Wintertage und kurze Sommer das Leben seit Jahrhunderten [&hellip;]","og_url":"https:\/\/www.skargaarden.com\/de\/uber-uns\/","og_site_name":"SKARGAARDEN","article_publisher":"https:\/\/www.facebook.com\/skargaarden","article_modified_time":"2025-03-14T13:35:44+00:00","og_image":[{"width":1500,"height":983,"url":"https:\/\/www.skargaarden.com\/wp-content\/uploads\/2020\/09\/DSC9533-2-1500x0-c-default.jpg","type":"image\/jpeg"}],"twitter_card":"summary_large_image","twitter_misc":{"Gesch\u00e4tzte Lesezeit":"2\u00a0Minuten"},"schema":{"@context":"https:\/\/schema.org","@graph":[{"@type":"WebPage","@id":"https:\/\/www.skargaarden.com\/de\/uber-uns\/","url":"https:\/\/www.skargaarden.com\/de\/uber-uns\/","name":"\u00dcber uns - SKARGAARDEN","isPartOf":{"@id":"https:\/\/www.skargaarden.com\/de\/#website"},"primaryImageOfPage":{"@id":"https:\/\/www.skargaarden.com\/de\/uber-uns\/#primaryimage"},"image":{"@id":"https:\/\/www.skargaarden.com\/de\/uber-uns\/#primaryimage"},"thumbnailUrl":"https:\/\/www.skargaarden.com\/wp-content\/uploads\/2020\/09\/DSC9533-2-1500x0-c-default.jpg","datePublished":"2020-09-08T11:32:16+00:00","dateModified":"2025-03-14T13:35:44+00:00","breadcrumb":{"@id":"https:\/\/www.skargaarden.com\/de\/uber-uns\/#breadcrumb"},"inLanguage":"de","potentialAction":[{"@type":"ReadAction","target":["https:\/\/www.skargaarden.com\/de\/uber-uns\/"]}]},{"@type":"ImageObject","inLanguage":"de","@id":"https:\/\/www.skargaarden.com\/de\/uber-uns\/#primaryimage","url":"https:\/\/www.skargaarden.com\/wp-content\/uploads\/2020\/09\/DSC9533-2-1500x0-c-default.jpg","contentUrl":"https:\/\/www.skargaarden.com\/wp-content\/uploads\/2020\/09\/DSC9533-2-1500x0-c-default.jpg","width":1500,"height":983},{"@type":"BreadcrumbList","@id":"https:\/\/www.skargaarden.com\/de\/uber-uns\/#breadcrumb","itemListElement":[{"@type":"ListItem","position":1,"name":"Home","item":"https:\/\/www.skargaarden.com\/de\/"},{"@type":"ListItem","position":2,"name":"\u00dcber uns"}]},{"@type":"WebSite","@id":"https:\/\/www.skargaarden.com\/de\/#website","url":"https:\/\/www.skargaarden.com\/de\/","name":"SKARGAARDEN","description":"Scandinavian Outdoor Design","publisher":{"@id":"https:\/\/www.skargaarden.com\/de\/#organization"},"potentialAction":[{"@type":"SearchAction","target":{"@type":"EntryPoint","urlTemplate":"https:\/\/www.skargaarden.com\/de\/?s={search_term_string}"},"query-input":"required name=search_term_string"}],"inLanguage":"de"},{"@type":"Organization","@id":"https:\/\/www.skargaarden.com\/de\/#organization","name":"SKARGAARDEN","url":"https:\/\/www.skargaarden.com\/de\/","logo":{"@type":"ImageObject","inLanguage":"de","@id":"https:\/\/www.skargaarden.com\/de\/#\/schema\/logo\/image\/","url":"https:\/\/www.skargaarden.com\/wp-content\/uploads\/2024\/03\/skargaardenlogo-1.png","contentUrl":"https:\/\/www.skargaarden.com\/wp-content\/uploads\/2024\/03\/skargaardenlogo-1.png","width":999,"height":141,"caption":"SKARGAARDEN"},"image":{"@id":"https:\/\/www.skargaarden.com\/de\/#\/schema\/logo\/image\/"},"sameAs":["https:\/\/www.facebook.com\/skargaarden","https:\/\/www.instagram.com\/skargaarden\/","https:\/\/www.pinterest.se\/skargaarden\/"]}]}},"_links":{"self":[{"href":"https:\/\/www.skargaarden.com\/de\/wp-json\/wp\/v2\/pages\/14992"}],"collection":[{"href":"https:\/\/www.skargaarden.com\/de\/wp-json\/wp\/v2\/pages"}],"about":[{"href":"https:\/\/www.skargaarden.com\/de\/wp-json\/wp\/v2\/types\/page"}],"author":[{"embeddable":true,"href":"https:\/\/www.skargaarden.com\/de\/wp-json\/wp\/v2\/users\/1"}],"replies":[{"embeddable":true,"href":"https:\/\/www.skargaarden.com\/de\/wp-json\/wp\/v2\/comments?post=14992"}],"version-history":[{"count":3,"href":"https:\/\/www.skargaarden.com\/de\/wp-json\/wp\/v2\/pages\/14992\/revisions"}],"predecessor-version":[{"id":20868,"href":"https:\/\/www.skargaarden.com\/de\/wp-json\/wp\/v2\/pages\/14992\/revisions\/20868"}],"wp:featuredmedia":[{"embeddable":true,"href":"https:\/\/www.skargaarden.com\/de\/wp-json\/wp\/v2\/media\/13611"}],"wp:attachment":[{"href":"https:\/\/www.skargaarden.com\/de\/wp-json\/wp\/v2\/media?parent=14992"}],"curies":[{"name":"wp","href":"https:\/\/api.w.org\/{rel}","templated":true}]}}