{"id":14615,"date":"2022-02-07T11:31:24","date_gmt":"2022-02-07T10:31:24","guid":{"rendered":"https:\/\/www.skargaarden.com\/nachhaltigkeit\/"},"modified":"2022-02-07T11:31:24","modified_gmt":"2022-02-07T10:31:24","slug":"nachhaltigkeit","status":"publish","type":"page","link":"https:\/\/www.skargaarden.com\/de\/nachhaltigkeit\/","title":{"rendered":"NACHHALTIGKEIT"},"content":{"rendered":"<p>NACHHALTIGKEIT<\/p>\n<p><span lang=\"EN-US\">Wir glauben, das Nachhaltigkeit etwas mit Dauerhaftigkeit zu tun hat.<span class=\"x_x_Apple-converted-space\"> <\/span> Das ist dasselbe wie dauerhafte Qualit\u00e4t. Produkte, die so gebaut und gestaltet sind, dass sie lange halten. Mit einer Qualit\u00e4t, die unseren hohen Anforderungen entspricht.<span class=\"x_x_Apple-converted-space\"> <\/span> <\/span><\/p>\n<p><span lang=\"EN-US\">Wir stellen unsere M\u00f6bel aus Materialien her, die das ganze Jahr \u00fcber im Freien stehen k\u00f6nnen. Dennoch kann das Wetter rau und brutal sein. (Wir kommen aus Nordschweden, das wissen wir nur zu gut.) Wenn man den Naturgewalten genug Zeit gibt, werden sie kantige Felsen in glatte Steine verwandeln. Selbst wenn unsere M\u00f6bel im Freien stehen k\u00f6nnen, brauchen sie vielleicht doch etwas Unterst\u00fctzung. Zumindest, wenn man sie an die n\u00e4chste und \u00fcbern\u00e4chste Generation weitergeben will. <\/span><\/p>\n<p><span lang=\"EN-US\">Teakholz, rostfreier Stahl, verzinkter Stahl und Aluminium sind alles Materialien, die sich im Au\u00dfenbereich bew\u00e4hrt haben. Deshalb verwenden wir sie. Au\u00dferdem legen wir gro\u00dfen Wert auf die Textilien und verwenden nur Stoffe, die eine hohe Farbechtheit aufweisen, was bedeutet, dass die Stoffe bei Sonne und Regen nicht ausbleichen.<\/span><\/p>\n<p><span lang=\"EN-US\"> <\/span><\/p>\n<p><span lang=\"EN-US\">DESIGN VS. NACHHALTIGKEIT<\/span><\/p>\n<p><span lang=\"EN-US\">Wir stellen M\u00f6bel her, die lange halten. Es ist ein gro\u00dfer Unterschied zwischen einem Sofa f\u00fcr den Innenbereich und einem Sofa, das man in den Garten stellen kann &#8211; und das dort auch bleibt. Wir denken schon bei der ersten Skizze oder sogar bei der ersten Idee f\u00fcr ein neues Sofa an die Haltbarkeit und den langfristigen Aspekt des Designs.<span class=\"x_x_Apple-converted-space\"> <\/span> <\/span><\/p>\n<p><span lang=\"EN-US\">Er muss robust sein und sollte m\u00f6glichst wenig oder gar keine Wartung erfordern. <\/span><\/p>\n<p><span lang=\"EN-US\">Dies l\u00e4sst uns nur sehr wenige Kompromisse oder m\u00f6gliche Abk\u00fcrzungen zu. Keine, um genau zu sein. Es ist nicht einfach, eine Designvision zu verwirklichen und gleichzeitig daf\u00fcr zu sorgen, dass das Produkt wirklich langlebig ist. Es erfordert eine Menge Aufwand. Aber das Ergebnis ist ein Produkt, das eher eine Investition als ein Kauf ist.<span class=\"x_x_Apple-converted-space\"> <\/span> <\/span><\/p>\n<p><span lang=\"EN-US\"> <\/span><\/p>\n<p><span lang=\"EN-US\">UMWELTZEICHEN UND QUALIT\u00c4TSZERTIFIKATE<\/span><\/p>\n<p><span lang=\"EN-US\">Wir evaluieren st\u00e4ndig die beste L\u00f6sung f\u00fcr jedes Produkt in unserem Sortiment. Unser Ziel ist es, dass alle unsere Produkte in naher Zukunft mit dem Umweltzeichen versehen werden. Allerdings widerspricht die Vergabe eines Umweltzeichens f\u00fcr ein Produkt ohne Beweise oder Belege unsere Auffassung von Nachhaltigkeit. Ein Produkt mit einem Umweltlabel zu kennzeichnen, ohne sicher zu sein, dass das Label einen Unterschied im Punkt Nachhaltigkeit macht, ist eine L\u00f6sung, die wir niemals beabsichtigen.<\/span><\/p>\n","protected":false},"excerpt":{"rendered":"<p>NACHHALTIGKEIT Wir glauben, das Nachhaltigkeit etwas mit Dauerhaftigkeit zu tun hat. Das ist dasselbe wie dauerhafte Qualit\u00e4t. Produkte, die so gebaut und gestaltet sind, dass sie lange halten. Mit einer Qualit\u00e4t, die unseren hohen Anforderungen entspricht. Wir stellen unsere M\u00f6bel aus Materialien her, die das ganze Jahr \u00fcber im Freien stehen k\u00f6nnen. Dennoch kann das [&hellip;]<\/p>\n","protected":false},"author":6,"featured_media":14195,"parent":0,"menu_order":0,"comment_status":"closed","ping_status":"closed","template":"","meta":{"_acf_changed":false,"footnotes":""},"acf":[],"yoast_head":"<!-- This site is optimized with the Yoast SEO plugin v22.2 - https:\/\/yoast.com\/wordpress\/plugins\/seo\/ -->\n<title>NACHHALTIGKEIT - SKARGAARDEN<\/title>\n<meta name=\"robots\" content=\"index, follow, max-snippet:-1, max-image-preview:large, max-video-preview:-1\" \/>\n<link rel=\"canonical\" href=\"https:\/\/www.skargaarden.com\/de\/nachhaltigkeit\/\" \/>\n<meta property=\"og:locale\" content=\"de_DE\" \/>\n<meta property=\"og:type\" content=\"article\" \/>\n<meta property=\"og:title\" content=\"NACHHALTIGKEIT - SKARGAARDEN\" \/>\n<meta property=\"og:description\" content=\"NACHHALTIGKEIT Wir glauben, das Nachhaltigkeit etwas mit Dauerhaftigkeit zu tun hat. Das ist dasselbe wie dauerhafte Qualit\u00e4t. Produkte, die so gebaut und gestaltet sind, dass sie lange halten. Mit einer Qualit\u00e4t, die unseren hohen Anforderungen entspricht. Wir stellen unsere M\u00f6bel aus Materialien her, die das ganze Jahr \u00fcber im Freien stehen k\u00f6nnen. Dennoch kann das [&hellip;]\" \/>\n<meta property=\"og:url\" content=\"https:\/\/www.skargaarden.com\/de\/nachhaltigkeit\/\" \/>\n<meta property=\"og:site_name\" content=\"SKARGAARDEN\" \/>\n<meta property=\"article:publisher\" content=\"https:\/\/www.facebook.com\/skargaarden\" \/>\n<meta property=\"og:image\" content=\"https:\/\/www.skargaarden.com\/wp-content\/uploads\/2021\/02\/Djuro_teak_white_photo_johan_carlson_13-1200x694.jpg\" \/>\n\t<meta property=\"og:image:width\" content=\"1200\" \/>\n\t<meta property=\"og:image:height\" content=\"694\" \/>\n\t<meta property=\"og:image:type\" content=\"image\/jpeg\" \/>\n<meta name=\"twitter:card\" content=\"summary_large_image\" \/>\n<meta name=\"twitter:label1\" content=\"Gesch\u00e4tzte Lesezeit\" \/>\n\t<meta name=\"twitter:data1\" content=\"2\u00a0Minuten\" \/>\n<script type=\"application\/ld+json\" class=\"yoast-schema-graph\">{\"@context\":\"https:\/\/schema.org\",\"@graph\":[{\"@type\":\"WebPage\",\"@id\":\"https:\/\/www.skargaarden.com\/de\/nachhaltigkeit\/\",\"url\":\"https:\/\/www.skargaarden.com\/de\/nachhaltigkeit\/\",\"name\":\"NACHHALTIGKEIT - SKARGAARDEN\",\"isPartOf\":{\"@id\":\"https:\/\/www.skargaarden.com\/de\/#website\"},\"primaryImageOfPage\":{\"@id\":\"https:\/\/www.skargaarden.com\/de\/nachhaltigkeit\/#primaryimage\"},\"image\":{\"@id\":\"https:\/\/www.skargaarden.com\/de\/nachhaltigkeit\/#primaryimage\"},\"thumbnailUrl\":\"https:\/\/www.skargaarden.com\/wp-content\/uploads\/2021\/02\/Djuro_teak_white_photo_johan_carlson_13.jpg\",\"datePublished\":\"2022-02-07T10:31:24+00:00\",\"dateModified\":\"2022-02-07T10:31:24+00:00\",\"breadcrumb\":{\"@id\":\"https:\/\/www.skargaarden.com\/de\/nachhaltigkeit\/#breadcrumb\"},\"inLanguage\":\"de\",\"potentialAction\":[{\"@type\":\"ReadAction\",\"target\":[\"https:\/\/www.skargaarden.com\/de\/nachhaltigkeit\/\"]}]},{\"@type\":\"ImageObject\",\"inLanguage\":\"de\",\"@id\":\"https:\/\/www.skargaarden.com\/de\/nachhaltigkeit\/#primaryimage\",\"url\":\"https:\/\/www.skargaarden.com\/wp-content\/uploads\/2021\/02\/Djuro_teak_white_photo_johan_carlson_13.jpg\",\"contentUrl\":\"https:\/\/www.skargaarden.com\/wp-content\/uploads\/2021\/02\/Djuro_teak_white_photo_johan_carlson_13.jpg\",\"width\":2000,\"height\":1156},{\"@type\":\"BreadcrumbList\",\"@id\":\"https:\/\/www.skargaarden.com\/de\/nachhaltigkeit\/#breadcrumb\",\"itemListElement\":[{\"@type\":\"ListItem\",\"position\":1,\"name\":\"Home\",\"item\":\"https:\/\/www.skargaarden.com\/de\/\"},{\"@type\":\"ListItem\",\"position\":2,\"name\":\"NACHHALTIGKEIT\"}]},{\"@type\":\"WebSite\",\"@id\":\"https:\/\/www.skargaarden.com\/de\/#website\",\"url\":\"https:\/\/www.skargaarden.com\/de\/\",\"name\":\"SKARGAARDEN\",\"description\":\"Scandinavian Outdoor Design\",\"publisher\":{\"@id\":\"https:\/\/www.skargaarden.com\/de\/#organization\"},\"potentialAction\":[{\"@type\":\"SearchAction\",\"target\":{\"@type\":\"EntryPoint\",\"urlTemplate\":\"https:\/\/www.skargaarden.com\/de\/?s={search_term_string}\"},\"query-input\":\"required name=search_term_string\"}],\"inLanguage\":\"de\"},{\"@type\":\"Organization\",\"@id\":\"https:\/\/www.skargaarden.com\/de\/#organization\",\"name\":\"SKARGAARDEN\",\"url\":\"https:\/\/www.skargaarden.com\/de\/\",\"logo\":{\"@type\":\"ImageObject\",\"inLanguage\":\"de\",\"@id\":\"https:\/\/www.skargaarden.com\/de\/#\/schema\/logo\/image\/\",\"url\":\"https:\/\/www.skargaarden.com\/wp-content\/uploads\/2024\/03\/skargaardenlogo-1.png\",\"contentUrl\":\"https:\/\/www.skargaarden.com\/wp-content\/uploads\/2024\/03\/skargaardenlogo-1.png\",\"width\":999,\"height\":141,\"caption\":\"SKARGAARDEN\"},\"image\":{\"@id\":\"https:\/\/www.skargaarden.com\/de\/#\/schema\/logo\/image\/\"},\"sameAs\":[\"https:\/\/www.facebook.com\/skargaarden\",\"https:\/\/www.instagram.com\/skargaarden\/\",\"https:\/\/www.pinterest.se\/skargaarden\/\"]}]}<\/script>\n<!-- \/ Yoast SEO plugin. -->","yoast_head_json":{"title":"NACHHALTIGKEIT - SKARGAARDEN","robots":{"index":"index","follow":"follow","max-snippet":"max-snippet:-1","max-image-preview":"max-image-preview:large","max-video-preview":"max-video-preview:-1"},"canonical":"https:\/\/www.skargaarden.com\/de\/nachhaltigkeit\/","og_locale":"de_DE","og_type":"article","og_title":"NACHHALTIGKEIT - SKARGAARDEN","og_description":"NACHHALTIGKEIT Wir glauben, das Nachhaltigkeit etwas mit Dauerhaftigkeit zu tun hat. Das ist dasselbe wie dauerhafte Qualit\u00e4t. Produkte, die so gebaut und gestaltet sind, dass sie lange halten. Mit einer Qualit\u00e4t, die unseren hohen Anforderungen entspricht. Wir stellen unsere M\u00f6bel aus Materialien her, die das ganze Jahr \u00fcber im Freien stehen k\u00f6nnen. Dennoch kann das [&hellip;]","og_url":"https:\/\/www.skargaarden.com\/de\/nachhaltigkeit\/","og_site_name":"SKARGAARDEN","article_publisher":"https:\/\/www.facebook.com\/skargaarden","og_image":[{"width":1200,"height":694,"url":"https:\/\/www.skargaarden.com\/wp-content\/uploads\/2021\/02\/Djuro_teak_white_photo_johan_carlson_13-1200x694.jpg","type":"image\/jpeg"}],"twitter_card":"summary_large_image","twitter_misc":{"Gesch\u00e4tzte Lesezeit":"2\u00a0Minuten"},"schema":{"@context":"https:\/\/schema.org","@graph":[{"@type":"WebPage","@id":"https:\/\/www.skargaarden.com\/de\/nachhaltigkeit\/","url":"https:\/\/www.skargaarden.com\/de\/nachhaltigkeit\/","name":"NACHHALTIGKEIT - SKARGAARDEN","isPartOf":{"@id":"https:\/\/www.skargaarden.com\/de\/#website"},"primaryImageOfPage":{"@id":"https:\/\/www.skargaarden.com\/de\/nachhaltigkeit\/#primaryimage"},"image":{"@id":"https:\/\/www.skargaarden.com\/de\/nachhaltigkeit\/#primaryimage"},"thumbnailUrl":"https:\/\/www.skargaarden.com\/wp-content\/uploads\/2021\/02\/Djuro_teak_white_photo_johan_carlson_13.jpg","datePublished":"2022-02-07T10:31:24+00:00","dateModified":"2022-02-07T10:31:24+00:00","breadcrumb":{"@id":"https:\/\/www.skargaarden.com\/de\/nachhaltigkeit\/#breadcrumb"},"inLanguage":"de","potentialAction":[{"@type":"ReadAction","target":["https:\/\/www.skargaarden.com\/de\/nachhaltigkeit\/"]}]},{"@type":"ImageObject","inLanguage":"de","@id":"https:\/\/www.skargaarden.com\/de\/nachhaltigkeit\/#primaryimage","url":"https:\/\/www.skargaarden.com\/wp-content\/uploads\/2021\/02\/Djuro_teak_white_photo_johan_carlson_13.jpg","contentUrl":"https:\/\/www.skargaarden.com\/wp-content\/uploads\/2021\/02\/Djuro_teak_white_photo_johan_carlson_13.jpg","width":2000,"height":1156},{"@type":"BreadcrumbList","@id":"https:\/\/www.skargaarden.com\/de\/nachhaltigkeit\/#breadcrumb","itemListElement":[{"@type":"ListItem","position":1,"name":"Home","item":"https:\/\/www.skargaarden.com\/de\/"},{"@type":"ListItem","position":2,"name":"NACHHALTIGKEIT"}]},{"@type":"WebSite","@id":"https:\/\/www.skargaarden.com\/de\/#website","url":"https:\/\/www.skargaarden.com\/de\/","name":"SKARGAARDEN","description":"Scandinavian Outdoor Design","publisher":{"@id":"https:\/\/www.skargaarden.com\/de\/#organization"},"potentialAction":[{"@type":"SearchAction","target":{"@type":"EntryPoint","urlTemplate":"https:\/\/www.skargaarden.com\/de\/?s={search_term_string}"},"query-input":"required name=search_term_string"}],"inLanguage":"de"},{"@type":"Organization","@id":"https:\/\/www.skargaarden.com\/de\/#organization","name":"SKARGAARDEN","url":"https:\/\/www.skargaarden.com\/de\/","logo":{"@type":"ImageObject","inLanguage":"de","@id":"https:\/\/www.skargaarden.com\/de\/#\/schema\/logo\/image\/","url":"https:\/\/www.skargaarden.com\/wp-content\/uploads\/2024\/03\/skargaardenlogo-1.png","contentUrl":"https:\/\/www.skargaarden.com\/wp-content\/uploads\/2024\/03\/skargaardenlogo-1.png","width":999,"height":141,"caption":"SKARGAARDEN"},"image":{"@id":"https:\/\/www.skargaarden.com\/de\/#\/schema\/logo\/image\/"},"sameAs":["https:\/\/www.facebook.com\/skargaarden","https:\/\/www.instagram.com\/skargaarden\/","https:\/\/www.pinterest.se\/skargaarden\/"]}]}},"_links":{"self":[{"href":"https:\/\/www.skargaarden.com\/de\/wp-json\/wp\/v2\/pages\/14615"}],"collection":[{"href":"https:\/\/www.skargaarden.com\/de\/wp-json\/wp\/v2\/pages"}],"about":[{"href":"https:\/\/www.skargaarden.com\/de\/wp-json\/wp\/v2\/types\/page"}],"author":[{"embeddable":true,"href":"https:\/\/www.skargaarden.com\/de\/wp-json\/wp\/v2\/users\/6"}],"replies":[{"embeddable":true,"href":"https:\/\/www.skargaarden.com\/de\/wp-json\/wp\/v2\/comments?post=14615"}],"version-history":[{"count":0,"href":"https:\/\/www.skargaarden.com\/de\/wp-json\/wp\/v2\/pages\/14615\/revisions"}],"wp:featuredmedia":[{"embeddable":true,"href":"https:\/\/www.skargaarden.com\/de\/wp-json\/wp\/v2\/media\/14195"}],"wp:attachment":[{"href":"https:\/\/www.skargaarden.com\/de\/wp-json\/wp\/v2\/media?parent=14615"}],"curies":[{"name":"wp","href":"https:\/\/api.w.org\/{rel}","templated":true}]}}